{"id":2643,"date":"2026-01-22T21:24:36","date_gmt":"2026-01-22T21:24:36","guid":{"rendered":"https:\/\/psona.io\/?page_id=2643"},"modified":"2026-01-22T21:25:55","modified_gmt":"2026-01-22T21:25:55","slug":"disclaimer","status":"publish","type":"page","link":"https:\/\/psona.io\/at\/disclaimer\/","title":{"rendered":"Disclaimer"},"content":{"rendered":"<p>[et_pb_section fb_built=\u201d1\u2033 custom_padding_last_edited=\u201don|tablet\u201d admin_label=\u201dHeader\u201d _builder_version=\u201d4.27.0\u2033 custom_margin=\u201d0px||0px||true|false\u201d custom_padding=\u201d0px||0px||true|false\u201d custom_padding_tablet=\u201d||||true|false\u201d custom_padding_phone=\u201d||||true|false\u201d locked=\u201doff\u201d. global_colors_info=\u201d{}\u201d theme_builder_area=\u201dpost_content\u201d][et_pb_row use_custom_gutter=\u201don\u201d gutter_width=\u201d1\u2033 custom_padding_last_edited=\u201don|phone\u201d _builder_version=\u201d4.27.0\u2033 background_color=\u201d#034833\u2033 background_size=\u201dinitial\u201d background_position=\u201dtop_left\u201d background_repeat=\u201drepeat\u201d width=\u201d95%\u201d custom_margin=\u201d||||true|false\u201d custom_padding=\u201d150px||150px||true|traue\u201d custom_padding_tablet=\u201d80px||80px||true|false\u201d custom_padding_phone=\u201d60px||60px||true|false\u201d border_radii=\u201don|50px|50px|50px\u201d global_colors_info=\u201d{}\u201d theme_builder_area=\u201dpost_content\u201d][et_pb_column type=\u201d4_4\u2033 _builder_version=\u201d4.27.0\u2033 custom_padding=\u201d|||\u201d global_colors_info=\u201d{}\u201d custom_padding__hover=\u201d|||\u201d custom_css_main_element_last_edited=\u201don|phone\u201d theme_builder_area=\u201dpost_content\u201d][et_pb_text module_class=\u201dtitle-header\u201d _builder_version=\u201d4.27.4\u2033 background_size=\u201dinitial\u201d background_position=\u201dtop_left\u201d background_repeat=\u201drepeat\u201d width=\u201d72%\u201d width_tablet=\u201d70%\u201d width_phone=\u201d68.5%\u201d width_last_edited=\u201don|tablet\u201d module_alignment=\u201dcenter\u201d custom_margin=\u201d0px||0px||false|false\u201d custom_margin_tablet=\u201d0px||0px||false|false\u201d custom_margin_phone=\u201d0px||0px|false|false\u201d custom_margin_last_edited=\u201don|tablet\u201d custom_padding=\u201d0px||0px||true|false\u201d hover_enabled=\u201d0\u2033 header_font_size_tablet=\u201d50px\u201d header_font_size_phone=\u201d40px\u201d global_colors_info=\u201d{}\u201d theme_builder_area=\u201dpost_content\u201d sticky_enabled=\u201d0\u2033]<\/p>\n<h1 class=\"text-text-100 mt-3 -mb-1 text-[1.375rem] font-bold\">Warnhinweis (Disclaimer)<\/h1>\n<p><!-- \/divi:paragraph --><\/p>\n<p>[\/et_pb_text][\/et_pb_column][\/et_pb_row][\/et_pb_section][et_pb_section fb_built=\u201d1\u2033 _builder_version=\u201d4.27.0\u2033 _module_preset=\u201ddefault\u201d global_colors_info=\u201d{}\u201d locked=\u201doff\u201d theme_builder_area=\u201dpost_content\u201d][et_pb_row _builder_version=\u201d4.27.0\u2033 _module_preset=\u201ddefault\u201d global_colors_info=\u201d{}\u201d theme_builder_area=\u201dpost_content\u201d][et_pb_column type=\u201d4_4\u2033 _builder_version=\u201d4.27.0\u2033 _module_preset=\u201ddefault\u201d global_colors_info=\u201d{}\u201d theme_builder_area=\u201dpost_content\u201d][et_pb_text _builder_version=\u201d4.27.4\u2033 _module_preset=\u201ddefault\u201d header_2_text_align=\u201dcenter\u201d hover_enabled=\u201d0\u2033 global_colors_info=\u201d{}\u201d theme_builder_area=\u201dpost_content\u201d sticky_enabled=\u201d0\u2033]<\/p>\n<p class=\"font-claude-response-body break-words whitespace-normal leading-[1.7]\">Letzte Aktualisierung: 22. Januar 2026<\/p>\n<h2 class=\"text-text-100 mt-3 -mb-1 text-[1.125rem] font-bold\">Interpretation und Definitionen<\/h2>\n<h3 class=\"text-text-100 mt-2 -mb-1 text-base font-bold\">Dolmetschen<\/h3>\n<p class=\"font-claude-response-body break-words whitespace-normal leading-[1.7]\">W\u00f6rter, deren Anfangsbuchstabe gro\u00dfgeschrieben ist, haben Bedeutungen, die unter den folgenden Bedingungen definiert sind. Die folgenden Definitionen haben die gleiche Bedeutung, unabh\u00e4ngig davon, ob sie im Singular oder im Plural erscheinen.<\/p>\n<h3 class=\"text-text-100 mt-2 -mb-1 text-base font-bold\">Definitionen<\/h3>\n<p class=\"font-claude-response-body break-words whitespace-normal leading-[1.7]\">Im Sinne dieser Warnung :<\/p>\n<ul class=\"[li_&amp;]:mb-0 [li_&amp;]:mt-1 [li_&amp;]:gap-1 [&amp;:not(:last-child)_ul]:pb-1 [&amp;:not(:last-child)_ol]:pb-1 list-disc flex flex-col gap-1 pl-8 mb-3\">\n<li class=\"whitespace-normal break-words pl-2\"><strong>Unternehmen<\/strong> (in diesem Disclaimer als \u00abdas Unternehmen\u00bb, \u00abwir\u00bb oder \u00abunser\u00bb bezeichnet) bezieht sich auf CLICKBUSTER LTD, 63-66 Hatton Garden, London EC1N 8LE.<\/li>\n<li class=\"whitespace-normal break-words pl-2\"><strong>Dienst<\/strong> bezieht sich auf die Website.<\/li>\n<li class=\"whitespace-normal break-words pl-2\"><strong>Sie<\/strong> bezeichnet die nat\u00fcrliche Person, die auf den Dienst zugreift, oder das Unternehmen oder eine andere juristische Person, in deren Namen diese Person auf den Dienst zugreift oder diesen nutzt, je nachdem, was zutrifft.<\/li>\n<li class=\"whitespace-normal break-words pl-2\"><strong>Website<\/strong> bezieht sich auf PSONA, erreichbar von <a class=\"underline underline underline-offset-2 decoration-1 decoration-current\/40 hover:decoration-current focus:decoration-current\" href=\"https:\/\/psona.io\/at\/\">https:\/\/psona.io\/<\/a><\/li>\n<\/ul>\n<h2 class=\"text-text-100 mt-3 -mb-1 text-[1.125rem] font-bold\">Allgemeiner Warnhinweis<\/h2>\n<p class=\"font-claude-response-body break-words whitespace-normal leading-[1.7]\">Die im Dienst enthaltenen Informationen dienen ausschlie\u00dflich der allgemeinen Information.<\/p>\n<p class=\"font-claude-response-body break-words whitespace-normal leading-[1.7]\">Das Unternehmen \u00fcbernimmt keine Verantwortung f\u00fcr Fehler oder Auslassungen in den Inhalten des Dienstes.<\/p>\n<p class=\"font-claude-response-body break-words whitespace-normal leading-[1.7]\">In keinem Fall haftet das Unternehmen f\u00fcr besondere, direkte, indirekte, Folge- oder Nebensch\u00e4den oder f\u00fcr Sch\u00e4den jeglicher Art, sei es aufgrund einer vertraglichen Handlung, einer Fahrl\u00e4ssigkeit oder einer anderen unerlaubten Handlung, die sich aus oder in Verbindung mit der Nutzung des Dienstes oder des Inhalts des Dienstes ergeben. Das Unternehmen beh\u00e4lt sich das Recht vor, den Inhalt des Dienstes jederzeit ohne Vorank\u00fcndigung zu erg\u00e4nzen, zu l\u00f6schen oder zu \u00e4ndern.<\/p>\n<p class=\"font-claude-response-body break-words whitespace-normal leading-[1.7]\">Das Unternehmen garantiert nicht, dass der Dienst frei von Viren oder anderen sch\u00e4dlichen Komponenten ist.<\/p>\n<h2 class=\"text-text-100 mt-3 -mb-1 text-[1.125rem] font-bold\">Warnhinweis zu Pers\u00f6nlichkeitstests<\/h2>\n<p class=\"font-claude-response-body break-words whitespace-normal leading-[1.7]\">Die auf diesem Service angebotenen Pers\u00f6nlichkeitstests :<\/p>\n<ul class=\"[li_&amp;]:mb-0 [li_&amp;]:mt-1 [li_&amp;]:gap-1 [&amp;:not(:last-child)_ul]:pb-1 [&amp;:not(:last-child)_ol]:pb-1 list-disc flex flex-col gap-1 pl-8 mb-3\">\n<li class=\"whitespace-normal break-words pl-2\">Sind keine exakte Wissenschaft und sollten nicht als professionelle psychologische oder psychoanalytische Bewertungen angesehen werden.<\/li>\n<li class=\"whitespace-normal break-words pl-2\">Werden nur zu Informations- und Unterhaltungszwecken zur Verf\u00fcgung gestellt<\/li>\n<li class=\"whitespace-normal break-words pl-2\">Sollten nicht als alleinige Grundlage f\u00fcr wichtige Entscheidungen \u00fcber Ihr pers\u00f6nliches, berufliches oder medizinisches Leben verwendet werden<\/li>\n<li class=\"whitespace-normal break-words pl-2\">Stellen keine medizinische, psychologische oder berufliche Beratung dar<\/li>\n<\/ul>\n<p class=\"font-claude-response-body break-words whitespace-normal leading-[1.7]\">Das Unternehmen \u00fcbernimmt keine Verantwortung f\u00fcr Entscheidungen, die von den Nutzern auf der Grundlage ihrer Testergebnisse getroffen werden. Bei psychologischen oder medizinischen Fragen empfehlen wir Ihnen, eine qualifizierte Fachkraft zu konsultieren.<\/p>\n<h2 class=\"text-text-100 mt-3 -mb-1 text-[1.125rem] font-bold\">Warnhinweis zu externen Links<\/h2>\n<p class=\"font-claude-response-body break-words whitespace-normal leading-[1.7]\">Der Dienst kann Links zu externen Websites enthalten, die nicht vom Unternehmen bereitgestellt oder gepflegt werden oder in irgendeiner Weise mit ihm verbunden sind.<\/p>\n<p class=\"font-claude-response-body break-words whitespace-normal leading-[1.7]\">Bitte beachten Sie, dass das Unternehmen keine Gew\u00e4hr f\u00fcr die Richtigkeit, Angemessenheit, Aktualit\u00e4t oder Vollst\u00e4ndigkeit der Informationen auf diesen externen Websites \u00fcbernimmt.<\/p>\n<h2 class=\"text-text-100 mt-3 -mb-1 text-[1.125rem] font-bold\">Warnung vor Fehlern und Auslassungen<\/h2>\n<p class=\"font-claude-response-body break-words whitespace-normal leading-[1.7]\">Die im Rahmen des Dienstes bereitgestellten Informationen sind lediglich als allgemeine Anleitung zu Themen von Interesse gedacht. Auch wenn das Unternehmen alle Vorsichtsma\u00dfnahmen ergreift, um sicherzustellen, dass der Inhalt des Dienstes sowohl aktuell als auch korrekt ist, k\u00f6nnen Fehler auftreten. Dar\u00fcber hinaus kann es aufgrund der sich \u00e4ndernden Natur von Gesetzen, Regeln und Vorschriften zu Verz\u00f6gerungen, Auslassungen oder Ungenauigkeiten bei den im Dienst enthaltenen Informationen kommen.<\/p>\n<p class=\"font-claude-response-body break-words whitespace-normal leading-[1.7]\">Das Unternehmen haftet nicht f\u00fcr Fehler oder Auslassungen oder f\u00fcr Ergebnisse, die durch die Nutzung dieser Informationen erzielt werden.<\/p>\n<h2 class=\"text-text-100 mt-3 -mb-1 text-[1.125rem] font-bold\">Fair-Use-Hinweis<\/h2>\n<p class=\"font-claude-response-body break-words whitespace-normal leading-[1.7]\">Die Gesellschaft kann urheberrechtlich gesch\u00fctztes Material verwenden, das nicht immer vom Inhaber des Urheberrechts ausdr\u00fccklich genehmigt wurde. Die Gesellschaft stellt dieses Material zu Zwecken der Kritik, des Kommentars, der Berichterstattung, des Unterrichts, der Gelehrsamkeit oder der Forschung zur Verf\u00fcgung.<\/p>\n<p class=\"font-claude-response-body break-words whitespace-normal leading-[1.7]\">Das Unternehmen ist der Ansicht, dass dies eine \u00abredliche Nutzung\u00bb jeglichen urheberrechtlich gesch\u00fctzten Materials gem\u00e4\u00df \u00a7 107 des US-Urheberrechtsgesetzes (oder gleichwertiger Bestimmungen nach geltendem Recht) darstellt.<\/p>\n<p class=\"font-claude-response-body break-words whitespace-normal leading-[1.7]\">Wenn Sie urheberrechtlich gesch\u00fctztes Material des Dienstes f\u00fcr eigene Zwecke nutzen m\u00f6chten, die \u00fcber den fairen Gebrauch hinausgehen, m\u00fcssen Sie die Erlaubnis des Urheberrechtsinhabers einholen.<\/p>\n<h2 class=\"text-text-100 mt-3 -mb-1 text-[1.125rem] font-bold\">Disclaimer zu den ge\u00e4u\u00dferten Meinungen<\/h2>\n<p class=\"font-claude-response-body break-words whitespace-normal leading-[1.7]\">Der Dienst kann Ansichten und Meinungen enthalten, die von den Autoren stammen und nicht notwendigerweise die Politik oder offizielle Position eines anderen Autors, einer Agentur, Organisation, eines Arbeitgebers oder einer Gesellschaft, einschlie\u00dflich der Gesellschaft, widerspiegeln.<\/p>\n<p class=\"font-claude-response-body break-words whitespace-normal leading-[1.7]\">Wenn der Dienst den Nutzern die M\u00f6glichkeit bietet, Inhalte (einschlie\u00dflich Kommentare) zu ver\u00f6ffentlichen, liegt die alleinige Verantwortung f\u00fcr diese Inhalte bei dem Nutzer, der sie ver\u00f6ffentlicht hat. Das Unternehmen ist nicht f\u00fcr nutzergenerierte Inhalte verantwortlich und beh\u00e4lt sich das Recht vor, diese aus jeglichem Grund zu entfernen.<\/p>\n<h2 class=\"text-text-100 mt-3 -mb-1 text-[1.125rem] font-bold\">Warnung vor Haftungsausschluss<\/h2>\n<p class=\"font-claude-response-body break-words whitespace-normal leading-[1.7]\">Die Informationen \u00fcber den Dienst werden unter der Voraussetzung bereitgestellt, dass das Unternehmen hier keine Rechts-, Buchhaltungs-, Steuer- oder sonstige professionelle Beratung und Dienstleistungen anbietet. Als solche sollte sie nicht als Ersatz f\u00fcr eine Beratung durch professionelle Buchf\u00fchrungs-, Steuer-, Rechts- oder andere kompetente Berater verwendet werden.<\/p>\n<p class=\"font-claude-response-body break-words whitespace-normal leading-[1.7]\">In keinem Fall haften das Unternehmen oder seine Lieferanten f\u00fcr besondere, beil\u00e4ufige, indirekte oder Folgesch\u00e4den, die sich aus oder in Verbindung mit Ihrem Zugriff oder Ihrer Nutzung oder Ihrer Unf\u00e4higkeit, auf den Dienst zuzugreifen oder ihn zu nutzen, ergeben.<\/p>\n<h2 class=\"text-text-100 mt-3 -mb-1 text-[1.125rem] font-bold\">Warnhinweis \u00abVerwendung auf eigenes Risiko\u00bb.\u00bb<\/h2>\n<p class=\"font-claude-response-body break-words whitespace-normal leading-[1.7]\">Alle Informationen des Dienstes werden \u00abwie besehen\u00bb zur Verf\u00fcgung gestellt, ohne Gew\u00e4hr f\u00fcr Vollst\u00e4ndigkeit, Genauigkeit, Aktualit\u00e4t oder die Ergebnisse, die durch die Nutzung dieser Informationen erzielt werden, und ohne Garantien jeglicher Art, weder ausdr\u00fccklich noch stillschweigend, einschlie\u00dflich, aber nicht beschr\u00e4nkt auf Garantien f\u00fcr Leistung, Marktg\u00e4ngigkeit und Eignung f\u00fcr einen bestimmten Zweck.<\/p>\n<p class=\"font-claude-response-body break-words whitespace-normal leading-[1.7]\">Das Unternehmen haftet Ihnen oder einer anderen Person gegen\u00fcber nicht f\u00fcr Entscheidungen oder Handlungen, die auf der Grundlage der durch den Dienst bereitgestellten Informationen getroffen oder unternommen wurden, oder f\u00fcr Folgesch\u00e4den, besondere oder \u00e4hnliche Sch\u00e4den, selbst wenn es \u00fcber die M\u00f6glichkeit solcher Sch\u00e4den informiert wurde.<\/p>\n<h2 class=\"text-text-100 mt-3 -mb-1 text-[1.125rem] font-bold\">Anwendbares Recht<\/h2>\n<p class=\"font-claude-response-body break-words whitespace-normal leading-[1.7]\">Dieser Disclaimer unterliegt dem englischen Recht. Alle Streitigkeiten, die sich aus seiner Auslegung oder Ausf\u00fchrung ergeben, unterliegen der ausschlie\u00dflichen Zust\u00e4ndigkeit der englischen Gerichte.<\/p>\n<h2 class=\"text-text-100 mt-3 -mb-1 text-[1.125rem] font-bold\">Kontaktieren Sie uns<\/h2>\n<p class=\"font-claude-response-body break-words whitespace-normal leading-[1.7]\">Wenn Sie Fragen zu diesem Disclaimer haben, k\u00f6nnen Sie sich an uns wenden:<\/p>\n<ul class=\"[li_&amp;]:mb-0 [li_&amp;]:mt-1 [li_&amp;]:gap-1 [&amp;:not(:last-child)_ul]:pb-1 [&amp;:not(:last-child)_ol]:pb-1 list-disc flex flex-col gap-1 pl-8 mb-3\">\n<li class=\"whitespace-normal break-words pl-2\">Per E-Mail: <a class=\"underline underline underline-offset-2 decoration-1 decoration-current\/40 hover:decoration-current focus:decoration-current\" href=\"mailto:contact@psona.io\">contact@psona.io<\/a><\/li>\n<li class=\"whitespace-normal break-words pl-2\">Durch den Besuch dieser Seite auf unserer Website : <a class=\"underline underline underline-offset-2 decoration-1 decoration-current\/40 hover:decoration-current focus:decoration-current\" href=\"https:\/\/psona.io\/at\/contact\/\">https:\/\/psona.io\/contact\/<\/a><\/li>\n<\/ul>\n<p>[\/et_pb_text][\/et_pb_column][\/et_pb_row][\/et_pb_section]<\/p>","protected":false},"excerpt":{"rendered":"<p>Haftungsausschluss (Disclaimer) Letzte Aktualisierung: 22. Januar 2026 Auslegung und Definitionen Auslegung W\u00f6rter, deren Anfangsbuchstabe gro\u00dfgeschrieben ist, haben unter den folgenden Bedingungen festgelegte Bedeutungen. Die folgenden Definitionen haben die gleiche Bedeutung, unabh\u00e4ngig davon, ob sie im Singular oder im Plural erscheinen. Definitionen F\u00fcr die Zwecke dieses Disclaimers: Unternehmen (bezeichnet als [...])<\/p>","protected":false},"author":1,"featured_media":0,"parent":0,"menu_order":0,"comment_status":"closed","ping_status":"closed","template":"","meta":{"_et_pb_use_builder":"on","_et_pb_old_content":"","_et_gb_content_width":"","inline_featured_image":false,"footnotes":""},"class_list":["post-2643","page","type-page","status-publish","hentry"],"_links":{"self":[{"href":"https:\/\/psona.io\/at\/wp-json\/wp\/v2\/pages\/2643","targetHints":{"allow":["GET"]}}],"collection":[{"href":"https:\/\/psona.io\/at\/wp-json\/wp\/v2\/pages"}],"about":[{"href":"https:\/\/psona.io\/at\/wp-json\/wp\/v2\/types\/page"}],"author":[{"embeddable":true,"href":"https:\/\/psona.io\/at\/wp-json\/wp\/v2\/users\/1"}],"replies":[{"embeddable":true,"href":"https:\/\/psona.io\/at\/wp-json\/wp\/v2\/comments?post=2643"}],"version-history":[{"count":2,"href":"https:\/\/psona.io\/at\/wp-json\/wp\/v2\/pages\/2643\/revisions"}],"predecessor-version":[{"id":2645,"href":"https:\/\/psona.io\/at\/wp-json\/wp\/v2\/pages\/2643\/revisions\/2645"}],"wp:attachment":[{"href":"https:\/\/psona.io\/at\/wp-json\/wp\/v2\/media?parent=2643"}],"curies":[{"name":"wp","href":"https:\/\/api.w.org\/{rel}","templated":true}]}}