{"id":138,"date":"2024-09-05T10:22:57","date_gmt":"2024-09-05T10:22:57","guid":{"rendered":"https:\/\/psona.io\/?page_id=138"},"modified":"2026-01-22T21:36:34","modified_gmt":"2026-01-22T21:36:34","slug":"a-propos","status":"publish","type":"page","link":"https:\/\/psona.io\/bg\/a-propos\/","title":{"rendered":"\u0417\u0430 \u043d\u0430\u0441"},"content":{"rendered":"<p>[et_pb_section fb_built=&#8221;1&#8243; custom_padding_last_edited=&#8221;on|tablet&#8221; admin_label=&#8221;Header&#8221; _builder_version=&#8221;4.27.0&#8243; custom_margin=&#8221;0px||0px||true|false&#8221; custom_padding=&#8221;0px||0px||true|false&#8221; custom_padding_tablet=&#8221;||||true|false&#8221; custom_padding_phone=&#8221;||||true|false&#8221; locked=&#8221;off&#8221; global_colors_info=&#8221;{}&#8221;][et_pb_row use_custom_gutter=&#8221;on&#8221; gutter_width=&#8221;1&#8243; custom_padding_last_edited=&#8221;on|phone&#8221; _builder_version=&#8221;4.27.0&#8243; background_color=&#8221;#034833&#8243; background_size=&#8221;initial&#8221; background_position=&#8221;top_left&#8221; background_repeat=&#8221;repeat&#8221; width=&#8221;95%&#8221; custom_margin=&#8221;||||true|false&#8221; custom_padding=&#8221;150px||150px||true|true&#8221; custom_padding_tablet=&#8221;80px||80px||true|false&#8221; custom_padding_phone=&#8221;60px||60px||true|false&#8221; border_radii=&#8221;on|50px|50px|50px|50px&#8221; global_colors_info=&#8221;{}&#8221;][et_pb_column type=&#8221;4_4&#8243; _builder_version=&#8221;4.27.0&#8243; custom_padding=&#8221;|||&#8221; global_colors_info=&#8221;{}&#8221; custom_padding__hover=&#8221;|||&#8221; custom_css_main_element_last_edited=&#8221;on|phone&#8221;][et_pb_text module_class=&#8221;title-header&#8221; _builder_version=&#8221;4.27.0&#8243; background_size=&#8221;initial&#8221; background_position=&#8221;top_left&#8221; background_repeat=&#8221;repeat&#8221; width=&#8221;72%&#8221; width_tablet=&#8221;70%&#8221; width_phone=&#8221;68.5%&#8221; width_last_edited=&#8221;on|tablet&#8221; module_alignment=&#8221;center&#8221; custom_margin=&#8221;0px||0px||false|false&#8221; custom_margin_tablet=&#8221;0px||0px||false|false&#8221; custom_margin_phone=&#8221;0px||0px||false|false&#8221; custom_margin_last_edited=&#8221;on|tablet&#8221; custom_padding=&#8221;0px||0px||true|false&#8221; header_font_size_tablet=&#8221;50px&#8221; header_font_size_phone=&#8221;40px&#8221; global_colors_info=&#8221;{}&#8221;]<\/p>\n<h1>\u0417\u0430 \u043d\u0430\u0441<\/h1>\n<p><!-- \/divi:paragraph --><\/p>\n<p>[\/et_pb_text][\/et_pb_column][\/et_pb_row][\/et_pb_section][et_pb_section fb_built=&#8221;1&#8243; admin_label=&#8221;The test&#8221; _builder_version=&#8221;4.27.0&#8243; _module_preset=&#8221;default&#8221; custom_margin=&#8221;||||false&#8221; custom_padding=&#8221;60px||0px||false|false&#8221; global_colors_info=&#8221;{}&#8221;][et_pb_row _builder_version=&#8221;4.27.0&#8243; _module_preset=&#8221;default&#8221; width=&#8221;68.5%&#8221; global_colors_info=&#8221;{}&#8221;][et_pb_column type=&#8221;4_4&#8243; _builder_version=&#8221;4.27.0&#8243; _module_preset=&#8221;default&#8221; global_colors_info=&#8221;{}&#8221;][et_pb_text _builder_version=&#8221;4.27.0&#8243; _module_preset=&#8221;default&#8221; header_5_font=&#8221;|600||on|||||&#8221; header_5_text_color=&#8221;#034833&#8243; header_5_font_size=&#8221;18px&#8221; header_5_letter_spacing=&#8221;1px&#8221; custom_margin=&#8221;||0px||false|false&#8221; custom_padding=&#8221;||0px||false|false&#8221; global_colors_info=&#8221;{}&#8221;]<\/p>\n<h5>\u041d\u0430\u0443\u0447\u043d\u043e \u043f\u0440\u0438\u0437\u043d\u0430\u0442<\/h5>\n<p>[\/et_pb_text][et_pb_text _builder_version=&#8221;4.27.0&#8243; _module_preset=&#8221;default&#8221; header_2_text_color=&#8221;#000000&#8243; custom_margin=&#8221;||0px||false|false&#8221; custom_padding=&#8221;||0px||false|false&#8221; global_colors_info=&#8221;{}&#8221;]<\/p>\n<h2>\u0422\u0435\u0441\u0442\u044a\u0442<\/h2>\n<p>[\/et_pb_text][et_pb_text _builder_version=&#8221;4.27.0&#8243; _module_preset=&#8221;default&#8221; text_line_height=&#8221;1.8em&#8221; custom_margin=&#8221;0px||||false|false&#8221; custom_padding=&#8221;0px||||false|false&#8221; global_colors_info=&#8221;{}&#8221;]<\/p>\n<p>\u0412 \u043f\u0441\u0438\u0445\u043e\u043b\u043e\u0433\u0438\u044f\u0442\u0430 \u0442\u0435\u0440\u043c\u0438\u043d\u044a\u0442 \"\u0413\u043e\u043b\u044f\u043c\u0430\u0442\u0430 \u043f\u0435\u0442\u043e\u0440\u043a\u0430\" \u0441\u0435 \u043e\u0442\u043d\u0430\u0441\u044f \u0434\u043e \u043c\u043e\u0434\u0435\u043b \u043d\u0430 \u043b\u0438\u0447\u043d\u043e\u0441\u0442\u0442\u0430, \u0441\u044a\u0441\u0442\u0430\u0432\u0435\u043d \u043e\u0442 \u043f\u0435\u0442 \u043e\u0441\u043d\u043e\u0432\u043d\u0438 \u0447\u0435\u0440\u0442\u0438. \u0422\u043e\u0437\u0438 \u043c\u043e\u0434\u0435\u043b \u0435 \u043f\u0440\u0435\u0434\u043b\u043e\u0436\u0435\u043d \u043e\u0442 \u0430\u043c\u0435\u0440\u0438\u043a\u0430\u043d\u0441\u043a\u0438\u044f \u043f\u0441\u0438\u0445\u043e\u043b\u043e\u0433 \u041b\u044e\u0438\u0441 \u0413\u043e\u043b\u0434\u0431\u044a\u0440\u0433 \u043f\u0440\u0435\u0437 1981 \u0433. \u0438 \u0435 \u0440\u0430\u0437\u0440\u0430\u0431\u043e\u0442\u0435\u043d \u043e\u0442 \u041a\u043e\u0441\u0442\u0430 \u0438 \u041c\u0430\u043a\u041a\u0440\u0435\u0439 \u043c\u0435\u0436\u0434\u0443 1987 \u0438 1992 \u0433. \u0422\u043e\u0439 \u0435 \u0448\u0438\u0440\u043e\u043a\u043e \u043f\u0440\u0438\u0437\u043d\u0430\u0442 \u043a\u0430\u0442\u043e \u0435\u0442\u0430\u043b\u043e\u043d \u0432 \u0442\u0435\u043e\u0440\u0435\u0442\u0438\u0447\u043d\u0438\u0442\u0435 \u0438\u0437\u0441\u043b\u0435\u0434\u0432\u0430\u043d\u0438\u044f \u043d\u0430 \u043b\u0438\u0447\u043d\u043e\u0441\u0442\u0442\u0430 \u0438 \u0435 \u0438\u0437\u043f\u043e\u043b\u0437\u0432\u0430\u043d \u0437\u0430 \u0441\u044a\u0437\u0434\u0430\u0432\u0430\u043d\u0435 \u043d\u0430 \u043f\u0441\u0438\u0445\u043e\u043b\u043e\u0433\u0438\u0447\u0435\u0441\u043a\u0438 \u043f\u0440\u043e\u0444\u0438\u043b\u0438 \u043d\u0430 \u043c\u0438\u043b\u0438\u043e\u043d\u0438 \u0445\u043e\u0440\u0430 \u043f\u043e \u0441\u0432\u0435\u0442\u0430.<br \/>\u0417\u0430\u0434\u044a\u043b\u0431\u043e\u0447\u0435\u043d\u0438 \u0430\u043d\u0430\u043b\u0438\u0437\u0438 \u0443\u0441\u0442\u0430\u043d\u043e\u0432\u0438\u0445\u0430 \u0432\u0440\u044a\u0437\u043a\u0438 \u043c\u0435\u0436\u0434\u0443 \u0442\u0435\u0441\u0442\u043e\u0432\u0438\u0442\u0435 \u043f\u043e\u043a\u0430\u0437\u0430\u0442\u0435\u043b\u0438 \u043d\u0430 \u0413\u043e\u043b\u0435\u043c\u0438\u0442\u0435 \u043f\u0435\u0442 \u0438 \u0440\u0430\u0437\u043b\u0438\u0447\u043d\u0438 \u0430\u0441\u043f\u0435\u043a\u0442\u0438 \u043d\u0430 \u043f\u043e\u0432\u0435\u0434\u0435\u043d\u0438\u0435\u0442\u043e:<\/p>\n<p>[\/et_pb_text][\/et_pb_column][\/et_pb_row][et_pb_row column_structure=&#8221;1_2,1_2&#8243; make_equal=&#8221;on&#8221; _builder_version=&#8221;4.27.0&#8243; _module_preset=&#8221;default&#8221; width=&#8221;68.5%&#8221; global_colors_info=&#8221;{}&#8221;][et_pb_column type=&#8221;1_2&#8243; _builder_version=&#8221;4.27.0&#8243; _module_preset=&#8221;default&#8221; custom_padding=&#8221;40px|25px|40px|25px|true|true&#8221; custom_css_main_element=&#8221;max-width:350px;&#8221; border_radii=&#8221;on|20px|20px|20px|20px&#8221; border_width_all=&#8221;1px&#8221; border_color_all=&#8221;#e3dbd8&#8243; global_colors_info=&#8221;{}&#8221;][et_pb_text _builder_version=&#8221;4.27.0&#8243; _module_preset=&#8221;default&#8221; text_font=&#8221;|700|||||||&#8221; text_text_color=&#8221;#034833&#8243; text_font_size=&#8221;22px&#8221; global_colors_info=&#8221;{}&#8221;]<\/p>\n<p>\u041f\u0440\u043e\u0444\u0435\u0441\u0438\u043e\u043d\u0430\u043b\u043d\u043e \u043f\u0440\u0435\u0434\u0441\u0442\u0430\u0432\u044f\u043d\u0435<\/p>\n<p>[\/et_pb_text][et_pb_text _builder_version=\u201d4.27.0\u2033 _module_preset=\u201ddefault\u201d text_line_height=\u201d1.8em\u201d global_colors_info=\u201d{}\u201d]<\/p>\n<p>\u0414\u043e\u0431\u0440\u043e\u0441\u044a\u0432\u0435\u0441\u0442\u043d\u043e\u0442\u043e \u0438\u0437\u043f\u044a\u043b\u043d\u0435\u043d\u0438\u0435 \u0441\u0435 \u0441\u0432\u044a\u0440\u0437\u0432\u0430 \u043d\u0435\u0437\u0430\u0432\u0438\u0441\u0438\u043c\u043e \u043e\u0442 \u0441\u0435\u043a\u0442\u043e\u0440\u0430 \u043d\u0430 \u0434\u0435\u0439\u043d\u043e\u0441\u0442 \u0438 \u043a\u0440\u0438\u0442\u0435\u0440\u0438\u0438\u0442\u0435 \u0437\u0430 \u043e\u0446\u0435\u043d\u043a\u0430.<\/p>\n<p>[\/et_pb_text][\/et_pb_column][et_pb_column type=&#8221;1_2&#8243; _builder_version=&#8221;4.27.0&#8243; _module_preset=&#8221;default&#8221; custom_padding=&#8221;40px|25px|40px|25px|true|true&#8221; custom_css_main_element=&#8221;max-width:480px;&#8221; border_radii=&#8221;on|20px|20px|20px|20px&#8221; border_width_all=&#8221;1px&#8221; border_color_all=&#8221;#e3dbd8&#8243; global_colors_info=&#8221;{}&#8221;][et_pb_text _builder_version=&#8221;4.27.0&#8243; _module_preset=&#8221;default&#8221; text_font=&#8221;|700|||||||&#8221; text_text_color=&#8221;#034833&#8243; text_font_size=&#8221;22px&#8221; global_colors_info=&#8221;{}&#8221;]<\/p>\n<p>\u041b\u0438\u0447\u043d\u043e\u0441\u0442\u043d\u0438 \u0440\u0430\u0437\u0441\u0442\u0440\u043e\u0439\u0441\u0442\u0432\u0430<\/p>\n<p>[\/et_pb_text][et_pb_text _builder_version=\u201d4.27.0\u2033 _module_preset=\u201ddefault\u201d text_line_height=\u201d1.8em\u201d global_colors_info=\u201d{}\u201d]<\/p>\n<p>\u0412\u0441\u044f\u043a\u0430 \u043a\u0430\u0442\u0435\u0433\u043e\u0440\u0438\u044f \u043e\u0442 \u0414\u0438\u0430\u0433\u043d\u043e\u0441\u0442\u0438\u0447\u043d\u0438\u044f \u0438 \u0441\u0442\u0430\u0442\u0438\u0441\u0442\u0438\u0447\u0435\u0441\u043a\u0438 \u043d\u0430\u0440\u044a\u0447\u043d\u0438\u043a \u043d\u0430 \u043f\u0441\u0438\u0445\u0438\u0447\u043d\u0438\u0442\u0435 \u0440\u0430\u0437\u0441\u0442\u0440\u043e\u0439\u0441\u0442\u0432\u0430 (DSM) \u0441\u044a\u043e\u0442\u0432\u0435\u0442\u0441\u0442\u0432\u0430 \u043d\u0430 \u0441\u043f\u0435\u0446\u0438\u0444\u0438\u0447\u0435\u043d \u043f\u0440\u043e\u0444\u0438\u043b \u043d\u0430 \u0413\u043e\u043b\u0435\u043c\u0438\u0442\u0435 \u043f\u0435\u0442, \u043a\u043e\u0439\u0442\u043e \u0447\u0435\u0441\u0442\u043e \u0441\u0435 \u0445\u0430\u0440\u0430\u043a\u0442\u0435\u0440\u0438\u0437\u0438\u0440\u0430 \u0441 \u0432\u0438\u0441\u043e\u043a\u043e \u043d\u0438\u0432\u043e \u043d\u0430 \u043d\u0435\u0432\u0440\u043e\u0442\u0438\u0437\u044a\u043c \u0438 \u043d\u0438\u0441\u043a\u043e \u043d\u0438\u0432\u043e \u043d\u0430 \u0441\u044a\u0433\u043b\u0430\u0448\u0430\u0442\u0435\u043b\u0441\u0442\u0432\u043e.<\/p>\n<p>[\/et_pb_text][\/et_pb_column][\/et_pb_row][et_pb_row _builder_version=&#8221;4.27.0&#8243; _module_preset=&#8221;default&#8221; width=&#8221;68.5%&#8221; global_colors_info=&#8221;{}&#8221;][et_pb_column type=&#8221;4_4&#8243; _builder_version=&#8221;4.27.0&#8243; _module_preset=&#8221;default&#8221; global_colors_info=&#8221;{}&#8221;][et_pb_text _builder_version=&#8221;4.27.0&#8243; _module_preset=&#8221;default&#8221; text_line_height=&#8221;1.8em&#8221; custom_margin=&#8221;0px||||false|false&#8221; custom_padding=&#8221;0px||||false|false&#8221; locked=&#8221;off&#8221; global_colors_info=&#8221;{}&#8221;]<\/p>\n<p>\u0425\u0430\u0440\u0430\u043a\u0442\u0435\u0440\u0438\u0441\u0442\u0438\u043a\u0438\u0442\u0435 \u043e\u0442 \u0413\u043e\u043b\u044f\u043c\u0430\u0442\u0430 \u043f\u0435\u0442\u043e\u0440\u043a\u0430 \u043d\u0435 \u0441\u0430 \u043d\u0430\u043f\u044a\u043b\u043d\u043e \u043d\u0435\u0437\u0430\u0432\u0438\u0441\u0438\u043c\u0438 \u0435\u0434\u043d\u0430 \u043e\u0442 \u0434\u0440\u0443\u0433\u0430, \u043a\u043e\u0435\u0442\u043e \u043f\u0440\u0430\u0432\u0438 \u043d\u044f\u043a\u043e\u0438 \u043e\u0446\u0435\u043d\u043a\u0438 \u0447\u0430\u0441\u0442\u0438\u0447\u043d\u043e \u0438\u0437\u043b\u0438\u0448\u043d\u0438 \u043f\u0440\u0438 \u043e\u0446\u0435\u043d\u044f\u0432\u0430\u043d\u0435\u0442\u043e \u043d\u0430 \u0432\u0441\u044f\u043a\u0430 \u043a\u0430\u0442\u0435\u0433\u043e\u0440\u0438\u044f.<br \/>\u041f\u0440\u0435\u0437 2010 \u0433. \u0442\u0435\u0441\u0442\u044a\u0442, \u0441\u0432\u044a\u0440\u0437\u0430\u043d \u0441 \u0413\u043e\u043b\u044f\u043c\u0430\u0442\u0430 \u043f\u0435\u0442\u043e\u0440\u043a\u0430, \u0441\u0435 \u0438\u0437\u043f\u043e\u043b\u0437\u0432\u0430 \u0437\u0430 \u0432\u043e\u0435\u043d\u043d\u0438, \u043f\u043e\u043b\u0438\u0442\u0438\u0447\u0435\u0441\u043a\u0438 \u0438 \u043f\u0430\u0440\u0442\u0438\u0439\u043d\u0438 \u0446\u0435\u043b\u0438, \u043f\u043e-\u0441\u043f\u0435\u0446\u0438\u0430\u043b\u043d\u043e \u043e\u0442 \u043a\u043e\u043c\u043f\u0430\u043d\u0438\u0438 \u043a\u0430\u0442\u043e SCL Group \u0447\u0440\u0435\u0437 \u0434\u044a\u0449\u0435\u0440\u043d\u0438\u0442\u0435 \u045d \u0434\u0440\u0443\u0436\u0435\u0441\u0442\u0432\u0430 Cambridge Analytica \u0438 Aggregate IQ.<br \/>\u0414\u043d\u0435\u0441 \u0442\u043e\u0437\u0438 \u0442\u0435\u0441\u0442 \u0435 \u0448\u0438\u0440\u043e\u043a\u043e \u0438\u0437\u043f\u043e\u043b\u0437\u0432\u0430\u043d \u0438 \u043f\u0440\u0438\u0437\u043d\u0430\u0442 \u043e\u0442 \u043c\u043d\u043e\u0433\u043e \u043a\u043e\u043c\u043f\u0430\u043d\u0438\u0438 \u0438 \u0438\u043d\u0434\u0443\u0441\u0442\u0440\u0438\u0438 \u043f\u043e \u0446\u0435\u043b\u0438\u044f \u0441\u0432\u044f\u0442.<\/p>\n<p>[\/et_pb_text][\/et_pb_column][\/et_pb_row][\/et_pb_section][et_pb_section fb_built=&#8221;1&#8243; admin_label=&#8221;The project&#8221; _builder_version=&#8221;4.27.0&#8243; _module_preset=&#8221;default&#8221; custom_margin=&#8221;0px||0px||true|false&#8221; custom_padding=&#8221;0px||0px||true|false&#8221; global_colors_info=&#8221;{}&#8221;][et_pb_row column_structure=&#8221;1_2,1_2&#8243; make_equal=&#8221;on&#8221; _builder_version=&#8221;4.27.0&#8243; _module_preset=&#8221;default&#8221; width=&#8221;68.5%&#8221; global_colors_info=&#8221;{}&#8221;][et_pb_column type=&#8221;1_2&#8243; _builder_version=&#8221;4.27.0&#8243; _module_preset=&#8221;default&#8221; global_colors_info=&#8221;{}&#8221;][et_pb_image src=&#8221;https:\/\/psona.io\/wp-content\/uploads\/2024\/09\/TheProject.svg&#8221; title_text=&#8221;TheProject&#8221; _builder_version=&#8221;4.27.0&#8243; _module_preset=&#8221;default&#8221; global_colors_info=&#8221;{}&#8221;][\/et_pb_image][\/et_pb_column][et_pb_column type=&#8221;1_2&#8243; _builder_version=&#8221;4.27.0&#8243; _module_preset=&#8221;default&#8221; custom_css_main_element=&#8221;display:flex;||flex-direction:column;||justify-content:center;||&#8221; global_colors_info=&#8221;{}&#8221;][et_pb_text _builder_version=&#8221;4.27.0&#8243; _module_preset=&#8221;default&#8221; header_5_font=&#8221;|600||on|||||&#8221; header_5_text_color=&#8221;#034833&#8243; header_5_font_size=&#8221;18px&#8221; header_5_letter_spacing=&#8221;1px&#8221; custom_margin=&#8221;||0px||false|false&#8221; custom_padding=&#8221;||0px||false|false&#8221; locked=&#8221;off&#8221; global_colors_info=&#8221;{}&#8221;]<\/p>\n<h5>\u0417\u0430 \u0438\u0437\u0443\u0447\u0430\u0432\u0430\u043d\u0435 \u043d\u0430 \u043b\u0438\u0447\u043d\u043e\u0441\u0442\u0438\u0442\u0435<\/h5>\n<p>[\/et_pb_text][et_pb_text _builder_version=&#8221;4.27.0&#8243; _module_preset=&#8221;default&#8221; header_2_text_color=&#8221;#000000&#8243; custom_margin=&#8221;||0px||false|false&#8221; custom_padding=&#8221;||0px||false|false&#8221; locked=&#8221;off&#8221; global_colors_info=&#8221;{}&#8221;]<\/p>\n<h2>\u041f\u0440\u043e\u0435\u043a\u0442\u044a\u0442<\/h2>\n<p>[\/et_pb_text][et_pb_text _builder_version=&#8221;4.27.0&#8243; _module_preset=&#8221;default&#8221; text_line_height=&#8221;1.8em&#8221; width=&#8221;100%&#8221; width_tablet=&#8221;75%&#8221; width_phone=&#8221;100%&#8221; width_last_edited=&#8221;on|desktop&#8221; custom_margin=&#8221;0px||||false|false&#8221; custom_padding=&#8221;0px||||false|false&#8221; global_colors_info=&#8221;{}&#8221;]<\/p>\n<p>\u0426\u0435\u043b\u0442\u0430 \u043d\u0430 \u0442\u043e\u0437\u0438 \u043f\u0440\u043e\u0435\u043a\u0442 \u0435 \u0434\u0430 \u0432\u0438 \u043f\u0440\u0435\u0434\u043e\u0441\u0442\u0430\u0432\u0438 \u0442\u043e\u0447\u0435\u043d \u0430\u043d\u0430\u043b\u0438\u0437 \u043d\u0430 \u0432\u0430\u0448\u0430\u0442\u0430 \u043b\u0438\u0447\u043d\u043e\u0441\u0442, \u043a\u0430\u0442\u043e \u043f\u043e\u0434\u0447\u0435\u0440\u0442\u0430\u0435 \u0441\u0438\u043b\u043d\u0438\u0442\u0435 \u0432\u0438 \u0441\u0442\u0440\u0430\u043d\u0438 \u0438 \u043e\u0431\u043b\u0430\u0441\u0442\u0438\u0442\u0435, \u0432 \u043a\u043e\u0438\u0442\u043e \u043c\u043e\u0436\u0435\u0442\u0435 \u0434\u0430 \u0441\u0435 \u0443\u0441\u044a\u0432\u044a\u0440\u0448\u0435\u043d\u0441\u0442\u0432\u0430\u0442\u0435, \u0437\u0430 \u043f\u043e-\u0434\u043e\u0431\u0440\u043e \u0440\u0430\u0437\u0431\u0438\u0440\u0430\u043d\u0435 \u043d\u0430 \u0441\u0435\u0431\u0435 \u0441\u0438 \u0438 \u043f\u0440\u043e\u0441\u0432\u0435\u0442\u0435\u043d\u043e \u043b\u0438\u0447\u043d\u043e\u0441\u0442\u043d\u043e \u0440\u0430\u0437\u0432\u0438\u0442\u0438\u0435. \u0422\u043e\u0439 \u043c\u043e\u0436\u0435 \u0434\u0430 \u0441\u0435 \u0438\u0437\u043f\u043e\u043b\u0437\u0432\u0430 \u0438 \u043f\u0440\u0438 \u043d\u0430\u0431\u0438\u0440\u0430\u043d\u0435 \u043d\u0430 \u043f\u0435\u0440\u0441\u043e\u043d\u0430\u043b \u0432 \u043f\u0440\u0435\u0434\u043f\u0440\u0438\u044f\u0442\u0438\u044f \u0437\u0430 \u0431\u044a\u0440\u0437\u0430 \u0438 \u0435\u0444\u0435\u043a\u0442\u0438\u0432\u043d\u0430 \u043e\u0446\u0435\u043d\u043a\u0430 \u043d\u0430 \u043a\u0430\u043d\u0434\u0438\u0434\u0430\u0442\u0438\u0442\u0435.<\/p>\n<p>\u0422\u0435\u0441\u0442\u044a\u0442 \u0441\u0435 \u043e\u0441\u043d\u043e\u0432\u0430\u0432\u0430 \u043d\u0430 \u043f\u0435\u0442 \u043e\u0441\u043d\u043e\u0432\u043d\u0438 \u043f\u0441\u0438\u0445\u043e\u043b\u043e\u0433\u0438\u0447\u0435\u0441\u043a\u0438 \u043f\u0440\u0438\u043d\u0446\u0438\u043f\u0430, \u043a\u043e\u0438\u0442\u043e \u043e\u043f\u0440\u0435\u0434\u0435\u043b\u044f\u0442 \u043b\u0438\u0447\u043d\u043e\u0441\u0442\u0442\u0430 \u043d\u0430 \u0447\u043e\u0432\u0435\u043a\u0430, \u0438 \u0435 \u043d\u0430\u0443\u0447\u043d\u043e \u0432\u0430\u043b\u0438\u0434\u0438\u0440\u0430\u043d, \u043a\u043e\u0435\u0442\u043e \u0433\u0430\u0440\u0430\u043d\u0442\u0438\u0440\u0430 \u043d\u0430\u0434\u0435\u0436\u0434\u043d\u043e\u0441\u0442 \u0438 \u0434\u043e\u0441\u0442\u043e\u0432\u0435\u0440\u043d\u043e\u0441\u0442.<\/p>\n<p>[\/et_pb_text][\/et_pb_column][\/et_pb_row][\/et_pb_section][et_pb_section fb_built=&#8221;1&#8243; custom_padding_last_edited=&#8221;on|phone&#8221; admin_label=&#8221;The Company&#8221; _builder_version=&#8221;4.27.0&#8243; _module_preset=&#8221;default&#8221; custom_margin_tablet=&#8221;&#8221; custom_margin_phone=&#8221;||0px||false|false&#8221; custom_margin_last_edited=&#8221;on|phone&#8221; custom_padding_tablet=&#8221;&#8221; custom_padding_phone=&#8221;||10px||false|false&#8221; global_colors_info=&#8221;{}&#8221;][et_pb_row column_structure=&#8221;1_3,2_3&#8243; use_custom_gutter=&#8221;on&#8221; gutter_width=&#8221;1&#8243; make_equal=&#8221;on&#8221; module_class=&#8221;about-us-row&#8221; _builder_version=&#8221;4.27.0&#8243; _module_preset=&#8221;default&#8221; width=&#8221;68.5%&#8221; global_colors_info=&#8221;{}&#8221;][et_pb_column type=&#8221;1_3&#8243; module_class=&#8221;col-left&#8221; disabled_on=&#8221;on|on|off&#8221; _builder_version=&#8221;4.27.0&#8243; _module_preset=&#8221;default&#8221; custom_padding_tablet=&#8221;||40px||false|false&#8221; custom_padding_phone=&#8221;||40px||false|false&#8221; custom_padding_last_edited=&#8221;on|tablet&#8221; global_colors_info=&#8221;{}&#8221; custom_css_main_element_last_edited=&#8221;on|tablet&#8221;][et_pb_image src=&#8221;https:\/\/psona.io\/wp-content\/uploads\/2024\/09\/Left-IMG.svg&#8221; title_text=&#8221;Left-IMG&#8221; _builder_version=&#8221;4.27.0&#8243; _module_preset=&#8221;default&#8221; global_colors_info=&#8221;{}&#8221;][\/et_pb_image][\/et_pb_column][et_pb_column type=&#8221;2_3&#8243; module_class=&#8221;col-right&#8221; _builder_version=&#8221;4.27.0&#8243; _module_preset=&#8221;default&#8221; global_colors_info=&#8221;{}&#8221;][et_pb_text _builder_version=&#8221;4.27.0&#8243; _module_preset=&#8221;default&#8221; text_line_height=&#8221;1.8em&#8221; header_4_font=&#8221;|700|||||||&#8221; header_4_text_color=&#8221;#034833&#8243; header_4_font_size=&#8221;20px&#8221; background_color=&#8221;#FFFFFF&#8221; width_tablet=&#8221;100%&#8221; width_phone=&#8221;100%&#8221; width_last_edited=&#8221;on|desktop&#8221; custom_margin=&#8221;0px||0px||true|false&#8221; custom_padding=&#8221;60px|60px|60px|60px|true|true&#8221; custom_padding_tablet=&#8221;60px|60px|60px|60px|true|true&#8221; custom_padding_phone=&#8221;|30px||30px|true|true&#8221; custom_padding_last_edited=&#8221;on|phone&#8221; border_radii=&#8221;on|20px|20px|20px|20px&#8221; global_colors_info=&#8221;{}&#8221;]<\/p>\n<h4>\u041a\u043e\u043c\u043f\u0430\u043d\u0438\u044f\u0442\u0430<\/h4>\n<p>\u0410\u043d\u0433\u0430\u0436\u0438\u0440\u0430\u043c\u0435 \u0441\u0435 \u0434\u0430 \u0432\u0438 \u043f\u0440\u0435\u0434\u043e\u0441\u0442\u0430\u0432\u0438\u043c \u0432\u0438\u0441\u043e\u043a\u043e\u043a\u0430\u0447\u0435\u0441\u0442\u0432\u0435\u043d\u0430 \u0443\u0441\u043b\u0443\u0433\u0430 \u043a\u0430\u043a\u0442\u043e \u043f\u043e \u043e\u0442\u043d\u043e\u0448\u0435\u043d\u0438\u0435 \u043d\u0430 \u0441\u044a\u0434\u044a\u0440\u0436\u0430\u043d\u0438\u0435\u0442\u043e \u043d\u0430 \u0442\u0435\u0441\u0442\u043e\u0432\u0435\u0442\u0435, \u0442\u0430\u043a\u0430 \u0438 \u043d\u0430 \u043f\u043e\u0442\u0440\u0435\u0431\u0438\u0442\u0435\u043b\u0441\u043a\u043e\u0442\u043e \u0438\u0437\u0436\u0438\u0432\u044f\u0432\u0430\u043d\u0435. \u041d\u0430\u0448\u0430\u0442\u0430 \u0446\u0435\u043b \u0435 \u0434\u0430 \u0432\u0438 \u043f\u043e\u0434\u043a\u0440\u0435\u043f\u0438\u043c \u0432 \u043f\u0440\u043e\u0446\u0435\u0441\u0430 \u043d\u0430 \u043b\u0438\u0447\u043d\u043e\u0441\u0442\u043d\u043e \u0440\u0430\u0437\u0432\u0438\u0442\u0438\u0435 \u0438\u043b\u0438 \u043d\u0430\u0431\u0438\u0440\u0430\u043d\u0435 \u043d\u0430 \u043f\u0435\u0440\u0441\u043e\u043d\u0430\u043b. \u041c\u043e\u043b\u044f, \u043d\u0435 \u0441\u0435 \u043a\u043e\u043b\u0435\u0431\u0430\u0439\u0442\u0435 \u0434\u0430 \u0441\u0435 \u0441\u0432\u044a\u0440\u0436\u0435\u0442\u0435 \u0441 \u043d\u0430\u0441, \u0430\u043a\u043e \u0438\u043c\u0430\u0442\u0435 \u043d\u044f\u043a\u0430\u043a\u0432\u0438 \u0432\u044a\u043f\u0440\u043e\u0441\u0438.<\/p>\n<p><a class=\"contact-btn\" href=\"https:\/\/psona.io\/bg\/contact\/\">\u0421\u0432\u044a\u0440\u0436\u0435\u0442\u0435 \u0441\u0435 \u0441 \u043d\u0430\u0441<\/a><\/p>\n<p>[\/et_pb_text][et_pb_text _builder_version=&#8221;4.27.0&#8243; _module_preset=&#8221;default&#8221; width=&#8221;100%&#8221; global_colors_info=&#8221;{}&#8221;]<\/p>\n<div class=\"about-row\">\n<div class=\"values\">\n<p><span class=\"title\">\u041d\u0430\u0448\u0438\u0442\u0435 \u0446\u0435\u043d\u043d\u043e\u0441\u0442\u0438<\/span><\/p>\n<ul>\n<li>Trust<\/li>\n<li>\u041d\u0430\u0434\u0435\u0436\u0434\u043d\u043e\u0441\u0442<\/li>\n<li>\u0418\u0437\u043f\u044a\u043b\u043d\u0435\u043d\u0438\u0435\u00a0<\/li>\n<\/ul>\n<\/div>\n<div class=\"experiences\">\n<p><span class=\"title\">\u041d\u0430\u0448\u0438\u044f\u0442 \u043e\u043f\u0438\u0442<\/span><\/p>\n<ul>\n<li>\u0418\u0437\u0432\u044a\u0440\u0448\u0435\u043d\u0438 \u0441\u0430 \u043d\u0430\u0434 100 000 \u0442\u0435\u0441\u0442\u0430<\/li>\n<li>\u041f\u043e\u0434\u043a\u0440\u0435\u043f\u0430 \u043e\u0442 \u0441\u0435\u0440\u0442\u0438\u0444\u0438\u0446\u0438\u0440\u0430\u043d\u0438 \u0437\u0434\u0440\u0430\u0432\u043d\u0438 \u0441\u043f\u0435\u0446\u0438\u0430\u043b\u0438\u0441\u0442\u0438<\/li>\n<li>\u0421\u0435\u0440\u0442\u0438\u0444\u0438\u0446\u0438\u0440\u0430\u043d\u0435 \u043d\u0430 \u0432\u0441\u0438\u0447\u043a\u0438 \u0442\u0435\u0441\u0442\u043e\u0432\u0435<\/li>\n<\/ul>\n<\/div>\n<\/div>\n<p>[\/et_pb_text][\/et_pb_column][\/et_pb_row][\/et_pb_section]<\/p>","protected":false},"excerpt":{"rendered":"<p>\u00c0 propos Reconnu scientifiquementLe testEn psychologie, le terme &#8220;Big Five&#8221; d\u00e9signe un mod\u00e8le de personnalit\u00e9 compos\u00e9 de cinq traits principaux. Ce mod\u00e8le a \u00e9t\u00e9 propos\u00e9 par le psychologue am\u00e9ricain Lewis Goldberg en 1981 et d\u00e9velopp\u00e9 par Costa et McCrae entre 1987 et 1992. Il est largement reconnu comme une r\u00e9f\u00e9rence dans la recherche th\u00e9orique sur [&hellip;]<\/p>","protected":false},"author":1,"featured_media":0,"parent":0,"menu_order":0,"comment_status":"closed","ping_status":"closed","template":"","meta":{"_et_pb_use_builder":"on","_et_pb_old_content":"<!-- wp:divi\/placeholder \/-->","_et_gb_content_width":"","inline_featured_image":false,"footnotes":""},"class_list":["post-138","page","type-page","status-publish","hentry"],"_links":{"self":[{"href":"https:\/\/psona.io\/bg\/wp-json\/wp\/v2\/pages\/138","targetHints":{"allow":["GET"]}}],"collection":[{"href":"https:\/\/psona.io\/bg\/wp-json\/wp\/v2\/pages"}],"about":[{"href":"https:\/\/psona.io\/bg\/wp-json\/wp\/v2\/types\/page"}],"author":[{"embeddable":true,"href":"https:\/\/psona.io\/bg\/wp-json\/wp\/v2\/users\/1"}],"replies":[{"embeddable":true,"href":"https:\/\/psona.io\/bg\/wp-json\/wp\/v2\/comments?post=138"}],"version-history":[{"count":22,"href":"https:\/\/psona.io\/bg\/wp-json\/wp\/v2\/pages\/138\/revisions"}],"predecessor-version":[{"id":2649,"href":"https:\/\/psona.io\/bg\/wp-json\/wp\/v2\/pages\/138\/revisions\/2649"}],"wp:attachment":[{"href":"https:\/\/psona.io\/bg\/wp-json\/wp\/v2\/media?parent=138"}],"curies":[{"name":"wp","href":"https:\/\/api.w.org\/{rel}","templated":true}]}}