{"id":151,"date":"2024-09-05T10:24:54","date_gmt":"2024-09-05T10:24:54","guid":{"rendered":"https:\/\/psona.io\/?page_id=151"},"modified":"2026-01-22T21:16:39","modified_gmt":"2026-01-22T21:16:39","slug":"conditions-de-paiement-recurrent","status":"publish","type":"page","link":"https:\/\/psona.io\/cs\/conditions-de-paiement-recurrent\/","title":{"rendered":"Opakuj\u00edc\u00ed se platebn\u00ed podm\u00ednky"},"content":{"rendered":"<p>[et_pb_section fb_built=\u201d1\u2033 custom_padding_last_edited=\u201don|tablet\u201d admin_label=\u201dHeader\u201d _builder_version=\u201d4.27.0\u2033 custom_margin=\u201d0px||0px||true|false\u201d custom_padding=\u201d0px||0px||true|false\u201d custom_padding_tablet=\u201d||||true|false\u201d custom_padding_phone=\u201d||||true|false\u201d locked=\u201doff\u201d global_colors_info=\u201d{}\u201d][et_pb_row use_custom_gutter=\u201don\u201d gutter_width=\u201d1\u2033 custom_padding_last_edited=\u201don|phone\u201d _builder_version=\u201d4.27.0\u2033 background_color=\u201d#034833\u2033 background_size=\u201dinitial\u201d background_position=\u201dtop_left\u201d background_repeat=\u201drepeat\u201d width=\u201d95%\u201d custom_margin=\u201d||||true|false\u201d custom_padding=\u201d150px||150px|true|true\u201d custom_padding_tablet=\u201d80px||80px||true|false\u201d custom_padding_phone=\u201d60px||60px||true|false\u201d border_radii=\u201don|50px|50px|50px|50px\u201d global_colors_info=\u201d{}\u201d][et_pb_column type=\u201d4_4\u2033 _builder_version=\u201d4.27.0\u2033 custom_padding=\u201d|||\u201d global_colors_info=\u201d{}\u201d custom_padding__hover=\u201d|||\u201d custom_css_main_element_last_edited=\u201don|phone\u201d][et_pb_text module_class=\u201dtitle-header\u201d _builder_version=\u201d4.27.0\u2033 background_size=\u201dinitial\u201d background_position=\u201dtop_left\u201d background_repeat=\u201drepeat\u201d width=\u201d72%\u201d width_tablet=\u201d70%\u201d width_phone=\u201d68.5%\u201d width_last_edited=\u201don|tablet\u201d module_alignment=\u201dcenter\u201d custom_margin=\u201d0px||0px||false|false\u201d custom_margin_tablet=\u201d0px||0px|false|false\u201d custom_margin_phone=\u201d0px||0px|false|false\u201d custom_margin_last_edited=\u201don|tablet\u201d custom_padding=\u201d0px||0px||true|false\u201d header_font_size_tablet=\u201d50px\u201d header_font_size_phone=\u201d40px\u201d global_colors_info=\u201d{}\u201d]<\/p>\n<h1>Opakuj\u00edc\u00ed se platebn\u00ed podm\u00ednky<\/h1>\n<p>&nbsp;<\/p>\n<p><!-- \/divi:paragraph -->[\/et_pb_text][\/et_pb_column][\/et_pb_row][\/et_pb_section][et_pb_section fb_built=&#8221;1&#8243; _builder_version=&#8221;4.27.0&#8243; _module_preset=&#8221;default&#8221; global_colors_info=&#8221;{}&#8221;][et_pb_row _builder_version=&#8221;4.27.0&#8243; _module_preset=&#8221;default&#8221; global_colors_info=&#8221;{}&#8221;][et_pb_column type=&#8221;4_4&#8243; _builder_version=&#8221;4.27.0&#8243; _module_preset=&#8221;default&#8221; global_colors_info=&#8221;{}&#8221;][et_pb_text _builder_version=&#8221;4.27.4&#8243; _module_preset=&#8221;default&#8221; header_2_text_align=&#8221;center&#8221; hover_enabled=&#8221;0&#8243; global_colors_info=&#8221;{}&#8221; sticky_enabled=&#8221;0&#8243;]<\/p>\n<h2>Podm\u00ednky p\u0159edplatn\u00e9ho<\/h2>\n<p>Vstup v platnost: 22. ledna 2026<\/p>\n<p><strong>CLICKBUSTER LTD<\/strong><br \/><strong>63-66 Hatton Garden<\/strong><br \/><strong>Lond\u00fdn EC1N 8LE<\/strong><br \/><strong>\u010c\u00edslo spole\u010dnosti 13014667<\/strong><br \/><strong>\u010c\u00edslo DPH GB 363 9346 71<\/strong><\/p>\n<p>P\u0159edplatn\u00e9 slu\u017eeb PSONA v\u00e1m poskytuje p\u0159\u00edstup k n\u00e1sleduj\u00edc\u00edm v\u00fdhod\u00e1m:<\/p>\n<ul>\n<li>Neomezen\u00fd po\u010det test\u016f<\/li>\n<li>Uchov\u00e1v\u00e1n\u00ed v\u0161ech v\u00fdsledk\u016f test\u016f<\/li>\n<li>Srovn\u00e1n\u00ed mezi testy<\/li>\n<li>V\u00fdsledky odeslan\u00e9 e-mailem<\/li>\n<\/ul>\n<p>P\u0159edplatn\u00e9 v\u00e1m umo\u017en\u00ed p\u0159\u00edstup do \u010dlensk\u00e9 z\u00f3ny na 24 hodin za propaga\u010dn\u00ed cenu 0,5 EUR s DPH. Po uplynut\u00ed t\u00e9to zku\u0161ebn\u00ed doby bude platit m\u011bs\u00ed\u010dn\u00ed p\u0159edplatn\u00e9 za 47,5 \u20ac (v\u010detn\u011b DPH) m\u011bs\u00ed\u010dn\u011b. Platba bude automaticky str\u017eena z va\u0161\u00ed kreditn\u00ed karty ka\u017ed\u00fd m\u011bs\u00edc v den v\u00fdro\u010d\u00ed.<\/p>\n<p>P\u0159edplatn\u00e9 m\u016f\u017eete kdykoli a bezpodm\u00edne\u010dn\u011b zru\u0161it p\u0159\u00edmo na t\u00e9to str\u00e1nce: <a rel=\"noopener\" target=\"_new\" href=\"https:\/\/psona.io\/cs\/se-desabonner\/\">https:\/\/psona.io\/se-desabonner\/<\/a><\/p>\n<p>Chcete-li zru\u0161it p\u0159edplatn\u00e9, kontaktujte n\u00e1\u0161 z\u00e1kaznick\u00fd servis e-mailem na adrese <a rel=\"noopener\">contact@psona.io<\/a>nebo prost\u0159ednictv\u00edm kontaktn\u00edho formul\u00e1\u0159e na tomto odkazu: <a href=\"https:\/\/psona.io\/cs\/contact\/\">https:\/\/psona.io\/contact\/<\/a><\/p>\n<p>Spole\u010dnost PSONA informace o sv\u00fdch z\u00e1kazn\u00edc\u00edch neprod\u00e1v\u00e1; osobn\u00ed \u00fadaje jsou pou\u017e\u00edv\u00e1ny v\u00fdhradn\u011b za \u00fa\u010delem komunikace se z\u00e1kazn\u00edky a poskytov\u00e1n\u00ed po\u017eadovan\u00e9 \u00farovn\u011b slu\u017eeb.<\/p>\n<p>PSONA vyu\u017e\u00edv\u00e1 poskytovatele platebn\u00edch slu\u017eeb, kte\u0159\u00ed spl\u0148uj\u00ed bezpe\u010dnostn\u00ed standardy PCI DSS.<\/p>\n<p>[\/et_pb_text][\/et_pb_column][\/et_pb_row][\/et_pb_section]<\/p>","protected":false},"excerpt":{"rendered":"<p>Conditions de paiement r\u00e9current &nbsp; Termes d&#8217;abonnement Entry into force: January 22th, 2026 CLICKBUSTER LTD63-66 Hatton GardenLondon EC1N 8LECompany number 13014667VAT number GB 363 9346 71 Souscrire aux services de PSONA vous donne acc\u00e8s aux avantages suivants : Tests illimit\u00e9s Stockage de tous les r\u00e9sultats de test Comparaisons entre tests R\u00e9sultats envoy\u00e9s par email L&#8217;abonnement [&hellip;]<\/p>","protected":false},"author":1,"featured_media":0,"parent":0,"menu_order":0,"comment_status":"closed","ping_status":"closed","template":"","meta":{"_et_pb_use_builder":"on","_et_pb_old_content":"<!-- wp:divi\/placeholder \/-->","_et_gb_content_width":"","inline_featured_image":false,"footnotes":""},"class_list":["post-151","page","type-page","status-publish","hentry"],"_links":{"self":[{"href":"https:\/\/psona.io\/cs\/wp-json\/wp\/v2\/pages\/151","targetHints":{"allow":["GET"]}}],"collection":[{"href":"https:\/\/psona.io\/cs\/wp-json\/wp\/v2\/pages"}],"about":[{"href":"https:\/\/psona.io\/cs\/wp-json\/wp\/v2\/types\/page"}],"author":[{"embeddable":true,"href":"https:\/\/psona.io\/cs\/wp-json\/wp\/v2\/users\/1"}],"replies":[{"embeddable":true,"href":"https:\/\/psona.io\/cs\/wp-json\/wp\/v2\/comments?post=151"}],"version-history":[{"count":6,"href":"https:\/\/psona.io\/cs\/wp-json\/wp\/v2\/pages\/151\/revisions"}],"predecessor-version":[{"id":2637,"href":"https:\/\/psona.io\/cs\/wp-json\/wp\/v2\/pages\/151\/revisions\/2637"}],"wp:attachment":[{"href":"https:\/\/psona.io\/cs\/wp-json\/wp\/v2\/media?parent=151"}],"curies":[{"name":"wp","href":"https:\/\/api.w.org\/{rel}","templated":true}]}}