{"id":2643,"date":"2026-01-22T21:24:36","date_gmt":"2026-01-22T21:24:36","guid":{"rendered":"https:\/\/psona.io\/?page_id=2643"},"modified":"2026-01-22T21:25:55","modified_gmt":"2026-01-22T21:25:55","slug":"disclaimer","status":"publish","type":"page","link":"https:\/\/psona.io\/da\/disclaimer\/","title":{"rendered":"Ansvarsfraskrivelse"},"content":{"rendered":"<p>[et_pb_section fb_built=\u201d1\u2033 custom_padding_last_edited=\u201don|tablet\u201d admin_label=\u201dHeader\u201d _builder_version=\u201d4.27.0\u2033 custom_margin=\u201d0px||0px||true|false\u201d custom_padding=\u201d0px||0px|true|false\u201d custom_padding_tablet=\u201d||||true|false\u201d custom_padding_phone=\u201d||||true|false\u201d locked=\u201doff\u201d global_colors_info=\u201d{}\u201d theme_builder_area=\u201dpost_content\u201d][et_pb_row use_custom_gutter=\u201don\u201d gutter_width=\u201d1\u2033 custom_padding_last_edited=\u201don|phone\u201d _builder_version=\u201d4.27.0\u2033 background_color=\u201d#034833\u2033 background_size=\u201dinitial\u201d background_position=\u201dtop_left\u201d background_repeat=\u201drepeat\u201d width=\u201d95%\u201d custom_margin=\u201d||||true|false\u201d custom_padding=\u201d150px||150px||true|true\u201d custom_padding_tablet=\u201d80px||80px||true|false\u201d custom_padding_phone=\u201d60px||60px||true|false\u201d border_radii=\u201don|50px|50px|50px|50px\u201d global_colors_info=\u201d{}\u201d theme_builder_area=\u201dpost_content\u201d][et_pb_column type=\u201d4_4\u2033 _builder_version=\u201d4.27.0\u2033 custom_padding=\u201d|||\u201d global_colors_info=\u201d{}\u201d custom_padding__hover=\u201d|||\u201d custom_css_main_element_last_edited=\u201don|phone\u201d theme_builder_area=\u201dpost_content\u201d][et_pb_text module_class=\u201dtitle-header\u201d _builder_version=\u201d4.27.4\u2033 background_size=\u201dinitial\u201d background_position=\u201dtop_left\u201d background_repeat=\u201drepeat\u201d width=\u201d72%\u201d width_tablet=\u201d70%\u201d width_phone=\u201d68.5%\u201d width_last_edited=\u201don|tablet\u201d module_alignment=\u201dcenter\u201d custom_margin=\u201d0px||0px||false|false\u201d custom_margin_tablet=\u201d0px||0px||false|false\u201d custom_margin_phone=\u201d0px||0px||false|false\u201d custom_margin_last_edited=\u201don|tablet\u201d custom_padding=\u201d0px||0px|true|false\u201d hover_enabled=\u201d0\u2033 header_font_size_tablet=\u201d50px\u201d header_font_size_phone=\u201d40px\u201d global_colors_info=\u201d{}\u201d theme_builder_area=\u201dpost_content\u201d sticky_enabled=\u201d0\u2033]<\/p>\n<h1 class=\"text-text-100 mt-3 -mb-1 text-[1.375rem] font-bold\">Ansvarsfraskrivelse<\/h1>\n<p><!-- \/divi:paragraph --><\/p>\n<p>[\/et_pb_text][\/et_pb_column][\/et_pb_row][\/et_pb_section][et_pb_section fb_built=\u201d1\u2033 _builder_version=\u201d4.27.0\u2033 _module_preset=\u201ddefault\u201d global_colors_info=\u201d{}\u201d locked=\u201doff\u201d theme_builder_area=\u201dpost_content\u201d][et_pb_row _builder_version=\u201d4.27.0\u2033 _module_preset=\u201ddefault\u201d global_colors_info=\u201d{}\u201d theme_builder_area=\u201dpost_content\u201d][et_pb_column type=\u201d4_4\u2033 _builder_version=\u201d4.27.0\u2033 _module_preset=\u201ddefault\u201d global_colors_info=\u201d{}\u201d theme_builder_area=\u201dpost_content\u201d][et_pb_text _builder_version=\u201d4.27.4\u2033 _module_preset=\u201ddefault\u201d header_2_text_align=\u201dcenter\u201d hover_enabled=\u201d0\u2033 global_colors_info=\u201d{}\u201d theme_builder_area=\u201dpost_content\u201d sticky_enabled=\u201d0\u2033]<\/p>\n<p class=\"font-claude-response-body break-words whitespace-normal leading-[1.7]\">Sidst opdateret: 22. januar 2026<\/p>\n<h2 class=\"text-text-100 mt-3 -mb-1 text-[1.125rem] font-bold\">Fortolkning og definitioner<\/h2>\n<h3 class=\"text-text-100 mt-2 -mb-1 text-base font-bold\">Fortolkning<\/h3>\n<p class=\"font-claude-response-body break-words whitespace-normal leading-[1.7]\">Ord med stort begyndelsesbogstav har betydninger, der er defineret i de f\u00f8lgende betingelser. F\u00f8lgende definitioner har samme betydning, uanset om de optr\u00e6der i ental eller flertal.<\/p>\n<h3 class=\"text-text-100 mt-2 -mb-1 text-base font-bold\">Definitioner<\/h3>\n<p class=\"font-claude-response-body break-words whitespace-normal leading-[1.7]\">Med henblik p\u00e5 denne advarsel :<\/p>\n<ul class=\"[li_&amp;]:mb-0 [li_&amp;]:mt-1 [li_&amp;]:gap-1 [&amp;:not(:last-child)_ul]:pb-1 [&amp;:not(:last-child)_ol]:pb-1 list-disc flex flex-col gap-1 pl-8 mb-3\">\n<li class=\"whitespace-normal break-words pl-2\"><strong>Virksomhed<\/strong> (i denne meddelelse omtalt som \u00abvirksomheden\u00bb, \u00abvi\u00bb, \u00abos\u00bb eller \"vores\") henviser til CLICKBUSTER LTD, 63-66 Hatton Garden, London EC1N 8LE.<\/li>\n<li class=\"whitespace-normal break-words pl-2\"><strong>Service<\/strong> henviser til webstedet.<\/li>\n<li class=\"whitespace-normal break-words pl-2\"><strong>Du<\/strong> betyder den fysiske person, der f\u00e5r adgang til tjenesten, eller virksomheden eller anden juridisk enhed, p\u00e5 hvis vegne denne person f\u00e5r adgang til eller bruger tjenesten, alt efter hvad der er tilf\u00e6ldet.<\/li>\n<li class=\"whitespace-normal break-words pl-2\"><strong>Hjemmeside<\/strong> henviser til PSONA, der er tilg\u00e6ngelig fra <a class=\"underline underline underline-offset-2 decoration-1 decoration-current\/40 hover:decoration-current focus:decoration-current\" href=\"https:\/\/psona.io\/da\/\">https:\/\/psona.io\/<\/a><\/li>\n<\/ul>\n<h2 class=\"text-text-100 mt-3 -mb-1 text-[1.125rem] font-bold\">Generel advarsel<\/h2>\n<p class=\"font-claude-response-body break-words whitespace-normal leading-[1.7]\">Oplysningerne p\u00e5 tjenesten leveres kun til generelle informationsform\u00e5l.<\/p>\n<p class=\"font-claude-response-body break-words whitespace-normal leading-[1.7]\">Virksomheden p\u00e5tager sig intet ansvar for eventuelle fejl eller udeladelser i tjenestens indhold.<\/p>\n<p class=\"font-claude-response-body break-words whitespace-normal leading-[1.7]\">Virksomheden er under ingen omst\u00e6ndigheder ansvarlig for s\u00e6rlige, direkte, indirekte, f\u00f8lgeskader eller tilf\u00e6ldige skader eller skader af nogen art, uanset om der er tale om en kontrakt, uagtsomhed eller anden skadevoldende handling, der opst\u00e5r som f\u00f8lge af eller i forbindelse med brugen af tjenesten eller indholdet af tjenesten. Virksomheden forbeholder sig ret til at foretage tilf\u00f8jelser, sletninger eller \u00e6ndringer af tjenestens indhold til enhver tid uden varsel.<\/p>\n<p class=\"font-claude-response-body break-words whitespace-normal leading-[1.7]\">Virksomheden garanterer ikke, at tjenesten er fri for virus eller andre skadelige komponenter.<\/p>\n<h2 class=\"text-text-100 mt-3 -mb-1 text-[1.125rem] font-bold\">Advarsel om personlighedstest<\/h2>\n<p class=\"font-claude-response-body break-words whitespace-normal leading-[1.7]\">De personlighedstests, der tilbydes p\u00e5 denne tjeneste :<\/p>\n<ul class=\"[li_&amp;]:mb-0 [li_&amp;]:mt-1 [li_&amp;]:gap-1 [&amp;:not(:last-child)_ul]:pb-1 [&amp;:not(:last-child)_ol]:pb-1 list-disc flex flex-col gap-1 pl-8 mb-3\">\n<li class=\"whitespace-normal break-words pl-2\">De er ikke en eksakt videnskab og b\u00f8r ikke betragtes som professionelle psykologiske eller psykoanalytiske vurderinger.<\/li>\n<li class=\"whitespace-normal break-words pl-2\">F\u00f8lgende er kun til information og underholdning<\/li>\n<li class=\"whitespace-normal break-words pl-2\">M\u00e5 ikke bruges som eneste grundlag for at tr\u00e6ffe vigtige beslutninger om dit personlige, professionelle eller medicinske liv.<\/li>\n<li class=\"whitespace-normal break-words pl-2\">Udg\u00f8r ikke medicinsk, psykologisk eller professionel r\u00e5dgivning<\/li>\n<\/ul>\n<p class=\"font-claude-response-body break-words whitespace-normal leading-[1.7]\">Virksomheden p\u00e5tager sig intet ansvar for de beslutninger, som brugerne tr\u00e6ffer p\u00e5 baggrund af deres testresultater. Hvis du har psykologiske eller medicinske sp\u00f8rgsm\u00e5l, anbefaler vi, at du konsulterer en kvalificeret fagperson.<\/p>\n<h2 class=\"text-text-100 mt-3 -mb-1 text-[1.125rem] font-bold\">Advarsel om eksterne links<\/h2>\n<p class=\"font-claude-response-body break-words whitespace-normal leading-[1.7]\">Tjenesten kan indeholde links til eksterne websteder, som ikke leveres eller vedligeholdes af virksomheden, eller som p\u00e5 nogen m\u00e5de er tilknyttet den.<\/p>\n<p class=\"font-claude-response-body break-words whitespace-normal leading-[1.7]\">Bem\u00e6rk, at virksomheden ikke garanterer n\u00f8jagtigheden, relevansen, aktualiteten eller fuldst\u00e6ndigheden af oplysningerne p\u00e5 disse eksterne websteder.<\/p>\n<h2 class=\"text-text-100 mt-3 -mb-1 text-[1.125rem] font-bold\">Advarsel om fejl og mangler<\/h2>\n<p class=\"font-claude-response-body break-words whitespace-normal leading-[1.7]\">De oplysninger, der leveres af tjenesten, er udelukkende beregnet som en generel vejledning til emner af interesse. Selvom virksomheden tager alle forholdsregler for at sikre, at indholdet af tjenesten er b\u00e5de aktuelt og n\u00f8jagtigt, kan der forekomme fejl. P\u00e5 grund af udviklingen i love, regler og bestemmelser kan der desuden forekomme forsinkelser, udeladelser eller un\u00f8jagtigheder i oplysningerne p\u00e5 tjenesten.<\/p>\n<p class=\"font-claude-response-body break-words whitespace-normal leading-[1.7]\">Virksomheden er ikke ansvarlig for eventuelle fejl eller udeladelser eller for de resultater, der opn\u00e5s ved brug af disse oplysninger.<\/p>\n<h2 class=\"text-text-100 mt-3 -mb-1 text-[1.125rem] font-bold\">Ansvarsfraskrivelse for fair brug<\/h2>\n<p class=\"font-claude-response-body break-words whitespace-normal leading-[1.7]\">Virksomheden kan bruge materiale, der er beskyttet af ophavsret, som ikke altid er specifikt godkendt af indehaveren af ophavsretten. Virksomheden stiller dette materiale til r\u00e5dighed med henblik p\u00e5 kritik, kommentarer, rapportering, undervisning, stipendier eller forskning.<\/p>\n<p class=\"font-claude-response-body break-words whitespace-normal leading-[1.7]\">Virksomheden mener, at dette udg\u00f8r \u00abfair brug\u00bb af ethvert ophavsretligt beskyttet materiale i overensstemmelse med afsnit 107 i den amerikanske ophavsretslov (eller tilsvarende bestemmelser i henhold til g\u00e6ldende lov).<\/p>\n<p class=\"font-claude-response-body break-words whitespace-normal leading-[1.7]\">Hvis du \u00f8nsker at bruge materiale, der er beskyttet af ophavsret p\u00e5 tjenesten, til dine egne form\u00e5l, der g\u00e5r ud over rimelig brug, skal du indhente tilladelse fra indehaveren af ophavsretten.<\/p>\n<h2 class=\"text-text-100 mt-3 -mb-1 text-[1.125rem] font-bold\">Ansvarsfraskrivelse for udtrykte meninger<\/h2>\n<p class=\"font-claude-response-body break-words whitespace-normal leading-[1.7]\">Tjenesten kan indeholde synspunkter og meninger, som er forfatternes, og som ikke n\u00f8dvendigvis afspejler den officielle politik eller holdning hos nogen anden forfatter, agentur, organisation, arbejdsgiver eller virksomhed, herunder virksomheden.<\/p>\n<p class=\"font-claude-response-body break-words whitespace-normal leading-[1.7]\">Hvor tjenesten giver brugerne mulighed for at sende indhold (herunder kommentarer), er s\u00e5dant indhold udelukkende den brugers ansvar, der har sendt det. Virksomheden er ikke ansvarlig for brugergenereret indhold og forbeholder sig ret til at fjerne det af en hvilken som helst grund.<\/p>\n<h2 class=\"text-text-100 mt-3 -mb-1 text-[1.125rem] font-bold\">Ansvarsfraskrivelse<\/h2>\n<p class=\"font-claude-response-body break-words whitespace-normal leading-[1.7]\">Oplysningerne p\u00e5 tjenesten leveres under foruds\u00e6tning af, at virksomheden ikke yder juridisk, regnskabsm\u00e6ssig, skattem\u00e6ssig eller anden professionel r\u00e5dgivning eller service heri. Som s\u00e5dan b\u00f8r den ikke bruges som erstatning for konsultation med professionelle regnskabs-, skatte-, juridiske eller andre kompetente r\u00e5dgivere.<\/p>\n<p class=\"font-claude-response-body break-words whitespace-normal leading-[1.7]\">Virksomheden eller dens leverand\u00f8rer er under ingen omst\u00e6ndigheder ansvarlige for s\u00e6rlige, tilf\u00e6ldige, indirekte eller f\u00f8lgeskader, der opst\u00e5r som f\u00f8lge af eller i forbindelse med din adgang til eller brug af eller manglende evne til at f\u00e5 adgang til eller bruge tjenesten.<\/p>\n<h2 class=\"text-text-100 mt-3 -mb-1 text-[1.125rem] font-bold\">Brug p\u00e5 egen risiko\u00ab-advarsel\u00bb<\/h2>\n<p class=\"font-claude-response-body break-words whitespace-normal leading-[1.7]\">Alle oplysninger p\u00e5 tjenesten leveres \u00absom de er\u00bb, uden garanti for fuldst\u00e6ndighed, n\u00f8jagtighed, aktualitet eller for de resultater, der opn\u00e5s ved brug af s\u00e5danne oplysninger, og uden garanti af nogen art, hverken udtrykkelig eller underforst\u00e5et, herunder, men ikke begr\u00e6nset til, garantier for ydeevne, salgbarhed og egnethed til et bestemt form\u00e5l.<\/p>\n<p class=\"font-claude-response-body break-words whitespace-normal leading-[1.7]\">Virksomheden er ikke ansvarlig over for dig eller nogen anden person for nogen beslutning eller handling, der er truffet i tillid til de oplysninger, der leveres af tjenesten, eller for eventuelle f\u00f8lgeskader, s\u00e6rlige eller lignende skader, selv om de er underrettet om muligheden for s\u00e5danne skader.<\/p>\n<h2 class=\"text-text-100 mt-3 -mb-1 text-[1.125rem] font-bold\">G\u00e6ldende lov<\/h2>\n<p class=\"font-claude-response-body break-words whitespace-normal leading-[1.7]\">Denne ansvarsfraskrivelse er underlagt engelsk lov. Enhver tvist vedr\u00f8rende dens fortolkning eller udf\u00f8relse skal v\u00e6re underlagt de engelske domstoles eksklusive jurisdiktion.<\/p>\n<h2 class=\"text-text-100 mt-3 -mb-1 text-[1.125rem] font-bold\">Kontakt os<\/h2>\n<p class=\"font-claude-response-body break-words whitespace-normal leading-[1.7]\">Hvis du har sp\u00f8rgsm\u00e5l til denne advarsel, bedes du kontakte os:<\/p>\n<ul class=\"[li_&amp;]:mb-0 [li_&amp;]:mt-1 [li_&amp;]:gap-1 [&amp;:not(:last-child)_ul]:pb-1 [&amp;:not(:last-child)_ol]:pb-1 list-disc flex flex-col gap-1 pl-8 mb-3\">\n<li class=\"whitespace-normal break-words pl-2\">Via e-mail : <a class=\"underline underline underline-offset-2 decoration-1 decoration-current\/40 hover:decoration-current focus:decoration-current\" href=\"mailto:contact@psona.io\">contact@psona.io<\/a><\/li>\n<li class=\"whitespace-normal break-words pl-2\">Ved at bes\u00f8ge denne side p\u00e5 vores hjemmeside : <a class=\"underline underline underline-offset-2 decoration-1 decoration-current\/40 hover:decoration-current focus:decoration-current\" href=\"https:\/\/psona.io\/da\/contact\/\">https:\/\/psona.io\/contact\/<\/a><\/li>\n<\/ul>\n<p>[\/et_pb_text][\/et_pb_column][\/et_pb_row][\/et_pb_section]<\/p>","protected":false},"excerpt":{"rendered":"<p>Ansvarsfraskrivelse Sidst opdateret: 22. januar 2026 Fortolkning og definitioner Fortolkning Ord med stort begyndelsesbogstav har den betydning, der er defineret i de f\u00f8lgende betingelser. F\u00f8lgende definitioner har samme betydning, uanset om de optr\u00e6der i ental eller flertal. Definitioner I forbindelse med denne advarsel: Virksomhed (ben\u00e6vnt [...])<\/p>","protected":false},"author":1,"featured_media":0,"parent":0,"menu_order":0,"comment_status":"closed","ping_status":"closed","template":"","meta":{"_et_pb_use_builder":"on","_et_pb_old_content":"","_et_gb_content_width":"","inline_featured_image":false,"footnotes":""},"class_list":["post-2643","page","type-page","status-publish","hentry"],"_links":{"self":[{"href":"https:\/\/psona.io\/da\/wp-json\/wp\/v2\/pages\/2643","targetHints":{"allow":["GET"]}}],"collection":[{"href":"https:\/\/psona.io\/da\/wp-json\/wp\/v2\/pages"}],"about":[{"href":"https:\/\/psona.io\/da\/wp-json\/wp\/v2\/types\/page"}],"author":[{"embeddable":true,"href":"https:\/\/psona.io\/da\/wp-json\/wp\/v2\/users\/1"}],"replies":[{"embeddable":true,"href":"https:\/\/psona.io\/da\/wp-json\/wp\/v2\/comments?post=2643"}],"version-history":[{"count":2,"href":"https:\/\/psona.io\/da\/wp-json\/wp\/v2\/pages\/2643\/revisions"}],"predecessor-version":[{"id":2645,"href":"https:\/\/psona.io\/da\/wp-json\/wp\/v2\/pages\/2643\/revisions\/2645"}],"wp:attachment":[{"href":"https:\/\/psona.io\/da\/wp-json\/wp\/v2\/media?parent=2643"}],"curies":[{"name":"wp","href":"https:\/\/api.w.org\/{rel}","templated":true}]}}