{"id":138,"date":"2024-09-05T10:22:57","date_gmt":"2024-09-05T10:22:57","guid":{"rendered":"https:\/\/psona.io\/?page_id=138"},"modified":"2026-01-22T21:36:34","modified_gmt":"2026-01-22T21:36:34","slug":"a-propos","status":"publish","type":"page","link":"https:\/\/psona.io\/el\/a-propos\/","title":{"rendered":"\u03a3\u03c7\u03b5\u03c4\u03b9\u03ba\u03ac \u03bc\u03b5 \u03b5\u03bc\u03ac\u03c2"},"content":{"rendered":"<p>[et_pb_section fb_built=\u201d1\u2033 custom_padding_last_edited=\u201don|tablet\u201d admin_label=\u201dHeader\u201d _builder_version=\u201d4.27.0\u2033 custom_margin=\u201d0px||0px||true|false\u201d custom_padding=\u201d0px||0px||true|false\u201d custom_padding_tablet=\u201d||||true|false\u201d custom_padding_phone=\u201d||||true|false\u201d locked=\u201doff\u201d global_colors_info=\u201d{}\u201d][et_pb_row use_custom_gutter=\u201don\u201d gutter_width=\u201d1\u2033 custom_padding_last_edited=\u201don|phone\u201d _builder_version=\u201d4.27.0\u2033 background_color=\u201d#034833\u2033 background_size=\u201dinitial\u201d background_position=\u201dtop_left\u201d background_repeat=\u201drepeat\u201d width=\u201d95%\u201d custom_margin=\u201d||||true|false\u201d custom_padding=\u201d150px||150px||true|true\u201d custom_padding_tablet=\u201d80px||80px||true|false\u201d custom_padding_phone=\u201d60px||60px||true|false\u201d border_radii=\u201don|50px|50px|50px|50px|50px\u201d global_colors_info=\u201d{}\u201d][et_pb_column type=\u201d4_4\u2033 _builder_version=\u201d4.27.0\u2033 custom_padding=\u201d||||\u201d global_colors_info=\u201d{}\u201d custom_padding__hover=\u201d||||\u201d custom_css_main_element_last_edited=\u201don|phone\u201d][et_pb_text module_class=\u201dtitle-header\u201d _builder_version=\u201d4.27.0\u2033 background_size=\u201dinitial\u201d background_position=\u201dtop_left\u201d background_repeat=\u201drepeat\u201d width=\u201d72%\u201d width_tablet=\u201d70%\u201d width_phone=\u201d68.5%\u201d width_last_edited=\u201don|tablet\u201d module_alignment=\u201dcenter\u201d custom_margin=\u201d0px||0px|||false|false\u201d custom_margin_tablet=\u201d0px||0px|||false|false\u201d custom_margin_phone=\u201d0px||0px|||false|false\u201d custom_margin_last_edited=\u201don|tablet\u201d custom_padding=\u201d0px||0px||true|false\u201d header_font_size_tablet=\u201d50px\u201d header_font_size_phone=\u201d40px\u201d global_colors_info=\u201d{}\u201d]<\/p>\n<h1>\u03a3\u03c7\u03b5\u03c4\u03b9\u03ba\u03ac \u03bc\u03b5 \u03b5\u03bc\u03ac\u03c2<\/h1>\n<p><!-- \/divi:paragraph --><\/p>\n<p>[\/et_pb_text][\/et_pb_column][\/et_pb_row][\/et_pb_section][et_pb_section fb_built=&#8221;1&#8243; admin_label=&#8221;The test&#8221; _builder_version=&#8221;4.27.0&#8243; _module_preset=&#8221;default&#8221; custom_margin=&#8221;||||false&#8221; custom_padding=&#8221;60px||0px||false|false&#8221; global_colors_info=&#8221;{}&#8221;][et_pb_row _builder_version=&#8221;4.27.0&#8243; _module_preset=&#8221;default&#8221; width=&#8221;68.5%&#8221; global_colors_info=&#8221;{}&#8221;][et_pb_column type=&#8221;4_4&#8243; _builder_version=&#8221;4.27.0&#8243; _module_preset=&#8221;default&#8221; global_colors_info=&#8221;{}&#8221;][et_pb_text _builder_version=&#8221;4.27.0&#8243; _module_preset=&#8221;default&#8221; header_5_font=&#8221;|600||on|||||&#8221; header_5_text_color=&#8221;#034833&#8243; header_5_font_size=&#8221;18px&#8221; header_5_letter_spacing=&#8221;1px&#8221; custom_margin=&#8221;||0px||false|false&#8221; custom_padding=&#8221;||0px||false|false&#8221; global_colors_info=&#8221;{}&#8221;]<\/p>\n<h5>\u0395\u03c0\u03b9\u03c3\u03c4\u03b7\u03bc\u03bf\u03bd\u03b9\u03ba\u03ac \u03b1\u03bd\u03b1\u03b3\u03bd\u03c9\u03c1\u03b9\u03c3\u03bc\u03ad\u03bd\u03bf<\/h5>\n<p>[\/et_pb_text][et_pb_text _builder_version=&#8221;4.27.0&#8243; _module_preset=&#8221;default&#8221; header_2_text_color=&#8221;#000000&#8243; custom_margin=&#8221;||0px||false|false&#8221; custom_padding=&#8221;||0px||false|false&#8221; global_colors_info=&#8221;{}&#8221;]<\/p>\n<h2>\u03a4\u03bf \u03c4\u03b5\u03c3\u03c4<\/h2>\n<p>[\/et_pb_text][et_pb_text _builder_version=&#8221;4.27.0&#8243; _module_preset=&#8221;default&#8221; text_line_height=&#8221;1.8em&#8221; custom_margin=&#8221;0px||||false|false&#8221; custom_padding=&#8221;0px||||false|false&#8221; global_colors_info=&#8221;{}&#8221;]<\/p>\n<p>\u03a3\u03c4\u03b7\u03bd \u03c8\u03c5\u03c7\u03bf\u03bb\u03bf\u03b3\u03af\u03b1, \u03bf \u03cc\u03c1\u03bf\u03c2 \"Big Five\" \u03b1\u03bd\u03b1\u03c6\u03ad\u03c1\u03b5\u03c4\u03b1\u03b9 \u03c3\u03b5 \u03ad\u03bd\u03b1 \u03bc\u03bf\u03bd\u03c4\u03ad\u03bb\u03bf \u03c0\u03c1\u03bf\u03c3\u03c9\u03c0\u03b9\u03ba\u03cc\u03c4\u03b7\u03c4\u03b1\u03c2 \u03c0\u03bf\u03c5 \u03b1\u03c0\u03bf\u03c4\u03b5\u03bb\u03b5\u03af\u03c4\u03b1\u03b9 \u03b1\u03c0\u03cc \u03c0\u03ad\u03bd\u03c4\u03b5 \u03ba\u03cd\u03c1\u03b9\u03b1 \u03c7\u03b1\u03c1\u03b1\u03ba\u03c4\u03b7\u03c1\u03b9\u03c3\u03c4\u03b9\u03ba\u03ac. \u03a4\u03bf \u03bc\u03bf\u03bd\u03c4\u03ad\u03bb\u03bf \u03b1\u03c5\u03c4\u03cc \u03c0\u03c1\u03bf\u03c4\u03ac\u03b8\u03b7\u03ba\u03b5 \u03b1\u03c0\u03cc \u03c4\u03bf\u03bd \u0391\u03bc\u03b5\u03c1\u03b9\u03ba\u03b1\u03bd\u03cc \u03c8\u03c5\u03c7\u03bf\u03bb\u03cc\u03b3\u03bf Lewis Goldberg \u03c4\u03bf 1981 \u03ba\u03b1\u03b9 \u03b1\u03bd\u03b1\u03c0\u03c4\u03cd\u03c7\u03b8\u03b7\u03ba\u03b5 \u03b1\u03c0\u03cc \u03c4\u03bf\u03c5\u03c2 Costa \u03ba\u03b1\u03b9 McCrae \u03bc\u03b5\u03c4\u03b1\u03be\u03cd 1987 \u03ba\u03b1\u03b9 1992. \u0391\u03bd\u03b1\u03b3\u03bd\u03c9\u03c1\u03af\u03b6\u03b5\u03c4\u03b1\u03b9 \u03b5\u03c5\u03c1\u03ad\u03c9\u03c2 \u03c9\u03c2 \u03c3\u03b7\u03bc\u03b5\u03af\u03bf \u03b1\u03bd\u03b1\u03c6\u03bf\u03c1\u03ac\u03c2 \u03c3\u03c4\u03b7 \u03b8\u03b5\u03c9\u03c1\u03b7\u03c4\u03b9\u03ba\u03ae \u03ad\u03c1\u03b5\u03c5\u03bd\u03b1 \u03c4\u03b7\u03c2 \u03c0\u03c1\u03bf\u03c3\u03c9\u03c0\u03b9\u03ba\u03cc\u03c4\u03b7\u03c4\u03b1\u03c2 \u03ba\u03b1\u03b9 \u03ad\u03c7\u03b5\u03b9 \u03c7\u03c1\u03b7\u03c3\u03b9\u03bc\u03bf\u03c0\u03bf\u03b9\u03b7\u03b8\u03b5\u03af \u03b3\u03b9\u03b1 \u03c4\u03b7 \u03b4\u03b7\u03bc\u03b9\u03bf\u03c5\u03c1\u03b3\u03af\u03b1 \u03c4\u03c9\u03bd \u03c8\u03c5\u03c7\u03bf\u03bb\u03bf\u03b3\u03b9\u03ba\u03ce\u03bd \u03c0\u03c1\u03bf\u03c6\u03af\u03bb \u03b5\u03ba\u03b1\u03c4\u03bf\u03bc\u03bc\u03c5\u03c1\u03af\u03c9\u03bd \u03b1\u03bd\u03b8\u03c1\u03ce\u03c0\u03c9\u03bd \u03c3\u03b5 \u03cc\u03bb\u03bf \u03c4\u03bf\u03bd \u03ba\u03cc\u03c3\u03bc\u03bf.<br \/>\u03a3\u03b5 \u03b2\u03ac\u03b8\u03bf\u03c2 \u03b1\u03bd\u03b1\u03bb\u03cd\u03c3\u03b5\u03b9\u03c2 \u03ad\u03c7\u03bf\u03c5\u03bd \u03b4\u03b9\u03b1\u03c0\u03b9\u03c3\u03c4\u03ce\u03c3\u03b5\u03b9 \u03c3\u03c5\u03bd\u03b4\u03ad\u03c3\u03b5\u03b9\u03c2 \u03bc\u03b5\u03c4\u03b1\u03be\u03cd \u03c4\u03c9\u03bd \u03bc\u03ad\u03c4\u03c1\u03c9\u03bd \u03c4\u03c9\u03bd \u03b4\u03bf\u03ba\u03b9\u03bc\u03b1\u03c3\u03b9\u03ce\u03bd Big Five \u03ba\u03b1\u03b9 \u03b4\u03b9\u03b1\u03c6\u03cc\u03c1\u03c9\u03bd \u03c0\u03c4\u03c5\u03c7\u03ce\u03bd \u03c4\u03b7\u03c2 \u03c3\u03c5\u03bc\u03c0\u03b5\u03c1\u03b9\u03c6\u03bf\u03c1\u03ac\u03c2:<\/p>\n<p>[\/et_pb_text][\/et_pb_column][\/et_pb_row][et_pb_row column_structure=&#8221;1_2,1_2&#8243; make_equal=&#8221;on&#8221; _builder_version=&#8221;4.27.0&#8243; _module_preset=&#8221;default&#8221; width=&#8221;68.5%&#8221; global_colors_info=&#8221;{}&#8221;][et_pb_column type=&#8221;1_2&#8243; _builder_version=&#8221;4.27.0&#8243; _module_preset=&#8221;default&#8221; custom_padding=&#8221;40px|25px|40px|25px|true|true&#8221; custom_css_main_element=&#8221;max-width:350px;&#8221; border_radii=&#8221;on|20px|20px|20px|20px&#8221; border_width_all=&#8221;1px&#8221; border_color_all=&#8221;#e3dbd8&#8243; global_colors_info=&#8221;{}&#8221;][et_pb_text _builder_version=&#8221;4.27.0&#8243; _module_preset=&#8221;default&#8221; text_font=&#8221;|700|||||||&#8221; text_text_color=&#8221;#034833&#8243; text_font_size=&#8221;22px&#8221; global_colors_info=&#8221;{}&#8221;]<\/p>\n<p>\u0395\u03c0\u03b1\u03b3\u03b3\u03b5\u03bb\u03bc\u03b1\u03c4\u03b9\u03ba\u03ae \u03b1\u03c0\u03cc\u03b4\u03bf\u03c3\u03b7<\/p>\n<p>[\/et_pb_text][et_pb_text _builder_version=\u201d4.27.0\u2033 _module_preset=\u201ddefault\u201d text_line_height=\u201d1.8em\u201d global_colors_info=\u201d{}\u201d]<\/p>\n<p>\u0397 \u03b5\u03c5\u03c3\u03c5\u03bd\u03b5\u03af\u03b4\u03b7\u03c4\u03b7 \u03b1\u03c0\u03cc\u03b4\u03bf\u03c3\u03b7 \u03c3\u03c5\u03bd\u03b4\u03ad\u03b5\u03c4\u03b1\u03b9 \u03b1\u03bd\u03b5\u03be\u03ac\u03c1\u03c4\u03b7\u03c4\u03b1 \u03b1\u03c0\u03cc \u03c4\u03bf\u03bd \u03c4\u03bf\u03bc\u03ad\u03b1 \u03b4\u03c1\u03b1\u03c3\u03c4\u03b7\u03c1\u03b9\u03cc\u03c4\u03b7\u03c4\u03b1\u03c2 \u03ba\u03b1\u03b9 \u03c4\u03b1 \u03ba\u03c1\u03b9\u03c4\u03ae\u03c1\u03b9\u03b1 \u03b1\u03be\u03b9\u03bf\u03bb\u03cc\u03b3\u03b7\u03c3\u03b7\u03c2.<\/p>\n<p>[\/et_pb_text][\/et_pb_column][et_pb_column type=&#8221;1_2&#8243; _builder_version=&#8221;4.27.0&#8243; _module_preset=&#8221;default&#8221; custom_padding=&#8221;40px|25px|40px|25px|true|true&#8221; custom_css_main_element=&#8221;max-width:480px;&#8221; border_radii=&#8221;on|20px|20px|20px|20px&#8221; border_width_all=&#8221;1px&#8221; border_color_all=&#8221;#e3dbd8&#8243; global_colors_info=&#8221;{}&#8221;][et_pb_text _builder_version=&#8221;4.27.0&#8243; _module_preset=&#8221;default&#8221; text_font=&#8221;|700|||||||&#8221; text_text_color=&#8221;#034833&#8243; text_font_size=&#8221;22px&#8221; global_colors_info=&#8221;{}&#8221;]<\/p>\n<p>\u0394\u03b9\u03b1\u03c4\u03b1\u03c1\u03b1\u03c7\u03ad\u03c2 \u03c0\u03c1\u03bf\u03c3\u03c9\u03c0\u03b9\u03ba\u03cc\u03c4\u03b7\u03c4\u03b1\u03c2<\/p>\n<p>[\/et_pb_text][et_pb_text _builder_version=\u201d4.27.0\u2033 _module_preset=\u201ddefault\u201d text_line_height=\u201d1.8em\u201d global_colors_info=\u201d{}\u201d]<\/p>\n<p>\u039a\u03ac\u03b8\u03b5 \u03ba\u03b1\u03c4\u03b7\u03b3\u03bf\u03c1\u03af\u03b1 \u03c4\u03bf\u03c5 \u0394\u03b9\u03b1\u03b3\u03bd\u03c9\u03c3\u03c4\u03b9\u03ba\u03bf\u03cd \u03ba\u03b1\u03b9 \u03a3\u03c4\u03b1\u03c4\u03b9\u03c3\u03c4\u03b9\u03ba\u03bf\u03cd \u0395\u03b3\u03c7\u03b5\u03b9\u03c1\u03b9\u03b4\u03af\u03bf\u03c5 \u03a8\u03c5\u03c7\u03b9\u03ba\u03ce\u03bd \u0394\u03b9\u03b1\u03c4\u03b1\u03c1\u03b1\u03c7\u03ce\u03bd (DSM) \u03b1\u03bd\u03c4\u03b9\u03c3\u03c4\u03bf\u03b9\u03c7\u03b5\u03af \u03c3\u03b5 \u03ad\u03bd\u03b1 \u03c3\u03c5\u03b3\u03ba\u03b5\u03ba\u03c1\u03b9\u03bc\u03ad\u03bd\u03bf \u03c0\u03c1\u03bf\u03c6\u03af\u03bb \u03c4\u03c9\u03bd \u039c\u03b5\u03b3\u03ac\u03bb\u03c9\u03bd \u03a0\u03ad\u03bd\u03c4\u03b5, \u03c0\u03bf\u03c5 \u03c3\u03c5\u03c7\u03bd\u03ac \u03c7\u03b1\u03c1\u03b1\u03ba\u03c4\u03b7\u03c1\u03af\u03b6\u03b5\u03c4\u03b1\u03b9 \u03b1\u03c0\u03cc \u03c5\u03c8\u03b7\u03bb\u03cc \u03b5\u03c0\u03af\u03c0\u03b5\u03b4\u03bf \u03bd\u03b5\u03c5\u03c1\u03c9\u03c4\u03b9\u03c3\u03bc\u03bf\u03cd \u03ba\u03b1\u03b9 \u03c7\u03b1\u03bc\u03b7\u03bb\u03cc \u03b5\u03c0\u03af\u03c0\u03b5\u03b4\u03bf \u03b5\u03c5\u03c7\u03ac\u03c1\u03b9\u03c3\u03c4\u03bf\u03c5 \u03c7\u03b1\u03c1\u03b1\u03ba\u03c4\u03ae\u03c1\u03b1.<\/p>\n<p>[\/et_pb_text][\/et_pb_column][\/et_pb_row][et_pb_row _builder_version=&#8221;4.27.0&#8243; _module_preset=&#8221;default&#8221; width=&#8221;68.5%&#8221; global_colors_info=&#8221;{}&#8221;][et_pb_column type=&#8221;4_4&#8243; _builder_version=&#8221;4.27.0&#8243; _module_preset=&#8221;default&#8221; global_colors_info=&#8221;{}&#8221;][et_pb_text _builder_version=&#8221;4.27.0&#8243; _module_preset=&#8221;default&#8221; text_line_height=&#8221;1.8em&#8221; custom_margin=&#8221;0px||||false|false&#8221; custom_padding=&#8221;0px||||false|false&#8221; locked=&#8221;off&#8221; global_colors_info=&#8221;{}&#8221;]<\/p>\n<p>\u03a4\u03b1 \u03c7\u03b1\u03c1\u03b1\u03ba\u03c4\u03b7\u03c1\u03b9\u03c3\u03c4\u03b9\u03ba\u03ac \u03c4\u03c9\u03bd Big Five \u03b4\u03b5\u03bd \u03b5\u03af\u03bd\u03b1\u03b9 \u03b5\u03bd\u03c4\u03b5\u03bb\u03ce\u03c2 \u03b1\u03bd\u03b5\u03be\u03ac\u03c1\u03c4\u03b7\u03c4\u03b1 \u03bc\u03b5\u03c4\u03b1\u03be\u03cd \u03c4\u03bf\u03c5\u03c2, \u03b3\u03b5\u03b3\u03bf\u03bd\u03cc\u03c2 \u03c0\u03bf\u03c5 \u03ba\u03b1\u03b8\u03b9\u03c3\u03c4\u03ac \u03bf\u03c1\u03b9\u03c3\u03bc\u03ad\u03bd\u03b5\u03c2 \u03b5\u03ba\u03c4\u03b9\u03bc\u03ae\u03c3\u03b5\u03b9\u03c2 \u03b5\u03bd \u03bc\u03ad\u03c1\u03b5\u03b9 \u03c0\u03b5\u03c1\u03b9\u03c4\u03c4\u03ad\u03c2 \u03ba\u03b1\u03c4\u03ac \u03c4\u03b7\u03bd \u03b1\u03be\u03b9\u03bf\u03bb\u03cc\u03b3\u03b7\u03c3\u03b7 \u03ba\u03ac\u03b8\u03b5 \u03ba\u03b1\u03c4\u03b7\u03b3\u03bf\u03c1\u03af\u03b1\u03c2.<br \/>\u03a3\u03c4\u03b7 \u03b4\u03b5\u03ba\u03b1\u03b5\u03c4\u03af\u03b1 \u03c4\u03bf\u03c5 2010, \u03c4\u03bf \u03c4\u03b5\u03c3\u03c4 \u03c0\u03bf\u03c5 \u03c3\u03c7\u03b5\u03c4\u03af\u03b6\u03b5\u03c4\u03b1\u03b9 \u03bc\u03b5 \u03c4\u03bf Big Five \u03c7\u03c1\u03b7\u03c3\u03b9\u03bc\u03bf\u03c0\u03bf\u03b9\u03ae\u03b8\u03b7\u03ba\u03b5 \u03b3\u03b9\u03b1 \u03c3\u03c4\u03c1\u03b1\u03c4\u03b9\u03c9\u03c4\u03b9\u03ba\u03bf\u03cd\u03c2, \u03c0\u03bf\u03bb\u03b9\u03c4\u03b9\u03ba\u03bf\u03cd\u03c2 \u03ba\u03b1\u03b9 \u03ba\u03bf\u03bc\u03bc\u03b1\u03c4\u03b9\u03ba\u03bf\u03cd\u03c2 \u03c3\u03ba\u03bf\u03c0\u03bf\u03cd\u03c2, \u03b9\u03b4\u03af\u03c9\u03c2 \u03b1\u03c0\u03cc \u03b5\u03c4\u03b1\u03b9\u03c1\u03b5\u03af\u03b5\u03c2 \u03cc\u03c0\u03c9\u03c2 \u03b7 SCL Group \u03bc\u03ad\u03c3\u03c9 \u03c4\u03c9\u03bd \u03b8\u03c5\u03b3\u03b1\u03c4\u03c1\u03b9\u03ba\u03ce\u03bd \u03c4\u03b7\u03c2 Cambridge Analytica \u03ba\u03b1\u03b9 Aggregate IQ.<br \/>\u03a3\u03ae\u03bc\u03b5\u03c1\u03b1, \u03b7 \u03b4\u03bf\u03ba\u03b9\u03bc\u03ae \u03b1\u03c5\u03c4\u03ae \u03c7\u03c1\u03b7\u03c3\u03b9\u03bc\u03bf\u03c0\u03bf\u03b9\u03b5\u03af\u03c4\u03b1\u03b9 \u03b5\u03c5\u03c1\u03ad\u03c9\u03c2 \u03ba\u03b1\u03b9 \u03b1\u03bd\u03b1\u03b3\u03bd\u03c9\u03c1\u03af\u03b6\u03b5\u03c4\u03b1\u03b9 \u03b1\u03c0\u03cc \u03c0\u03bf\u03bb\u03bb\u03ad\u03c2 \u03b5\u03c4\u03b1\u03b9\u03c1\u03b5\u03af\u03b5\u03c2 \u03ba\u03b1\u03b9 \u03b2\u03b9\u03bf\u03bc\u03b7\u03c7\u03b1\u03bd\u03af\u03b5\u03c2 \u03c3\u03b5 \u03cc\u03bb\u03bf \u03c4\u03bf\u03bd \u03ba\u03cc\u03c3\u03bc\u03bf.<\/p>\n<p>[\/et_pb_text][\/et_pb_column][\/et_pb_row][\/et_pb_section][et_pb_section fb_built=&#8221;1&#8243; admin_label=&#8221;The project&#8221; _builder_version=&#8221;4.27.0&#8243; _module_preset=&#8221;default&#8221; custom_margin=&#8221;0px||0px||true|false&#8221; custom_padding=&#8221;0px||0px||true|false&#8221; global_colors_info=&#8221;{}&#8221;][et_pb_row column_structure=&#8221;1_2,1_2&#8243; make_equal=&#8221;on&#8221; _builder_version=&#8221;4.27.0&#8243; _module_preset=&#8221;default&#8221; width=&#8221;68.5%&#8221; global_colors_info=&#8221;{}&#8221;][et_pb_column type=&#8221;1_2&#8243; _builder_version=&#8221;4.27.0&#8243; _module_preset=&#8221;default&#8221; global_colors_info=&#8221;{}&#8221;][et_pb_image src=&#8221;https:\/\/psona.io\/wp-content\/uploads\/2024\/09\/TheProject.svg&#8221; title_text=&#8221;TheProject&#8221; _builder_version=&#8221;4.27.0&#8243; _module_preset=&#8221;default&#8221; global_colors_info=&#8221;{}&#8221;][\/et_pb_image][\/et_pb_column][et_pb_column type=&#8221;1_2&#8243; _builder_version=&#8221;4.27.0&#8243; _module_preset=&#8221;default&#8221; custom_css_main_element=&#8221;display:flex;||flex-direction:column;||justify-content:center;||&#8221; global_colors_info=&#8221;{}&#8221;][et_pb_text _builder_version=&#8221;4.27.0&#8243; _module_preset=&#8221;default&#8221; header_5_font=&#8221;|600||on|||||&#8221; header_5_text_color=&#8221;#034833&#8243; header_5_font_size=&#8221;18px&#8221; header_5_letter_spacing=&#8221;1px&#8221; custom_margin=&#8221;||0px||false|false&#8221; custom_padding=&#8221;||0px||false|false&#8221; locked=&#8221;off&#8221; global_colors_info=&#8221;{}&#8221;]<\/p>\n<h5>\u0393\u03b9\u03b1 \u03c4\u03b7 \u03bc\u03b5\u03bb\u03ad\u03c4\u03b7 \u03c4\u03c9\u03bd \u03c0\u03c1\u03bf\u03c3\u03c9\u03c0\u03b9\u03ba\u03bf\u03c4\u03ae\u03c4\u03c9\u03bd<\/h5>\n<p>[\/et_pb_text][et_pb_text _builder_version=&#8221;4.27.0&#8243; _module_preset=&#8221;default&#8221; header_2_text_color=&#8221;#000000&#8243; custom_margin=&#8221;||0px||false|false&#8221; custom_padding=&#8221;||0px||false|false&#8221; locked=&#8221;off&#8221; global_colors_info=&#8221;{}&#8221;]<\/p>\n<h2>\u03a4\u03bf \u03ad\u03c1\u03b3\u03bf<\/h2>\n<p>[\/et_pb_text][et_pb_text _builder_version=&#8221;4.27.0&#8243; _module_preset=&#8221;default&#8221; text_line_height=&#8221;1.8em&#8221; width=&#8221;100%&#8221; width_tablet=&#8221;75%&#8221; width_phone=&#8221;100%&#8221; width_last_edited=&#8221;on|desktop&#8221; custom_margin=&#8221;0px||||false|false&#8221; custom_padding=&#8221;0px||||false|false&#8221; global_colors_info=&#8221;{}&#8221;]<\/p>\n<p>\u03a3\u03ba\u03bf\u03c0\u03cc\u03c2 \u03b1\u03c5\u03c4\u03bf\u03cd \u03c4\u03bf\u03c5 \u03ad\u03c1\u03b3\u03bf\u03c5 \u03b5\u03af\u03bd\u03b1\u03b9 \u03bd\u03b1 \u03c3\u03b1\u03c2 \u03c0\u03b1\u03c1\u03ac\u03c3\u03c7\u03b5\u03b9 \u03bc\u03b9\u03b1 \u03b1\u03ba\u03c1\u03b9\u03b2\u03ae \u03b1\u03bd\u03ac\u03bb\u03c5\u03c3\u03b7 \u03c4\u03b7\u03c2 \u03c0\u03c1\u03bf\u03c3\u03c9\u03c0\u03b9\u03ba\u03cc\u03c4\u03b7\u03c4\u03ac\u03c2 \u03c3\u03b1\u03c2, \u03b5\u03c0\u03b9\u03c3\u03b7\u03bc\u03b1\u03af\u03bd\u03bf\u03bd\u03c4\u03b1\u03c2 \u03c4\u03b1 \u03b4\u03c5\u03bd\u03b1\u03c4\u03ac \u03c3\u03b1\u03c2 \u03c3\u03b7\u03bc\u03b5\u03af\u03b1 \u03ba\u03b1\u03b9 \u03c4\u03bf\u03c5\u03c2 \u03c4\u03bf\u03bc\u03b5\u03af\u03c2 \u03c0\u03bf\u03c5 \u03c7\u03c1\u03ae\u03b6\u03bf\u03c5\u03bd \u03b2\u03b5\u03bb\u03c4\u03af\u03c9\u03c3\u03b7\u03c2, \u03b3\u03b9\u03b1 \u03bc\u03b9\u03b1 \u03ba\u03b1\u03bb\u03cd\u03c4\u03b5\u03c1\u03b7 \u03ba\u03b1\u03c4\u03b1\u03bd\u03cc\u03b7\u03c3\u03b7 \u03c4\u03bf\u03c5 \u03b5\u03b1\u03c5\u03c4\u03bf\u03cd \u03c3\u03b1\u03c2 \u03ba\u03b1\u03b9 \u03bc\u03b9\u03b1 \u03b4\u03b9\u03b1\u03c6\u03c9\u03c4\u03b9\u03c3\u03bc\u03ad\u03bd\u03b7 \u03c0\u03c1\u03bf\u03c3\u03c9\u03c0\u03b9\u03ba\u03ae \u03b1\u03bd\u03ac\u03c0\u03c4\u03c5\u03be\u03b7. \u039c\u03c0\u03bf\u03c1\u03b5\u03af \u03b5\u03c0\u03af\u03c3\u03b7\u03c2 \u03bd\u03b1 \u03c7\u03c1\u03b7\u03c3\u03b9\u03bc\u03bf\u03c0\u03bf\u03b9\u03b7\u03b8\u03b5\u03af \u03c3\u03b5 \u03b5\u03c4\u03b1\u03b9\u03c1\u03b9\u03ba\u03ad\u03c2 \u03c0\u03c1\u03bf\u03c3\u03bb\u03ae\u03c8\u03b5\u03b9\u03c2 \u03b3\u03b9\u03b1 \u03c4\u03b7 \u03b3\u03c1\u03ae\u03b3\u03bf\u03c1\u03b7 \u03ba\u03b1\u03b9 \u03b1\u03c0\u03bf\u03c4\u03b5\u03bb\u03b5\u03c3\u03bc\u03b1\u03c4\u03b9\u03ba\u03ae \u03b1\u03be\u03b9\u03bf\u03bb\u03cc\u03b3\u03b7\u03c3\u03b7 \u03c4\u03c9\u03bd \u03c5\u03c0\u03bf\u03c8\u03b7\u03c6\u03af\u03c9\u03bd.<\/p>\n<p>\u03a4\u03bf \u03c4\u03b5\u03c3\u03c4 \u03b2\u03b1\u03c3\u03af\u03b6\u03b5\u03c4\u03b1\u03b9 \u03c3\u03b5 \u03c0\u03ad\u03bd\u03c4\u03b5 \u03b8\u03b5\u03bc\u03b5\u03bb\u03b9\u03ce\u03b4\u03b5\u03b9\u03c2 \u03c8\u03c5\u03c7\u03bf\u03bb\u03bf\u03b3\u03b9\u03ba\u03ad\u03c2 \u03b1\u03c1\u03c7\u03ad\u03c2 \u03c0\u03bf\u03c5 \u03ba\u03b1\u03b8\u03bf\u03c1\u03af\u03b6\u03bf\u03c5\u03bd \u03c4\u03b7\u03bd \u03c0\u03c1\u03bf\u03c3\u03c9\u03c0\u03b9\u03ba\u03cc\u03c4\u03b7\u03c4\u03b1 \u03b5\u03bd\u03cc\u03c2 \u03b1\u03c4\u03cc\u03bc\u03bf\u03c5 \u03ba\u03b1\u03b9 \u03b5\u03af\u03bd\u03b1\u03b9 \u03b5\u03c0\u03b9\u03c3\u03c4\u03b7\u03bc\u03bf\u03bd\u03b9\u03ba\u03ac \u03b5\u03c0\u03b9\u03ba\u03c5\u03c1\u03c9\u03bc\u03ad\u03bd\u03bf, \u03b5\u03be\u03b1\u03c3\u03c6\u03b1\u03bb\u03af\u03b6\u03bf\u03bd\u03c4\u03b1\u03c2 \u03b1\u03be\u03b9\u03bf\u03c0\u03b9\u03c3\u03c4\u03af\u03b1 \u03ba\u03b1\u03b9 \u03b1\u03be\u03b9\u03bf\u03c0\u03b9\u03c3\u03c4\u03af\u03b1.<\/p>\n<p>[\/et_pb_text][\/et_pb_column][\/et_pb_row][\/et_pb_section][et_pb_section fb_built=&#8221;1&#8243; custom_padding_last_edited=&#8221;on|phone&#8221; admin_label=&#8221;The Company&#8221; _builder_version=&#8221;4.27.0&#8243; _module_preset=&#8221;default&#8221; custom_margin_tablet=&#8221;&#8221; custom_margin_phone=&#8221;||0px||false|false&#8221; custom_margin_last_edited=&#8221;on|phone&#8221; custom_padding_tablet=&#8221;&#8221; custom_padding_phone=&#8221;||10px||false|false&#8221; global_colors_info=&#8221;{}&#8221;][et_pb_row column_structure=&#8221;1_3,2_3&#8243; use_custom_gutter=&#8221;on&#8221; gutter_width=&#8221;1&#8243; make_equal=&#8221;on&#8221; module_class=&#8221;about-us-row&#8221; _builder_version=&#8221;4.27.0&#8243; _module_preset=&#8221;default&#8221; width=&#8221;68.5%&#8221; global_colors_info=&#8221;{}&#8221;][et_pb_column type=&#8221;1_3&#8243; module_class=&#8221;col-left&#8221; disabled_on=&#8221;on|on|off&#8221; _builder_version=&#8221;4.27.0&#8243; _module_preset=&#8221;default&#8221; custom_padding_tablet=&#8221;||40px||false|false&#8221; custom_padding_phone=&#8221;||40px||false|false&#8221; custom_padding_last_edited=&#8221;on|tablet&#8221; global_colors_info=&#8221;{}&#8221; custom_css_main_element_last_edited=&#8221;on|tablet&#8221;][et_pb_image src=&#8221;https:\/\/psona.io\/wp-content\/uploads\/2024\/09\/Left-IMG.svg&#8221; title_text=&#8221;Left-IMG&#8221; _builder_version=&#8221;4.27.0&#8243; _module_preset=&#8221;default&#8221; global_colors_info=&#8221;{}&#8221;][\/et_pb_image][\/et_pb_column][et_pb_column type=&#8221;2_3&#8243; module_class=&#8221;col-right&#8221; _builder_version=&#8221;4.27.0&#8243; _module_preset=&#8221;default&#8221; global_colors_info=&#8221;{}&#8221;][et_pb_text _builder_version=&#8221;4.27.0&#8243; _module_preset=&#8221;default&#8221; text_line_height=&#8221;1.8em&#8221; header_4_font=&#8221;|700|||||||&#8221; header_4_text_color=&#8221;#034833&#8243; header_4_font_size=&#8221;20px&#8221; background_color=&#8221;#FFFFFF&#8221; width_tablet=&#8221;100%&#8221; width_phone=&#8221;100%&#8221; width_last_edited=&#8221;on|desktop&#8221; custom_margin=&#8221;0px||0px||true|false&#8221; custom_padding=&#8221;60px|60px|60px|60px|true|true&#8221; custom_padding_tablet=&#8221;60px|60px|60px|60px|true|true&#8221; custom_padding_phone=&#8221;|30px||30px|true|true&#8221; custom_padding_last_edited=&#8221;on|phone&#8221; border_radii=&#8221;on|20px|20px|20px|20px&#8221; global_colors_info=&#8221;{}&#8221;]<\/p>\n<h4>\u0397 \u03b5\u03c4\u03b1\u03b9\u03c1\u03b5\u03af\u03b1<\/h4>\n<p>\u0394\u03b5\u03c3\u03bc\u03b5\u03c5\u03cc\u03bc\u03b1\u03c3\u03c4\u03b5 \u03bd\u03b1 \u03c3\u03b1\u03c2 \u03c0\u03b1\u03c1\u03ad\u03c7\u03bf\u03c5\u03bc\u03b5 \u03c5\u03c0\u03b7\u03c1\u03b5\u03c3\u03af\u03b5\u03c2 \u03c5\u03c8\u03b7\u03bb\u03ae\u03c2 \u03c0\u03bf\u03b9\u03cc\u03c4\u03b7\u03c4\u03b1\u03c2, \u03c4\u03cc\u03c3\u03bf \u03cc\u03c3\u03bf\u03bd \u03b1\u03c6\u03bf\u03c1\u03ac \u03c4\u03bf \u03c0\u03b5\u03c1\u03b9\u03b5\u03c7\u03cc\u03bc\u03b5\u03bd\u03bf \u03c4\u03c9\u03bd \u03b4\u03bf\u03ba\u03b9\u03bc\u03ce\u03bd \u03cc\u03c3\u03bf \u03ba\u03b1\u03b9 \u03c4\u03b7\u03bd \u03b5\u03bc\u03c0\u03b5\u03b9\u03c1\u03af\u03b1 \u03c4\u03bf\u03c5 \u03c7\u03c1\u03ae\u03c3\u03c4\u03b7. \u03a3\u03c4\u03cc\u03c7\u03bf\u03c2 \u03bc\u03b1\u03c2 \u03b5\u03af\u03bd\u03b1\u03b9 \u03bd\u03b1 \u03c3\u03b1\u03c2 \u03c5\u03c0\u03bf\u03c3\u03c4\u03b7\u03c1\u03af\u03be\u03bf\u03c5\u03bc\u03b5 \u03c3\u03c4\u03b9\u03c2 \u03b4\u03b9\u03b1\u03b4\u03b9\u03ba\u03b1\u03c3\u03af\u03b5\u03c2 \u03c0\u03c1\u03bf\u03c3\u03c9\u03c0\u03b9\u03ba\u03ae\u03c2 \u03b1\u03bd\u03ac\u03c0\u03c4\u03c5\u03be\u03b7\u03c2 \u03ae \u03c0\u03c1\u03cc\u03c3\u03bb\u03b7\u03c8\u03b7\u03c2. \u039c\u03b7\u03bd \u03b4\u03b9\u03c3\u03c4\u03ac\u03c3\u03b5\u03c4\u03b5 \u03bd\u03b1 \u03b5\u03c0\u03b9\u03ba\u03bf\u03b9\u03bd\u03c9\u03bd\u03ae\u03c3\u03b5\u03c4\u03b5 \u03bc\u03b1\u03b6\u03af \u03bc\u03b1\u03c2 \u03b5\u03ac\u03bd \u03ad\u03c7\u03b5\u03c4\u03b5 \u03bf\u03c0\u03bf\u03b9\u03b5\u03c3\u03b4\u03ae\u03c0\u03bf\u03c4\u03b5 \u03b5\u03c1\u03c9\u03c4\u03ae\u03c3\u03b5\u03b9\u03c2.<\/p>\n<p><a class=\"contact-btn\" href=\"https:\/\/psona.io\/el\/contact\/\">\u0395\u03c0\u03b9\u03ba\u03bf\u03b9\u03bd\u03c9\u03bd\u03ae\u03c3\u03c4\u03b5 \u03bc\u03b1\u03b6\u03af \u03bc\u03b1\u03c2<\/a><\/p>\n<p>[\/et_pb_text][et_pb_text _builder_version=&#8221;4.27.0&#8243; _module_preset=&#8221;default&#8221; width=&#8221;100%&#8221; global_colors_info=&#8221;{}&#8221;]<\/p>\n<div class=\"about-row\">\n<div class=\"values\">\n<p><span class=\"title\">\u039f\u03b9 \u03b1\u03be\u03af\u03b5\u03c2 \u03bc\u03b1\u03c2<\/span><\/p>\n<ul>\n<li>\u0395\u03bc\u03c0\u03b9\u03c3\u03c4\u03bf\u03c3\u03cd\u03bd\u03b7<\/li>\n<li>\u0391\u03be\u03b9\u03bf\u03c0\u03b9\u03c3\u03c4\u03af\u03b1<\/li>\n<li>\u0395\u03c0\u03b9\u03b4\u03cc\u03c3\u03b5\u03b9\u03c2\u00a0<\/li>\n<\/ul>\n<\/div>\n<div class=\"experiences\">\n<p><span class=\"title\">\u0397 \u03b5\u03bc\u03c0\u03b5\u03b9\u03c1\u03af\u03b1 \u03bc\u03b1\u03c2<\/span><\/p>\n<ul>\n<li>\u03a0\u03c1\u03b1\u03b3\u03bc\u03b1\u03c4\u03bf\u03c0\u03bf\u03b9\u03ae\u03b8\u03b7\u03ba\u03b1\u03bd \u03c0\u03ac\u03bd\u03c9 \u03b1\u03c0\u03cc 100.000 \u03b4\u03bf\u03ba\u03b9\u03bc\u03ad\u03c2<\/li>\n<li>\u03a5\u03c0\u03bf\u03c3\u03c4\u03ae\u03c1\u03b9\u03be\u03b7 \u03b1\u03c0\u03cc \u03c0\u03b9\u03c3\u03c4\u03bf\u03c0\u03bf\u03b9\u03b7\u03bc\u03ad\u03bd\u03bf\u03c5\u03c2 \u03b5\u03c0\u03b1\u03b3\u03b3\u03b5\u03bb\u03bc\u03b1\u03c4\u03af\u03b5\u03c2 \u03c5\u03b3\u03b5\u03af\u03b1\u03c2<\/li>\n<li>\u03a0\u03b9\u03c3\u03c4\u03bf\u03c0\u03bf\u03af\u03b7\u03c3\u03b7 \u03cc\u03bb\u03c9\u03bd \u03c4\u03c9\u03bd \u03b4\u03bf\u03ba\u03b9\u03bc\u03ce\u03bd<\/li>\n<\/ul>\n<\/div>\n<\/div>\n<p>[\/et_pb_text][\/et_pb_column][\/et_pb_row][\/et_pb_section][\/et_pb_section]<\/p>","protected":false},"excerpt":{"rendered":"<p>\u00c0 propos Reconnu scientifiquementLe testEn psychologie, le terme &#8220;Big Five&#8221; d\u00e9signe un mod\u00e8le de personnalit\u00e9 compos\u00e9 de cinq traits principaux. Ce mod\u00e8le a \u00e9t\u00e9 propos\u00e9 par le psychologue am\u00e9ricain Lewis Goldberg en 1981 et d\u00e9velopp\u00e9 par Costa et McCrae entre 1987 et 1992. Il est largement reconnu comme une r\u00e9f\u00e9rence dans la recherche th\u00e9orique sur [&hellip;]<\/p>","protected":false},"author":1,"featured_media":0,"parent":0,"menu_order":0,"comment_status":"closed","ping_status":"closed","template":"","meta":{"_et_pb_use_builder":"on","_et_pb_old_content":"<!-- wp:divi\/placeholder \/-->","_et_gb_content_width":"","inline_featured_image":false,"footnotes":""},"class_list":["post-138","page","type-page","status-publish","hentry"],"_links":{"self":[{"href":"https:\/\/psona.io\/el\/wp-json\/wp\/v2\/pages\/138","targetHints":{"allow":["GET"]}}],"collection":[{"href":"https:\/\/psona.io\/el\/wp-json\/wp\/v2\/pages"}],"about":[{"href":"https:\/\/psona.io\/el\/wp-json\/wp\/v2\/types\/page"}],"author":[{"embeddable":true,"href":"https:\/\/psona.io\/el\/wp-json\/wp\/v2\/users\/1"}],"replies":[{"embeddable":true,"href":"https:\/\/psona.io\/el\/wp-json\/wp\/v2\/comments?post=138"}],"version-history":[{"count":22,"href":"https:\/\/psona.io\/el\/wp-json\/wp\/v2\/pages\/138\/revisions"}],"predecessor-version":[{"id":2649,"href":"https:\/\/psona.io\/el\/wp-json\/wp\/v2\/pages\/138\/revisions\/2649"}],"wp:attachment":[{"href":"https:\/\/psona.io\/el\/wp-json\/wp\/v2\/media?parent=138"}],"curies":[{"name":"wp","href":"https:\/\/api.w.org\/{rel}","templated":true}]}}