{"id":2643,"date":"2026-01-22T21:24:36","date_gmt":"2026-01-22T21:24:36","guid":{"rendered":"https:\/\/psona.io\/?page_id=2643"},"modified":"2026-01-22T21:25:55","modified_gmt":"2026-01-22T21:25:55","slug":"disclaimer","status":"publish","type":"page","link":"https:\/\/psona.io\/en\/disclaimer\/","title":{"rendered":"Disclaimer"},"content":{"rendered":"<p>[et_pb_section fb_built=&#8221;1&#8243; custom_padding_last_edited=&#8221;on|tablet&#8221; admin_label=&#8221;Header&#8221; _builder_version=&#8221;4.27.0&#8243; custom_margin=&#8221;0px||0px||true|false&#8221; custom_padding=&#8221;0px||0px||true|false&#8221; custom_padding_tablet=&#8221;||||true|false&#8221; custom_padding_phone=&#8221;||||true|false&#8221; locked=&#8221;off&#8221; global_colors_info=&#8221;{}&#8221; theme_builder_area=&#8221;post_content&#8221;][et_pb_row use_custom_gutter=&#8221;on&#8221; gutter_width=&#8221;1&#8243; custom_padding_last_edited=&#8221;on|phone&#8221; _builder_version=&#8221;4.27.0&#8243; background_color=&#8221;#034833&#8243; background_size=&#8221;initial&#8221; background_position=&#8221;top_left&#8221; background_repeat=&#8221;repeat&#8221; width=&#8221;95%&#8221; custom_margin=&#8221;||||true|false&#8221; custom_padding=&#8221;150px||150px||true|true&#8221; custom_padding_tablet=&#8221;80px||80px||true|false&#8221; custom_padding_phone=&#8221;60px||60px||true|false&#8221; border_radii=&#8221;on|50px|50px|50px|50px&#8221; global_colors_info=&#8221;{}&#8221; theme_builder_area=&#8221;post_content&#8221;][et_pb_column type=&#8221;4_4&#8243; _builder_version=&#8221;4.27.0&#8243; custom_padding=&#8221;|||&#8221; global_colors_info=&#8221;{}&#8221; custom_padding__hover=&#8221;|||&#8221; custom_css_main_element_last_edited=&#8221;on|phone&#8221; theme_builder_area=&#8221;post_content&#8221;][et_pb_text module_class=&#8221;title-header&#8221; _builder_version=&#8221;4.27.4&#8243; background_size=&#8221;initial&#8221; background_position=&#8221;top_left&#8221; background_repeat=&#8221;repeat&#8221; width=&#8221;72%&#8221; width_tablet=&#8221;70%&#8221; width_phone=&#8221;68.5%&#8221; width_last_edited=&#8221;on|tablet&#8221; module_alignment=&#8221;center&#8221; custom_margin=&#8221;0px||0px||false|false&#8221; custom_margin_tablet=&#8221;0px||0px||false|false&#8221; custom_margin_phone=&#8221;0px||0px||false|false&#8221; custom_margin_last_edited=&#8221;on|tablet&#8221; custom_padding=&#8221;0px||0px||true|false&#8221; hover_enabled=&#8221;0&#8243; header_font_size_tablet=&#8221;50px&#8221; header_font_size_phone=&#8221;40px&#8221; global_colors_info=&#8221;{}&#8221; theme_builder_area=&#8221;post_content&#8221; sticky_enabled=&#8221;0&#8243;]<\/p>\n<h1 class=\"text-text-100 mt-3 -mb-1 text-[1.375rem] font-bold\">Disclaimer<\/h1>\n<p><!-- \/divi:paragraph --><\/p>\n<p>[\/et_pb_text][\/et_pb_column][\/et_pb_row][\/et_pb_section][et_pb_section fb_built=&#8221;1&#8243; _builder_version=&#8221;4.27.0&#8243; _module_preset=&#8221;default&#8221; global_colors_info=&#8221;{}&#8221; locked=&#8221;off&#8221; theme_builder_area=&#8221;post_content&#8221;][et_pb_row _builder_version=&#8221;4.27.0&#8243; _module_preset=&#8221;default&#8221; global_colors_info=&#8221;{}&#8221; theme_builder_area=&#8221;post_content&#8221;][et_pb_column type=&#8221;4_4&#8243; _builder_version=&#8221;4.27.0&#8243; _module_preset=&#8221;default&#8221; global_colors_info=&#8221;{}&#8221; theme_builder_area=&#8221;post_content&#8221;][et_pb_text _builder_version=&#8221;4.27.4&#8243; _module_preset=&#8221;default&#8221; header_2_text_align=&#8221;center&#8221; hover_enabled=&#8221;0&#8243; global_colors_info=&#8221;{}&#8221; theme_builder_area=&#8221;post_content&#8221; sticky_enabled=&#8221;0&#8243;]<\/p>\n<p class=\"font-claude-response-body break-words whitespace-normal leading-[1.7]\">Last updated: 22 January 2026<\/p>\n<h2 class=\"text-text-100 mt-3 -mb-1 text-[1.125rem] font-bold\">Interpretation and definitions<\/h2>\n<h3 class=\"text-text-100 mt-2 -mb-1 text-base font-bold\">Interpretation<\/h3>\n<p class=\"font-claude-response-body break-words whitespace-normal leading-[1.7]\">Words whose initial letter is capitalized have meanings defined in the following conditions. The following definitions have the same meaning whether they appear in the singular or plural.<\/p>\n<h3 class=\"text-text-100 mt-2 -mb-1 text-base font-bold\">Definitions<\/h3>\n<p class=\"font-claude-response-body break-words whitespace-normal leading-[1.7]\">For the purposes of this Warning :<\/p>\n<ul class=\"[li_&amp;]:mb-0 [li_&amp;]:mt-1 [li_&amp;]:gap-1 [&amp;:not(:last-child)_ul]:pb-1 [&amp;:not(:last-child)_ol]:pb-1 list-disc flex flex-col gap-1 pl-8 mb-3\">\n<li class=\"whitespace-normal break-words pl-2\"><strong>Company<\/strong> (referred to in this Notice as \"the Company\", \"we\", \"us\" or \"our\") refers to CLICKBUSTER LTD, 63-66 Hatton Garden, London EC1N 8LE.<\/li>\n<li class=\"whitespace-normal break-words pl-2\"><strong>Service<\/strong> refers to the Website.<\/li>\n<li class=\"whitespace-normal break-words pl-2\"><strong>You<\/strong> means the natural person accessing the Service, or the company or other legal entity on whose behalf that person accesses or uses the Service, as the case may be.<\/li>\n<li class=\"whitespace-normal break-words pl-2\"><strong>Website<\/strong> refers to PSONA, accessible from <a class=\"underline underline underline-offset-2 decoration-1 decoration-current\/40 hover:decoration-current focus:decoration-current\" href=\"https:\/\/psona.io\/en\/\">https:\/\/psona.io\/<\/a><\/li>\n<\/ul>\n<h2 class=\"text-text-100 mt-3 -mb-1 text-[1.125rem] font-bold\">General warning<\/h2>\n<p class=\"font-claude-response-body break-words whitespace-normal leading-[1.7]\">The information contained on the Service is provided for general information purposes only.<\/p>\n<p class=\"font-claude-response-body break-words whitespace-normal leading-[1.7]\">The Company accepts no responsibility for any errors or omissions in the content of the Service.<\/p>\n<p class=\"font-claude-response-body break-words whitespace-normal leading-[1.7]\">In no event shall the Company be liable for any special, direct, indirect, consequential or incidental damages, or any damages whatsoever, whether in an action of contract, negligence or other tort, arising out of or in connection with the use of the Service or the content of the Service. The Company reserves the right to make additions, deletions or modifications to the content of the Service at any time without notice.<\/p>\n<p class=\"font-claude-response-body break-words whitespace-normal leading-[1.7]\">The Company does not guarantee that the Service is free from viruses or other harmful components.<\/p>\n<h2 class=\"text-text-100 mt-3 -mb-1 text-[1.125rem] font-bold\">Warning about personality tests<\/h2>\n<p class=\"font-claude-response-body break-words whitespace-normal leading-[1.7]\">The personality tests offered on this Service :<\/p>\n<ul class=\"[li_&amp;]:mb-0 [li_&amp;]:mt-1 [li_&amp;]:gap-1 [&amp;:not(:last-child)_ul]:pb-1 [&amp;:not(:last-child)_ol]:pb-1 list-disc flex flex-col gap-1 pl-8 mb-3\">\n<li class=\"whitespace-normal break-words pl-2\">They are not an exact science and should not be considered as professional psychological or psychoanalytical assessments.<\/li>\n<li class=\"whitespace-normal break-words pl-2\">For information and entertainment purposes only<\/li>\n<li class=\"whitespace-normal break-words pl-2\">Not to be used as the sole basis for making important decisions about your personal, professional or medical life<\/li>\n<li class=\"whitespace-normal break-words pl-2\">Does not constitute medical, psychological or professional advice<\/li>\n<\/ul>\n<p class=\"font-claude-response-body break-words whitespace-normal leading-[1.7]\">The Company accepts no responsibility for decisions taken by users on the basis of their test results. If you have any psychological or medical questions, we recommend that you consult a qualified professional.<\/p>\n<h2 class=\"text-text-100 mt-3 -mb-1 text-[1.125rem] font-bold\">Warning regarding external links<\/h2>\n<p class=\"font-claude-response-body break-words whitespace-normal leading-[1.7]\">The Service may contain links to external websites which are not provided or maintained by the Company or which are in any way affiliated with it.<\/p>\n<p class=\"font-claude-response-body break-words whitespace-normal leading-[1.7]\">Please note that the Company does not guarantee the accuracy, relevance, timeliness or completeness of the information contained on these external websites.<\/p>\n<h2 class=\"text-text-100 mt-3 -mb-1 text-[1.125rem] font-bold\">Warning of errors and omissions<\/h2>\n<p class=\"font-claude-response-body break-words whitespace-normal leading-[1.7]\">The information provided by the Service is intended solely as a general guide to topics of interest. Although the Company takes every precaution to ensure that the content of the Service is both current and accurate, errors may occur. In addition, due to the evolving nature of laws, rules and regulations, there may be delays, omissions or inaccuracies in the information contained on the Service.<\/p>\n<p class=\"font-claude-response-body break-words whitespace-normal leading-[1.7]\">The Company is not responsible for any errors or omissions, or for the results obtained from the use of this information.<\/p>\n<h2 class=\"text-text-100 mt-3 -mb-1 text-[1.125rem] font-bold\">Fair use disclaimer<\/h2>\n<p class=\"font-claude-response-body break-words whitespace-normal leading-[1.7]\">The Company may use material protected by copyright which has not always been specifically authorised by the copyright holder. The Company makes this material available for the purposes of criticism, comment, reporting, teaching, scholarship or research.<\/p>\n<p class=\"font-claude-response-body break-words whitespace-normal leading-[1.7]\">The Company considers that this constitutes \"fair use\" of any copyrighted material in accordance with section 107 of the US Copyright Act (or equivalent provisions under applicable law).<\/p>\n<p class=\"font-claude-response-body break-words whitespace-normal leading-[1.7]\">If you wish to use material protected by copyright on the Service for your own purposes that go beyond fair use, you must obtain permission from the copyright holder.<\/p>\n<h2 class=\"text-text-100 mt-3 -mb-1 text-[1.125rem] font-bold\">Disclaimer regarding opinions expressed<\/h2>\n<p class=\"font-claude-response-body break-words whitespace-normal leading-[1.7]\">The Service may contain views and opinions which are those of the authors and do not necessarily reflect the official policy or position of any other author, agency, organisation, employer or company, including the Company.<\/p>\n<p class=\"font-claude-response-body break-words whitespace-normal leading-[1.7]\">Where the Service allows users to post content (including comments), such content is the sole responsibility of the user who posted it. The Company is not responsible for user-generated content and reserves the right to remove it for any reason whatsoever.<\/p>\n<h2 class=\"text-text-100 mt-3 -mb-1 text-[1.125rem] font-bold\">Disclaimer<\/h2>\n<p class=\"font-claude-response-body break-words whitespace-normal leading-[1.7]\">The information on the Service is provided on the understanding that the Company does not provide legal, accounting, tax or other professional advice or services herein. As such, it should not be used as a substitute for consultation with professional accounting, tax, legal or other competent advisors.<\/p>\n<p class=\"font-claude-response-body break-words whitespace-normal leading-[1.7]\">In no event will the Company or its suppliers be liable for any special, incidental, indirect or consequential damages arising out of or in connection with your access to or use of, or inability to access or use, the Service.<\/p>\n<h2 class=\"text-text-100 mt-3 -mb-1 text-[1.125rem] font-bold\">Use at your own risk\" warning<\/h2>\n<p class=\"font-claude-response-body break-words whitespace-normal leading-[1.7]\">All information on the Service is provided \"as is\", without warranty of completeness, accuracy, timeliness or of the results obtained from the use of such information, and without warranty of any kind, either express or implied, including, but not limited to, warranties of performance, merchantability and fitness for a particular purpose.<\/p>\n<p class=\"font-claude-response-body break-words whitespace-normal leading-[1.7]\">The Company shall not be liable to you or to any other person for any decision made or action taken in reliance on the information provided by the Service or for any consequential, special or similar damages, even if advised of the possibility of such damages.<\/p>\n<h2 class=\"text-text-100 mt-3 -mb-1 text-[1.125rem] font-bold\">Applicable law<\/h2>\n<p class=\"font-claude-response-body break-words whitespace-normal leading-[1.7]\">This Disclaimer is governed by English law. Any dispute relating to its interpretation or performance shall be subject to the exclusive jurisdiction of the English courts.<\/p>\n<h2 class=\"text-text-100 mt-3 -mb-1 text-[1.125rem] font-bold\">Contact us<\/h2>\n<p class=\"font-claude-response-body break-words whitespace-normal leading-[1.7]\">If you have any questions about this Warning, please contact us:<\/p>\n<ul class=\"[li_&amp;]:mb-0 [li_&amp;]:mt-1 [li_&amp;]:gap-1 [&amp;:not(:last-child)_ul]:pb-1 [&amp;:not(:last-child)_ol]:pb-1 list-disc flex flex-col gap-1 pl-8 mb-3\">\n<li class=\"whitespace-normal break-words pl-2\">By email : <a class=\"underline underline underline-offset-2 decoration-1 decoration-current\/40 hover:decoration-current focus:decoration-current\" href=\"mailto:contact@psona.io\">contact@psona.io<\/a><\/li>\n<li class=\"whitespace-normal break-words pl-2\">By visiting this page on our website : <a class=\"underline underline underline-offset-2 decoration-1 decoration-current\/40 hover:decoration-current focus:decoration-current\" href=\"https:\/\/psona.io\/en\/contact\/\">https:\/\/psona.io\/contact\/<\/a><\/li>\n<\/ul>\n<p>[\/et_pb_text][\/et_pb_column][\/et_pb_row][\/et_pb_section]<\/p>","protected":false},"excerpt":{"rendered":"<p>Avertissement (Disclaimer) Derni\u00e8re mise \u00e0 jour : 22 janvier 2026 Interpr\u00e9tation et d\u00e9finitions Interpr\u00e9tation Les mots dont la lettre initiale est en majuscule ont des significations d\u00e9finies dans les conditions suivantes. Les d\u00e9finitions suivantes ont la m\u00eame signification qu&#8217;ils apparaissent au singulier ou au pluriel. D\u00e9finitions Aux fins du pr\u00e9sent Avertissement : Soci\u00e9t\u00e9 (d\u00e9sign\u00e9e par [&hellip;]<\/p>","protected":false},"author":1,"featured_media":0,"parent":0,"menu_order":0,"comment_status":"closed","ping_status":"closed","template":"","meta":{"_et_pb_use_builder":"on","_et_pb_old_content":"","_et_gb_content_width":"","inline_featured_image":false,"footnotes":""},"class_list":["post-2643","page","type-page","status-publish","hentry"],"_links":{"self":[{"href":"https:\/\/psona.io\/en\/wp-json\/wp\/v2\/pages\/2643","targetHints":{"allow":["GET"]}}],"collection":[{"href":"https:\/\/psona.io\/en\/wp-json\/wp\/v2\/pages"}],"about":[{"href":"https:\/\/psona.io\/en\/wp-json\/wp\/v2\/types\/page"}],"author":[{"embeddable":true,"href":"https:\/\/psona.io\/en\/wp-json\/wp\/v2\/users\/1"}],"replies":[{"embeddable":true,"href":"https:\/\/psona.io\/en\/wp-json\/wp\/v2\/comments?post=2643"}],"version-history":[{"count":2,"href":"https:\/\/psona.io\/en\/wp-json\/wp\/v2\/pages\/2643\/revisions"}],"predecessor-version":[{"id":2645,"href":"https:\/\/psona.io\/en\/wp-json\/wp\/v2\/pages\/2643\/revisions\/2645"}],"wp:attachment":[{"href":"https:\/\/psona.io\/en\/wp-json\/wp\/v2\/media?parent=2643"}],"curies":[{"name":"wp","href":"https:\/\/api.w.org\/{rel}","templated":true}]}}