{"id":151,"date":"2024-09-05T10:24:54","date_gmt":"2024-09-05T10:24:54","guid":{"rendered":"https:\/\/psona.io\/?page_id=151"},"modified":"2026-01-22T21:16:39","modified_gmt":"2026-01-22T21:16:39","slug":"conditions-de-paiement-recurrent","status":"publish","type":"page","link":"https:\/\/psona.io\/et\/conditions-de-paiement-recurrent\/","title":{"rendered":"Korduvad maksetingimused"},"content":{"rendered":"<p>[et_pb_section fb_built=\u201d1\u2033 custom_padding_last_edited=\u201don|tablet\u201d admin_label=\u201dHeader\u201d _builder_version=\u201d4.27.0\u2033 custom_margin=\u201d0px||0px||true|false\u201d custom_padding=\u201d0px||0px||true|false\u201d custom_padding_tablet=\u201d||||true|false\u201d custom_padding_phone=\u201d||||true|false\u201d locked=\u201doff\u201d global_colors_info=\u201d{}\u201d][et_pb_row use_custom_gutter=\u201don\u201d gutter_width=\u201d1\u2033 custom_padding_last_edited=\u201don|phone\u201d _builder_version=\u201d4.27.0\u2033 background_color=\u201d#034833\u2033 background_size=\u201dinitial\u201d background_position=\u201dtop_left\u201d background_repeat=\u201drepeat\u201d width=\u201d95%\u201d custom_margin=\u201d||||true|false\u201d custom_padding=\u201d150px||150px||true|true\u201d custom_padding_tablet=\u201d80px||80px||true|false\u201d custom_padding_phone=\u201d60px||60px||true|false\u201d border_radii=\u201don|50px|50px|50px|50px|50px\u201d global_colors_info=\u201d{}\u201d][et_pb_column type=\u201d4_4\u2033 _builder_version=\u201d4.27.0\u2033 custom_padding=\u201d||||\u201d global_colors_info=\u201d{}\u201d custom_padding__hover=\u201d||||\u201d custom_css_main_element_last_edited=\u201don|phone\u201d][et_pb_text module_class=\u201dtitle-header\u201d _builder_version=\u201d4.27.0\u2033 background_size=\u201dinitial\u201d background_position=\u201dtop_left\u201d background_repeat=\u201drepeat\u201d width=\u201d72%\u201d width_tablet=\u201d70%\u201d width_phone=\u201d68.5%\u201d width_last_edited=\u201don|tablet\u201d module_alignment=\u201dcenter\u201d custom_margin=\u201d0px||0px|||false|false\u201d custom_margin_tablet=\u201d0px||0px|||false|false\u201d custom_margin_phone=\u201d0px||0px|||false|false\u201d custom_margin_last_edited=\u201don|tablet\u201d custom_padding=\u201d0px||0px||true|false\u201d header_font_size_tablet=\u201d50px\u201d header_font_size_phone=\u201d40px\u201d global_colors_info=\u201d{}\u201d]<\/p>\n<h1>Korduvad maksetingimused<\/h1>\n<p>&nbsp;<\/p>\n<p><!-- \/divi:paragraph -->[\/et_pb_text][\/et_pb_column][\/et_pb_row][\/et_pb_section][et_pb_section fb_built=&#8221;1&#8243; _builder_version=&#8221;4.27.0&#8243; _module_preset=&#8221;default&#8221; global_colors_info=&#8221;{}&#8221;][et_pb_row _builder_version=&#8221;4.27.0&#8243; _module_preset=&#8221;default&#8221; global_colors_info=&#8221;{}&#8221;][et_pb_column type=&#8221;4_4&#8243; _builder_version=&#8221;4.27.0&#8243; _module_preset=&#8221;default&#8221; global_colors_info=&#8221;{}&#8221;][et_pb_text _builder_version=&#8221;4.27.4&#8243; _module_preset=&#8221;default&#8221; header_2_text_align=&#8221;center&#8221; hover_enabled=&#8221;0&#8243; global_colors_info=&#8221;{}&#8221; sticky_enabled=&#8221;0&#8243;]<\/p>\n<h2>Tellimuse tingimused<\/h2>\n<p>J\u00f5ustumine: 22. jaanuar 2026.<\/p>\n<p><strong>CLICKBUSTER LTD<\/strong><br \/><strong>63-66 Hatton Garden<\/strong><br \/><strong>London EC1N 8LE<\/strong><br \/><strong>Ettev\u00f5tte number 13014667<\/strong><br \/><strong>K\u00e4ibemaksunumber GB 363 9346 71<\/strong><\/p>\n<p>PSONA teenuste tellimine annab teile juurdep\u00e4\u00e4su j\u00e4rgmistele eelistele:<\/p>\n<ul>\n<li>Piiramatu arv teste<\/li>\n<li>K\u00f5ikide katsetulemuste s\u00e4ilitamine<\/li>\n<li>Testide v\u00f5rdlused<\/li>\n<li>E-posti teel saadetud tulemused<\/li>\n<\/ul>\n<p>Tellimus annab teile 24 tunni jooksul juurdep\u00e4\u00e4su liikmealale soodushinnaga 0,5 eurot koos k\u00e4ibemaksuga. P\u00e4rast prooviperioodi l\u00f5ppu kehtib kuutasu 47,5 eurot (koos k\u00e4ibemaksuga) kuus. Makse debiteeritakse teie krediitkaardilt automaatselt iga kuu aastap\u00e4eva p\u00e4eval.<\/p>\n<p>Te saate oma tellimuse igal ajal ja tingimusteta t\u00fchistada otse sellel lehek\u00fcljel: <a rel=\"noopener\" target=\"_new\" href=\"https:\/\/psona.io\/et\/se-desabonner\/\">https:\/\/psona.io\/se-desabonner\/<\/a><\/p>\n<p>Tellimuse t\u00fchistamiseks v\u00f5tke palun \u00fchendust meie klienditeenindusega e-posti aadressil <a rel=\"noopener\">contact@psona.io<\/a>v\u00f5i meie kontaktvormi kaudu, j\u00e4rgides seda linki: <a href=\"https:\/\/psona.io\/et\/contact\/\">https:\/\/psona.io\/contact\/<\/a><\/p>\n<p>PSONA ei m\u00fc\u00fc oma klientide andmeid; isikuandmeid kasutatakse \u00fcksnes klientidega suhtlemiseks ja neile soovitud teenuse osutamiseks.<\/p>\n<p>PSONA kasutab makseteenuse pakkujaid, kes vastavad PCI DSS turvastandarditele.<\/p>\n<p>[\/et_pb_text][\/et_pb_column][\/et_pb_row][\/et_pb_section][\/et_pb_section]<\/p>","protected":false},"excerpt":{"rendered":"<p>Conditions de paiement r\u00e9current &nbsp; Termes d&#8217;abonnement Entry into force: January 22th, 2026 CLICKBUSTER LTD63-66 Hatton GardenLondon EC1N 8LECompany number 13014667VAT number GB 363 9346 71 Souscrire aux services de PSONA vous donne acc\u00e8s aux avantages suivants : Tests illimit\u00e9s Stockage de tous les r\u00e9sultats de test Comparaisons entre tests R\u00e9sultats envoy\u00e9s par email L&#8217;abonnement [&hellip;]<\/p>","protected":false},"author":1,"featured_media":0,"parent":0,"menu_order":0,"comment_status":"closed","ping_status":"closed","template":"","meta":{"_et_pb_use_builder":"on","_et_pb_old_content":"<!-- wp:divi\/placeholder \/-->","_et_gb_content_width":"","inline_featured_image":false,"footnotes":""},"class_list":["post-151","page","type-page","status-publish","hentry"],"_links":{"self":[{"href":"https:\/\/psona.io\/et\/wp-json\/wp\/v2\/pages\/151","targetHints":{"allow":["GET"]}}],"collection":[{"href":"https:\/\/psona.io\/et\/wp-json\/wp\/v2\/pages"}],"about":[{"href":"https:\/\/psona.io\/et\/wp-json\/wp\/v2\/types\/page"}],"author":[{"embeddable":true,"href":"https:\/\/psona.io\/et\/wp-json\/wp\/v2\/users\/1"}],"replies":[{"embeddable":true,"href":"https:\/\/psona.io\/et\/wp-json\/wp\/v2\/comments?post=151"}],"version-history":[{"count":6,"href":"https:\/\/psona.io\/et\/wp-json\/wp\/v2\/pages\/151\/revisions"}],"predecessor-version":[{"id":2637,"href":"https:\/\/psona.io\/et\/wp-json\/wp\/v2\/pages\/151\/revisions\/2637"}],"wp:attachment":[{"href":"https:\/\/psona.io\/et\/wp-json\/wp\/v2\/media?parent=151"}],"curies":[{"name":"wp","href":"https:\/\/api.w.org\/{rel}","templated":true}]}}