{"id":156,"date":"2024-09-05T10:25:15","date_gmt":"2024-09-05T10:25:15","guid":{"rendered":"https:\/\/psona.io\/?page_id=156"},"modified":"2026-03-21T06:52:19","modified_gmt":"2026-03-21T06:52:19","slug":"faq-detaillee","status":"publish","type":"page","link":"https:\/\/psona.io\/et\/faq-detaillee\/","title":{"rendered":"\u00dcksikasjalikud KKK"},"content":{"rendered":"<p>[et_pb_section fb_built=\u201d1\u2033 custom_padding_last_edited=\u201don|tablet\u201d admin_label=\u201dHeader\u201d _builder_version=\u201d4.27.0\u2033 custom_margin=\u201d0px||0px||true|false\u201d custom_padding=\u201d0px||0px||true|false\u201d custom_padding_tablet=\u201d||||true|false\u201d custom_padding_phone=\u201d||||true|false\u201d locked=\u201doff\u201d global_colors_info=\u201d{}\u201d][et_pb_row use_custom_gutter=\u201don\u201d gutter_width=\u201d1\u2033 custom_padding_last_edited=\u201don|phone\u201d _builder_version=\u201d4.27.0\u2033 background_color=\u201d#034833\u2033 background_size=\u201dinitial\u201d background_position=\u201dtop_left\u201d background_repeat=\u201drepeat\u201d width=\u201d95%\u201d custom_margin=\u201d||||true|false\u201d custom_padding=\u201d150px||150px||true|true\u201d custom_padding_tablet=\u201d80px||80px||true|false\u201d custom_padding_phone=\u201d60px||60px||true|false\u201d border_radii=\u201don|50px|50px|50px|50px|50px\u201d global_colors_info=\u201d{}\u201d][et_pb_column type=\u201d4_4\u2033 _builder_version=\u201d4.27.0\u2033 custom_padding=\u201d||||\u201d global_colors_info=\u201d{}\u201d custom_padding__hover=\u201d||||\u201d custom_css_main_element_last_edited=\u201don|phone\u201d][et_pb_text module_class=\u201dtitle-header\u201d _builder_version=\u201d4.27.0\u2033 background_size=\u201dinitial\u201d background_position=\u201dtop_left\u201d background_repeat=\u201drepeat\u201d width=\u201d72%\u201d width_tablet=\u201d70%\u201d width_phone=\u201d68.5%\u201d width_last_edited=\u201don|tablet\u201d module_alignment=\u201dcenter\u201d custom_margin=\u201d0px||0px|||false|false\u201d custom_margin_tablet=\u201d0px||0px|||false|false\u201d custom_margin_phone=\u201d0px||0px|||false|false\u201d custom_margin_last_edited=\u201don|tablet\u201d custom_padding=\u201d0px||0px||true|false\u201d header_font_size_tablet=\u201d50px\u201d header_font_size_phone=\u201d40px\u201d global_colors_info=\u201d{}\u201d]<\/p>\n<h1>KKK<\/h1>\n<p><!-- \/divi:paragraph --><\/p>\n<p>[\/et_pb_text][\/et_pb_column][\/et_pb_row][\/et_pb_section][et_pb_section fb_built=&#8221;1&#8243; admin_label=&#8221;The Test&#8221; _builder_version=&#8221;4.27.0&#8243; _module_preset=&#8221;default&#8221; custom_margin=&#8221;0px||||false|false&#8221; custom_padding=&#8221;20px||||false|false&#8221; global_colors_info=&#8221;{}&#8221;][et_pb_row _builder_version=&#8221;4.27.0&#8243; _module_preset=&#8221;default&#8221; width=&#8221;60%&#8221; width_tablet=&#8221;80%&#8221; width_phone=&#8221;80%&#8221; width_last_edited=&#8221;on|phone&#8221; locked=&#8221;off&#8221; global_colors_info=&#8221;{}&#8221;][et_pb_column type=&#8221;4_4&#8243; _builder_version=&#8221;4.27.0&#8243; _module_preset=&#8221;default&#8221; global_colors_info=&#8221;{}&#8221;][et_pb_text _builder_version=&#8221;4.27.0&#8243; _module_preset=&#8221;default&#8221; global_colors_info=&#8221;{}&#8221;]<\/p>\n<h2 style=\"text-align: center;\">Test<\/h2>\n<p>[\/et_pb_text][et_pb_toggle title=&#8221;Qui a con\u00e7u ce test ?&#8221; open_toggle_text_color=&#8221;#034833&#8243; icon_color=&#8221;#f1f5eb&#8221; toggle_icon=&#8221;&#xf13a;||fa||900&#8243; use_icon_font_size=&#8221;on&#8221; icon_font_size=&#8221;35px&#8221; open_icon_color=&#8221;#83cd20&#8243; open_toggle_icon=&#8221;&#xf139;||fa||900&#8243; open_use_icon_font_size=&#8221;on&#8221; open_icon_font_size=&#8221;35px&#8221; _builder_version=&#8221;4.27.0&#8243; _module_preset=&#8221;default&#8221; title_text_color=&#8221;#034833&#8243; title_font=&#8221;|600|||||||&#8221; title_font_size=&#8221;18px&#8221; closed_title_font=&#8221;|600|||||||&#8221; closed_title_font_size=&#8221;18px&#8221; body_text_color=&#8221;#727272&#8243; background_color=&#8221;#FFFFFF&#8221; width_tablet=&#8221;100%&#8221; width_phone=&#8221;100%&#8221; width_last_edited=&#8221;on|tablet&#8221; custom_padding=&#8221;30px|30px|30px|30px|true|true&#8221; custom_css_toggle_icon=&#8221;padding-right:20px;&#8221; custom_css_toggle_content=&#8221;max-width:90%;&#8221; border_radii=&#8221;on|20px|20px|20px|20px&#8221; border_width_all=&#8221;0px&#8221; border_color_all=&#8221;RGBA(255,255,255,0)&#8221; box_shadow_style=&#8221;preset1&#8243; box_shadow_vertical=&#8221;0px&#8221; box_shadow_blur=&#8221;120px&#8221; box_shadow_color=&#8221;rgba(0,0,0,0.05)&#8221; global_colors_info=&#8221;{}&#8221; custom_css_toggle_icon_last_edited=&#8221;on|tablet&#8221; custom_css_toggle_icon_tablet=&#8221;padding-right:0px;&#8221; custom_css_toggle_icon_phone=&#8221;padding-right:0px;&#8221;]<\/p>\n<p>Selle testi kontseptsiooni v\u00f5ttis Lewis Golberg kasutusele 1981. aastal, seej\u00e4rel arendasid Costa ja McCrae seda aastatel 1987-1992 edasi.<\/p>\n<p>[\/et_pb_toggle][et_pb_toggle title=&#8221;Que mesure ce test ?&#8221; open_toggle_text_color=&#8221;#034833&#8243; icon_color=&#8221;#f1f5eb&#8221; toggle_icon=&#8221;&#xf13a;||fa||900&#8243; use_icon_font_size=&#8221;on&#8221; icon_font_size=&#8221;35px&#8221; open_icon_color=&#8221;#83cd20&#8243; open_toggle_icon=&#8221;&#xf139;||fa||900&#8243; open_use_icon_font_size=&#8221;on&#8221; open_icon_font_size=&#8221;35px&#8221; _builder_version=&#8221;4.27.0&#8243; _module_preset=&#8221;default&#8221; title_text_color=&#8221;#034833&#8243; title_font=&#8221;|600|||||||&#8221; title_font_size=&#8221;18px&#8221; closed_title_font=&#8221;|600|||||||&#8221; closed_title_font_size=&#8221;18px&#8221; body_text_color=&#8221;#727272&#8243; background_color=&#8221;#FFFFFF&#8221; width_tablet=&#8221;100%&#8221; width_phone=&#8221;100%&#8221; width_last_edited=&#8221;on|tablet&#8221; custom_padding=&#8221;30px|30px|30px|30px|true|true&#8221; custom_css_toggle_icon=&#8221;padding-right:20px;&#8221; custom_css_toggle_content=&#8221;max-width:90%;&#8221; border_radii=&#8221;on|20px|20px|20px|20px&#8221; border_width_all=&#8221;0px&#8221; border_color_all=&#8221;RGBA(255,255,255,0)&#8221; box_shadow_style=&#8221;preset1&#8243; box_shadow_vertical=&#8221;0px&#8221; box_shadow_blur=&#8221;120px&#8221; box_shadow_color=&#8221;rgba(0,0,0,0.05)&#8221; global_colors_info=&#8221;{}&#8221; custom_css_toggle_icon_last_edited=&#8221;on|tablet&#8221; custom_css_toggle_icon_tablet=&#8221;padding-right:0px;&#8221; custom_css_toggle_icon_phone=&#8221;padding-right:0px;&#8221;]<\/p>\n<p>See test m\u00e4\u00e4rab inimese ps\u00fchholoogilise profiili viie peamise isiksuseomaduse alusel: avatus, ekstravertsus, vastutustunne, seltskondlikkus ja neurootilisus.<\/p>\n<p>Seda kasutatakse nii rahvastiku\u00f5ppeks kui ka isiklikuks arenguks.<\/p>\n<p>Nende omaduste alamdomeenidega l\u00e4hemalt tutvumiseks ja nende kohta lisateabe saamiseks v\u00f5ite k\u00fclastada \"Isiksuste\" lehek\u00fclge, mis on p\u00fchendatud \"Isiksustele\".<\/p>\n<p>[\/et_pb_toggle][et_pb_toggle title=&#8221;Comment fonctionne-t-il ?&#8221; open_toggle_text_color=&#8221;#034833&#8243; icon_color=&#8221;#f1f5eb&#8221; toggle_icon=&#8221;&#xf13a;||fa||900&#8243; use_icon_font_size=&#8221;on&#8221; icon_font_size=&#8221;35px&#8221; open_icon_color=&#8221;#83cd20&#8243; open_toggle_icon=&#8221;&#xf139;||fa||900&#8243; open_use_icon_font_size=&#8221;on&#8221; open_icon_font_size=&#8221;35px&#8221; _builder_version=&#8221;4.27.0&#8243; _module_preset=&#8221;default&#8221; title_text_color=&#8221;#034833&#8243; title_font=&#8221;|600|||||||&#8221; title_font_size=&#8221;18px&#8221; closed_title_font=&#8221;|600|||||||&#8221; closed_title_font_size=&#8221;18px&#8221; body_text_color=&#8221;#727272&#8243; background_color=&#8221;#FFFFFF&#8221; width_tablet=&#8221;100%&#8221; width_phone=&#8221;100%&#8221; width_last_edited=&#8221;on|tablet&#8221; custom_padding=&#8221;30px|30px|30px|30px|true|true&#8221; custom_css_toggle_icon=&#8221;padding-right:20px;&#8221; custom_css_toggle_content=&#8221;max-width:90%;&#8221; border_radii=&#8221;on|20px|20px|20px|20px&#8221; border_width_all=&#8221;0px&#8221; border_color_all=&#8221;RGBA(255,255,255,0)&#8221; box_shadow_style=&#8221;preset1&#8243; box_shadow_vertical=&#8221;0px&#8221; box_shadow_blur=&#8221;120px&#8221; box_shadow_color=&#8221;rgba(0,0,0,0.05)&#8221; global_colors_info=&#8221;{}&#8221; custom_css_toggle_icon_last_edited=&#8221;on|tablet&#8221; custom_css_toggle_icon_tablet=&#8221;padding-right:0px;&#8221; custom_css_toggle_icon_phone=&#8221;padding-right:0px;&#8221;]<\/p>\n<p>Testiga uuritakse viie peamise ps\u00fchholoogilise mudeli (Big Five) viit peamist valdkonda, sealhulgas neurootilisust, professionaalset vastutustunnet ja avatust.<\/p>\n<p>See hindab teie vastuste osakaalu nendes valdkondades ja koostab nende hinnangute p\u00f5hjal profiili.<\/p>\n<p>K\u00f5ige t\u00e4psemate tulemuste saamiseks soovitame teil vastata k\u00fcsimustele ausalt, v\u00e4ltides v\u00f5imaluse korral neutraalseid vastuseid.<\/p>\n<p>[\/et_pb_toggle][et_pb_toggle title=&#8221;Comment puis-je acc\u00e9der \u00e0 mes r\u00e9sultats ?&#8221; open_toggle_text_color=&#8221;#034833&#8243; icon_color=&#8221;#f1f5eb&#8221; toggle_icon=&#8221;&#xf13a;||fa||900&#8243; use_icon_font_size=&#8221;on&#8221; icon_font_size=&#8221;35px&#8221; open_icon_color=&#8221;#83cd20&#8243; open_toggle_icon=&#8221;&#xf139;||fa||900&#8243; open_use_icon_font_size=&#8221;on&#8221; open_icon_font_size=&#8221;35px&#8221; _builder_version=&#8221;4.27.0&#8243; _module_preset=&#8221;default&#8221; title_text_color=&#8221;#034833&#8243; title_font=&#8221;|600|||||||&#8221; title_font_size=&#8221;18px&#8221; closed_title_font=&#8221;|600|||||||&#8221; closed_title_font_size=&#8221;18px&#8221; body_text_color=&#8221;#727272&#8243; background_color=&#8221;#FFFFFF&#8221; width_tablet=&#8221;100%&#8221; width_phone=&#8221;100%&#8221; width_last_edited=&#8221;on|tablet&#8221; custom_padding=&#8221;30px|30px|30px|30px|true|true&#8221; custom_css_toggle_icon=&#8221;padding-right:20px;&#8221; custom_css_toggle_content=&#8221;max-width:90%;&#8221; border_radii=&#8221;on|20px|20px|20px|20px&#8221; border_width_all=&#8221;0px&#8221; border_color_all=&#8221;RGBA(255,255,255,0)&#8221; box_shadow_style=&#8221;preset1&#8243; box_shadow_vertical=&#8221;0px&#8221; box_shadow_blur=&#8221;120px&#8221; box_shadow_color=&#8221;rgba(0,0,0,0.05)&#8221; global_colors_info=&#8221;{}&#8221; custom_css_toggle_icon_last_edited=&#8221;on|tablet&#8221; custom_css_toggle_icon_tablet=&#8221;padding-right:0px;&#8221; custom_css_toggle_icon_phone=&#8221;padding-right:0px;&#8221;]<\/p>\n<p>Selle testi tulemused on k\u00e4ttesaadavad 24-tunnise pakkumise v\u00f5i igakuise tellimuse kaudu.<\/p>\n<p>K\u00f5ik juhised testi tegemiseks ja pakkumise valimiseks on \u00fcksikasjalikult kirjeldatud jaotises \"Kuidas see toimib?\".<\/p>\n<p>[\/et_pb_toggle][et_pb_toggle title=&#8221;En quoi ce test m&#8217;est-il utile ?&#8221; open_toggle_text_color=&#8221;#034833&#8243; icon_color=&#8221;#f1f5eb&#8221; toggle_icon=&#8221;&#xf13a;||fa||900&#8243; use_icon_font_size=&#8221;on&#8221; icon_font_size=&#8221;35px&#8221; open_icon_color=&#8221;#83cd20&#8243; open_toggle_icon=&#8221;&#xf139;||fa||900&#8243; open_use_icon_font_size=&#8221;on&#8221; open_icon_font_size=&#8221;35px&#8221; _builder_version=&#8221;4.27.0&#8243; _module_preset=&#8221;default&#8221; title_text_color=&#8221;#034833&#8243; title_font=&#8221;|600|||||||&#8221; title_font_size=&#8221;18px&#8221; closed_title_font=&#8221;|600|||||||&#8221; closed_title_font_size=&#8221;18px&#8221; body_text_color=&#8221;#727272&#8243; background_color=&#8221;#FFFFFF&#8221; width_tablet=&#8221;100%&#8221; width_phone=&#8221;100%&#8221; width_last_edited=&#8221;on|tablet&#8221; custom_padding=&#8221;30px|30px|30px|30px|true|true&#8221; custom_css_toggle_icon=&#8221;padding-right:20px;&#8221; custom_css_toggle_content=&#8221;max-width:90%;&#8221; border_radii=&#8221;on|20px|20px|20px|20px&#8221; border_width_all=&#8221;0px&#8221; border_color_all=&#8221;RGBA(255,255,255,0)&#8221; box_shadow_style=&#8221;preset1&#8243; box_shadow_vertical=&#8221;0px&#8221; box_shadow_blur=&#8221;120px&#8221; box_shadow_color=&#8221;rgba(0,0,0,0.05)&#8221; global_colors_info=&#8221;{}&#8221; custom_css_toggle_icon_last_edited=&#8221;on|tablet&#8221; custom_css_toggle_icon_tablet=&#8221;padding-right:0px;&#8221; custom_css_toggle_icon_phone=&#8221;padding-right:0px;&#8221;]<\/p>\n<p>Isiklikul tasandil v\u00f5ib see olla kasulik, kui te kandideerite t\u00f6\u00f6le, kui soovite oma isiksust s\u00fcgavamalt uurida v\u00f5i kui otsite v\u00f5imalusi isiklikuks arenguks.<\/p>\n<p>T\u00f6\u00f6alaselt v\u00f5ib seda testi kasutada t\u00f6\u00f6intervjuudel, t\u00f6\u00f6keskkonna paremaks m\u00f5istmiseks v\u00f5i demograafilisteks uuringuteks. N\u00e4iteks kasutati seda testi Brexiti-referendumi eelses uuringus.<\/p>\n<p>[\/et_pb_toggle][\/et_pb_column][\/et_pb_row][et_pb_row _builder_version=&#8221;4.27.0&#8243; _module_preset=&#8221;default&#8221; width=&#8221;60%&#8221; width_tablet=&#8221;80%&#8221; width_phone=&#8221;80%&#8221; width_last_edited=&#8221;on|phone&#8221; custom_margin=&#8221;0px||||false|false&#8221; custom_padding=&#8221;20px||||false|false&#8221; locked=&#8221;off&#8221; global_colors_info=&#8221;{}&#8221;][et_pb_column type=&#8221;4_4&#8243; _builder_version=&#8221;4.27.0&#8243; _module_preset=&#8221;default&#8221; global_colors_info=&#8221;{}&#8221;][et_pb_text _builder_version=&#8221;4.27.0&#8243; _module_preset=&#8221;default&#8221; global_colors_info=&#8221;{}&#8221;]<\/p>\n<h2 style=\"text-align: center;\">Tellimus<\/h2>\n<p>[\/et_pb_text][et_pb_toggle title=&#8221;Comment s&#8217;abonner ?&#8221; open_toggle_text_color=&#8221;#034833&#8243; icon_color=&#8221;#f1f5eb&#8221; toggle_icon=&#8221;&#xf13a;||fa||900&#8243; use_icon_font_size=&#8221;on&#8221; icon_font_size=&#8221;35px&#8221; open_icon_color=&#8221;#83cd20&#8243; open_toggle_icon=&#8221;&#xf139;||fa||900&#8243; open_use_icon_font_size=&#8221;on&#8221; open_icon_font_size=&#8221;35px&#8221; _builder_version=&#8221;4.27.0&#8243; _module_preset=&#8221;default&#8221; title_text_color=&#8221;#034833&#8243; title_font=&#8221;|600|||||||&#8221; title_font_size=&#8221;18px&#8221; closed_title_font=&#8221;|600|||||||&#8221; closed_title_font_size=&#8221;18px&#8221; body_text_color=&#8221;#727272&#8243; background_color=&#8221;#FFFFFF&#8221; width_tablet=&#8221;100%&#8221; width_phone=&#8221;100%&#8221; width_last_edited=&#8221;on|tablet&#8221; custom_padding=&#8221;30px|30px|30px|30px|true|true&#8221; custom_css_toggle_icon=&#8221;padding-right:20px;&#8221; custom_css_toggle_content=&#8221;max-width:90%;&#8221; border_radii=&#8221;on|20px|20px|20px|20px&#8221; border_width_all=&#8221;0px&#8221; border_color_all=&#8221;RGBA(255,255,255,0)&#8221; box_shadow_style=&#8221;preset1&#8243; box_shadow_vertical=&#8221;0px&#8221; box_shadow_blur=&#8221;120px&#8221; box_shadow_color=&#8221;rgba(0,0,0,0.05)&#8221; global_colors_info=&#8221;{}&#8221; custom_css_toggle_icon_last_edited=&#8221;on|tablet&#8221; custom_css_toggle_icon_tablet=&#8221;padding-right:0px;&#8221; custom_css_toggle_icon_phone=&#8221;padding-right:0px;&#8221;]<\/p>\n<p>Alustuseks peate tegema testi. Testi l\u00f5pus, et tutvuda tulemustega, peate tellima 24-tunnise pakkumise 0,50 euro eest. Kui 24 tundi on m\u00f6\u00f6dunud, muutub tellimus automaatselt 47,50 euro suuruseks igakuiseks tellimuseks.<\/p>\n<p>Kui soovite v\u00e4ltida igakuist tellimust ja hoida ainult 24-tunnist pakkumist, saate tellimusest lihtsalt loobuda.<\/p>\n<p>\u00dcksikasjaliku juhendi testi l\u00e4biviimiseks ja pakkumisega liitumiseks leiate lehek\u00fcljelt \"Kuidas see toimib?\".<\/p>\n<p>[\/et_pb_toggle][et_pb_toggle title=&#8221;Quels services sont compris dans l&#8217;abonnement ?&#8221; open_toggle_text_color=&#8221;#034833&#8243; icon_color=&#8221;#f1f5eb&#8221; toggle_icon=&#8221;&#xf13a;||fa||900&#8243; use_icon_font_size=&#8221;on&#8221; icon_font_size=&#8221;35px&#8221; open_icon_color=&#8221;#83cd20&#8243; open_toggle_icon=&#8221;&#xf139;||fa||900&#8243; open_use_icon_font_size=&#8221;on&#8221; open_icon_font_size=&#8221;35px&#8221; _builder_version=&#8221;4.27.5&#8243; _module_preset=&#8221;default&#8221; title_text_color=&#8221;#034833&#8243; title_font=&#8221;|600|||||||&#8221; title_font_size=&#8221;18px&#8221; closed_title_font=&#8221;|600|||||||&#8221; closed_title_font_size=&#8221;18px&#8221; body_text_color=&#8221;#727272&#8243; background_color=&#8221;#FFFFFF&#8221; width_tablet=&#8221;100%&#8221; width_phone=&#8221;100%&#8221; width_last_edited=&#8221;on|tablet&#8221; custom_padding=&#8221;30px|30px|30px|30px|true|true&#8221; hover_enabled=&#8221;0&#8243; custom_css_toggle_icon=&#8221;padding-right:20px;&#8221; custom_css_toggle_content=&#8221;max-width:90%;&#8221; border_radii=&#8221;on|20px|20px|20px|20px&#8221; border_width_all=&#8221;0px&#8221; border_color_all=&#8221;RGBA(255,255,255,0)&#8221; box_shadow_style=&#8221;preset1&#8243; box_shadow_vertical=&#8221;0px&#8221; box_shadow_blur=&#8221;120px&#8221; box_shadow_color=&#8221;rgba(0,0,0,0.05)&#8221; global_colors_info=&#8221;{}&#8221; custom_css_toggle_icon_last_edited=&#8221;on|tablet&#8221; custom_css_toggle_icon_tablet=&#8221;padding-right:0px;&#8221; custom_css_toggle_icon_phone=&#8221;padding-right:0px;&#8221; sticky_enabled=&#8221;0&#8243;]<\/p>\n<p>Tellimuslepinguga saate teha ja korrata testi nii tihti kui soovite (enda v\u00f5i teiste jaoks) ning saada tulemusi (v\u00f5rdluseks ja s\u00e4ilitamiseks).<\/p>\n<p>Vous b\u00e9n\u00e9ficiez \u00e9galement d\u2019un acc\u00e8s illimit\u00e9 \u00e0 notre<span>\u00a0<\/span><strong><a href=\"\/et\/e-books\/\">biblioth\u00e8que de 22 e-books<\/a><\/strong><span>\u00a0<\/span>en t\u00e9l\u00e9chargement PDF, couvrant l\u2019apprentissage de l\u2019anglais, la sant\u00e9 mentale et le d\u00e9veloppement personnel.<\/p>\n<p>[\/et_pb_toggle][et_pb_toggle title=&#8221;Comment puis-je annuler mon abonnement ?&#8221; open_toggle_text_color=&#8221;#034833&#8243; icon_color=&#8221;#f1f5eb&#8221; toggle_icon=&#8221;&#xf13a;||fa||900&#8243; use_icon_font_size=&#8221;on&#8221; icon_font_size=&#8221;35px&#8221; open_icon_color=&#8221;#83cd20&#8243; open_toggle_icon=&#8221;&#xf139;||fa||900&#8243; open_use_icon_font_size=&#8221;on&#8221; open_icon_font_size=&#8221;35px&#8221; _builder_version=&#8221;4.27.0&#8243; _module_preset=&#8221;default&#8221; title_text_color=&#8221;#034833&#8243; title_font=&#8221;|600|||||||&#8221; title_font_size=&#8221;18px&#8221; closed_title_font=&#8221;|600|||||||&#8221; closed_title_font_size=&#8221;18px&#8221; body_text_color=&#8221;#727272&#8243; background_color=&#8221;#FFFFFF&#8221; width_tablet=&#8221;100%&#8221; width_phone=&#8221;100%&#8221; width_last_edited=&#8221;on|tablet&#8221; custom_padding=&#8221;30px|30px|30px|30px|true|true&#8221; custom_css_toggle_icon=&#8221;padding-right:20px;&#8221; custom_css_toggle_content=&#8221;max-width:90%;&#8221; border_radii=&#8221;on|20px|20px|20px|20px&#8221; border_width_all=&#8221;0px&#8221; border_color_all=&#8221;RGBA(255,255,255,0)&#8221; box_shadow_style=&#8221;preset1&#8243; box_shadow_vertical=&#8221;0px&#8221; box_shadow_blur=&#8221;120px&#8221; box_shadow_color=&#8221;rgba(0,0,0,0.05)&#8221; global_colors_info=&#8221;{}&#8221; custom_css_toggle_icon_last_edited=&#8221;on|tablet&#8221; custom_css_toggle_icon_tablet=&#8221;padding-right:0px;&#8221; custom_css_toggle_icon_phone=&#8221;padding-right:0px;&#8221;]<\/p>\n<p>Tellimuse t\u00fchistamiseks kl\u00f5psake lihtsalt vahekaardil \"T\u00fchista tellimus\" v\u00f5i sisenege oma \"Minu konto\" alale, sisestage oma e-posti aadress ja kinnitage oma taotlus.<\/p>\n<p>[\/et_pb_toggle][et_pb_toggle title=&#8221;J&#8217;ai omis de me d\u00e9sabonner avant la fin de la p\u00e9riode d&#8217;essai, est-ce que je peux obtenir un remboursement ?&#8221; open_toggle_text_color=&#8221;#034833&#8243; icon_color=&#8221;#f1f5eb&#8221; toggle_icon=&#8221;&#xf13a;||fa||900&#8243; use_icon_font_size=&#8221;on&#8221; icon_font_size=&#8221;35px&#8221; open_icon_color=&#8221;#83cd20&#8243; open_toggle_icon=&#8221;&#xf139;||fa||900&#8243; open_use_icon_font_size=&#8221;on&#8221; open_icon_font_size=&#8221;35px&#8221; _builder_version=&#8221;4.27.0&#8243; _module_preset=&#8221;default&#8221; title_text_color=&#8221;#034833&#8243; title_font=&#8221;|600|||||||&#8221; title_font_size=&#8221;18px&#8221; closed_title_font=&#8221;|600|||||||&#8221; closed_title_font_size=&#8221;18px&#8221; body_text_color=&#8221;#727272&#8243; background_color=&#8221;#FFFFFF&#8221; width_tablet=&#8221;100%&#8221; width_phone=&#8221;100%&#8221; width_last_edited=&#8221;on|tablet&#8221; custom_padding=&#8221;30px|30px|30px|30px|true|true&#8221; custom_css_toggle_icon=&#8221;padding-right:20px;&#8221; custom_css_toggle_content=&#8221;max-width:90%;&#8221; border_radii=&#8221;on|20px|20px|20px|20px&#8221; border_width_all=&#8221;0px&#8221; border_color_all=&#8221;RGBA(255,255,255,0)&#8221; box_shadow_style=&#8221;preset1&#8243; box_shadow_vertical=&#8221;0px&#8221; box_shadow_blur=&#8221;120px&#8221; box_shadow_color=&#8221;rgba(0,0,0,0.05)&#8221; global_colors_info=&#8221;{}&#8221; custom_css_toggle_icon_last_edited=&#8221;on|tablet&#8221; custom_css_toggle_icon_tablet=&#8221;padding-right:0px;&#8221; custom_css_toggle_icon_phone=&#8221;padding-right:0px;&#8221;]<\/p>\n<p>Kui te ei ole suutnud oma tellimust t\u00fchistada, v\u00f5ite taotleda raha tagasi 14 p\u00e4eva jooksul alates registreerimisest, tingimusel et te ei ole meie teenuseid p\u00e4rast 24-tunnist prooviperioodi kasutanud.<\/p>\n<p>[\/et_pb_toggle][\/et_pb_column][\/et_pb_row][\/et_pb_section]<\/p>","protected":false},"excerpt":{"rendered":"<p>FAQ Le testLe concept de ce test a \u00e9t\u00e9 introduit par Lewis Golberg en 1981, puis d\u00e9velopp\u00e9 par Costa et McCrae entre 1987 et 1992.Ce test permet de d\u00e9terminer le profil psychologique d\u2019une personne en se basant sur cinq traits de personnalit\u00e9 cl\u00e9s : l\u2019ouverture d\u2019esprit, l\u2019extraversion, le sens des responsabilit\u00e9s, la sociabilit\u00e9 et le [&hellip;]<\/p>","protected":false},"author":1,"featured_media":0,"parent":0,"menu_order":0,"comment_status":"closed","ping_status":"closed","template":"","meta":{"_et_pb_use_builder":"on","_et_pb_old_content":"<!-- wp:divi\/placeholder \/-->","_et_gb_content_width":"","inline_featured_image":false,"footnotes":""},"class_list":["post-156","page","type-page","status-publish","hentry"],"_links":{"self":[{"href":"https:\/\/psona.io\/et\/wp-json\/wp\/v2\/pages\/156","targetHints":{"allow":["GET"]}}],"collection":[{"href":"https:\/\/psona.io\/et\/wp-json\/wp\/v2\/pages"}],"about":[{"href":"https:\/\/psona.io\/et\/wp-json\/wp\/v2\/types\/page"}],"author":[{"embeddable":true,"href":"https:\/\/psona.io\/et\/wp-json\/wp\/v2\/users\/1"}],"replies":[{"embeddable":true,"href":"https:\/\/psona.io\/et\/wp-json\/wp\/v2\/comments?post=156"}],"version-history":[{"count":5,"href":"https:\/\/psona.io\/et\/wp-json\/wp\/v2\/pages\/156\/revisions"}],"predecessor-version":[{"id":2691,"href":"https:\/\/psona.io\/et\/wp-json\/wp\/v2\/pages\/156\/revisions\/2691"}],"wp:attachment":[{"href":"https:\/\/psona.io\/et\/wp-json\/wp\/v2\/media?parent=156"}],"curies":[{"name":"wp","href":"https:\/\/api.w.org\/{rel}","templated":true}]}}