{"id":2643,"date":"2026-01-22T21:24:36","date_gmt":"2026-01-22T21:24:36","guid":{"rendered":"https:\/\/psona.io\/?page_id=2643"},"modified":"2026-01-22T21:25:55","modified_gmt":"2026-01-22T21:25:55","slug":"disclaimer","status":"publish","type":"page","link":"https:\/\/psona.io\/fi\/disclaimer\/","title":{"rendered":"Vastuuvapauslauseke"},"content":{"rendered":"<p>[et_pb_section fb_built=\u201d1\u2033 custom_padding_last_edited=\u201don|tablet\u201d admin_label=\u201dHeader\u201d _builder_version=\u201d4.27.0\u2033 custom_margin=\u201d0px||0px||true|false\u201d custom_padding=\u201d0px||0px||true|false\u201d custom_padding_tablet=\u201d||||true|false\u201d custom_padding_phone=\u201d||||true|false\u201d locked=\u201doff\u201d global_colors_info=\u201d{}\u201d theme_builder_area=\u201dpost_content\u201d][et_pb_row use_custom_gutter=\u201don\u201d gutter_width=\u201d1\u2033 custom_padding_last_edited=\u201don|phone\u201d _builder_version=\u201d4.27.0\u2033 background_color=\u201d#034833\u2033 background_size=\u201dinitial\u201d background_position=\u201dtop_left\u201d background_repeat=\u201drepeat\u201d width=\u201d95%\u201d custom_margin=\u201d||||true|false\u201d custom_padding=\u201d150px||150px||true|true\u201d custom_padding_tablet=\u201d80px||80px||true|false\u201d custom_padding_phone=\u201d60px||60px||true|false\u201d border_radii=\u201don|50px|50px|50px|50px|50px|50px\u201d global_colors_info=\u201d{}\u201d theme_builder_area=\u201dpost_content\u201d][et_pb_column type=\u201d4_4\u2033 _builder_version=\u201d4.27.0\u2033 custom_padding=\u201d||||\u201d global_colors_info=\u201d{}\u201d custom_padding__hover=\u201d||||\u201d custom_css_main_element_last_edited=\u201don|phone\u201d theme_builder_area=\u201dpost_content\u201d][et_pb_text module_class=\u201dtitle-header\u201d _builder_version=\u201d4.27.4\u2033 background_size=\u201dinitial\u201d background_position=\u201dtop_left\u201d background_repeat=\u201drepeat\u201d width=\u201d72%\u201d width_tablet=\u201d70%\u201d width_phone=\u201d68.5%\u201d width_last_edited=\u201don|tablet\u201d module_alignment=\u201dcenter\u201d custom_margin=\u201d0px||0px|||false|false\u201d custom_margin_tablet=\u201d0px||0px|||false|false\u201d custom_margin_phone=\u201d0px||0px||0px|||false|false\u201d custom_margin_last_edited=\u201don|tablet\u201d custom_padding=\u201d0px|||0px||true|false\u201d hover_enabled=\u201d0\u2033 header_font_size_tablet=\u201d50px\u201d header_font_size_phone=\u201d40px\u201d global_colors_info=\u201d{}\u201d theme_builder_area=\u201dpost_content\u201d sticky_enabled=\u201d0\u2033]<\/p>\n<h1 class=\"text-text-100 mt-3 -mb-1 text-[1.375rem] font-bold\">Vastuuvapauslauseke<\/h1>\n<p><!-- \/divi:paragraph --><\/p>\n<p>[\/et_pb_text][\/et_pb_column][\/et_pb_row][\/et_pb_section][et_pb_section fb_built=\u201d1\u2033 _builder_version=\u201d4.27.0\u2033 _module_preset=\u201ddefault\u201d global_colors_info=\u201d{}\u201d locked=\u201doff\u201d theme_builder_area=\u201dpost_content\u201d][et_pb_row _builder_version=\u201d4.27.0\u2033 _module_preset=\u201ddefault\u201d global_colors_info=\u201d{}\u201d theme_builder_area=\u201dpost_content\u201d][et_pb_column type=\u201d4_4\u2033 _builder_version=\u201d4.27.0\u2033 _module_preset=\u201ddefault\u201d global_colors_info=\u201d{}\u201d theme_builder_area=\u201dpost_content\u201d][et_pb_text _builder_version=\u201d4.27.4\u2033 _module_preset=\u201ddefault\u201d header_2_text_align=\u201dcenter\u201d hover_enabled=\u201d0\u2033 global_colors_info=\u201d{}\u201d theme_builder_area=\u201dpost_content\u201d sticky_enabled=\u201d0\u2033]<\/p>\n<p class=\"font-claude-response-body break-words whitespace-normal leading-[1.7]\">Viimeksi p\u00e4ivitetty: 22. tammikuuta 2026<\/p>\n<h2 class=\"text-text-100 mt-3 -mb-1 text-[1.125rem] font-bold\">Tulkinta ja m\u00e4\u00e4ritelm\u00e4t<\/h2>\n<h3 class=\"text-text-100 mt-2 -mb-1 text-base font-bold\">Tulkinta<\/h3>\n<p class=\"font-claude-response-body break-words whitespace-normal leading-[1.7]\">Sanoilla, joiden alkukirjain on kirjoitettu isolla alkukirjaimella, on seuraavissa ehdoissa m\u00e4\u00e4ritellyt merkitykset. Seuraavilla m\u00e4\u00e4ritelmill\u00e4 on sama merkitys riippumatta siit\u00e4, esiintyv\u00e4tk\u00f6 ne yksik\u00f6ss\u00e4 vai monikossa.<\/p>\n<h3 class=\"text-text-100 mt-2 -mb-1 text-base font-bold\">M\u00e4\u00e4ritelm\u00e4t<\/h3>\n<p class=\"font-claude-response-body break-words whitespace-normal leading-[1.7]\">T\u00e4ss\u00e4 varoituksessa :<\/p>\n<ul class=\"[li_&amp;]:mb-0 [li_&amp;]:mt-1 [li_&amp;]:gap-1 [&amp;:not(:last-child)_ul]:pb-1 [&amp;:not(:last-child)_ol]:pb-1 list-disc flex flex-col gap-1 pl-8 mb-3\">\n<li class=\"whitespace-normal break-words pl-2\"><strong>Yritys<\/strong> (j\u00e4ljemp\u00e4n\u00e4 t\u00e4ss\u00e4 ilmoituksessa \u00abyritys\u00bb, \u00abme\u00bb, \u00abmeit\u00e4\u00bb tai \"meid\u00e4n\") tarkoittaa CLICKBUSTER LTD:t\u00e4, 63-66 Hatton Garden, London EC1N 8LE.<\/li>\n<li class=\"whitespace-normal break-words pl-2\"><strong>Palvelu<\/strong> viittaa verkkosivustoon.<\/li>\n<li class=\"whitespace-normal break-words pl-2\"><strong>Sin\u00e4<\/strong> tarkoittaa palvelua k\u00e4ytt\u00e4v\u00e4\u00e4 luonnollista henkil\u00f6\u00e4 tai yrityst\u00e4 tai muuta oikeushenkil\u00f6\u00e4, jonka puolesta kyseinen henkil\u00f6 k\u00e4ytt\u00e4\u00e4 palvelua.<\/li>\n<li class=\"whitespace-normal break-words pl-2\"><strong>Verkkosivusto<\/strong> viittaa PSONAan, johon p\u00e4\u00e4see osoitteesta <a class=\"underline underline underline-offset-2 decoration-1 decoration-current\/40 hover:decoration-current focus:decoration-current\" href=\"https:\/\/psona.io\/fi\/\">https:\/\/psona.io\/<\/a><\/li>\n<\/ul>\n<h2 class=\"text-text-100 mt-3 -mb-1 text-[1.125rem] font-bold\">Yleinen varoitus<\/h2>\n<p class=\"font-claude-response-body break-words whitespace-normal leading-[1.7]\">Palvelun sis\u00e4lt\u00e4m\u00e4t tiedot on tarkoitettu vain yleiseen tiedottamiseen.<\/p>\n<p class=\"font-claude-response-body break-words whitespace-normal leading-[1.7]\">Yhti\u00f6 ei ota vastuuta Palvelun sis\u00e4ll\u00f6ss\u00e4 olevista virheist\u00e4 tai puutteista.<\/p>\n<p class=\"font-claude-response-body break-words whitespace-normal leading-[1.7]\">Yhti\u00f6 ei ole miss\u00e4\u00e4n tapauksessa vastuussa mist\u00e4\u00e4n erityisist\u00e4, v\u00e4litt\u00f6mist\u00e4, v\u00e4lillisist\u00e4, ep\u00e4suorista, ep\u00e4suorista, v\u00e4lillisist\u00e4 tai satunnaisista vahingoista tai mist\u00e4\u00e4n vahingoista, riippumatta siit\u00e4, onko kyse sopimuksesta, huolimattomuudesta tai muusta vahingonkorvausvelvollisuudesta, jotka aiheutuvat Palvelun tai Palvelun sis\u00e4ll\u00f6n k\u00e4yt\u00f6st\u00e4 tai liittyv\u00e4t siihen. Yhti\u00f6 pid\u00e4tt\u00e4\u00e4 oikeuden tehd\u00e4 lis\u00e4yksi\u00e4, poistoja tai muutoksia Palvelun sis\u00e4lt\u00f6\u00f6n milloin tahansa ilman ennakkoilmoitusta.<\/p>\n<p class=\"font-claude-response-body break-words whitespace-normal leading-[1.7]\">Yhti\u00f6 ei takaa, ett\u00e4 Palvelu ei sis\u00e4ll\u00e4 viruksia tai muita haitallisia komponentteja.<\/p>\n<h2 class=\"text-text-100 mt-3 -mb-1 text-[1.125rem] font-bold\">Varoitus persoonallisuustesteist\u00e4<\/h2>\n<p class=\"font-claude-response-body break-words whitespace-normal leading-[1.7]\">T\u00e4ss\u00e4 palvelussa tarjotut persoonallisuustestit :<\/p>\n<ul class=\"[li_&amp;]:mb-0 [li_&amp;]:mt-1 [li_&amp;]:gap-1 [&amp;:not(:last-child)_ul]:pb-1 [&amp;:not(:last-child)_ol]:pb-1 list-disc flex flex-col gap-1 pl-8 mb-3\">\n<li class=\"whitespace-normal break-words pl-2\">Ne eiv\u00e4t ole t\u00e4sm\u00e4llist\u00e4 tiedett\u00e4, eik\u00e4 niit\u00e4 pit\u00e4isi pit\u00e4\u00e4 ammattimaisina psykologisina tai psykoanalyyttisin\u00e4 arvioina.<\/li>\n<li class=\"whitespace-normal break-words pl-2\">Seuraavat tiedot on tarkoitettu vain tiedoksi ja viihdytystarkoituksiin.<\/li>\n<li class=\"whitespace-normal break-words pl-2\">Ei saa k\u00e4ytt\u00e4\u00e4 ainoana perustana henkil\u00f6kohtaista, ammatillista tai l\u00e4\u00e4ketieteellist\u00e4 el\u00e4m\u00e4\u00e4si koskevien t\u00e4rkeiden p\u00e4\u00e4t\u00f6sten tekemisess\u00e4.<\/li>\n<li class=\"whitespace-normal break-words pl-2\">Ei ole l\u00e4\u00e4ketieteellist\u00e4, psykologista tai ammatillista neuvontaa<\/li>\n<\/ul>\n<p class=\"font-claude-response-body break-words whitespace-normal leading-[1.7]\">Yhti\u00f6 ei ota vastuuta k\u00e4ytt\u00e4jien testitulosten perusteella tekemist\u00e4 p\u00e4\u00e4t\u00f6ksist\u00e4. Jos sinulla on psykologisia tai l\u00e4\u00e4ketieteellisi\u00e4 kysymyksi\u00e4, suosittelemme, ett\u00e4 otat yhteytt\u00e4 p\u00e4tev\u00e4\u00e4n ammattilaiseen.<\/p>\n<h2 class=\"text-text-100 mt-3 -mb-1 text-[1.125rem] font-bold\">Ulkoisia linkkej\u00e4 koskeva varoitus<\/h2>\n<p class=\"font-claude-response-body break-words whitespace-normal leading-[1.7]\">Palvelu voi sis\u00e4lt\u00e4\u00e4 linkkej\u00e4 ulkoisille verkkosivustoille, joita Yhti\u00f6 ei tarjoa tai yll\u00e4pid\u00e4 tai jotka eiv\u00e4t ole mill\u00e4\u00e4n tavalla sidoksissa siihen.<\/p>\n<p class=\"font-claude-response-body break-words whitespace-normal leading-[1.7]\">Huomaa, ett\u00e4 yhti\u00f6 ei takaa n\u00e4iden ulkopuolisten verkkosivustojen sis\u00e4lt\u00e4mien tietojen tarkkuutta, asianmukaisuutta, ajantasaisuutta tai t\u00e4ydellisyytt\u00e4.<\/p>\n<h2 class=\"text-text-100 mt-3 -mb-1 text-[1.125rem] font-bold\">Varoitus virheist\u00e4 ja laiminly\u00f6nneist\u00e4<\/h2>\n<p class=\"font-claude-response-body break-words whitespace-normal leading-[1.7]\">Palvelun tarjoamat tiedot on tarkoitettu ainoastaan yleiseksi oppaaksi kiinnostavista aiheista. Vaikka Yhti\u00f6 tekee kaikkensa varmistaakseen, ett\u00e4 Palvelun sis\u00e4lt\u00f6 on ajantasaista ja t\u00e4sm\u00e4llist\u00e4, virheit\u00e4 voi esiinty\u00e4. Lis\u00e4ksi lakien, s\u00e4\u00e4nt\u00f6jen ja m\u00e4\u00e4r\u00e4ysten muuttuvan luonteen vuoksi Palvelun sis\u00e4lt\u00e4miss\u00e4 tiedoissa voi esiinty\u00e4 viiv\u00e4styksi\u00e4, puutteita tai ep\u00e4tarkkuuksia.<\/p>\n<p class=\"font-claude-response-body break-words whitespace-normal leading-[1.7]\">Yhti\u00f6 ei ole vastuussa mahdollisista virheist\u00e4 tai puutteista tai n\u00e4iden tietojen k\u00e4yt\u00f6st\u00e4 saaduista tuloksista.<\/p>\n<h2 class=\"text-text-100 mt-3 -mb-1 text-[1.125rem] font-bold\">Oikeudenmukaisen k\u00e4yt\u00f6n vastuuvapauslauseke<\/h2>\n<p class=\"font-claude-response-body break-words whitespace-normal leading-[1.7]\">Yhti\u00f6 voi k\u00e4ytt\u00e4\u00e4 tekij\u00e4noikeudella suojattua materiaalia, jota tekij\u00e4noikeuden haltija ei ole aina erikseen hyv\u00e4ksynyt. Yhti\u00f6 asettaa t\u00e4m\u00e4n aineiston saataville kritiikki\u00e4, kommentointia, raportointia, opetusta, oppineisuutta tai tutkimusta varten.<\/p>\n<p class=\"font-claude-response-body break-words whitespace-normal leading-[1.7]\">Yhti\u00f6 katsoo, ett\u00e4 t\u00e4m\u00e4 on tekij\u00e4noikeudella suojatun aineiston \u00abkohtuullista k\u00e4ytt\u00f6\u00e4\u00bb Yhdysvaltain tekij\u00e4noikeuslain 107 pyk\u00e4l\u00e4n (tai vastaavien sovellettavan lain s\u00e4\u00e4nn\u00f6sten) mukaisesti.<\/p>\n<p class=\"font-claude-response-body break-words whitespace-normal leading-[1.7]\">Jos haluat k\u00e4ytt\u00e4\u00e4 Palvelussa olevaa tekij\u00e4noikeudella suojattua materiaalia omiin tarkoituksiisi, jotka ylitt\u00e4v\u00e4t kohtuullisen k\u00e4yt\u00f6n, sinun on hankittava lupa tekij\u00e4noikeuden haltijalta.<\/p>\n<h2 class=\"text-text-100 mt-3 -mb-1 text-[1.125rem] font-bold\">Vastuuvapauslauseke ilmaistujen mielipiteiden osalta<\/h2>\n<p class=\"font-claude-response-body break-words whitespace-normal leading-[1.7]\">Palvelu saattaa sis\u00e4lt\u00e4\u00e4 n\u00e4kemyksi\u00e4 ja mielipiteit\u00e4, jotka ovat kirjoittajien omia eiv\u00e4tk\u00e4 v\u00e4ltt\u00e4m\u00e4tt\u00e4 vastaa mink\u00e4\u00e4n muun kirjoittajan, viraston, organisaation, ty\u00f6nantajan tai yrityksen, mukaan lukien Yhti\u00f6, virallista politiikkaa tai kantaa.<\/p>\n<p class=\"font-claude-response-body break-words whitespace-normal leading-[1.7]\">Kun Palvelu sallii k\u00e4ytt\u00e4jien julkaista sis\u00e4lt\u00f6\u00e4 (mukaan lukien kommentit), t\u00e4llainen sis\u00e4lt\u00f6 on yksinomaan sen julkaisseen k\u00e4ytt\u00e4j\u00e4n vastuulla. Yhti\u00f6 ei ole vastuussa k\u00e4ytt\u00e4jien tuottamasta sis\u00e4ll\u00f6st\u00e4 ja pid\u00e4tt\u00e4\u00e4 oikeuden poistaa sen mist\u00e4 tahansa syyst\u00e4.<\/p>\n<h2 class=\"text-text-100 mt-3 -mb-1 text-[1.125rem] font-bold\">Vastuuvapauslauseke<\/h2>\n<p class=\"font-claude-response-body break-words whitespace-normal leading-[1.7]\">Palvelussa olevat tiedot tarjotaan sill\u00e4 edellytyksell\u00e4, ett\u00e4 Yhti\u00f6 ei tarjoa oikeudellisia, kirjanpidollisia, verotuksellisia tai muita ammatillisia neuvoja tai palveluja. N\u00e4in ollen niit\u00e4 ei tule k\u00e4ytt\u00e4\u00e4 korvaamaan ammattimaisten kirjanpito-, vero-, laki- tai muiden p\u00e4tevien neuvonantajien konsultointia.<\/p>\n<p class=\"font-claude-response-body break-words whitespace-normal leading-[1.7]\">Yhti\u00f6 tai sen toimittajat eiv\u00e4t miss\u00e4\u00e4n tapauksessa ole vastuussa mist\u00e4\u00e4n erityisist\u00e4, satunnaisista, ep\u00e4suorista tai v\u00e4lillisist\u00e4 vahingoista, jotka johtuvat tai liittyv\u00e4t siihen, ett\u00e4 k\u00e4ytt\u00e4j\u00e4 k\u00e4ytt\u00e4\u00e4 Palvelua, tai siihen, ett\u00e4 h\u00e4n ei voi k\u00e4ytt\u00e4\u00e4 Palvelua.<\/p>\n<h2 class=\"text-text-100 mt-3 -mb-1 text-[1.125rem] font-bold\">K\u00e4yt\u00e4 omalla vastuullasi\u00ab -varoitus\u00bb<\/h2>\n<p class=\"font-claude-response-body break-words whitespace-normal leading-[1.7]\">Kaikki palvelussa olevat tiedot tarjotaan \u00absellaisenaan\u00bb, ilman takuuta tietojen t\u00e4ydellisyydest\u00e4, tarkkuudesta, ajantasaisuudesta tai niiden k\u00e4yt\u00f6st\u00e4 saatavista tuloksista, eik\u00e4 mink\u00e4\u00e4nlaista takuuta, ei nimenomaista eik\u00e4 ep\u00e4suoraa, mukaan lukien, mutta ei rajoittuen, suoritustakuisiin, myyntikelpoisuuteen ja soveltuvuuteen tiettyyn tarkoitukseen.<\/p>\n<p class=\"font-claude-response-body break-words whitespace-normal leading-[1.7]\">Yhti\u00f6 ei ole vastuussa sinulle tai kenellek\u00e4\u00e4n muulle henkil\u00f6lle mist\u00e4\u00e4n p\u00e4\u00e4t\u00f6ksist\u00e4 tai toimista, jotka on tehty Palvelun tarjoamien tietojen perusteella, eik\u00e4 mist\u00e4\u00e4n v\u00e4lillisist\u00e4, erityisist\u00e4 tai vastaavista vahingoista, vaikka t\u00e4llaisten vahinkojen mahdollisuudesta olisi ilmoitettu.<\/p>\n<h2 class=\"text-text-100 mt-3 -mb-1 text-[1.125rem] font-bold\">Sovellettava laki<\/h2>\n<p class=\"font-claude-response-body break-words whitespace-normal leading-[1.7]\">T\u00e4h\u00e4n vastuuvapauslausekkeeseen sovelletaan Englannin lakia. Kaikki sen tulkintaan tai t\u00e4ytt\u00e4miseen liittyv\u00e4t riidat kuuluvat Englannin tuomioistuinten yksinomaiseen toimivaltaan.<\/p>\n<h2 class=\"text-text-100 mt-3 -mb-1 text-[1.125rem] font-bold\">Ota yhteytt\u00e4<\/h2>\n<p class=\"font-claude-response-body break-words whitespace-normal leading-[1.7]\">Jos sinulla on kysytt\u00e4v\u00e4\u00e4 t\u00e4st\u00e4 varoituksesta, ota meihin yhteytt\u00e4:<\/p>\n<ul class=\"[li_&amp;]:mb-0 [li_&amp;]:mt-1 [li_&amp;]:gap-1 [&amp;:not(:last-child)_ul]:pb-1 [&amp;:not(:last-child)_ol]:pb-1 list-disc flex flex-col gap-1 pl-8 mb-3\">\n<li class=\"whitespace-normal break-words pl-2\">S\u00e4hk\u00f6postitse : <a class=\"underline underline underline-offset-2 decoration-1 decoration-current\/40 hover:decoration-current focus:decoration-current\" href=\"mailto:contact@psona.io\">contact@psona.io<\/a><\/li>\n<li class=\"whitespace-normal break-words pl-2\">K\u00e4ym\u00e4ll\u00e4 t\u00e4ll\u00e4 sivulla verkkosivustollamme : <a class=\"underline underline underline-offset-2 decoration-1 decoration-current\/40 hover:decoration-current focus:decoration-current\" href=\"https:\/\/psona.io\/fi\/contact\/\">https:\/\/psona.io\/contact\/<\/a><\/li>\n<\/ul>\n<p>[\/et_pb_text][\/et_pb_column][\/et_pb_row][\/et_pb_section][\/et_pb_section][\/et_pb_section]<\/p>","protected":false},"excerpt":{"rendered":"<p>Vastuuvapauslauseke P\u00e4ivitetty viimeksi: 22. tammikuuta 2026 Tulkinta ja m\u00e4\u00e4ritelm\u00e4t Tulkinta Sanoilla, joiden alkukirjain on kirjoitettu isolla alkukirjaimella, on seuraavissa ehdoissa m\u00e4\u00e4ritelty merkitys. Seuraavilla m\u00e4\u00e4ritelmill\u00e4 on sama merkitys riippumatta siit\u00e4, esiintyv\u00e4tk\u00f6 ne yksik\u00f6ss\u00e4 vai monikossa. M\u00e4\u00e4ritelm\u00e4t T\u00e4ss\u00e4 varoituksessa tarkoitetaan: Yritys (j\u00e4ljemp\u00e4n\u00e4 [...]).<\/p>","protected":false},"author":1,"featured_media":0,"parent":0,"menu_order":0,"comment_status":"closed","ping_status":"closed","template":"","meta":{"_et_pb_use_builder":"on","_et_pb_old_content":"","_et_gb_content_width":"","inline_featured_image":false,"footnotes":""},"class_list":["post-2643","page","type-page","status-publish","hentry"],"_links":{"self":[{"href":"https:\/\/psona.io\/fi\/wp-json\/wp\/v2\/pages\/2643","targetHints":{"allow":["GET"]}}],"collection":[{"href":"https:\/\/psona.io\/fi\/wp-json\/wp\/v2\/pages"}],"about":[{"href":"https:\/\/psona.io\/fi\/wp-json\/wp\/v2\/types\/page"}],"author":[{"embeddable":true,"href":"https:\/\/psona.io\/fi\/wp-json\/wp\/v2\/users\/1"}],"replies":[{"embeddable":true,"href":"https:\/\/psona.io\/fi\/wp-json\/wp\/v2\/comments?post=2643"}],"version-history":[{"count":2,"href":"https:\/\/psona.io\/fi\/wp-json\/wp\/v2\/pages\/2643\/revisions"}],"predecessor-version":[{"id":2645,"href":"https:\/\/psona.io\/fi\/wp-json\/wp\/v2\/pages\/2643\/revisions\/2645"}],"wp:attachment":[{"href":"https:\/\/psona.io\/fi\/wp-json\/wp\/v2\/media?parent=2643"}],"curies":[{"name":"wp","href":"https:\/\/api.w.org\/{rel}","templated":true}]}}