{"id":151,"date":"2024-09-05T10:24:54","date_gmt":"2024-09-05T10:24:54","guid":{"rendered":"https:\/\/psona.io\/?page_id=151"},"modified":"2026-01-22T21:16:39","modified_gmt":"2026-01-22T21:16:39","slug":"conditions-de-paiement-recurrent","status":"publish","type":"page","link":"https:\/\/psona.io\/hu\/conditions-de-paiement-recurrent\/","title":{"rendered":"Ism\u00e9tl\u0151d\u0151 fizet\u00e9si felt\u00e9telek"},"content":{"rendered":"<p>[et_pb_section fb_built=&#8221;1&#8243; custom_padding_last_edited=&#8221;on|tablet&#8221; admin_label=&#8221;Header&#8221; _builder_version=&#8221;4.27.0&#8243; custom_margin=&#8221;0px||0px||true|false&#8221; custom_padding=&#8221;0px||0px||true|false&#8221; custom_padding_tablet=&#8221;||||true|false&#8221; custom_padding_phone=&#8221;||||true|false&#8221; locked=&#8221;off&#8221; global_colors_info=&#8221;{}&#8221;][et_pb_row use_custom_gutter=&#8221;on&#8221; gutter_width=&#8221;1&#8243; custom_padding_last_edited=&#8221;on|phone&#8221; _builder_version=&#8221;4.27.0&#8243; background_color=&#8221;#034833&#8243; background_size=&#8221;initial&#8221; background_position=&#8221;top_left&#8221; background_repeat=&#8221;repeat&#8221; width=&#8221;95%&#8221; custom_margin=&#8221;||||true|false&#8221; custom_padding=&#8221;150px||150px||true|true&#8221; custom_padding_tablet=&#8221;80px||80px||true|false&#8221; custom_padding_phone=&#8221;60px||60px||true|false&#8221; border_radii=&#8221;on|50px|50px|50px|50px&#8221; global_colors_info=&#8221;{}&#8221;][et_pb_column type=&#8221;4_4&#8243; _builder_version=&#8221;4.27.0&#8243; custom_padding=&#8221;|||&#8221; global_colors_info=&#8221;{}&#8221; custom_padding__hover=&#8221;|||&#8221; custom_css_main_element_last_edited=&#8221;on|phone&#8221;][et_pb_text module_class=&#8221;title-header&#8221; _builder_version=&#8221;4.27.0&#8243; background_size=&#8221;initial&#8221; background_position=&#8221;top_left&#8221; background_repeat=&#8221;repeat&#8221; width=&#8221;72%&#8221; width_tablet=&#8221;70%&#8221; width_phone=&#8221;68.5%&#8221; width_last_edited=&#8221;on|tablet&#8221; module_alignment=&#8221;center&#8221; custom_margin=&#8221;0px||0px||false|false&#8221; custom_margin_tablet=&#8221;0px||0px||false|false&#8221; custom_margin_phone=&#8221;0px||0px||false|false&#8221; custom_margin_last_edited=&#8221;on|tablet&#8221; custom_padding=&#8221;0px||0px||true|false&#8221; header_font_size_tablet=&#8221;50px&#8221; header_font_size_phone=&#8221;40px&#8221; global_colors_info=&#8221;{}&#8221;]<\/p>\n<h1>Ism\u00e9tl\u0151d\u0151 fizet\u00e9si felt\u00e9telek<\/h1>\n<p>&nbsp;<\/p>\n<p><!-- \/divi:paragraph -->[\/et_pb_text][\/et_pb_column][\/et_pb_row][\/et_pb_section][et_pb_section fb_built=&#8221;1&#8243; _builder_version=&#8221;4.27.0&#8243; _module_preset=&#8221;default&#8221; global_colors_info=&#8221;{}&#8221;][et_pb_row _builder_version=&#8221;4.27.0&#8243; _module_preset=&#8221;default&#8221; global_colors_info=&#8221;{}&#8221;][et_pb_column type=&#8221;4_4&#8243; _builder_version=&#8221;4.27.0&#8243; _module_preset=&#8221;default&#8221; global_colors_info=&#8221;{}&#8221;][et_pb_text _builder_version=&#8221;4.27.4&#8243; _module_preset=&#8221;default&#8221; header_2_text_align=&#8221;center&#8221; hover_enabled=&#8221;0&#8243; global_colors_info=&#8221;{}&#8221; sticky_enabled=&#8221;0&#8243;]<\/p>\n<h2>El\u0151fizet\u00e9si felt\u00e9telek<\/h2>\n<p>Entry into force: January 22th, 2026<\/p>\n<p><strong>CLICKBUSTER KFT.<\/strong><br \/><strong>63-66 Hatton Garden<\/strong><br \/><strong>London EC1N 8LE<\/strong><br \/><strong>C\u00e9gsz\u00e1m 13014667<\/strong><br \/><strong>H\u00c9A-sz\u00e1m GB 363 9346 71<\/strong><\/p>\n<p>A PSONA szolg\u00e1ltat\u00e1saira val\u00f3 el\u0151fizet\u00e9s a k\u00f6vetkez\u0151 el\u0151ny\u00f6kh\u00f6z biztos\u00edt hozz\u00e1f\u00e9r\u00e9st:<\/p>\n<ul>\n<li>Korl\u00e1tlan tesztek<\/li>\n<li>Az \u00f6sszes vizsg\u00e1lati eredm\u00e9ny t\u00e1rol\u00e1sa<\/li>\n<li>A tesztek k\u00f6z\u00f6tti \u00f6sszehasonl\u00edt\u00e1sok<\/li>\n<li>E-mailben k\u00fcld\u00f6tt eredm\u00e9nyek<\/li>\n<\/ul>\n<p>Az el\u0151fizet\u00e9s 24 \u00f3r\u00e1n kereszt\u00fcl hozz\u00e1f\u00e9r\u00e9st biztos\u00edt a tagok sz\u00e1m\u00e1ra fenntartott ter\u00fclethez, az akci\u00f3s \u00e1r 0,5 \u20ac (\u00c1FA-val egy\u00fctt). A pr\u00f3baid\u0151szak v\u00e9g\u00e9n a havi el\u0151fizet\u00e9s 47,5 \u20ac (\u00c1F\u00c1-val egy\u00fctt) havonta \u00e9rv\u00e9nyes. A fizet\u00e9st minden h\u00f3napban az \u00e9vfordul\u00f3 napj\u00e1n automatikusan megterhelj\u00fck a hitelk\u00e1rty\u00e1j\u00e1r\u00f3l.<\/p>\n<p>El\u0151fizet\u00e9s\u00e9t b\u00e1rmikor \u00e9s felt\u00e9tel n\u00e9lk\u00fcl lemondhatja k\u00f6zvetlen\u00fcl ezen az oldalon: <a rel=\"noopener\" target=\"_new\" href=\"https:\/\/psona.io\/hu\/se-desabonner\/\">https:\/\/psona.io\/se-desabonner\/<\/a><\/p>\n<p>Ha le szeretn\u00e9 mondani el\u0151fizet\u00e9s\u00e9t, k\u00e9rj\u00fck, l\u00e9pjen kapcsolatba \u00fcgyf\u00e9lszolg\u00e1latunkkal e-mailben a k\u00f6vetkez\u0151 c\u00edmen <a rel=\"noopener\">contact@psona.io<\/a>vagy a kapcsolatfelv\u00e9teli \u0171rlapunkon kereszt\u00fcl ezen a linken kereszt\u00fcl: <a href=\"https:\/\/psona.io\/hu\/contact\/\">https:\/\/psona.io\/contact\/<\/a><\/p>\n<p>A PSONA nem adja el \u00fcgyfelei adatait; a szem\u00e9lyes adatokat kiz\u00e1r\u00f3lag az \u00fcgyfelekkel val\u00f3 kommunik\u00e1ci\u00f3 \u00e9s a k\u00edv\u00e1nt szolg\u00e1ltat\u00e1si szint biztos\u00edt\u00e1sa c\u00e9lj\u00e1b\u00f3l haszn\u00e1lja fel.<\/p>\n<p>A PSONA a PCI DSS biztons\u00e1gi szabv\u00e1nyoknak megfelel\u0151 p\u00e9nzforgalmi szolg\u00e1ltat\u00f3kat haszn\u00e1l.<\/p>\n<p>[\/et_pb_text][\/et_pb_column][\/et_pb_row][\/et_pb_section]<\/p>","protected":false},"excerpt":{"rendered":"<p>Conditions de paiement r\u00e9current &nbsp; Termes d&#8217;abonnement Entry into force: January 22th, 2026 CLICKBUSTER LTD63-66 Hatton GardenLondon EC1N 8LECompany number 13014667VAT number GB 363 9346 71 Souscrire aux services de PSONA vous donne acc\u00e8s aux avantages suivants : Tests illimit\u00e9s Stockage de tous les r\u00e9sultats de test Comparaisons entre tests R\u00e9sultats envoy\u00e9s par email L&#8217;abonnement [&hellip;]<\/p>","protected":false},"author":1,"featured_media":0,"parent":0,"menu_order":0,"comment_status":"closed","ping_status":"closed","template":"","meta":{"_et_pb_use_builder":"on","_et_pb_old_content":"<!-- wp:divi\/placeholder \/-->","_et_gb_content_width":"","inline_featured_image":false,"footnotes":""},"class_list":["post-151","page","type-page","status-publish","hentry"],"_links":{"self":[{"href":"https:\/\/psona.io\/hu\/wp-json\/wp\/v2\/pages\/151","targetHints":{"allow":["GET"]}}],"collection":[{"href":"https:\/\/psona.io\/hu\/wp-json\/wp\/v2\/pages"}],"about":[{"href":"https:\/\/psona.io\/hu\/wp-json\/wp\/v2\/types\/page"}],"author":[{"embeddable":true,"href":"https:\/\/psona.io\/hu\/wp-json\/wp\/v2\/users\/1"}],"replies":[{"embeddable":true,"href":"https:\/\/psona.io\/hu\/wp-json\/wp\/v2\/comments?post=151"}],"version-history":[{"count":6,"href":"https:\/\/psona.io\/hu\/wp-json\/wp\/v2\/pages\/151\/revisions"}],"predecessor-version":[{"id":2637,"href":"https:\/\/psona.io\/hu\/wp-json\/wp\/v2\/pages\/151\/revisions\/2637"}],"wp:attachment":[{"href":"https:\/\/psona.io\/hu\/wp-json\/wp\/v2\/media?parent=151"}],"curies":[{"name":"wp","href":"https:\/\/api.w.org\/{rel}","templated":true}]}}