{"id":149,"date":"2024-09-05T10:24:38","date_gmt":"2024-09-05T10:24:38","guid":{"rendered":"https:\/\/psona.io\/?page_id=149"},"modified":"2026-01-22T21:17:21","modified_gmt":"2026-01-22T21:17:21","slug":"mentions-legales","status":"publish","type":"page","link":"https:\/\/psona.io\/it\/mentions-legales\/","title":{"rendered":"Informazioni legali"},"content":{"rendered":"<p>[et_pb_section fb_built=\u201d1\u2033 custom_padding_last_edited=\u201don|tablet\u201d admin_label=\u201dHeader\u201d _builder_version=\u201d4.27.0\u2033 custom_margin=\u201d0px||0px|true|false\u201d custom_padding=\u201d0px|0px|true|false\u201d custom_padding_tablet=\u201d||||true|false\u201d custom_padding_phone=\u201d||||true|false\u201d locked=\u201doff\u201d global_colors_info=\u201d{}\u201d][et_pb_row use_custom_gutter=\u201don\u201d gutter_width=\u201d1\u2033 custom_padding_last_edited=\u201don|phone\u201d _builder_version=\u201d4.27.0\u2033 background_color=\u201d#034833\u2033 background_size=\u201dinitial\u201d background_position=\u201dtop_left\u201d background_repeat=\u201drepeat\u201d width=\u201d95%\u201d custom_margin=\u201d||||true|false\u201d custom_padding=\u201d150px||150px||true|true\u201d custom_padding_tablet=\u201d80px||80px||true|false\u201d custom_padding_phone=\u201d60px||60px|true|false\u201d border_radii=\u201don|50px|50px|50px|50px\u201d global_colors_info=\u201d{}\u201d][et_pb_column type=\u201d4_4\u2033 _builder_version=\u201d4.27.0\u2033 custom_padding=\u201d|||\u201d global_colors_info=\u201d{}\u201d custom_padding__hover=\u201d|||\u201d custom_css_main_element_last_edited=\u201don|phone\u201d][et_pb_text module_class=\u201dtitle-header\u201d _builder_version=\u201d4.27.0\u2033 background_size=\u201dinitial\u201d background_position=\u201dtop_left\u201d background_repeat=\u201drepeat\u201d width=\u201d72%\u201d width_tablet=\u201d70%\u201d width_phone=\u201d68.5%\u201d width_last_edited=\u201don|tablet\u201d module_alignment=\u201dcenter\u201d custom_margin=\u201d0px|0px|false|false\u201d custom_margin_tablet=\u201d0px|0px|false|false\u201d custom_margin_phone=\u201d0px|0px|false|false\u201d custom_margin_last_edited=\u201don|tablet\u201d custom_padding=\u201d0px||0px||true|false\u201d header_font_size_tablet=\u201d50px\u201d header_font_size_phone=\u201d40px\u201d global_colors_info=\u201d{}\u201d]<\/p>\n<h1>Informazioni legali<\/h1>\n<p><!-- \/divi:paragraph --><\/p>\n<p>[\/et_pb_text][\/et_pb_column][\/et_pb_row][\/et_pb_section][et_pb_section fb_built=&#8221;1&#8243; _builder_version=&#8221;4.27.0&#8243; _module_preset=&#8221;default&#8221; global_colors_info=&#8221;{}&#8221;][et_pb_row _builder_version=&#8221;4.27.0&#8243; _module_preset=&#8221;default&#8221; global_colors_info=&#8221;{}&#8221;][et_pb_column type=&#8221;4_4&#8243; _builder_version=&#8221;4.27.0&#8243; _module_preset=&#8221;default&#8221; global_colors_info=&#8221;{}&#8221;][et_pb_text _builder_version=&#8221;4.27.4&#8243; _module_preset=&#8221;default&#8221; header_2_text_align=&#8221;center&#8221; hover_enabled=&#8221;0&#8243; global_colors_info=&#8221;{}&#8221; sticky_enabled=&#8221;0&#8243;]<\/p>\n<h2>Preambolo<\/h2>\n<p>Entry into force: January 22th, 2026<\/p>\n<p><strong>CLICKBUSTER LTD<\/strong><br \/><strong>63-66 Hatton Garden<\/strong><br \/><strong>Londra EC1N 8LE<\/strong><br \/><strong>Numero di societ\u00e0 13014667<\/strong><br \/><strong>Partita IVA GB 363 9346 71<\/strong><\/p>\n<p>Continuare a navigare sul nostro sito <a rel=\"noopener\" target=\"_new\" href=\"https:\/\/psona.io\/it\/\">https:\/\/psona.io\/<\/a> (di seguito il \"Sito\") implica che i visitatori del Sito (di seguito gli \"Utenti\") accettino senza riserve le seguenti disposizioni e le Condizioni generali d'uso (di seguito le \"CGU\"). Prima di qualsiasi utilizzo delle funzionalit\u00e0 del nostro Sito, l'Utente riconosce di aver letto le presenti Condizioni Generali e di averle accettate.<\/p>\n<p>L'attuale versione online dei nostri T&amp;C \u00e8 l'unica applicabile durante il periodo di utilizzo del Sito, fino a quando non la sostituiremo con una nuova versione.<\/p>\n<p>Il Sito \u00e8 gestito da CLICKBUSTER LTD (di seguito il \"Venditore\"), che si riserva il diritto di modificare le presenti condizioni in qualsiasi momento. Qualsiasi utilizzo del nostro Sito dopo la modifica delle CGU implica l'accettazione irrevocabile da parte dell'Utente della nuova versione. In caso di disaccordo con le nostre CGU, l'Utente \u00e8 invitato a interrompere l'utilizzo del nostro Sito.<\/p>\n<p>[\/et_pb_text][et_pb_text _builder_version=&#8221;4.27.0&#8243; _module_preset=&#8221;default&#8221; header_2_text_align=&#8221;center&#8221; global_colors_info=&#8221;{}&#8221;]<\/p>\n<h2>ARTICOLO 1 - DEFINIZIONI<\/h2>\n<p>Sul nostro Sito, i Termini di seguito riportati hanno il seguente significato:<\/p>\n<p>\"Contenuto\": si riferisce a tutti gli elementi che compongono le informazioni del nostro Sito (testi, immagini, video, algoritmi, software, widget, ecc.) e che ne consentono il funzionamento, l'informazione degli Utenti e la presentazione dei nostri servizi;<\/p>\n<p>\"Diritti di propriet\u00e0 intellettuale\": si intendono tutti i diritti di propriet\u00e0 intellettuale e i diritti connessi (diritti d'autore, diritti di marchio, diritti di brevetto, nomi commerciali, banche dati, ecc.) come protetti dal Copyright and Related Rights Act 2000, applicabile al momento della consultazione del Sito da parte dell'Utente;<\/p>\n<p>\"Caratteristiche\": si riferisce a tutte le funzionalit\u00e0 messe a disposizione dei nostri Utenti attraverso il nostro Sito;<\/p>\n<p>\"Sito\": si riferisce al Sito <a rel=\"noopener\" target=\"_new\" href=\"https:\/\/psona.io\/it\/\">https:\/\/psona.io\/<\/a> gestito dal Venditore e messo a disposizione degli Utenti ;<\/p>\n<p>\"Utente\": si riferisce a qualsiasi persona che utilizza il nostro Sito e ha accesso al suo contenuto.<\/p>\n<p>[\/et_pb_text][et_pb_text _builder_version=&#8221;4.27.4&#8243; _module_preset=&#8221;default&#8221; header_2_text_align=&#8221;center&#8221; hover_enabled=&#8221;0&#8243; global_colors_info=&#8221;{}&#8221; sticky_enabled=&#8221;0&#8243;]<\/p>\n<h2>ARTICOLO 2 - Informazioni legali<\/h2>\n<p>Ai sensi del Regolamento [UE] 2018\/679 del Parlamento Europeo e del Consiglio del 27 aprile 2016 relativo alla protezione delle persone fisiche con riguardo al trattamento dei dati personali, nonch\u00e9 alla libera circolazione di tali dati, l'Utente del nostro Sito \u00e8 informato dell'identit\u00e0 dei soggetti coinvolti nella sua creazione e nel suo monitoraggio:<\/p>\n<p>Responsabile editoriale: Carlo Ela <a rel=\"noopener\">contact@psona.io<\/a> .<\/p>\n<p><span>Ce site est h\u00e9berg\u00e9 par la soci\u00e9t\u00e9 Kinsta Inc., dont le si\u00e8ge social est situ\u00e9\u00a0<\/span><b>8605 Santa Monica Blvd #92581 West Hollywood, CA 90069 &#8211; \u00c9tats-Unis<\/b><span>.<\/span><\/p>\n<p>Sviluppatore: CLICKBUSTER LTD<\/p>\n<p>Responsabile della protezione dei dati: Carlo Ela <a rel=\"noopener\">contact@psona.io<\/a>.<\/p>\n<p>[\/et_pb_text][et_pb_text _builder_version=&#8221;4.27.4&#8243; _module_preset=&#8221;default&#8221; header_2_text_align=&#8221;center&#8221; hover_enabled=&#8221;0&#8243; global_colors_info=&#8221;{}&#8221; sticky_enabled=&#8221;0&#8243;]<\/p>\n<h2>ARTICOLO 3 - Protezione dei dati personali<\/h2>\n<p>Al fine di utilizzare il nostro Sito, tratteremo alcuni dati personali relativi all'Utente. Questo trattamento viene effettuato in conformit\u00e0 con il Data Protection Act 2018 e con l'Informativa sulla protezione dei dati disponibile al seguente link:<\/p>\n<p><a href=\"https:\/\/psona.io\/it\/politique-de-confidentialite\/\">https:\/\/psona.io\/politique-de-confidentialite\/<\/a><\/p>\n<p>[\/et_pb_text][et_pb_text _builder_version=&#8221;4.27.0&#8243; _module_preset=&#8221;default&#8221; header_2_text_align=&#8221;center&#8221; global_colors_info=&#8221;{}&#8221;]<\/p>\n<h2>ARTICOLO 4 - Accesso al sito<\/h2>\n<div class=\"group\/conversation-turn relative flex w-full min-w-0 flex-col agent-turn\">\n<div class=\"flex-col gap-1 md:gap-3\">\n<div class=\"flex max-w-full flex-col flex-grow\">\n<div data-message-author-role=\"assistant\" data-message-id=\"1921b6bd-7e01-40ec-81aa-bce2a7802030\" dir=\"auto\" class=\"min-h-[20px] text-message flex w-full flex-col items-end gap-2 whitespace-normal break-words [.text-message+&amp;]:mt-5\">\n<div class=\"flex w-full flex-col gap-1 empty:hidden first:pt-[3px]\">\n<div class=\"markdown prose w-full break-words dark:prose-invert dark\">\n<p>L'accesso e l'utilizzo del Sito sono riservati ad un uso strettamente personale. L'Utente si impegna a non utilizzare il Sito, n\u00e9 le informazioni o i dati in esso contenuti, per scopi commerciali, politici o pubblicitari o per qualsiasi forma di sollecitazione commerciale, in particolare l'invio di e-mail non richieste.<\/p>\n<p>L'accesso al Sito \u00e8 riservato ai maggiorenni. Il Venditore si riserva il diritto di richiedere una prova dell'et\u00e0, in particolare se si utilizzano i servizi di ordinazione online. Il Venditore non potr\u00e0 essere ritenuto responsabile in caso di accesso al Sito da parte di minori, n\u00e9 in caso di informazioni errate o fuorvianti fornite dagli Utenti sul Sito.<\/p>\n<p>Gli utenti sono personalmente responsabili dell'installazione delle risorse informatiche e di telecomunicazione necessarie per accedere al Sito. Essi dovranno sostenere i costi di telecomunicazione associati all'accesso a Internet tramite il Sito.<\/p>\n<\/div>\n<\/div>\n<\/div>\n<\/div>\n<\/div>\n<\/div>\n<p>[\/et_pb_text][et_pb_text _builder_version=&#8221;4.27.0&#8243; _module_preset=&#8221;default&#8221; header_2_text_align=&#8221;center&#8221; global_colors_info=&#8221;{}&#8221;]<\/p>\n<h2>ARTICOLO 5 - Descrizione dei servizi forniti<\/h2>\n<p>Ci sforziamo di fornire informazioni il pi\u00f9 possibile accurate, ma non possiamo essere ritenuti responsabili per eventuali omissioni, imprecisioni o mancato aggiornamento delle informazioni. Tutte le informazioni fornite sul Sito sono fornite a titolo puramente informativo e non sono esaustive. Esse vengono fornite con riserva di eventuali modifiche apportate dopo la loro messa online.<\/p>\n<p>[\/et_pb_text][et_pb_text _builder_version=&#8221;4.27.0&#8243; _module_preset=&#8221;default&#8221; header_2_text_align=&#8221;center&#8221; global_colors_info=&#8221;{}&#8221;]<\/p>\n<h2>ARTICOLO 6 - Propriet\u00e0 intellettuale<\/h2>\n<p><strong>6.1 Il nostro sito web<\/strong><\/p>\n<p>Tutti i marchi, le fotografie, i testi, i commenti, le illustrazioni, le immagini animate o fisse, le sequenze video, i suoni, nonch\u00e9 tutte le applicazioni informatiche che possono essere utilizzate per il funzionamento del Sito e, pi\u00f9 in generale, tutti gli elementi riprodotti o utilizzati sul Sito, sono protetti dalle leggi vigenti in materia di propriet\u00e0 intellettuale.<\/p>\n<p>Essi sono di piena e totale propriet\u00e0 del venditore o dei suoi partner commerciali. \u00c8 severamente vietata la riproduzione, la rappresentazione, l'uso o l'adattamento, in qualsiasi forma, di tutti o parte di questi elementi, comprese le applicazioni informatiche, senza il previo consenso scritto dell'editore. Il fatto che l'editore non intraprenda azioni legali non appena viene a conoscenza di tale uso non autorizzato da parte dell'Utente non costituisce un'accettazione di tale uso o una rinuncia al diritto di intraprendere azioni legali. \u00c8 severamente vietato all'Utente di :<\/p>\n<p>- copiare, riprodurre, rappresentare, trasmettere, distribuire o pubblicare, in modo permanente o temporaneo, tutto o parte del Contenuto e\/o del Sito con qualsiasi mezzo; - creare opere derivate dal Contenuto e\/o dal Sito; - modificare, tradurre, adattare o sistemare tutto o parte del Contenuto e\/o del Sito; - disassemblare, decompilare o decodificare il Sito.<\/p>\n<p>In ogni caso, gli Utenti sono gli unici responsabili del loro utilizzo del Sito. Qualsiasi utilizzo non autorizzato del Sito o di qualsiasi elemento in esso contenuto sar\u00e0 considerato una violazione del Data Protection Act 2000.<\/p>\n<p><strong>6.2 Il nostro marchio<\/strong><\/p>\n<p>I marchi verbali e visivi (logo) del Venditore e di CLICKBUSTER LTD sono protetti. Il loro utilizzo senza l'autorizzazione scritta del Venditore o dei suoi partner, su qualsiasi supporto, a fini di promozione di prodotti o servizi, o a fini commerciali, \u00e8 vietato a pena di azioni penali e civili da parte del Venditore nei confronti dell'Utente e\/o dei terzi responsabili.<\/p>\n<p><strong>6.3 Contenuto<\/strong><\/p>\n<p>Il contenuto \u00e8 liberamente accessibile sul Sito. La messa online dei contenuti non conferisce alcun trasferimento di diritti d'autore o di propriet\u00e0 dei contenuti, che rimangono di piena e intera propriet\u00e0 del Venditore e dei collaboratori.<\/p>\n<p>Nessun Utente pu\u00f2 o deve intraprendere azioni contrarie all'applicazione dei diritti d'autore e di propriet\u00e0 intellettuale, o contrarie a qualsiasi altra legge britannica o internazionale relativa ai diritti di propriet\u00e0 intellettuale. Il Venditore e i suoi collaboratori si riservano il diritto di perseguire qualsiasi Utente per qualsiasi violazione delle presenti CDU.<\/p>\n<p>[\/et_pb_text][et_pb_text _builder_version=&#8221;4.27.0&#8243; _module_preset=&#8221;default&#8221; header_2_text_align=&#8221;center&#8221; global_colors_info=&#8221;{}&#8221;]<\/p>\n<h2>ARTICOLO 7 - Gestione del sito<\/h2>\n<p>Il nostro Sito \u00e8 normalmente accessibile agli Utenti in ogni momento. Per garantire la corretta gestione del Sito, il Venditore si riserva il diritto in qualsiasi momento di:<\/p>\n<p>- sospendere, interrompere o limitare l'accesso a tutto o parte del Sito, per qualsiasi motivo, con o senza preavviso e a propria discrezione; - cancellare qualsiasi informazione che possa disturbare il suo funzionamento, per qualsiasi motivo, con o senza preavviso e a propria discrezione; - sospendere il Sito per effettuare aggiornamenti.<\/p>\n<p>Il Venditore far\u00e0 del suo meglio per informare in anticipo gli Utenti sulle date e gli orari degli interventi, ma non potr\u00e0 essere ritenuto responsabile in caso di inadempienza.<\/p>\n<p>[\/et_pb_text][et_pb_text _builder_version=&#8221;4.27.0&#8243; _module_preset=&#8221;default&#8221; header_2_text_align=&#8221;center&#8221; global_colors_info=&#8221;{}&#8221;]<\/p>\n<h2>ARTICOLO 8 - Responsabilit\u00e0<\/h2>\n<p><strong>8.1 Accesso al Sito<\/strong><\/p>\n<p>Il Venditore si impegna a fare il possibile per garantire che il Sito sia accessibile 24 ore al giorno, 7 giorni alla settimana. Tuttavia, il Venditore non si impegna a garantire la disponibilit\u00e0 e l'accessibilit\u00e0 permanente del Sito e non garantisce che il Sito sia privo di errori. Il Venditore non potr\u00e0 essere ritenuto responsabile in caso di guasti, malfunzionamenti, difficolt\u00e0 o interruzioni di funzionamento che impediscano l'accesso al Sito o a una qualsiasi delle sue funzioni.<\/p>\n<p>Il Venditore e l'host non possono essere ritenuti responsabili in caso di malfunzionamento della rete Internet, delle linee telefoniche o delle apparecchiature informatiche e telefoniche, in particolare a causa della congestione della rete, che impedisca l'accesso al server.<\/p>\n<p>Il Venditore non potr\u00e0 essere ritenuto responsabile in caso di procedimenti giudiziari a carico degli Utenti:<\/p>\n<p>- come conseguenza dell'utilizzo del Sito o di qualsiasi altro servizio accessibile via Internet; - come conseguenza del mancato rispetto delle presenti CGU da parte dell'Utente.<\/p>\n<p><strong>8.2 Apparecchiature utilizzate<\/strong><\/p>\n<p>L'attrezzatura di connessione utilizzata dall'Utente per accedere al Sito \u00e8 sotto la sua piena e totale responsabilit\u00e0. \u00c8 responsabilit\u00e0 dell'Utente adottare tutte le misure appropriate per proteggere le proprie apparecchiature e i propri dati. L'Utente si impegna ad accedere al Sito utilizzando apparecchiature recenti e prive di virus e con un browser aggiornato.<\/p>\n<p>Il Venditore non \u00e8 responsabile di eventuali danni causati agli Utenti, a terzi e\/o alle loro apparecchiature in conseguenza della connessione o dell'utilizzo del Sito, e gli Utenti rinunciano a qualsiasi azione al riguardo nei confronti del Venditore.<\/p>\n<p>Il Venditore non potr\u00e0 essere ritenuto responsabile per danni indiretti (come la perdita di affari o di opportunit\u00e0) derivanti dall'uso del Sito.<\/p>\n<p>[\/et_pb_text][et_pb_text _builder_version=&#8221;4.27.0&#8243; _module_preset=&#8221;default&#8221; header_2_text_align=&#8221;center&#8221; global_colors_info=&#8221;{}&#8221;]<\/p>\n<h2>ARTICOLO 9 - FOTOGRAFIE E RAPPRESENTAZIONE DI PRODOTTI E SERVIZI<\/h2>\n<p>Le fotografie presenti sul Sito, che accompagnano la loro descrizione, non hanno valore contrattuale e non sono vincolanti per il Venditore.<\/p>\n<p>[\/et_pb_text][et_pb_text _builder_version=&#8221;4.27.0&#8243; _module_preset=&#8221;default&#8221; header_2_text_align=&#8221;center&#8221; global_colors_info=&#8221;{}&#8221;]<\/p>\n<h2>ARTICOLO 10 - Collegamenti ipertestuali<\/h2>\n<p>La creazione da parte dell'Utente di qualsiasi link ipertestuale a tutto o parte del Sito \u00e8 autorizzata, previa autorizzazione scritta di CLICKBUSTER LTD, da richiedere via e-mail al seguente indirizzo: <a rel=\"noopener\">contact@psona.io<\/a>.<\/p>\n<p>Il Venditore \u00e8 libero di rifiutare tale autorizzazione senza dover giustificare in alcun modo la propria decisione. Nel caso in cui il Venditore conceda l'autorizzazione, questa \u00e8 in ogni caso temporanea e pu\u00f2 essere revocata in qualsiasi momento, senza alcun obbligo di giustificare la propria decisione. In ogni caso, qualsiasi link dovr\u00e0 essere rimosso su richiesta del marchio.<\/p>\n<p>Il Sito contiene una serie di collegamenti ipertestuali ad altri siti, creati con l'autorizzazione del Venditore. Tuttavia, la nostra societ\u00e0 non \u00e8 in grado di controllare il contenuto dei siti visitati in questo modo e non si assume pertanto alcuna responsabilit\u00e0 al riguardo.<\/p>\n<p>[\/et_pb_text][et_pb_text _builder_version=&#8221;4.27.0&#8243; _module_preset=&#8221;default&#8221; header_2_text_align=&#8221;center&#8221; global_colors_info=&#8221;{}&#8221;]<\/p>\n<h2>ARTICOLO 11 - Invalidit\u00e0 parziale<\/h2>\n<p>La temporanea mancata applicazione di una o pi\u00f9 clausole delle presenti condizioni generali non potr\u00e0 in nessun caso essere interpretata come una rinuncia da parte di CLICKBUSTER LTD ad avvalersi di una qualsiasi di tali clausole.<\/p>\n<p>Se una o pi\u00f9 disposizioni dei presenti termini e condizioni sono dichiarate nulle o inapplicabili per legge, regolamento o sentenza definitiva di un tribunale, le altre disposizioni manterranno il loro pieno vigore e la loro portata e continueranno ad essere pienamente applicabili.<\/p>\n<p>[\/et_pb_text][et_pb_text _builder_version=&#8221;4.27.0&#8243; _module_preset=&#8221;default&#8221; header_2_text_align=&#8221;center&#8221; global_colors_info=&#8221;{}&#8221;]<\/p>\n<h2>ARTICOLO 12 - Lingua<\/h2>\n<p>Se queste CGU sono tradotte in una o pi\u00f9 lingue, la lingua di interpretazione sar\u00e0 l'inglese.<\/p>\n<p>[\/et_pb_text][et_pb_text _builder_version=&#8221;4.27.0&#8243; _module_preset=&#8221;default&#8221; header_2_text_align=&#8221;center&#8221; custom_css_free_form=&#8221;selector table, selector td, selector tr, selector th {||  border:1px solid;||  border-color:#034833 !important;||}&#8221; global_colors_info=&#8221;{}&#8221;]<\/p>\n<h2>ARTICOLO 13 - Legge applicabile<\/h2>\n<p>I presenti Termini e condizioni del sito sono disciplinati dalla legge britannica e, in caso di controversia, sono soggetti alla giurisdizione esclusiva dei tribunali ordinari, fatta salva una specifica attribuzione di giurisdizione derivante da un testo di legge o da un regolamento particolare.<\/p>\n<p>[\/et_pb_text][et_pb_text _builder_version=&#8221;4.27.0&#8243; _module_preset=&#8221;default&#8221; header_2_text_align=&#8221;center&#8221; custom_css_free_form=&#8221;selector table, selector td, selector tr, selector th {||  border:1px solid;||  border-color:#034833 !important;||}&#8221; global_colors_info=&#8221;{}&#8221;]<\/p>\n<h2>ARTICOLO 14 - Contatti<\/h2>\n<p>Pour toute question, information concernant les Services pr\u00e9sent\u00e9s sur le Site ou relative au Site lui-m\u00eame, l&#8217;Utilisateur peut laisser un message \u00e0 l&#8217;adresse suivante : contact@psona.io.<\/p>\n<p>[\/et_pb_text][\/et_pb_column][\/et_pb_row][\/et_pb_section]<\/p>","protected":false},"excerpt":{"rendered":"<p>Mentions l\u00e9gales Preamble Entry into force: January 22th, 2026 CLICKBUSTER LTD63-66 Hatton GardenLondon EC1N 8LECompany number 13014667VAT number GB 363 9346 71 La navigation continue sur notre Site https:\/\/psona.io\/ (ci-apr\u00e8s le \u00ab Site \u00bb) implique que les visiteurs du Site (ci-apr\u00e8s l&#8217;\u00ab Utilisateur(s) \u00bb) acceptent sans r\u00e9serve les dispositions et Conditions G\u00e9n\u00e9rales d&#8217;Utilisation qui suivent [&hellip;]<\/p>","protected":false},"author":1,"featured_media":0,"parent":0,"menu_order":0,"comment_status":"closed","ping_status":"closed","template":"","meta":{"_et_pb_use_builder":"on","_et_pb_old_content":"<!-- wp:divi\/placeholder \/-->","_et_gb_content_width":"","inline_featured_image":false,"footnotes":""},"class_list":["post-149","page","type-page","status-publish","hentry"],"_links":{"self":[{"href":"https:\/\/psona.io\/it\/wp-json\/wp\/v2\/pages\/149","targetHints":{"allow":["GET"]}}],"collection":[{"href":"https:\/\/psona.io\/it\/wp-json\/wp\/v2\/pages"}],"about":[{"href":"https:\/\/psona.io\/it\/wp-json\/wp\/v2\/types\/page"}],"author":[{"embeddable":true,"href":"https:\/\/psona.io\/it\/wp-json\/wp\/v2\/users\/1"}],"replies":[{"embeddable":true,"href":"https:\/\/psona.io\/it\/wp-json\/wp\/v2\/comments?post=149"}],"version-history":[{"count":6,"href":"https:\/\/psona.io\/it\/wp-json\/wp\/v2\/pages\/149\/revisions"}],"predecessor-version":[{"id":2638,"href":"https:\/\/psona.io\/it\/wp-json\/wp\/v2\/pages\/149\/revisions\/2638"}],"wp:attachment":[{"href":"https:\/\/psona.io\/it\/wp-json\/wp\/v2\/media?parent=149"}],"curies":[{"name":"wp","href":"https:\/\/api.w.org\/{rel}","templated":true}]}}