{"id":151,"date":"2024-09-05T10:24:54","date_gmt":"2024-09-05T10:24:54","guid":{"rendered":"https:\/\/psona.io\/?page_id=151"},"modified":"2026-01-22T21:16:39","modified_gmt":"2026-01-22T21:16:39","slug":"conditions-de-paiement-recurrent","status":"publish","type":"page","link":"https:\/\/psona.io\/lt\/conditions-de-paiement-recurrent\/","title":{"rendered":"Pasikartojan\u010dios mok\u0117jimo s\u0105lygos"},"content":{"rendered":"<p>[et_pb_section fb_built=\u201d1\u2033 custom_padding_last_edited=\u201don|tablet\u201d admin_label=\u201dAntra\u0161t\u0117\u201d _builder_version=\u201d4.27.0\u2033 custom_margin=\u201d0px||0px||true|false\u201d custom_padding=\u201d0px||0px||true|false\u201d custom_padding_tablet=\u201d||||true|false\u201d custom_padding_phone=\u201d||||true|false\u201d locked=\u201doff\u201d global_colors_info=\u201d{}\u201d][et_pb_row use_custom_gutter=\u201don\u201d gutter_width=\u201d1\u2033 custom_padding_last_edited=\u201don|phone\u201d _builder_version=\u201d4.27.0\u2033 background_color=\u201d#034833\u2033 background_size=\u201dinitial\u201d background_position=\u201dtop_left\u201d background_repeat=\u201drepeat\u201d width=\u201d95%\u201d custom_margin=\u201d||||true|false\u201d custom_padding=\u201d150px|||150px|true|true\u201d custom_padding_tablet=\u201d80px||80px|||true|false\u201d custom_padding_phone=\u201d60px||60px||true|false\u201d border_radii=\u201don|50px|50px|50px|50px\u201d global_colors_info=\u201d{}\u201d][et_pb_column type=\u201d4_4\u2033 _builder_version=\u201d4.27.0\u2033 custom_padding=\u201d||||\u201d global_colors_info=\u201d{}\u201d custom_padding__hover=\u201d|||\u201d custom_css_main_element_last_edited=\u201don|phone\u201d][et_pb_text module_class=\u201dtitle-header\u201d _builder_version=\u201d4.27.0\u2033 background_size=\u201dinitial\u201d background_position=\u201dtop_left\u201d background_repeat=\u201drepeat\u201d width=\u201d72%\u201d width_tablet=\u201d70%\u201d width_phone=\u201d68.5%\u201d width_last_edited=\u201don|tablet\u201d module_alignment=\u201dcenter\u201d custom_margin=\u201d0px||0px|||false|false\u201d custom_margin_tablet=\u201d0px||0px||false|false\u201d custom_margin_phone=\u201d0px||0px||false|false\u201d custom_margin_last_edited=\u201don|tablet\u201d custom_padding=\u201d0px||0px||true|false\u201d header_font_size_tablet=\u201d50px\u201d header_font_size_phone=\u201d40px\u201d global_colors_info=\u201d{}\u201d]<\/p>\n<h1>Pasikartojan\u010dios mok\u0117jimo s\u0105lygos<\/h1>\n<p>&nbsp;<\/p>\n<p><!-- \/divi:paragraph -->[\/et_pb_text][\/et_pb_column][\/et_pb_row][\/et_pb_section][et_pb_section fb_built=&#8221;1&#8243; _builder_version=&#8221;4.27.0&#8243; _module_preset=&#8221;default&#8221; global_colors_info=&#8221;{}&#8221;][et_pb_row _builder_version=&#8221;4.27.0&#8243; _module_preset=&#8221;default&#8221; global_colors_info=&#8221;{}&#8221;][et_pb_column type=&#8221;4_4&#8243; _builder_version=&#8221;4.27.0&#8243; _module_preset=&#8221;default&#8221; global_colors_info=&#8221;{}&#8221;][et_pb_text _builder_version=&#8221;4.27.4&#8243; _module_preset=&#8221;default&#8221; header_2_text_align=&#8221;center&#8221; hover_enabled=&#8221;0&#8243; global_colors_info=&#8221;{}&#8221; sticky_enabled=&#8221;0&#8243;]<\/p>\n<h2>Prenumeratos s\u0105lygos<\/h2>\n<p>\u012esigaliojimas: 2026 m. sausio 22 d.<\/p>\n<p><strong>CLICKBUSTER LTD<\/strong><br \/><strong>63-66 Hatton Garden<\/strong><br \/><strong>Londonas EC1N 8LE<\/strong><br \/><strong>\u012emon\u0117s numeris 13014667<\/strong><br \/><strong>PVM mok\u0117tojo kodas GB 363 9346 71<\/strong><\/p>\n<p>Prenumeruojant PSONA paslaugas, galite naudotis \u0161iais privalumais:<\/p>\n<ul>\n<li>Neribotas test\u0173 skai\u010dius<\/li>\n<li>Vis\u0173 tyrim\u0173 rezultat\u0173 saugojimas<\/li>\n<li>Test\u0173 palyginimai<\/li>\n<li>Rezultatai siun\u010diami el. pa\u0161tu<\/li>\n<\/ul>\n<p>Prenumerata suteikia galimyb\u0119 24 valandas naudotis nari\u0173 zona u\u017e akcijin\u0119 0,5 EUR su PVM kain\u0105. Pasibaigus \u0161iam bandomajam laikotarpiui, bus taikoma 47,5 EUR (su PVM) m\u0117nesio prenumerata. Mok\u0117jimas bus automati\u0161kai nura\u0161omas i\u0161 j\u016bs\u0173 kredito kortel\u0117s kiekvien\u0105 m\u0117nes\u012f metini\u0173 dien\u0105.<\/p>\n<p>Prenumerat\u0105 galite bet kada ir bes\u0105lygi\u0161kai nutraukti tiesiogiai \u0161iame puslapyje: <a rel=\"noopener\" target=\"_new\" href=\"https:\/\/psona.io\/lt\/se-desabonner\/\">https:\/\/psona.io\/se-desabonner\/<\/a><\/p>\n<p>Nor\u0117dami at\u0161aukti prenumerat\u0105, susisiekite su m\u016bs\u0173 klient\u0173 aptarnavimo tarnyba el. pa\u0161tu <a rel=\"noopener\">contact@psona.io<\/a>arba per m\u016bs\u0173 kontaktin\u0119 form\u0105, kuri\u0105 rasite paspaud\u0119 \u0161i\u0105 nuorod\u0105: <a href=\"https:\/\/psona.io\/lt\/contact\/\">https:\/\/psona.io\/contact\/<\/a><\/p>\n<p>PSONA neparduoda savo klient\u0173 informacijos; asmens duomenys naudojami tik bendravimui su klientais ir norimo lygio paslaug\u0173 teikimui.<\/p>\n<p>PSONA naudojasi mok\u0117jimo paslaug\u0173 teik\u0117jais, kurie atitinka PCI DSS saugumo standartus.<\/p>\n<p>[\/et_pb_text][\/et_pb_column][\/et_pb_row][\/et_pb_section]<\/p>","protected":false},"excerpt":{"rendered":"<p>Conditions de paiement r\u00e9current &nbsp; Termes d&#8217;abonnement Entry into force: January 22th, 2026 CLICKBUSTER LTD63-66 Hatton GardenLondon EC1N 8LECompany number 13014667VAT number GB 363 9346 71 Souscrire aux services de PSONA vous donne acc\u00e8s aux avantages suivants : Tests illimit\u00e9s Stockage de tous les r\u00e9sultats de test Comparaisons entre tests R\u00e9sultats envoy\u00e9s par email L&#8217;abonnement [&hellip;]<\/p>","protected":false},"author":1,"featured_media":0,"parent":0,"menu_order":0,"comment_status":"closed","ping_status":"closed","template":"","meta":{"_et_pb_use_builder":"on","_et_pb_old_content":"<!-- wp:divi\/placeholder \/-->","_et_gb_content_width":"","inline_featured_image":false,"footnotes":""},"class_list":["post-151","page","type-page","status-publish","hentry"],"_links":{"self":[{"href":"https:\/\/psona.io\/lt\/wp-json\/wp\/v2\/pages\/151","targetHints":{"allow":["GET"]}}],"collection":[{"href":"https:\/\/psona.io\/lt\/wp-json\/wp\/v2\/pages"}],"about":[{"href":"https:\/\/psona.io\/lt\/wp-json\/wp\/v2\/types\/page"}],"author":[{"embeddable":true,"href":"https:\/\/psona.io\/lt\/wp-json\/wp\/v2\/users\/1"}],"replies":[{"embeddable":true,"href":"https:\/\/psona.io\/lt\/wp-json\/wp\/v2\/comments?post=151"}],"version-history":[{"count":6,"href":"https:\/\/psona.io\/lt\/wp-json\/wp\/v2\/pages\/151\/revisions"}],"predecessor-version":[{"id":2637,"href":"https:\/\/psona.io\/lt\/wp-json\/wp\/v2\/pages\/151\/revisions\/2637"}],"wp:attachment":[{"href":"https:\/\/psona.io\/lt\/wp-json\/wp\/v2\/media?parent=151"}],"curies":[{"name":"wp","href":"https:\/\/api.w.org\/{rel}","templated":true}]}}