{"id":138,"date":"2024-09-05T10:22:57","date_gmt":"2024-09-05T10:22:57","guid":{"rendered":"https:\/\/psona.io\/?page_id=138"},"modified":"2026-01-22T21:36:34","modified_gmt":"2026-01-22T21:36:34","slug":"a-propos","status":"publish","type":"page","link":"https:\/\/psona.io\/pt\/a-propos\/","title":{"rendered":"Sobre n\u00f3s"},"content":{"rendered":"<p>[et_pb_section fb_built=\u201d1\u2033 custom_padding_last_edited=\u201don|tablet\u201d admin_label=\u201dCabe\u00e7alho\u201d _builder_version=\u201d4.27.0\u2033 custom_margin=\u201d0px||0px||true|false\u201d custom_padding=\u201d0px||0px||true|false\u201d custom_padding_tablet=\u201d||||true|false\u201d custom_padding_phone=\u201d||||true|false\u201d locked=\u201doff\u201d global_colors_info=\u201d{}\u201d][et_pb_row use_custom_gutter=\u201don\u201d gutter_width=\u201d1\u2033 custom_padding_last_edited=\u201don|phone\u201d _builder_version=\u201d4.27.0\u2033 background_color=\u201d#034833\u2033 background_size=\u201dinitial\u201d background_position=\u201dtop_left\u201d background_repeat=\u201drepeat\u201d width=\u201d95%\u201d custom_margin=\u201d||||true|false\u201d custom_padding=\u201d150px|||150px|||true|true\u201d custom_padding_tablet=\u201d80px||80px||true|false\u201d custom_padding_phone=\u201d60px||60px||true|false\u201d border_radii=\u201don|50px|50px|50px|50px|50px\u201d global_colors_info=\u201d{}\u201d][et_pb_column type=\u201d4_4\u2033 _builder_version=\u201d4.27.0\u2033 custom_padding=\u201d|||\u201d global_colors_info=\u201d{}\u201d custom_padding__hover=\u201d|||\u201d custom_css_main_element_last_edited=\u201don|phone\u201d][et_pb_text module_class=\u201dtitle-header\u201d _builder_version=\u201d4.27.0\u2033 background_size=\u201dinitial\u201d background_position=\u201dtop_left\u201d background_repeat=\u201drepeat\u201d width=\u201d72%\u201d width_tablet=\u201d70%\u201d width_phone=\u201d68.5%\u201d width_last_edited=\u201don|tablet\u201d module_alignment=\u201dcenter\u201d custom_margin=\u201d0px||0px||false|false\u201d custom_margin_tablet=\u201d0px||0px||false|false\u201d custom_margin_phone=\u201d0px|||0px||false|false\u201d custom_margin_last_edited=\u201don|tablet\u201d custom_padding=\u201d0px||0px||true|false\u201d header_font_size_tablet=\u201d50px\u201d header_font_size_phone=\u201d40px\u201d global_colors_info=\u201d{}\u201d]<\/p>\n<h1>Sobre n\u00f3s<\/h1>\n<p><!-- \/divi:paragraph --><\/p>\n<p>[\/et_pb_text][\/et_pb_column][\/et_pb_row][\/et_pb_section][et_pb_section fb_built=&#8221;1&#8243; admin_label=&#8221;The test&#8221; _builder_version=&#8221;4.27.0&#8243; _module_preset=&#8221;default&#8221; custom_margin=&#8221;||||false&#8221; custom_padding=&#8221;60px||0px||false|false&#8221; global_colors_info=&#8221;{}&#8221;][et_pb_row _builder_version=&#8221;4.27.0&#8243; _module_preset=&#8221;default&#8221; width=&#8221;68.5%&#8221; global_colors_info=&#8221;{}&#8221;][et_pb_column type=&#8221;4_4&#8243; _builder_version=&#8221;4.27.0&#8243; _module_preset=&#8221;default&#8221; global_colors_info=&#8221;{}&#8221;][et_pb_text _builder_version=&#8221;4.27.0&#8243; _module_preset=&#8221;default&#8221; header_5_font=&#8221;|600||on|||||&#8221; header_5_text_color=&#8221;#034833&#8243; header_5_font_size=&#8221;18px&#8221; header_5_letter_spacing=&#8221;1px&#8221; custom_margin=&#8221;||0px||false|false&#8221; custom_padding=&#8221;||0px||false|false&#8221; global_colors_info=&#8221;{}&#8221;]<\/p>\n<h5>Reconhecido cientificamente<\/h5>\n<p>[\/et_pb_text][et_pb_text _builder_version=&#8221;4.27.0&#8243; _module_preset=&#8221;default&#8221; header_2_text_color=&#8221;#000000&#8243; custom_margin=&#8221;||0px||false|false&#8221; custom_padding=&#8221;||0px||false|false&#8221; global_colors_info=&#8221;{}&#8221;]<\/p>\n<h2>O teste<\/h2>\n<p>[\/et_pb_text][et_pb_text _builder_version=&#8221;4.27.0&#8243; _module_preset=&#8221;default&#8221; text_line_height=&#8221;1.8em&#8221; custom_margin=&#8221;0px||||false|false&#8221; custom_padding=&#8221;0px||||false|false&#8221; global_colors_info=&#8221;{}&#8221;]<\/p>\n<p>Em psicologia, o termo \"Big Five\" refere-se a um modelo de personalidade constitu\u00eddo por cinco tra\u00e7os principais. Este modelo foi proposto pelo psic\u00f3logo americano Lewis Goldberg em 1981 e desenvolvido por Costa e McCrae entre 1987 e 1992. \u00c9 amplamente reconhecido como uma refer\u00eancia na investiga\u00e7\u00e3o te\u00f3rica da personalidade e tem sido utilizado para criar os perfis psicol\u00f3gicos de milh\u00f5es de pessoas em todo o mundo.<br \/>An\u00e1lises aprofundadas estabeleceram liga\u00e7\u00f5es entre as medidas dos Cinco Grandes Fatores e v\u00e1rios aspetos do comportamento:<\/p>\n<p>[\/et_pb_text][\/et_pb_column][\/et_pb_row][et_pb_row column_structure=&#8221;1_2,1_2&#8243; make_equal=&#8221;on&#8221; _builder_version=&#8221;4.27.0&#8243; _module_preset=&#8221;default&#8221; width=&#8221;68.5%&#8221; global_colors_info=&#8221;{}&#8221;][et_pb_column type=&#8221;1_2&#8243; _builder_version=&#8221;4.27.0&#8243; _module_preset=&#8221;default&#8221; custom_padding=&#8221;40px|25px|40px|25px|true|true&#8221; custom_css_main_element=&#8221;max-width:350px;&#8221; border_radii=&#8221;on|20px|20px|20px|20px&#8221; border_width_all=&#8221;1px&#8221; border_color_all=&#8221;#e3dbd8&#8243; global_colors_info=&#8221;{}&#8221;][et_pb_text _builder_version=&#8221;4.27.0&#8243; _module_preset=&#8221;default&#8221; text_font=&#8221;|700|||||||&#8221; text_text_color=&#8221;#034833&#8243; text_font_size=&#8221;22px&#8221; global_colors_info=&#8221;{}&#8221;]<\/p>\n<p>Desempenho profissional<\/p>\n<p>[\/et_pb_text][et_pb_text _builder_version=\u201d4.27.0\u2033 _module_preset=\u201ddefault\u201d text_line_height=\u201d1.8em\u201d global_colors_info=\u201d{}\u201d]<\/p>\n<p>O desempenho consciente est\u00e1 associado independentemente do sector de atividade e dos crit\u00e9rios de avalia\u00e7\u00e3o.<\/p>\n<p>[\/et_pb_text][\/et_pb_column][et_pb_column type=&#8221;1_2&#8243; _builder_version=&#8221;4.27.0&#8243; _module_preset=&#8221;default&#8221; custom_padding=&#8221;40px|25px|40px|25px|true|true&#8221; custom_css_main_element=&#8221;max-width:480px;&#8221; border_radii=&#8221;on|20px|20px|20px|20px&#8221; border_width_all=&#8221;1px&#8221; border_color_all=&#8221;#e3dbd8&#8243; global_colors_info=&#8221;{}&#8221;][et_pb_text _builder_version=&#8221;4.27.0&#8243; _module_preset=&#8221;default&#8221; text_font=&#8221;|700|||||||&#8221; text_text_color=&#8221;#034833&#8243; text_font_size=&#8221;22px&#8221; global_colors_info=&#8221;{}&#8221;]<\/p>\n<p>Perturba\u00e7\u00f5es da personalidade<\/p>\n<p>[\/et_pb_text][et_pb_text _builder_version=\u201d4.27.0\u2033 _module_preset=\u201ddefault\u201d text_line_height=\u201d1.8em\u201d global_colors_info=\u201d{}\u201d]<\/p>\n<p>Cada categoria do Manual de Diagn\u00f3stico e Estat\u00edstica das Perturba\u00e7\u00f5es Mentais (DSM) corresponde a um perfil espec\u00edfico dos Cinco Grandes, frequentemente caracterizado por um elevado n\u00edvel de neuroticismo e um baixo n\u00edvel de agradabilidade.<\/p>\n<p>[\/et_pb_text][\/et_pb_column][\/et_pb_row][et_pb_row _builder_version=&#8221;4.27.0&#8243; _module_preset=&#8221;default&#8221; width=&#8221;68.5%&#8221; global_colors_info=&#8221;{}&#8221;][et_pb_column type=&#8221;4_4&#8243; _builder_version=&#8221;4.27.0&#8243; _module_preset=&#8221;default&#8221; global_colors_info=&#8221;{}&#8221;][et_pb_text _builder_version=&#8221;4.27.0&#8243; _module_preset=&#8221;default&#8221; text_line_height=&#8221;1.8em&#8221; custom_margin=&#8221;0px||||false|false&#8221; custom_padding=&#8221;0px||||false|false&#8221; locked=&#8221;off&#8221; global_colors_info=&#8221;{}&#8221;]<\/p>\n<p>As carater\u00edsticas dos Big Five n\u00e3o s\u00e3o totalmente independentes umas das outras, o que torna algumas avalia\u00e7\u00f5es parcialmente redundantes ao avaliar cada categoria.<br \/>Na d\u00e9cada de 2010, o teste associado aos Big Five foi utilizado para fins militares, pol\u00edticos e partid\u00e1rios, nomeadamente por empresas como o SCL Group, atrav\u00e9s das suas filiais Cambridge Analytica e Aggregate IQ.<br \/>Atualmente, este teste \u00e9 amplamente utilizado e reconhecido por muitas empresas e ind\u00fastrias em todo o mundo.<\/p>\n<p>[\/et_pb_text][\/et_pb_column][\/et_pb_row][\/et_pb_section][et_pb_section fb_built=&#8221;1&#8243; admin_label=&#8221;The project&#8221; _builder_version=&#8221;4.27.0&#8243; _module_preset=&#8221;default&#8221; custom_margin=&#8221;0px||0px||true|false&#8221; custom_padding=&#8221;0px||0px||true|false&#8221; global_colors_info=&#8221;{}&#8221;][et_pb_row column_structure=&#8221;1_2,1_2&#8243; make_equal=&#8221;on&#8221; _builder_version=&#8221;4.27.0&#8243; _module_preset=&#8221;default&#8221; width=&#8221;68.5%&#8221; global_colors_info=&#8221;{}&#8221;][et_pb_column type=&#8221;1_2&#8243; _builder_version=&#8221;4.27.0&#8243; _module_preset=&#8221;default&#8221; global_colors_info=&#8221;{}&#8221;][et_pb_image src=&#8221;https:\/\/psona.io\/wp-content\/uploads\/2024\/09\/TheProject.svg&#8221; title_text=&#8221;TheProject&#8221; _builder_version=&#8221;4.27.0&#8243; _module_preset=&#8221;default&#8221; global_colors_info=&#8221;{}&#8221;][\/et_pb_image][\/et_pb_column][et_pb_column type=&#8221;1_2&#8243; _builder_version=&#8221;4.27.0&#8243; _module_preset=&#8221;default&#8221; custom_css_main_element=&#8221;display:flex;||flex-direction:column;||justify-content:center;||&#8221; global_colors_info=&#8221;{}&#8221;][et_pb_text _builder_version=&#8221;4.27.0&#8243; _module_preset=&#8221;default&#8221; header_5_font=&#8221;|600||on|||||&#8221; header_5_text_color=&#8221;#034833&#8243; header_5_font_size=&#8221;18px&#8221; header_5_letter_spacing=&#8221;1px&#8221; custom_margin=&#8221;||0px||false|false&#8221; custom_padding=&#8221;||0px||false|false&#8221; locked=&#8221;off&#8221; global_colors_info=&#8221;{}&#8221;]<\/p>\n<h5>Para o estudo das personalidades<\/h5>\n<p>[\/et_pb_text][et_pb_text _builder_version=&#8221;4.27.0&#8243; _module_preset=&#8221;default&#8221; header_2_text_color=&#8221;#000000&#8243; custom_margin=&#8221;||0px||false|false&#8221; custom_padding=&#8221;||0px||false|false&#8221; locked=&#8221;off&#8221; global_colors_info=&#8221;{}&#8221;]<\/p>\n<h2>O projeto<\/h2>\n<p>[\/et_pb_text][et_pb_text _builder_version=&#8221;4.27.0&#8243; _module_preset=&#8221;default&#8221; text_line_height=&#8221;1.8em&#8221; width=&#8221;100%&#8221; width_tablet=&#8221;75%&#8221; width_phone=&#8221;100%&#8221; width_last_edited=&#8221;on|desktop&#8221; custom_margin=&#8221;0px||||false|false&#8221; custom_padding=&#8221;0px||||false|false&#8221; global_colors_info=&#8221;{}&#8221;]<\/p>\n<p>O objetivo deste projeto \u00e9 fornecer-lhe uma an\u00e1lise precisa da sua personalidade, destacando os seus pontos fortes e as \u00e1reas a melhorar, para um melhor conhecimento de si pr\u00f3prio e um desenvolvimento pessoal esclarecido. Pode tamb\u00e9m ser utilizado no recrutamento de empresas para avaliar os candidatos de forma r\u00e1pida e eficaz.<\/p>\n<p>O teste baseia-se em cinco princ\u00edpios psicol\u00f3gicos fundamentais que definem a personalidade de uma pessoa e \u00e9 cientificamente validado, garantindo fiabilidade e credibilidade.<\/p>\n<p>[\/et_pb_text][\/et_pb_column][\/et_pb_row][\/et_pb_section][et_pb_section fb_built=&#8221;1&#8243; custom_padding_last_edited=&#8221;on|phone&#8221; admin_label=&#8221;The Company&#8221; _builder_version=&#8221;4.27.0&#8243; _module_preset=&#8221;default&#8221; custom_margin_tablet=&#8221;&#8221; custom_margin_phone=&#8221;||0px||false|false&#8221; custom_margin_last_edited=&#8221;on|phone&#8221; custom_padding_tablet=&#8221;&#8221; custom_padding_phone=&#8221;||10px||false|false&#8221; global_colors_info=&#8221;{}&#8221;][et_pb_row column_structure=&#8221;1_3,2_3&#8243; use_custom_gutter=&#8221;on&#8221; gutter_width=&#8221;1&#8243; make_equal=&#8221;on&#8221; module_class=&#8221;about-us-row&#8221; _builder_version=&#8221;4.27.0&#8243; _module_preset=&#8221;default&#8221; width=&#8221;68.5%&#8221; global_colors_info=&#8221;{}&#8221;][et_pb_column type=&#8221;1_3&#8243; module_class=&#8221;col-left&#8221; disabled_on=&#8221;on|on|off&#8221; _builder_version=&#8221;4.27.0&#8243; _module_preset=&#8221;default&#8221; custom_padding_tablet=&#8221;||40px||false|false&#8221; custom_padding_phone=&#8221;||40px||false|false&#8221; custom_padding_last_edited=&#8221;on|tablet&#8221; global_colors_info=&#8221;{}&#8221; custom_css_main_element_last_edited=&#8221;on|tablet&#8221;][et_pb_image src=&#8221;https:\/\/psona.io\/wp-content\/uploads\/2024\/09\/Left-IMG.svg&#8221; title_text=&#8221;Left-IMG&#8221; _builder_version=&#8221;4.27.0&#8243; _module_preset=&#8221;default&#8221; global_colors_info=&#8221;{}&#8221;][\/et_pb_image][\/et_pb_column][et_pb_column type=&#8221;2_3&#8243; module_class=&#8221;col-right&#8221; _builder_version=&#8221;4.27.0&#8243; _module_preset=&#8221;default&#8221; global_colors_info=&#8221;{}&#8221;][et_pb_text _builder_version=&#8221;4.27.0&#8243; _module_preset=&#8221;default&#8221; text_line_height=&#8221;1.8em&#8221; header_4_font=&#8221;|700|||||||&#8221; header_4_text_color=&#8221;#034833&#8243; header_4_font_size=&#8221;20px&#8221; background_color=&#8221;#FFFFFF&#8221; width_tablet=&#8221;100%&#8221; width_phone=&#8221;100%&#8221; width_last_edited=&#8221;on|desktop&#8221; custom_margin=&#8221;0px||0px||true|false&#8221; custom_padding=&#8221;60px|60px|60px|60px|true|true&#8221; custom_padding_tablet=&#8221;60px|60px|60px|60px|true|true&#8221; custom_padding_phone=&#8221;|30px||30px|true|true&#8221; custom_padding_last_edited=&#8221;on|phone&#8221; border_radii=&#8221;on|20px|20px|20px|20px&#8221; global_colors_info=&#8221;{}&#8221;]<\/p>\n<h4>A empresa<\/h4>\n<p>Estamos empenhados em prestar-lhe um servi\u00e7o de elevada qualidade, tanto em termos de conte\u00fado dos testes como de experi\u00eancia do utilizador. O nosso objetivo \u00e9 apoi\u00e1-lo nos seus processos de desenvolvimento pessoal ou de recrutamento. N\u00e3o hesite em contactar-nos se tiver alguma d\u00favida.<\/p>\n<p><a class=\"contact-btn\" href=\"https:\/\/psona.io\/pt\/contact\/\">Contactar-nos<\/a><\/p>\n<p>[\/et_pb_text][et_pb_text _builder_version=&#8221;4.27.0&#8243; _module_preset=&#8221;default&#8221; width=&#8221;100%&#8221; global_colors_info=&#8221;{}&#8221;]<\/p>\n<div class=\"about-row\">\n<div class=\"values\">\n<p><span class=\"title\">Os nossos valores<\/span><\/p>\n<ul>\n<li>Confian\u00e7a<\/li>\n<li>Fiabilidade<\/li>\n<li>Desempenho\u00a0<\/li>\n<\/ul>\n<\/div>\n<div class=\"experiences\">\n<p><span class=\"title\">A nossa experi\u00eancia<\/span><\/p>\n<ul>\n<li>Mais de 100.000 testes efectuados<\/li>\n<li>Apoio de profissionais de sa\u00fade certificados<\/li>\n<li>Certifica\u00e7\u00e3o de todos os ensaios<\/li>\n<\/ul>\n<\/div>\n<\/div>\n<p>[\/et_pb_text][\/et_pb_column][\/et_pb_row][\/et_pb_section]<\/p>","protected":false},"excerpt":{"rendered":"<p>\u00c0 propos Reconnu scientifiquementLe testEn psychologie, le terme &#8220;Big Five&#8221; d\u00e9signe un mod\u00e8le de personnalit\u00e9 compos\u00e9 de cinq traits principaux. Ce mod\u00e8le a \u00e9t\u00e9 propos\u00e9 par le psychologue am\u00e9ricain Lewis Goldberg en 1981 et d\u00e9velopp\u00e9 par Costa et McCrae entre 1987 et 1992. Il est largement reconnu comme une r\u00e9f\u00e9rence dans la recherche th\u00e9orique sur [&hellip;]<\/p>","protected":false},"author":1,"featured_media":0,"parent":0,"menu_order":0,"comment_status":"closed","ping_status":"closed","template":"","meta":{"_et_pb_use_builder":"on","_et_pb_old_content":"<!-- wp:divi\/placeholder \/-->","_et_gb_content_width":"","inline_featured_image":false,"footnotes":""},"class_list":["post-138","page","type-page","status-publish","hentry"],"_links":{"self":[{"href":"https:\/\/psona.io\/pt\/wp-json\/wp\/v2\/pages\/138","targetHints":{"allow":["GET"]}}],"collection":[{"href":"https:\/\/psona.io\/pt\/wp-json\/wp\/v2\/pages"}],"about":[{"href":"https:\/\/psona.io\/pt\/wp-json\/wp\/v2\/types\/page"}],"author":[{"embeddable":true,"href":"https:\/\/psona.io\/pt\/wp-json\/wp\/v2\/users\/1"}],"replies":[{"embeddable":true,"href":"https:\/\/psona.io\/pt\/wp-json\/wp\/v2\/comments?post=138"}],"version-history":[{"count":22,"href":"https:\/\/psona.io\/pt\/wp-json\/wp\/v2\/pages\/138\/revisions"}],"predecessor-version":[{"id":2649,"href":"https:\/\/psona.io\/pt\/wp-json\/wp\/v2\/pages\/138\/revisions\/2649"}],"wp:attachment":[{"href":"https:\/\/psona.io\/pt\/wp-json\/wp\/v2\/media?parent=138"}],"curies":[{"name":"wp","href":"https:\/\/api.w.org\/{rel}","templated":true}]}}