{"id":149,"date":"2024-09-05T10:24:38","date_gmt":"2024-09-05T10:24:38","guid":{"rendered":"https:\/\/psona.io\/?page_id=149"},"modified":"2026-01-22T21:17:21","modified_gmt":"2026-01-22T21:17:21","slug":"mentions-legales","status":"publish","type":"page","link":"https:\/\/psona.io\/pt\/mentions-legales\/","title":{"rendered":"Informa\u00e7\u00e3o jur\u00eddica"},"content":{"rendered":"<p>[et_pb_section fb_built=\u201d1\u2033 custom_padding_last_edited=\u201don|tablet\u201d admin_label=\u201dCabe\u00e7alho\u201d _builder_version=\u201d4.27.0\u2033 custom_margin=\u201d0px||0px||true|false\u201d custom_padding=\u201d0px||0px||true|false\u201d custom_padding_tablet=\u201d||||true|false\u201d custom_padding_phone=\u201d||||true|false\u201d locked=\u201doff\u201d global_colors_info=\u201d{}\u201d][et_pb_row use_custom_gutter=\u201don\u201d gutter_width=\u201d1\u2033 custom_padding_last_edited=\u201don|phone\u201d _builder_version=\u201d4.27.0\u2033 background_color=\u201d#034833\u2033 background_size=\u201dinitial\u201d background_position=\u201dtop_left\u201d background_repeat=\u201drepeat\u201d width=\u201d95%\u201d custom_margin=\u201d||||true|false\u201d custom_padding=\u201d150px|||150px|||true|true\u201d custom_padding_tablet=\u201d80px||80px||true|false\u201d custom_padding_phone=\u201d60px||60px||true|false\u201d border_radii=\u201don|50px|50px|50px|50px|50px\u201d global_colors_info=\u201d{}\u201d][et_pb_column type=\u201d4_4\u2033 _builder_version=\u201d4.27.0\u2033 custom_padding=\u201d|||\u201d global_colors_info=\u201d{}\u201d custom_padding__hover=\u201d|||\u201d custom_css_main_element_last_edited=\u201don|phone\u201d][et_pb_text module_class=\u201dtitle-header\u201d _builder_version=\u201d4.27.0\u2033 background_size=\u201dinitial\u201d background_position=\u201dtop_left\u201d background_repeat=\u201drepeat\u201d width=\u201d72%\u201d width_tablet=\u201d70%\u201d width_phone=\u201d68.5%\u201d width_last_edited=\u201don|tablet\u201d module_alignment=\u201dcenter\u201d custom_margin=\u201d0px||0px||false|false\u201d custom_margin_tablet=\u201d0px||0px||false|false\u201d custom_margin_phone=\u201d0px|||0px||false|false\u201d custom_margin_last_edited=\u201don|tablet\u201d custom_padding=\u201d0px||0px||true|false\u201d header_font_size_tablet=\u201d50px\u201d header_font_size_phone=\u201d40px\u201d global_colors_info=\u201d{}\u201d]<\/p>\n<h1>Informa\u00e7\u00e3o jur\u00eddica<\/h1>\n<p><!-- \/divi:paragraph --><\/p>\n<p>[\/et_pb_text][\/et_pb_column][\/et_pb_row][\/et_pb_section][et_pb_section fb_built=&#8221;1&#8243; _builder_version=&#8221;4.27.0&#8243; _module_preset=&#8221;default&#8221; global_colors_info=&#8221;{}&#8221;][et_pb_row _builder_version=&#8221;4.27.0&#8243; _module_preset=&#8221;default&#8221; global_colors_info=&#8221;{}&#8221;][et_pb_column type=&#8221;4_4&#8243; _builder_version=&#8221;4.27.0&#8243; _module_preset=&#8221;default&#8221; global_colors_info=&#8221;{}&#8221;][et_pb_text _builder_version=&#8221;4.27.4&#8243; _module_preset=&#8221;default&#8221; header_2_text_align=&#8221;center&#8221; hover_enabled=&#8221;0&#8243; global_colors_info=&#8221;{}&#8221; sticky_enabled=&#8221;0&#8243;]<\/p>\n<h2>Pre\u00e2mbulo<\/h2>\n<p>Entry into force: January 22th, 2026<\/p>\n<p><strong>CLICKBUSTER LTD<\/strong><br \/><strong>63-66 Hatton Garden<\/strong><br \/><strong>Londres EC1N 8LE<\/strong><br \/><strong>N\u00famero da empresa 13014667<\/strong><br \/><strong>N\u00famero de IVA GB 363 9346 71<\/strong><\/p>\n<p>Continua\u00e7\u00e3o da navega\u00e7\u00e3o no nosso s\u00edtio <a rel=\"noopener\" target=\"_new\" href=\"https:\/\/psona.io\/pt\/\">https:\/\/psona.io\/<\/a> (a seguir designado por \"S\u00edtio\") implica que os visitantes do S\u00edtio (a seguir designados por \"Utilizador(es)\") aceitem sem reservas as seguintes disposi\u00e7\u00f5es e as Condi\u00e7\u00f5es Gerais de Utiliza\u00e7\u00e3o (a seguir designadas por \"CGU\"). Antes de qualquer utiliza\u00e7\u00e3o das funcionalidades do nosso S\u00edtio, o Utilizador reconhece ter lido as presentes Condi\u00e7\u00f5es Gerais de Utiliza\u00e7\u00e3o e t\u00ea-las aceite.<\/p>\n<p>A vers\u00e3o online atual dos nossos T&amp;C \u00e9 a \u00fanica vers\u00e3o aplic\u00e1vel durante o per\u00edodo de utiliza\u00e7\u00e3o do Site, at\u00e9 que a substituamos por uma nova vers\u00e3o.<\/p>\n<p>O Site \u00e9 gerido pela CLICKBUSTER LTD (a seguir designada por \"Vendedor\"), que se reserva o direito de modificar as presentes condi\u00e7\u00f5es em qualquer altura. Qualquer utiliza\u00e7\u00e3o do nosso S\u00edtio ap\u00f3s a modifica\u00e7\u00e3o das CGU implica a aceita\u00e7\u00e3o irrevog\u00e1vel pelo Utilizador da nova vers\u00e3o. Em caso de desacordo com as nossas CGU, o Utilizador \u00e9 convidado a deixar de utilizar o nosso S\u00edtio.<\/p>\n<p>[\/et_pb_text][et_pb_text _builder_version=&#8221;4.27.0&#8243; _module_preset=&#8221;default&#8221; header_2_text_align=&#8221;center&#8221; global_colors_info=&#8221;{}&#8221;]<\/p>\n<h2>ARTIGO 1 - DEFINI\u00c7\u00d5ES<\/h2>\n<p>No nosso S\u00edtio, os Termos abaixo t\u00eam o seguinte significado:<\/p>\n<p>\"Conte\u00fado\": designa o conjunto dos elementos que constituem a informa\u00e7\u00e3o do nosso Site (textos, imagens, v\u00eddeos, algoritmos, software, widgets, etc.) e que permitem o seu funcionamento, a informa\u00e7\u00e3o dos Utilizadores e a apresenta\u00e7\u00e3o dos nossos servi\u00e7os;<\/p>\n<p>\"Direitos de propriedade intelectual\": significa todos os direitos de propriedade intelectual e direitos conexos (direitos de autor, direitos de marca, direitos de patente, nomes comerciais, bases de dados, etc.) protegidos pela Lei dos Direitos de Autor e Direitos Conexos de 2000, aplic\u00e1vel no momento da consulta do S\u00edtio pelo Utilizador;<\/p>\n<p>\"Carater\u00edsticas\": refere-se a todas as funcionalidades disponibilizadas aos nossos Utilizadores atrav\u00e9s do nosso S\u00edtio;<\/p>\n<p>\"S\u00edtio\": refere-se ao S\u00edtio <a rel=\"noopener\" target=\"_new\" href=\"https:\/\/psona.io\/pt\/\">https:\/\/psona.io\/<\/a> operado pelo Vendedor e disponibilizado aos Utilizadores;<\/p>\n<p>\"Utilizador\": refere-se a qualquer pessoa que utilize o nosso S\u00edtio e tenha acesso ao seu conte\u00fado.<\/p>\n<p>[\/et_pb_text][et_pb_text _builder_version=&#8221;4.27.4&#8243; _module_preset=&#8221;default&#8221; header_2_text_align=&#8221;center&#8221; hover_enabled=&#8221;0&#8243; global_colors_info=&#8221;{}&#8221; sticky_enabled=&#8221;0&#8243;]<\/p>\n<h2>ARTIGO 2 - Informa\u00e7\u00f5es jur\u00eddicas<\/h2>\n<p>Em conformidade com o Regulamento [UE] 2018\/679 do Parlamento Europeu e do Conselho, de 27 de abril de 2016, relativo \u00e0 prote\u00e7\u00e3o das pessoas singulares no que diz respeito ao tratamento de dados pessoais e \u00e0 livre circula\u00e7\u00e3o desses dados, o Utilizador do nosso S\u00edtio \u00e9 informado da identidade das partes envolvidas na sua cria\u00e7\u00e3o e monitoriza\u00e7\u00e3o:<\/p>\n<p>Diretor editorial: Carlo Ela <a rel=\"noopener\">contact@psona.io<\/a> .<\/p>\n<p><span>Ce site est h\u00e9berg\u00e9 par la soci\u00e9t\u00e9 Kinsta Inc., dont le si\u00e8ge social est situ\u00e9\u00a0<\/span><b>8605 Santa Monica Blvd #92581 West Hollywood, CA 90069 &#8211; \u00c9tats-Unis<\/b><span>.<\/span><\/p>\n<p>Programador: CLICKBUSTER LTD<\/p>\n<p>Respons\u00e1vel pela prote\u00e7\u00e3o de dados: Carlo Ela <a rel=\"noopener\">contact@psona.io<\/a>.<\/p>\n<p>[\/et_pb_text][et_pb_text _builder_version=&#8221;4.27.4&#8243; _module_preset=&#8221;default&#8221; header_2_text_align=&#8221;center&#8221; hover_enabled=&#8221;0&#8243; global_colors_info=&#8221;{}&#8221; sticky_enabled=&#8221;0&#8243;]<\/p>\n<h2>ARTIGO 3.\u00ba - Prote\u00e7\u00e3o dos dados pessoais<\/h2>\n<p>Para utilizar o nosso S\u00edtio, processamos determinados dados pessoais relativos ao Utilizador. Este tratamento \u00e9 efectuado em conformidade com a Lei de Prote\u00e7\u00e3o de Dados de 2018 e a Pol\u00edtica de Prote\u00e7\u00e3o de Dados dispon\u00edvel na seguinte liga\u00e7\u00e3o:<\/p>\n<p><a href=\"https:\/\/psona.io\/pt\/politique-de-confidentialite\/\">https:\/\/psona.io\/politique-de-confidentialite\/<\/a><\/p>\n<p>[\/et_pb_text][et_pb_text _builder_version=&#8221;4.27.0&#8243; _module_preset=&#8221;default&#8221; header_2_text_align=&#8221;center&#8221; global_colors_info=&#8221;{}&#8221;]<\/p>\n<h2>ARTIGO 4 - Acesso ao s\u00edtio<\/h2>\n<div class=\"group\/conversation-turn relative flex w-full min-w-0 flex-col agent-turn\">\n<div class=\"flex-col gap-1 md:gap-3\">\n<div class=\"flex max-w-full flex-col flex-grow\">\n<div data-message-author-role=\"assistant\" data-message-id=\"1921b6bd-7e01-40ec-81aa-bce2a7802030\" dir=\"auto\" class=\"min-h-[20px] text-message flex w-full flex-col items-end gap-2 whitespace-normal break-words [.text-message+&amp;]:mt-5\">\n<div class=\"flex w-full flex-col gap-1 empty:hidden first:pt-[3px]\">\n<div class=\"markdown prose w-full break-words dark:prose-invert dark\">\n<p>O acesso e a utiliza\u00e7\u00e3o do S\u00edtio s\u00e3o reservados para uso estritamente pessoal. O Utilizador compromete-se a n\u00e3o utilizar o S\u00edtio, nem as informa\u00e7\u00f5es ou dados nele contidos, para fins comerciais, pol\u00edticos ou publicit\u00e1rios ou para qualquer forma de solicita\u00e7\u00e3o comercial, nomeadamente o envio de mensagens de correio eletr\u00f3nico n\u00e3o solicitadas.<\/p>\n<p>O acesso ao S\u00edtio \u00e9 reservado aos adultos. O Vendedor reserva-se o direito de solicitar uma prova de idade, nomeadamente se o Utilizador utilizar os servi\u00e7os de encomenda em linha. O Vendedor n\u00e3o pode ser responsabilizado em caso de acesso ao Site por menores, nem em caso de informa\u00e7\u00f5es erradas ou enganosas fornecidas pelos Utilizadores no Site.<\/p>\n<p>O utilizador \u00e9 pessoalmente respons\u00e1vel pela instala\u00e7\u00e3o dos meios inform\u00e1ticos e de telecomunica\u00e7\u00f5es necess\u00e1rios para aceder ao s\u00edtio. Os utilizadores suportam os custos de telecomunica\u00e7\u00f5es associados ao acesso \u00e0 Internet atrav\u00e9s do s\u00edtio.<\/p>\n<\/div>\n<\/div>\n<\/div>\n<\/div>\n<\/div>\n<\/div>\n<p>[\/et_pb_text][et_pb_text _builder_version=&#8221;4.27.0&#8243; _module_preset=&#8221;default&#8221; header_2_text_align=&#8221;center&#8221; global_colors_info=&#8221;{}&#8221;]<\/p>\n<h2>ARTIGO 5 - Descri\u00e7\u00e3o dos servi\u00e7os prestados<\/h2>\n<p>Esfor\u00e7amo-nos por fornecer informa\u00e7\u00f5es t\u00e3o exactas quanto poss\u00edvel, mas n\u00e3o podemos ser responsabilizados por quaisquer omiss\u00f5es, imprecis\u00f5es ou falta de atualiza\u00e7\u00e3o das informa\u00e7\u00f5es. Todas as informa\u00e7\u00f5es fornecidas no S\u00edtio s\u00e3o fornecidas apenas para fins informativos e n\u00e3o s\u00e3o exaustivas. S\u00e3o fornecidas sujeitas a quaisquer altera\u00e7\u00f5es que possam ter sido efectuadas desde que foram colocadas online.<\/p>\n<p>[\/et_pb_text][et_pb_text _builder_version=&#8221;4.27.0&#8243; _module_preset=&#8221;default&#8221; header_2_text_align=&#8221;center&#8221; global_colors_info=&#8221;{}&#8221;]<\/p>\n<h2>ARTIGO 6 - Propriedade intelectual<\/h2>\n<p><strong>6.1 O nosso s\u00edtio Web<\/strong><\/p>\n<p>Todas as marcas, fotografias, textos, coment\u00e1rios, ilustra\u00e7\u00f5es, imagens animadas ou fixas, sequ\u00eancias de v\u00eddeo, sons, bem como todas as aplica\u00e7\u00f5es inform\u00e1ticas que possam ser utilizadas para o funcionamento do S\u00edtio e, de um modo geral, todos os elementos reproduzidos ou utilizados no S\u00edtio, est\u00e3o protegidos pelas leis em vigor relativas \u00e0 propriedade intelectual.<\/p>\n<p>S\u00e3o propriedade plena e total do Vendedor ou dos seus parceiros comerciais. Qualquer reprodu\u00e7\u00e3o, representa\u00e7\u00e3o, utiliza\u00e7\u00e3o ou adapta\u00e7\u00e3o, sob qualquer forma, da totalidade ou de parte destes elementos, incluindo aplica\u00e7\u00f5es inform\u00e1ticas, sem o consentimento pr\u00e9vio por escrito do editor, \u00e9 estritamente proibida. O facto de o editor n\u00e3o tomar medidas legais logo que tenha conhecimento de tal utiliza\u00e7\u00e3o n\u00e3o autorizada pelo Utilizador n\u00e3o constitui uma aceita\u00e7\u00e3o dessa utiliza\u00e7\u00e3o nem uma ren\u00fancia ao direito de tomar medidas legais. \u00c9 estritamente proibido ao Utilizador :<\/p>\n<p>- Copiar, reproduzir, representar, difundir, distribuir ou publicar, permanente ou temporariamente, a totalidade ou parte do Conte\u00fado e\/ou do S\u00edtio por qualquer meio; - Criar obras derivadas do Conte\u00fado e\/ou do S\u00edtio; - Modificar, traduzir, adaptar ou organizar a totalidade ou parte do Conte\u00fado e\/ou do S\u00edtio; - Desmontar, descompilar ou efetuar engenharia inversa do S\u00edtio.<\/p>\n<p>Em qualquer caso, os Utilizadores s\u00e3o os \u00fanicos respons\u00e1veis pela sua utiliza\u00e7\u00e3o do S\u00edtio. Qualquer utiliza\u00e7\u00e3o n\u00e3o autorizada do S\u00edtio ou de qualquer dos elementos nele contidos ser\u00e1 considerada como uma viola\u00e7\u00e3o da Lei de Prote\u00e7\u00e3o de Dados de 2000.<\/p>\n<p><strong>6.2 A nossa marca<\/strong><\/p>\n<p>As marcas nominativas e visuais (log\u00f3tipo) do Vendedor e da CLICKBUSTER LTD est\u00e3o protegidas. A sua utiliza\u00e7\u00e3o sem a autoriza\u00e7\u00e3o escrita do Vendedor ou dos seus parceiros, em qualquer suporte, para fins de promo\u00e7\u00e3o de produtos ou servi\u00e7os, ou para fins comerciais, \u00e9 proibida, sob pena de a\u00e7\u00e3o penal e civil do Vendedor contra o Utilizador e\/ou os terceiros respons\u00e1veis.<\/p>\n<p><strong>6.3 Conte\u00fado<\/strong><\/p>\n<p>O conte\u00fado \u00e9 de acesso livre no S\u00edtio. A coloca\u00e7\u00e3o de conte\u00fados em linha n\u00e3o confere qualquer transfer\u00eancia de direitos de autor ou de propriedade dos conte\u00fados, que continuam a ser propriedade plena e total do Vendedor e dos seus colaboradores.<\/p>\n<p>Nenhum Utilizador pode, ou deve, tomar qualquer a\u00e7\u00e3o contr\u00e1ria \u00e0 aplica\u00e7\u00e3o dos direitos de autor e dos direitos de propriedade intelectual, ou contr\u00e1ria a qualquer outra lei do Reino Unido ou internacional relacionada com os direitos de propriedade intelectual. O Vendedor e os seus colaboradores reservam-se o direito de processar qualquer Utilizador por qualquer viola\u00e7\u00e3o das presentes CGU.<\/p>\n<p>[\/et_pb_text][et_pb_text _builder_version=&#8221;4.27.0&#8243; _module_preset=&#8221;default&#8221; header_2_text_align=&#8221;center&#8221; global_colors_info=&#8221;{}&#8221;]<\/p>\n<h2>ARTIGO 7 - Gest\u00e3o do s\u00edtio<\/h2>\n<p>O nosso Site est\u00e1 normalmente acess\u00edvel aos Utilizadores a todo o momento. Para assegurar a boa gest\u00e3o do Site, o Vendedor reserva-se o direito de, a qualquer momento<\/p>\n<p>- Suspender, interromper ou limitar o acesso a todo ou parte do S\u00edtio, por qualquer motivo, com ou sem aviso pr\u00e9vio e \u00e0 sua discri\u00e7\u00e3o; - Eliminar qualquer informa\u00e7\u00e3o que possa perturbar o seu funcionamento, por qualquer motivo, com ou sem aviso pr\u00e9vio e \u00e0 sua discri\u00e7\u00e3o; - Suspender o S\u00edtio para efetuar actualiza\u00e7\u00f5es.<\/p>\n<p>O Vendedor envidar\u00e1 todos os esfor\u00e7os para informar antecipadamente os Utilizadores das datas e hor\u00e1rios das interven\u00e7\u00f5es, mas n\u00e3o poder\u00e1 ser responsabilizado em caso de incumprimento.<\/p>\n<p>[\/et_pb_text][et_pb_text _builder_version=&#8221;4.27.0&#8243; _module_preset=&#8221;default&#8221; header_2_text_align=&#8221;center&#8221; global_colors_info=&#8221;{}&#8221;]<\/p>\n<h2>ARTIGO 8 - Responsabilidades<\/h2>\n<p><strong>8.1 Acesso ao s\u00edtio<\/strong><\/p>\n<p>O Vendedor compromete-se a fazer tudo o que estiver ao seu alcance para garantir que o Site esteja acess\u00edvel 24 horas por dia, 7 dias por semana. No entanto, o Vendedor n\u00e3o se compromete quanto \u00e0 disponibilidade e acessibilidade permanentes do Site e n\u00e3o garante que o Site esteja isento de erros. O Vendedor n\u00e3o poder\u00e1 ser responsabilizado em caso de avaria, mau funcionamento, dificuldade ou interrup\u00e7\u00e3o do funcionamento, impedindo o acesso ao Site ou a qualquer das suas funcionalidades.<\/p>\n<p>O Vendedor e o anfitri\u00e3o n\u00e3o podem ser responsabilizados em caso de mau funcionamento da rede Internet, das linhas telef\u00f3nicas ou do equipamento inform\u00e1tico e telef\u00f3nico, nomeadamente devido a congestionamento da rede, que impe\u00e7a o acesso ao servidor.<\/p>\n<p>O Vendedor n\u00e3o pode ser responsabilizado em caso de processos judiciais contra os Utilizadores:<\/p>\n<p>- Em consequ\u00eancia da utiliza\u00e7\u00e3o do S\u00edtio ou de qualquer outro servi\u00e7o acess\u00edvel atrav\u00e9s da Internet; - Em consequ\u00eancia do incumprimento das presentes CGU por parte do Utilizador.<\/p>\n<p><strong>8.2 Equipamento utilizado<\/strong><\/p>\n<p>O equipamento de liga\u00e7\u00e3o utilizado pelo Utilizador para aceder ao S\u00edtio \u00e9 da sua inteira e total responsabilidade. \u00c9 da responsabilidade do Utilizador tomar todas as medidas adequadas para proteger o seu equipamento e os seus pr\u00f3prios dados. O Utilizador compromete-se a aceder ao S\u00edtio utilizando equipamento recente, isento de v\u00edrus e com um programa de navega\u00e7\u00e3o recentemente atualizado.<\/p>\n<p>O Vendedor n\u00e3o ser\u00e1 respons\u00e1vel por quaisquer danos causados aos Utilizadores, a terceiros e\/ou aos seus equipamentos em consequ\u00eancia da sua liga\u00e7\u00e3o ou utiliza\u00e7\u00e3o do Site, renunciando os Utilizadores a qualquer a\u00e7\u00e3o a este respeito contra o Vendedor.<\/p>\n<p>O Vendedor n\u00e3o pode ser responsabilizado por danos indirectos (tais como perda de neg\u00f3cios ou perda de oportunidades) resultantes da utiliza\u00e7\u00e3o do S\u00edtio.<\/p>\n<p>[\/et_pb_text][et_pb_text _builder_version=&#8221;4.27.0&#8243; _module_preset=&#8221;default&#8221; header_2_text_align=&#8221;center&#8221; global_colors_info=&#8221;{}&#8221;]<\/p>\n<h2>ARTIGO 9.\u00ba - FOTOGRAFIAS E REPRESENTA\u00c7\u00c3O DE PRODUTOS E SERVI\u00c7OS<\/h2>\n<p>As fotografias que figuram no s\u00edtio, acompanhando a sua descri\u00e7\u00e3o, n\u00e3o t\u00eam car\u00e1cter contratual e n\u00e3o vinculam o Vendedor.<\/p>\n<p>[\/et_pb_text][et_pb_text _builder_version=&#8221;4.27.0&#8243; _module_preset=&#8221;default&#8221; header_2_text_align=&#8221;center&#8221; global_colors_info=&#8221;{}&#8221;]<\/p>\n<h2>ARTIGO 10\u00ba - Liga\u00e7\u00f5es de hipertexto<\/h2>\n<p>O estabelecimento pelo Utilizador de qualquer liga\u00e7\u00e3o de hipertexto para a totalidade ou parte do S\u00edtio Web \u00e9 autorizado, sob reserva da autoriza\u00e7\u00e3o pr\u00e9via por escrito da CLICKBUSTER LTD, que deve ser solicitada por correio eletr\u00f3nico para o endere\u00e7o seguinte: <a rel=\"noopener\">contact@psona.io<\/a>.<\/p>\n<p>O Vendedor \u00e9 livre de recusar esta autoriza\u00e7\u00e3o sem ter de justificar a sua decis\u00e3o seja de que forma for. No caso de o Vendedor conceder a sua autoriza\u00e7\u00e3o, esta autoriza\u00e7\u00e3o \u00e9 sempre tempor\u00e1ria e pode ser retirada a qualquer momento, sem qualquer obriga\u00e7\u00e3o de justificar a sua decis\u00e3o. Em qualquer caso, qualquer liga\u00e7\u00e3o deve ser suprimida a pedido da marca.<\/p>\n<p>O s\u00edtio cont\u00e9m um certo n\u00famero de liga\u00e7\u00f5es de hipertexto para outros s\u00edtios, criadas com a autoriza\u00e7\u00e3o do vendedor. No entanto, a nossa empresa n\u00e3o est\u00e1 em condi\u00e7\u00f5es de verificar o conte\u00fado dos s\u00edtios visitados desta forma, pelo que n\u00e3o assume qualquer responsabilidade a este respeito.<\/p>\n<p>[\/et_pb_text][et_pb_text _builder_version=&#8221;4.27.0&#8243; _module_preset=&#8221;default&#8221; header_2_text_align=&#8221;center&#8221; global_colors_info=&#8221;{}&#8221;]<\/p>\n<h2>ARTIGO 11\u00ba - Nulidade parcial<\/h2>\n<p>A n\u00e3o aplica\u00e7\u00e3o tempor\u00e1ria de uma ou mais cl\u00e1usulas das presentes condi\u00e7\u00f5es gerais n\u00e3o pode, em caso algum, ser interpretada como uma ren\u00fancia por parte da CLICKBUSTER LTD a tirar partido de qualquer uma das referidas cl\u00e1usulas.<\/p>\n<p>Se uma ou mais disposi\u00e7\u00f5es dos presentes termos e condi\u00e7\u00f5es forem declaradas nulas e sem efeito ou inaplic\u00e1veis por lei, regulamento ou decis\u00e3o judicial transitada em julgado, as outras disposi\u00e7\u00f5es manter\u00e3o a sua for\u00e7a e \u00e2mbito totais e continuar\u00e3o a aplicar-se na \u00edntegra.<\/p>\n<p>[\/et_pb_text][et_pb_text _builder_version=&#8221;4.27.0&#8243; _module_preset=&#8221;default&#8221; header_2_text_align=&#8221;center&#8221; global_colors_info=&#8221;{}&#8221;]<\/p>\n<h2>ARTIGO 12 - L\u00edngua<\/h2>\n<p>Se estas CGU forem traduzidas para uma ou mais l\u00ednguas, a l\u00edngua de interpreta\u00e7\u00e3o ser\u00e1 o ingl\u00eas.<\/p>\n<p>[\/et_pb_text][et_pb_text _builder_version=&#8221;4.27.0&#8243; _module_preset=&#8221;default&#8221; header_2_text_align=&#8221;center&#8221; custom_css_free_form=&#8221;selector table, selector td, selector tr, selector th {||  border:1px solid;||  border-color:#034833 !important;||}&#8221; global_colors_info=&#8221;{}&#8221;]<\/p>\n<h2>ARTIGO 13\u00ba - Direito aplic\u00e1vel<\/h2>\n<p>Os presentes Termos e Condi\u00e7\u00f5es do Site s\u00e3o regidos pela lei brit\u00e2nica e, em caso de lit\u00edgio, est\u00e3o sujeitos \u00e0 jurisdi\u00e7\u00e3o exclusiva dos tribunais ordin\u00e1rios, sob reserva de uma atribui\u00e7\u00e3o espec\u00edfica de jurisdi\u00e7\u00e3o decorrente de um texto de lei ou de um regulamento espec\u00edfico.<\/p>\n<p>[\/et_pb_text][et_pb_text _builder_version=&#8221;4.27.0&#8243; _module_preset=&#8221;default&#8221; header_2_text_align=&#8221;center&#8221; custom_css_free_form=&#8221;selector table, selector td, selector tr, selector th {||  border:1px solid;||  border-color:#034833 !important;||}&#8221; global_colors_info=&#8221;{}&#8221;]<\/p>\n<h2>ARTIGO 14\u00ba - Contactar-nos<\/h2>\n<p>Pour toute question, information concernant les Services pr\u00e9sent\u00e9s sur le Site ou relative au Site lui-m\u00eame, l&#8217;Utilisateur peut laisser un message \u00e0 l&#8217;adresse suivante : contact@psona.io.<\/p>\n<p>[\/et_pb_text][\/et_pb_column][\/et_pb_row][\/et_pb_section]<\/p>","protected":false},"excerpt":{"rendered":"<p>Mentions l\u00e9gales Preamble Entry into force: January 22th, 2026 CLICKBUSTER LTD63-66 Hatton GardenLondon EC1N 8LECompany number 13014667VAT number GB 363 9346 71 La navigation continue sur notre Site https:\/\/psona.io\/ (ci-apr\u00e8s le \u00ab Site \u00bb) implique que les visiteurs du Site (ci-apr\u00e8s l&#8217;\u00ab Utilisateur(s) \u00bb) acceptent sans r\u00e9serve les dispositions et Conditions G\u00e9n\u00e9rales d&#8217;Utilisation qui suivent [&hellip;]<\/p>","protected":false},"author":1,"featured_media":0,"parent":0,"menu_order":0,"comment_status":"closed","ping_status":"closed","template":"","meta":{"_et_pb_use_builder":"on","_et_pb_old_content":"<!-- wp:divi\/placeholder \/-->","_et_gb_content_width":"","inline_featured_image":false,"footnotes":""},"class_list":["post-149","page","type-page","status-publish","hentry"],"_links":{"self":[{"href":"https:\/\/psona.io\/pt\/wp-json\/wp\/v2\/pages\/149","targetHints":{"allow":["GET"]}}],"collection":[{"href":"https:\/\/psona.io\/pt\/wp-json\/wp\/v2\/pages"}],"about":[{"href":"https:\/\/psona.io\/pt\/wp-json\/wp\/v2\/types\/page"}],"author":[{"embeddable":true,"href":"https:\/\/psona.io\/pt\/wp-json\/wp\/v2\/users\/1"}],"replies":[{"embeddable":true,"href":"https:\/\/psona.io\/pt\/wp-json\/wp\/v2\/comments?post=149"}],"version-history":[{"count":6,"href":"https:\/\/psona.io\/pt\/wp-json\/wp\/v2\/pages\/149\/revisions"}],"predecessor-version":[{"id":2638,"href":"https:\/\/psona.io\/pt\/wp-json\/wp\/v2\/pages\/149\/revisions\/2638"}],"wp:attachment":[{"href":"https:\/\/psona.io\/pt\/wp-json\/wp\/v2\/media?parent=149"}],"curies":[{"name":"wp","href":"https:\/\/api.w.org\/{rel}","templated":true}]}}