{"id":156,"date":"2024-09-05T10:25:15","date_gmt":"2024-09-05T10:25:15","guid":{"rendered":"https:\/\/psona.io\/?page_id=156"},"modified":"2026-03-21T06:52:19","modified_gmt":"2026-03-21T06:52:19","slug":"faq-detaillee","status":"publish","type":"page","link":"https:\/\/psona.io\/ro\/faq-detaillee\/","title":{"rendered":"\u00centreb\u0103ri frecvente detaliate"},"content":{"rendered":"<p>[et_pb_section fb_built=\u201d1\u2033 custom_padding_last_edited=\u201don|tablet\u201d admin_label=\u201dHeader\u201d _builder_version=\u201d4.27.0\u2033 custom_margin=\u201d0px||0px||true|false\u201d custom_padding=\u201d0px||0px||true|false\u201d custom_padding_tablet=\u201d||||true|false\u201d custom_padding_phone=\u201d||||true|false\u201d locked=\u201doff\u201d global_colors_info=\u201d{}\u201d][et_pb_row use_custom_gutter=\u201don\u201d gutter_width=\u201d1\u2033 custom_padding_last_edited=\u201don|phone\u201d _builder_version=\u201d4.27.0\u2033 background_color=\u201d#034833\u2033 background_size=\u201dinitial\u201d background_position=\u201dtop_left\u201d background_repeat=\u201drepeat\u201d width=\u201d95%\u201d custom_margin=\u201d||||true|false\u201d custom_padding=\u201d150px||150px||true|true\u201d custom_padding_tablet=\u201d80px||80px||true|false\u201d custom_padding_phone=\u201d60px||60px||true|false\u201d border_radii=\u201don|50px|50px|50px|50px\u201d global_colors_info=\u201d{}\u201d][et_pb_column type=\u201d4_4\u2033 _builder_version=\u201d4.27.0\u2033 custom_padding=\u201d|||\u201d global_colors_info=\u201d{}\u201d custom_padding__hover=\u201d|||\u201d custom_css_main_element_last_edited=\u201don|phone\u201d][et_pb_text module_class=\u201dtitle-header\u201d _builder_version=\u201d4.27.0\u2033 background_size=\u201dinitial\u201d background_position=\u201dtop_left\u201d background_repeat=\u201drepeat\u201d width=\u201d72%\u201d width_tablet=\u201d70%\u201d width_phone=\u201d68.5%\u201d width_last_edited=\u201don|tablet\u201d module_alignment=\u201dcenter\u201d custom_margin=\u201d0px||0px||false|false\u201d custom_margin_tablet=\u201d0px||0px||false|false\u201d custom_margin_phone=\u201d0px||0px||false|false\u201d custom_margin_last_edited=\u201don|tablet\u201d custom_padding=\u201d0px||0px||true|false\u201d header_font_size_tablet=\u201d50px\u201d header_font_size_phone=\u201d40px\u201d global_colors_info=\u201d{}\u201d]<\/p>\n<h1>\u00ceNTREB\u0102RI FRECVENTE<\/h1>\n<p><!-- \/divi:paragraph --><\/p>\n<p>[\/et_pb_text][\/et_pb_column][\/et_pb_row][\/et_pb_section][et_pb_section fb_built=&#8221;1&#8243; admin_label=&#8221;The Test&#8221; _builder_version=&#8221;4.27.0&#8243; _module_preset=&#8221;default&#8221; custom_margin=&#8221;0px||||false|false&#8221; custom_padding=&#8221;20px||||false|false&#8221; global_colors_info=&#8221;{}&#8221;][et_pb_row _builder_version=&#8221;4.27.0&#8243; _module_preset=&#8221;default&#8221; width=&#8221;60%&#8221; width_tablet=&#8221;80%&#8221; width_phone=&#8221;80%&#8221; width_last_edited=&#8221;on|phone&#8221; locked=&#8221;off&#8221; global_colors_info=&#8221;{}&#8221;][et_pb_column type=&#8221;4_4&#8243; _builder_version=&#8221;4.27.0&#8243; _module_preset=&#8221;default&#8221; global_colors_info=&#8221;{}&#8221;][et_pb_text _builder_version=&#8221;4.27.0&#8243; _module_preset=&#8221;default&#8221; global_colors_info=&#8221;{}&#8221;]<\/p>\n<h2 style=\"text-align: center;\">Testul<\/h2>\n<p>[\/et_pb_text][et_pb_toggle title=&#8221;Qui a con\u00e7u ce test ?&#8221; open_toggle_text_color=&#8221;#034833&#8243; icon_color=&#8221;#f1f5eb&#8221; toggle_icon=&#8221;&#xf13a;||fa||900&#8243; use_icon_font_size=&#8221;on&#8221; icon_font_size=&#8221;35px&#8221; open_icon_color=&#8221;#83cd20&#8243; open_toggle_icon=&#8221;&#xf139;||fa||900&#8243; open_use_icon_font_size=&#8221;on&#8221; open_icon_font_size=&#8221;35px&#8221; _builder_version=&#8221;4.27.0&#8243; _module_preset=&#8221;default&#8221; title_text_color=&#8221;#034833&#8243; title_font=&#8221;|600|||||||&#8221; title_font_size=&#8221;18px&#8221; closed_title_font=&#8221;|600|||||||&#8221; closed_title_font_size=&#8221;18px&#8221; body_text_color=&#8221;#727272&#8243; background_color=&#8221;#FFFFFF&#8221; width_tablet=&#8221;100%&#8221; width_phone=&#8221;100%&#8221; width_last_edited=&#8221;on|tablet&#8221; custom_padding=&#8221;30px|30px|30px|30px|true|true&#8221; custom_css_toggle_icon=&#8221;padding-right:20px;&#8221; custom_css_toggle_content=&#8221;max-width:90%;&#8221; border_radii=&#8221;on|20px|20px|20px|20px&#8221; border_width_all=&#8221;0px&#8221; border_color_all=&#8221;RGBA(255,255,255,0)&#8221; box_shadow_style=&#8221;preset1&#8243; box_shadow_vertical=&#8221;0px&#8221; box_shadow_blur=&#8221;120px&#8221; box_shadow_color=&#8221;rgba(0,0,0,0.05)&#8221; global_colors_info=&#8221;{}&#8221; custom_css_toggle_icon_last_edited=&#8221;on|tablet&#8221; custom_css_toggle_icon_tablet=&#8221;padding-right:0px;&#8221; custom_css_toggle_icon_phone=&#8221;padding-right:0px;&#8221;]<\/p>\n<p>Conceptul acestui test a fost introdus de Lewis Golberg \u00een 1981, apoi dezvoltat de Costa \u0219i McCrae \u00eentre 1987 \u0219i 1992.<\/p>\n<p>[\/et_pb_toggle][et_pb_toggle title=&#8221;Que mesure ce test ?&#8221; open_toggle_text_color=&#8221;#034833&#8243; icon_color=&#8221;#f1f5eb&#8221; toggle_icon=&#8221;&#xf13a;||fa||900&#8243; use_icon_font_size=&#8221;on&#8221; icon_font_size=&#8221;35px&#8221; open_icon_color=&#8221;#83cd20&#8243; open_toggle_icon=&#8221;&#xf139;||fa||900&#8243; open_use_icon_font_size=&#8221;on&#8221; open_icon_font_size=&#8221;35px&#8221; _builder_version=&#8221;4.27.0&#8243; _module_preset=&#8221;default&#8221; title_text_color=&#8221;#034833&#8243; title_font=&#8221;|600|||||||&#8221; title_font_size=&#8221;18px&#8221; closed_title_font=&#8221;|600|||||||&#8221; closed_title_font_size=&#8221;18px&#8221; body_text_color=&#8221;#727272&#8243; background_color=&#8221;#FFFFFF&#8221; width_tablet=&#8221;100%&#8221; width_phone=&#8221;100%&#8221; width_last_edited=&#8221;on|tablet&#8221; custom_padding=&#8221;30px|30px|30px|30px|true|true&#8221; custom_css_toggle_icon=&#8221;padding-right:20px;&#8221; custom_css_toggle_content=&#8221;max-width:90%;&#8221; border_radii=&#8221;on|20px|20px|20px|20px&#8221; border_width_all=&#8221;0px&#8221; border_color_all=&#8221;RGBA(255,255,255,0)&#8221; box_shadow_style=&#8221;preset1&#8243; box_shadow_vertical=&#8221;0px&#8221; box_shadow_blur=&#8221;120px&#8221; box_shadow_color=&#8221;rgba(0,0,0,0.05)&#8221; global_colors_info=&#8221;{}&#8221; custom_css_toggle_icon_last_edited=&#8221;on|tablet&#8221; custom_css_toggle_icon_tablet=&#8221;padding-right:0px;&#8221; custom_css_toggle_icon_phone=&#8221;padding-right:0px;&#8221;]<\/p>\n<p>Acest test determin\u0103 profilul psihologic al unei persoane pe baza a cinci tr\u0103s\u0103turi cheie de personalitate: deschidere, extraversiune, sim\u021b al responsabilit\u0103\u021bii, sociabilitate \u0219i neuroticism.<\/p>\n<p>Acesta este utilizat at\u00e2t pentru studiul popula\u021biei, c\u00e2t \u0219i pentru dezvoltarea personal\u0103.<\/p>\n<p>Pentru a explora mai \u00een detaliu subdomeniile acestor tr\u0103s\u0103turi \u0219i pentru a afla mai multe despre ele, pute\u021bi vizita pagina dedicat\u0103 \"Personalit\u0103\u021bilor\".<\/p>\n<p>[\/et_pb_toggle][et_pb_toggle title=&#8221;Comment fonctionne-t-il ?&#8221; open_toggle_text_color=&#8221;#034833&#8243; icon_color=&#8221;#f1f5eb&#8221; toggle_icon=&#8221;&#xf13a;||fa||900&#8243; use_icon_font_size=&#8221;on&#8221; icon_font_size=&#8221;35px&#8221; open_icon_color=&#8221;#83cd20&#8243; open_toggle_icon=&#8221;&#xf139;||fa||900&#8243; open_use_icon_font_size=&#8221;on&#8221; open_icon_font_size=&#8221;35px&#8221; _builder_version=&#8221;4.27.0&#8243; _module_preset=&#8221;default&#8221; title_text_color=&#8221;#034833&#8243; title_font=&#8221;|600|||||||&#8221; title_font_size=&#8221;18px&#8221; closed_title_font=&#8221;|600|||||||&#8221; closed_title_font_size=&#8221;18px&#8221; body_text_color=&#8221;#727272&#8243; background_color=&#8221;#FFFFFF&#8221; width_tablet=&#8221;100%&#8221; width_phone=&#8221;100%&#8221; width_last_edited=&#8221;on|tablet&#8221; custom_padding=&#8221;30px|30px|30px|30px|true|true&#8221; custom_css_toggle_icon=&#8221;padding-right:20px;&#8221; custom_css_toggle_content=&#8221;max-width:90%;&#8221; border_radii=&#8221;on|20px|20px|20px|20px&#8221; border_width_all=&#8221;0px&#8221; border_color_all=&#8221;RGBA(255,255,255,0)&#8221; box_shadow_style=&#8221;preset1&#8243; box_shadow_vertical=&#8221;0px&#8221; box_shadow_blur=&#8221;120px&#8221; box_shadow_color=&#8221;rgba(0,0,0,0.05)&#8221; global_colors_info=&#8221;{}&#8221; custom_css_toggle_icon_last_edited=&#8221;on|tablet&#8221; custom_css_toggle_icon_tablet=&#8221;padding-right:0px;&#8221; custom_css_toggle_icon_phone=&#8221;padding-right:0px;&#8221;]<\/p>\n<p>Testul examineaz\u0103 cele cinci domenii principale ale modelului psihologic Big Five, inclusiv neuroticismul, responsabilitatea profesional\u0103 \u0219i deschiderea de spirit.<\/p>\n<p>Acesta evalueaz\u0103 procentul r\u0103spunsurilor dvs. \u00een aceste domenii \u0219i genereaz\u0103 un profil pe baza acestor evalu\u0103ri.<\/p>\n<p>Pentru cele mai exacte rezultate, v\u0103 recomand\u0103m s\u0103 r\u0103spunde\u021bi sincer la \u00eentreb\u0103ri, evit\u00e2nd, pe c\u00e2t posibil, r\u0103spunsurile neutre.<\/p>\n<p>[\/et_pb_toggle][et_pb_toggle title=&#8221;Comment puis-je acc\u00e9der \u00e0 mes r\u00e9sultats ?&#8221; open_toggle_text_color=&#8221;#034833&#8243; icon_color=&#8221;#f1f5eb&#8221; toggle_icon=&#8221;&#xf13a;||fa||900&#8243; use_icon_font_size=&#8221;on&#8221; icon_font_size=&#8221;35px&#8221; open_icon_color=&#8221;#83cd20&#8243; open_toggle_icon=&#8221;&#xf139;||fa||900&#8243; open_use_icon_font_size=&#8221;on&#8221; open_icon_font_size=&#8221;35px&#8221; _builder_version=&#8221;4.27.0&#8243; _module_preset=&#8221;default&#8221; title_text_color=&#8221;#034833&#8243; title_font=&#8221;|600|||||||&#8221; title_font_size=&#8221;18px&#8221; closed_title_font=&#8221;|600|||||||&#8221; closed_title_font_size=&#8221;18px&#8221; body_text_color=&#8221;#727272&#8243; background_color=&#8221;#FFFFFF&#8221; width_tablet=&#8221;100%&#8221; width_phone=&#8221;100%&#8221; width_last_edited=&#8221;on|tablet&#8221; custom_padding=&#8221;30px|30px|30px|30px|true|true&#8221; custom_css_toggle_icon=&#8221;padding-right:20px;&#8221; custom_css_toggle_content=&#8221;max-width:90%;&#8221; border_radii=&#8221;on|20px|20px|20px|20px&#8221; border_width_all=&#8221;0px&#8221; border_color_all=&#8221;RGBA(255,255,255,0)&#8221; box_shadow_style=&#8221;preset1&#8243; box_shadow_vertical=&#8221;0px&#8221; box_shadow_blur=&#8221;120px&#8221; box_shadow_color=&#8221;rgba(0,0,0,0.05)&#8221; global_colors_info=&#8221;{}&#8221; custom_css_toggle_icon_last_edited=&#8221;on|tablet&#8221; custom_css_toggle_icon_tablet=&#8221;padding-right:0px;&#8221; custom_css_toggle_icon_phone=&#8221;padding-right:0px;&#8221;]<\/p>\n<p>Pute\u021bi accesa rezultatele acestui test prin intermediul unei oferte de 24 de ore sau a unui abonament lunar.<\/p>\n<p>Toate instruc\u021biunile pentru efectuarea testului \u0219i alegerea unei oferte sunt detaliate \u00een sec\u021biunea \"Cum func\u021bioneaz\u0103?<\/p>\n<p>[\/et_pb_toggle][et_pb_toggle title=&#8221;En quoi ce test m&#8217;est-il utile ?&#8221; open_toggle_text_color=&#8221;#034833&#8243; icon_color=&#8221;#f1f5eb&#8221; toggle_icon=&#8221;&#xf13a;||fa||900&#8243; use_icon_font_size=&#8221;on&#8221; icon_font_size=&#8221;35px&#8221; open_icon_color=&#8221;#83cd20&#8243; open_toggle_icon=&#8221;&#xf139;||fa||900&#8243; open_use_icon_font_size=&#8221;on&#8221; open_icon_font_size=&#8221;35px&#8221; _builder_version=&#8221;4.27.0&#8243; _module_preset=&#8221;default&#8221; title_text_color=&#8221;#034833&#8243; title_font=&#8221;|600|||||||&#8221; title_font_size=&#8221;18px&#8221; closed_title_font=&#8221;|600|||||||&#8221; closed_title_font_size=&#8221;18px&#8221; body_text_color=&#8221;#727272&#8243; background_color=&#8221;#FFFFFF&#8221; width_tablet=&#8221;100%&#8221; width_phone=&#8221;100%&#8221; width_last_edited=&#8221;on|tablet&#8221; custom_padding=&#8221;30px|30px|30px|30px|true|true&#8221; custom_css_toggle_icon=&#8221;padding-right:20px;&#8221; custom_css_toggle_content=&#8221;max-width:90%;&#8221; border_radii=&#8221;on|20px|20px|20px|20px&#8221; border_width_all=&#8221;0px&#8221; border_color_all=&#8221;RGBA(255,255,255,0)&#8221; box_shadow_style=&#8221;preset1&#8243; box_shadow_vertical=&#8221;0px&#8221; box_shadow_blur=&#8221;120px&#8221; box_shadow_color=&#8221;rgba(0,0,0,0.05)&#8221; global_colors_info=&#8221;{}&#8221; custom_css_toggle_icon_last_edited=&#8221;on|tablet&#8221; custom_css_toggle_icon_tablet=&#8221;padding-right:0px;&#8221; custom_css_toggle_icon_phone=&#8221;padding-right:0px;&#8221;]<\/p>\n<p>La nivel personal, poate fi util dac\u0103 candida\u021bi pentru un loc de munc\u0103, dac\u0103 dori\u021bi s\u0103 v\u0103 explora\u021bi personalitatea mai profund sau dac\u0103 sunte\u021bi \u00een c\u0103utarea dezvolt\u0103rii personale.<\/p>\n<p>La nivel profesional, acest test poate fi utilizat pentru interviurile de angajare, pentru a \u00een\u021belege mai bine mediul de lucru sau pentru studii demografice. De exemplu, acest test a fost utilizat \u00eentr-un studiu pre-referendum privind referendumul Brexit.<\/p>\n<p>[\/et_pb_toggle][\/et_pb_column][\/et_pb_row][et_pb_row _builder_version=&#8221;4.27.0&#8243; _module_preset=&#8221;default&#8221; width=&#8221;60%&#8221; width_tablet=&#8221;80%&#8221; width_phone=&#8221;80%&#8221; width_last_edited=&#8221;on|phone&#8221; custom_margin=&#8221;0px||||false|false&#8221; custom_padding=&#8221;20px||||false|false&#8221; locked=&#8221;off&#8221; global_colors_info=&#8221;{}&#8221;][et_pb_column type=&#8221;4_4&#8243; _builder_version=&#8221;4.27.0&#8243; _module_preset=&#8221;default&#8221; global_colors_info=&#8221;{}&#8221;][et_pb_text _builder_version=&#8221;4.27.0&#8243; _module_preset=&#8221;default&#8221; global_colors_info=&#8221;{}&#8221;]<\/p>\n<h2 style=\"text-align: center;\">Abonament<\/h2>\n<p>[\/et_pb_text][et_pb_toggle title=&#8221;Comment s&#8217;abonner ?&#8221; open_toggle_text_color=&#8221;#034833&#8243; icon_color=&#8221;#f1f5eb&#8221; toggle_icon=&#8221;&#xf13a;||fa||900&#8243; use_icon_font_size=&#8221;on&#8221; icon_font_size=&#8221;35px&#8221; open_icon_color=&#8221;#83cd20&#8243; open_toggle_icon=&#8221;&#xf139;||fa||900&#8243; open_use_icon_font_size=&#8221;on&#8221; open_icon_font_size=&#8221;35px&#8221; _builder_version=&#8221;4.27.0&#8243; _module_preset=&#8221;default&#8221; title_text_color=&#8221;#034833&#8243; title_font=&#8221;|600|||||||&#8221; title_font_size=&#8221;18px&#8221; closed_title_font=&#8221;|600|||||||&#8221; closed_title_font_size=&#8221;18px&#8221; body_text_color=&#8221;#727272&#8243; background_color=&#8221;#FFFFFF&#8221; width_tablet=&#8221;100%&#8221; width_phone=&#8221;100%&#8221; width_last_edited=&#8221;on|tablet&#8221; custom_padding=&#8221;30px|30px|30px|30px|true|true&#8221; custom_css_toggle_icon=&#8221;padding-right:20px;&#8221; custom_css_toggle_content=&#8221;max-width:90%;&#8221; border_radii=&#8221;on|20px|20px|20px|20px&#8221; border_width_all=&#8221;0px&#8221; border_color_all=&#8221;RGBA(255,255,255,0)&#8221; box_shadow_style=&#8221;preset1&#8243; box_shadow_vertical=&#8221;0px&#8221; box_shadow_blur=&#8221;120px&#8221; box_shadow_color=&#8221;rgba(0,0,0,0.05)&#8221; global_colors_info=&#8221;{}&#8221; custom_css_toggle_icon_last_edited=&#8221;on|tablet&#8221; custom_css_toggle_icon_tablet=&#8221;padding-right:0px;&#8221; custom_css_toggle_icon_phone=&#8221;padding-right:0px;&#8221;]<\/p>\n<p>Pentru \u00eenceput, trebuie s\u0103 efectua\u021bi testul. La sf\u00e2r\u0219itul testului, pentru a consulta rezultatele, trebuie s\u0103 v\u0103 abona\u021bi la oferta de 24 de ore pentru 0,50 \u20ac. Dup\u0103 expirarea celor 24 de ore, abonamentul se va transforma automat \u00eentr-un abonament lunar de 47,50 \u20ac.<\/p>\n<p>Pentru a evita abonamentul lunar \u0219i a p\u0103stra doar oferta de 24 de ore, este suficient s\u0103 v\u0103 dezabona\u021bi cu u\u0219urin\u021b\u0103.<\/p>\n<p>Pentru un ghid detaliat privind efectuarea testului \u0219i abonarea la o ofert\u0103, consulta\u021bi pagina \"Cum func\u021bioneaz\u0103?\".<\/p>\n<p>[\/et_pb_toggle][et_pb_toggle title=&#8221;Quels services sont compris dans l&#8217;abonnement ?&#8221; open_toggle_text_color=&#8221;#034833&#8243; icon_color=&#8221;#f1f5eb&#8221; toggle_icon=&#8221;&#xf13a;||fa||900&#8243; use_icon_font_size=&#8221;on&#8221; icon_font_size=&#8221;35px&#8221; open_icon_color=&#8221;#83cd20&#8243; open_toggle_icon=&#8221;&#xf139;||fa||900&#8243; open_use_icon_font_size=&#8221;on&#8221; open_icon_font_size=&#8221;35px&#8221; _builder_version=&#8221;4.27.5&#8243; _module_preset=&#8221;default&#8221; title_text_color=&#8221;#034833&#8243; title_font=&#8221;|600|||||||&#8221; title_font_size=&#8221;18px&#8221; closed_title_font=&#8221;|600|||||||&#8221; closed_title_font_size=&#8221;18px&#8221; body_text_color=&#8221;#727272&#8243; background_color=&#8221;#FFFFFF&#8221; width_tablet=&#8221;100%&#8221; width_phone=&#8221;100%&#8221; width_last_edited=&#8221;on|tablet&#8221; custom_padding=&#8221;30px|30px|30px|30px|true|true&#8221; hover_enabled=&#8221;0&#8243; custom_css_toggle_icon=&#8221;padding-right:20px;&#8221; custom_css_toggle_content=&#8221;max-width:90%;&#8221; border_radii=&#8221;on|20px|20px|20px|20px&#8221; border_width_all=&#8221;0px&#8221; border_color_all=&#8221;RGBA(255,255,255,0)&#8221; box_shadow_style=&#8221;preset1&#8243; box_shadow_vertical=&#8221;0px&#8221; box_shadow_blur=&#8221;120px&#8221; box_shadow_color=&#8221;rgba(0,0,0,0.05)&#8221; global_colors_info=&#8221;{}&#8221; custom_css_toggle_icon_last_edited=&#8221;on|tablet&#8221; custom_css_toggle_icon_tablet=&#8221;padding-right:0px;&#8221; custom_css_toggle_icon_phone=&#8221;padding-right:0px;&#8221; sticky_enabled=&#8221;0&#8243;]<\/p>\n<p>Cu un abonament, pute\u021bi efectua \u0219i repeta testul ori de c\u00e2te ori dori\u021bi (pentru dvs. sau pentru al\u021bii) \u0219i pute\u021bi primi rezultatele (pentru compara\u021bie \u0219i stocare).<\/p>\n<p>Vous b\u00e9n\u00e9ficiez \u00e9galement d\u2019un acc\u00e8s illimit\u00e9 \u00e0 notre<span>\u00a0<\/span><strong><a href=\"\/ro\/e-books\/\">biblioth\u00e8que de 22 e-books<\/a><\/strong><span>\u00a0<\/span>en t\u00e9l\u00e9chargement PDF, couvrant l\u2019apprentissage de l\u2019anglais, la sant\u00e9 mentale et le d\u00e9veloppement personnel.<\/p>\n<p>[\/et_pb_toggle][et_pb_toggle title=&#8221;Comment puis-je annuler mon abonnement ?&#8221; open_toggle_text_color=&#8221;#034833&#8243; icon_color=&#8221;#f1f5eb&#8221; toggle_icon=&#8221;&#xf13a;||fa||900&#8243; use_icon_font_size=&#8221;on&#8221; icon_font_size=&#8221;35px&#8221; open_icon_color=&#8221;#83cd20&#8243; open_toggle_icon=&#8221;&#xf139;||fa||900&#8243; open_use_icon_font_size=&#8221;on&#8221; open_icon_font_size=&#8221;35px&#8221; _builder_version=&#8221;4.27.0&#8243; _module_preset=&#8221;default&#8221; title_text_color=&#8221;#034833&#8243; title_font=&#8221;|600|||||||&#8221; title_font_size=&#8221;18px&#8221; closed_title_font=&#8221;|600|||||||&#8221; closed_title_font_size=&#8221;18px&#8221; body_text_color=&#8221;#727272&#8243; background_color=&#8221;#FFFFFF&#8221; width_tablet=&#8221;100%&#8221; width_phone=&#8221;100%&#8221; width_last_edited=&#8221;on|tablet&#8221; custom_padding=&#8221;30px|30px|30px|30px|true|true&#8221; custom_css_toggle_icon=&#8221;padding-right:20px;&#8221; custom_css_toggle_content=&#8221;max-width:90%;&#8221; border_radii=&#8221;on|20px|20px|20px|20px&#8221; border_width_all=&#8221;0px&#8221; border_color_all=&#8221;RGBA(255,255,255,0)&#8221; box_shadow_style=&#8221;preset1&#8243; box_shadow_vertical=&#8221;0px&#8221; box_shadow_blur=&#8221;120px&#8221; box_shadow_color=&#8221;rgba(0,0,0,0.05)&#8221; global_colors_info=&#8221;{}&#8221; custom_css_toggle_icon_last_edited=&#8221;on|tablet&#8221; custom_css_toggle_icon_tablet=&#8221;padding-right:0px;&#8221; custom_css_toggle_icon_phone=&#8221;padding-right:0px;&#8221;]<\/p>\n<p>Pentru a v\u0103 anula abonamentul, trebuie doar s\u0103 face\u021bi clic pe fila \"Anulare abonament\" sau s\u0103 accesa\u021bi zona \"Contul meu\", s\u0103 introduce\u021bi adresa dvs. de e-mail \u0219i s\u0103 confirma\u021bi solicitarea.<\/p>\n<p>[\/et_pb_toggle][et_pb_toggle title=&#8221;J&#8217;ai omis de me d\u00e9sabonner avant la fin de la p\u00e9riode d&#8217;essai, est-ce que je peux obtenir un remboursement ?&#8221; open_toggle_text_color=&#8221;#034833&#8243; icon_color=&#8221;#f1f5eb&#8221; toggle_icon=&#8221;&#xf13a;||fa||900&#8243; use_icon_font_size=&#8221;on&#8221; icon_font_size=&#8221;35px&#8221; open_icon_color=&#8221;#83cd20&#8243; open_toggle_icon=&#8221;&#xf139;||fa||900&#8243; open_use_icon_font_size=&#8221;on&#8221; open_icon_font_size=&#8221;35px&#8221; _builder_version=&#8221;4.27.0&#8243; _module_preset=&#8221;default&#8221; title_text_color=&#8221;#034833&#8243; title_font=&#8221;|600|||||||&#8221; title_font_size=&#8221;18px&#8221; closed_title_font=&#8221;|600|||||||&#8221; closed_title_font_size=&#8221;18px&#8221; body_text_color=&#8221;#727272&#8243; background_color=&#8221;#FFFFFF&#8221; width_tablet=&#8221;100%&#8221; width_phone=&#8221;100%&#8221; width_last_edited=&#8221;on|tablet&#8221; custom_padding=&#8221;30px|30px|30px|30px|true|true&#8221; custom_css_toggle_icon=&#8221;padding-right:20px;&#8221; custom_css_toggle_content=&#8221;max-width:90%;&#8221; border_radii=&#8221;on|20px|20px|20px|20px&#8221; border_width_all=&#8221;0px&#8221; border_color_all=&#8221;RGBA(255,255,255,0)&#8221; box_shadow_style=&#8221;preset1&#8243; box_shadow_vertical=&#8221;0px&#8221; box_shadow_blur=&#8221;120px&#8221; box_shadow_color=&#8221;rgba(0,0,0,0.05)&#8221; global_colors_info=&#8221;{}&#8221; custom_css_toggle_icon_last_edited=&#8221;on|tablet&#8221; custom_css_toggle_icon_tablet=&#8221;padding-right:0px;&#8221; custom_css_toggle_icon_phone=&#8221;padding-right:0px;&#8221;]<\/p>\n<p>Dac\u0103 nu a\u021bi reu\u0219it s\u0103 v\u0103 anula\u021bi abonamentul, pute\u021bi solicita o rambursare \u00een termen de 14 zile de la \u00eenregistrare, cu condi\u021bia s\u0103 nu fi utilizat serviciile noastre dup\u0103 perioada de \u00eencercare de 24 de ore.<\/p>\n<p>[\/et_pb_toggle][\/et_pb_column][\/et_pb_row][\/et_pb_section]<\/p>","protected":false},"excerpt":{"rendered":"<p>FAQ Le testLe concept de ce test a \u00e9t\u00e9 introduit par Lewis Golberg en 1981, puis d\u00e9velopp\u00e9 par Costa et McCrae entre 1987 et 1992.Ce test permet de d\u00e9terminer le profil psychologique d\u2019une personne en se basant sur cinq traits de personnalit\u00e9 cl\u00e9s : l\u2019ouverture d\u2019esprit, l\u2019extraversion, le sens des responsabilit\u00e9s, la sociabilit\u00e9 et le [&hellip;]<\/p>","protected":false},"author":1,"featured_media":0,"parent":0,"menu_order":0,"comment_status":"closed","ping_status":"closed","template":"","meta":{"_et_pb_use_builder":"on","_et_pb_old_content":"<!-- wp:divi\/placeholder \/-->","_et_gb_content_width":"","inline_featured_image":false,"footnotes":""},"class_list":["post-156","page","type-page","status-publish","hentry"],"_links":{"self":[{"href":"https:\/\/psona.io\/ro\/wp-json\/wp\/v2\/pages\/156","targetHints":{"allow":["GET"]}}],"collection":[{"href":"https:\/\/psona.io\/ro\/wp-json\/wp\/v2\/pages"}],"about":[{"href":"https:\/\/psona.io\/ro\/wp-json\/wp\/v2\/types\/page"}],"author":[{"embeddable":true,"href":"https:\/\/psona.io\/ro\/wp-json\/wp\/v2\/users\/1"}],"replies":[{"embeddable":true,"href":"https:\/\/psona.io\/ro\/wp-json\/wp\/v2\/comments?post=156"}],"version-history":[{"count":5,"href":"https:\/\/psona.io\/ro\/wp-json\/wp\/v2\/pages\/156\/revisions"}],"predecessor-version":[{"id":2691,"href":"https:\/\/psona.io\/ro\/wp-json\/wp\/v2\/pages\/156\/revisions\/2691"}],"wp:attachment":[{"href":"https:\/\/psona.io\/ro\/wp-json\/wp\/v2\/media?parent=156"}],"curies":[{"name":"wp","href":"https:\/\/api.w.org\/{rel}","templated":true}]}}