{"id":2643,"date":"2026-01-22T21:24:36","date_gmt":"2026-01-22T21:24:36","guid":{"rendered":"https:\/\/psona.io\/?page_id=2643"},"modified":"2026-01-22T21:25:55","modified_gmt":"2026-01-22T21:25:55","slug":"disclaimer","status":"publish","type":"page","link":"https:\/\/psona.io\/ro\/disclaimer\/","title":{"rendered":"Disclaimer"},"content":{"rendered":"<p>[et_pb_section fb_built=\u201d1\u2033 custom_padding_last_edited=\u201don|tablet\u201d admin_label=\u201dHeader\u201d _builder_version=\u201d4.27.0\u2033 custom_margin=\u201d0px||0px||true|false\u201d custom_padding=\u201d0px||0px||true|false\u201d custom_padding_tablet=\u201d||||true|false\u201d custom_padding_phone=\u201d||||true|false\u201d locked=\u201doff\u201d global_colors_info=\u201d{}\u201d theme_builder_area=\u201dpost_content\u201d][et_pb_row use_custom_gutter=\u201don\u201d gutter_width=\u201d1\u2033 custom_padding_last_edited=\u201don|phone\u201d _builder_version=\u201d4.27.0\u2033 background_color=\u201d#034833\u2033 background_size=\u201dinitial\u201d background_position=\u201dtop_left\u201d background_repeat=\u201drepeat\u201d width=\u201d95%\u201d custom_margin=\u201d||||true|false\u201d custom_padding=\u201d150px||150px||true|true\u201d custom_padding_tablet=\u201d80px||80px||true|false\u201d custom_padding_phone=\u201d60px||60px||true|false\u201d border_radii=\u201don|50px|50px|50px|50px\u201d global_colors_info=\u201d{}\u201d theme_builder_area=\u201dpost_content\u201d][et_pb_column type=\u201d4_4\u2033 _builder_version=\u201d4.27.0\u2033 custom_padding=\u201d|||\u201d global_colors_info=\u201d{}\u201d custom_padding__hover=\u201d|||\u201d custom_css_main_element_last_edited=\u201don|phone\u201d theme_builder_area=\u201dpost_content\u201d][et_pb_text module_class=\u201dtitle-header\u201d _builder_version=\u201d4.27.4\u2033 background_size=\u201dinitial\u201d background_position=\u201dtop_left\u201d background_repeat=\u201drepeat\u201d width=\u201d72%\u201d width_tablet=\u201d70%\u201d width_phone=\u201d68.5%\u201d width_last_edited=\u201don|tablet\u201d module_alignment=\u201dcenter\u201d custom_margin=\u201d0px||0px||false|false\u201d custom_margin_tablet=\u201d0px||0px||false|false\u201d custom_margin_phone=\u201d0px||0px||false|false\u201d custom_margin_last_edited=\u201don|tablet\u201d custom_padding=\u201d0px||0px||true|false\u201d hover_enabled=\u201d0\u2033 header_font_size_tablet=\u201d50px\u201d header_font_size_phone=\u201d40px\u201d global_colors_info=\u201d{}\u201d theme_builder_area=\u201dpost_content\u201d sticky_enabled=\u201d0\u2033]<\/p>\n<h1 class=\"text-text-100 mt-3 -mb-1 text-[1.375rem] font-bold\">Disclaimer<\/h1>\n<p><!-- \/divi:paragraph --><\/p>\n<p>[\/et_pb_text][\/et_pb_column][\/et_pb_row][\/et_pb_section][et_pb_section fb_built=\u201d1\u2033 _builder_version=\u201d4.27.0\u2033 _module_preset=\u201ddefault\u201d global_colors_info=\u201d{}\u201d locked=\u201doff\u201d theme_builder_area=\u201dpost_content\u201d][et_pb_row _builder_version=\u201d4.27.0\u2033 _module_preset=\u201ddefault\u201d global_colors_info=\u201d{}\u201d theme_builder_area=\u201dpost_content\u201d][et_pb_column type=\u201d4_4\u2033 _builder_version=\u201d4.27.0\u2033 _module_preset=\u201ddefault\u201d global_colors_info=\u201d{}\u201d theme_builder_area=\u201dpost_content\u201d][et_pb_text _builder_version=\u201d4.27.4\u2033 _module_preset=\u201ddefault\u201d header_2_text_align=\u201dcenter\u201d hover_enabled=\u201d0\u2033 global_colors_info=\u201d{}\u201d theme_builder_area=\u201dpost_content\u201d sticky_enabled=\u201d0\u2033]<\/p>\n<p class=\"font-claude-response-body break-words whitespace-normal leading-[1.7]\">Ultima actualizare: 22 ianuarie 2026<\/p>\n<h2 class=\"text-text-100 mt-3 -mb-1 text-[1.125rem] font-bold\">Interpretare \u0219i defini\u021bii<\/h2>\n<h3 class=\"text-text-100 mt-2 -mb-1 text-base font-bold\">Interpretare<\/h3>\n<p class=\"font-claude-response-body break-words whitespace-normal leading-[1.7]\">Cuvintele a c\u0103ror liter\u0103 ini\u021bial\u0103 este cu majuscul\u0103 au semnifica\u021biile definite \u00een urm\u0103toarele condi\u021bii. Urm\u0103toarele defini\u021bii au acela\u0219i \u00een\u021beles, indiferent dac\u0103 apar la singular sau la plural.<\/p>\n<h3 class=\"text-text-100 mt-2 -mb-1 text-base font-bold\">Defini\u021bii<\/h3>\n<p class=\"font-claude-response-body break-words whitespace-normal leading-[1.7]\">\u00cen sensul prezentului avertisment :<\/p>\n<ul class=\"[li_&amp;]:mb-0 [li_&amp;]:mt-1 [li_&amp;]:gap-1 [&amp;:not(:last-child)_ul]:pb-1 [&amp;:not(:last-child)_ol]:pb-1 list-disc flex flex-col gap-1 pl-8 mb-3\">\n<li class=\"whitespace-normal break-words pl-2\"><strong>Compania<\/strong> (denumit\u0103 \u00een prezenta notificare \u00absocietatea\u00bb, \u00abnoi\u00bb, \u00abne\u00bb sau \"nostru\") se refer\u0103 la CLICKBUSTER LTD, 63-66 Hatton Garden, Londra EC1N 8LE.<\/li>\n<li class=\"whitespace-normal break-words pl-2\"><strong>Service<\/strong> se refer\u0103 la site-ul web.<\/li>\n<li class=\"whitespace-normal break-words pl-2\"><strong>Tu<\/strong> \u00eenseamn\u0103 persoana fizic\u0103 care acceseaz\u0103 Serviciul sau societatea sau alt\u0103 entitate juridic\u0103 \u00een numele c\u0103reia persoana respectiv\u0103 acceseaz\u0103 sau utilizeaz\u0103 Serviciul, dup\u0103 caz.<\/li>\n<li class=\"whitespace-normal break-words pl-2\"><strong>Site web<\/strong> se refer\u0103 la PSONA, accesibil de la <a class=\"underline underline underline-offset-2 decoration-1 decoration-current\/40 hover:decoration-current focus:decoration-current\" href=\"https:\/\/psona.io\/ro\/\">https:\/\/psona.io\/<\/a><\/li>\n<\/ul>\n<h2 class=\"text-text-100 mt-3 -mb-1 text-[1.125rem] font-bold\">Avertisment general<\/h2>\n<p class=\"font-claude-response-body break-words whitespace-normal leading-[1.7]\">Informa\u021biile con\u021binute \u00een Serviciu sunt furnizate numai \u00een scopuri de informare general\u0103.<\/p>\n<p class=\"font-claude-response-body break-words whitespace-normal leading-[1.7]\">Compania nu accept\u0103 nicio responsabilitate pentru eventualele erori sau omisiuni din con\u021binutul Serviciului.<\/p>\n<p class=\"font-claude-response-body break-words whitespace-normal leading-[1.7]\">\u00cen niciun caz Compania nu va fi r\u0103spunz\u0103toare pentru orice daune speciale, directe, indirecte, consecvente sau accidentale, sau pentru orice alte daune, fie c\u0103 este vorba de o ac\u021biune contractual\u0103, neglijen\u021b\u0103 sau alt delict, care rezult\u0103 din sau \u00een leg\u0103tur\u0103 cu utilizarea Serviciului sau a con\u021binutului Serviciului. Compania \u00ee\u0219i rezerv\u0103 dreptul de a face ad\u0103ugiri, elimin\u0103ri sau modific\u0103ri la con\u021binutul Serviciului \u00een orice moment f\u0103r\u0103 notificare prealabil\u0103.<\/p>\n<p class=\"font-claude-response-body break-words whitespace-normal leading-[1.7]\">Compania nu garanteaz\u0103 c\u0103 Serviciul este lipsit de viru\u0219i sau alte componente d\u0103un\u0103toare.<\/p>\n<h2 class=\"text-text-100 mt-3 -mb-1 text-[1.125rem] font-bold\">Avertisment cu privire la testele de personalitate<\/h2>\n<p class=\"font-claude-response-body break-words whitespace-normal leading-[1.7]\">Testele de personalitate oferite pe acest serviciu :<\/p>\n<ul class=\"[li_&amp;]:mb-0 [li_&amp;]:mt-1 [li_&amp;]:gap-1 [&amp;:not(:last-child)_ul]:pb-1 [&amp;:not(:last-child)_ol]:pb-1 list-disc flex flex-col gap-1 pl-8 mb-3\">\n<li class=\"whitespace-normal break-words pl-2\">Ele nu reprezint\u0103 o \u0219tiin\u021b\u0103 exact\u0103 \u0219i nu trebuie considerate evalu\u0103ri psihologice sau psihanalitice profesionale.<\/li>\n<li class=\"whitespace-normal break-words pl-2\">Urm\u0103toarele informa\u021bii sunt furnizate doar \u00een scopuri informative \u0219i de divertisment<\/li>\n<li class=\"whitespace-normal break-words pl-2\">Nu trebuie utilizat ca baz\u0103 unic\u0103 pentru luarea unor decizii importante privind via\u021ba dumneavoastr\u0103 personal\u0103, profesional\u0103 sau medical\u0103<\/li>\n<li class=\"whitespace-normal break-words pl-2\">Nu constituie un sfat medical, psihologic sau profesional<\/li>\n<\/ul>\n<p class=\"font-claude-response-body break-words whitespace-normal leading-[1.7]\">Compania nu accept\u0103 nicio responsabilitate pentru deciziile luate de utilizatori pe baza rezultatelor testelor lor. Dac\u0103 ave\u021bi \u00eentreb\u0103ri psihologice sau medicale, v\u0103 recomand\u0103m s\u0103 consulta\u021bi un profesionist calificat.<\/p>\n<h2 class=\"text-text-100 mt-3 -mb-1 text-[1.125rem] font-bold\">Avertisment privind linkurile externe<\/h2>\n<p class=\"font-claude-response-body break-words whitespace-normal leading-[1.7]\">Serviciul poate con\u021bine linkuri c\u0103tre site-uri externe care nu sunt furnizate sau \u00eentre\u021binute de Societate sau care nu sunt afiliate \u00een niciun fel cu aceasta.<\/p>\n<p class=\"font-claude-response-body break-words whitespace-normal leading-[1.7]\">V\u0103 rug\u0103m s\u0103 re\u021bine\u021bi c\u0103 societatea nu garanteaz\u0103 acurate\u021bea, relevan\u021ba, actualitatea sau exhaustivitatea informa\u021biilor con\u021binute pe aceste site-uri externe.<\/p>\n<h2 class=\"text-text-100 mt-3 -mb-1 text-[1.125rem] font-bold\">Avertizare cu privire la erori \u0219i omisiuni<\/h2>\n<p class=\"font-claude-response-body break-words whitespace-normal leading-[1.7]\">Informa\u021biile furnizate de Serviciu sunt destinate exclusiv ca un ghid general pentru subiectele de interes. Cu toate c\u0103 societatea \u00ee\u0219i ia toate m\u0103surile de precau\u021bie pentru a se asigura c\u0103 con\u021binutul serviciului este actual \u0219i corect, pot ap\u0103rea erori. \u00cen plus, datorit\u0103 naturii evolutive a legilor, normelor \u0219i reglement\u0103rilor, pot exista \u00eent\u00e2rzieri, omisiuni sau inexactit\u0103\u021bi \u00een informa\u021biile con\u021binute \u00een Serviciu.<\/p>\n<p class=\"font-claude-response-body break-words whitespace-normal leading-[1.7]\">Compania nu este responsabil\u0103 pentru nicio eroare sau omisiune, sau pentru rezultatele ob\u021binute din utilizarea acestor informa\u021bii.<\/p>\n<h2 class=\"text-text-100 mt-3 -mb-1 text-[1.125rem] font-bold\">Declara\u021bie de renun\u021bare privind utilizarea corect\u0103<\/h2>\n<p class=\"font-claude-response-body break-words whitespace-normal leading-[1.7]\">Compania poate utiliza materiale protejate prin drepturi de autor care nu au fost \u00eentotdeauna autorizate \u00een mod specific de c\u0103tre de\u021bin\u0103torul drepturilor de autor. Compania pune la dispozi\u021bie acest material \u00een scopuri de critic\u0103, comentariu, raportare, predare, studiu sau cercetare.<\/p>\n<p class=\"font-claude-response-body break-words whitespace-normal leading-[1.7]\">Compania consider\u0103 c\u0103 aceasta constituie o \u00abutilizare corect\u0103\u00bb a oric\u0103rui material protejat de drepturi de autor, \u00een conformitate cu sec\u021biunea 107 din Legea drepturilor de autor din SUA (sau cu dispozi\u021biile echivalente din legisla\u021bia aplicabil\u0103).<\/p>\n<p class=\"font-claude-response-body break-words whitespace-normal leading-[1.7]\">Dac\u0103 dori\u021bi s\u0103 utiliza\u021bi materiale protejate prin drepturi de autor pe Serviciu \u00een scopuri proprii care dep\u0103\u0219esc utilizarea corect\u0103, trebuie s\u0103 ob\u021bine\u021bi permisiunea de\u021bin\u0103torului drepturilor de autor.<\/p>\n<h2 class=\"text-text-100 mt-3 -mb-1 text-[1.125rem] font-bold\">Disclaimer privind opiniile exprimate<\/h2>\n<p class=\"font-claude-response-body break-words whitespace-normal leading-[1.7]\">Serviciul poate con\u021bine puncte de vedere \u0219i opinii care apar\u021bin autorilor \u0219i nu reflect\u0103 \u00een mod necesar politica sau pozi\u021bia oficial\u0103 a niciunui alt autor, agen\u021bie, organiza\u021bie, angajator sau companie, inclusiv a Companiei.<\/p>\n<p class=\"font-claude-response-body break-words whitespace-normal leading-[1.7]\">\u00cen cazul \u00een care Serviciul permite utilizatorilor s\u0103 posteze con\u021binut (inclusiv comentarii), acest con\u021binut este responsabilitatea exclusiv\u0103 a utilizatorului care l-a postat. Compania nu este responsabil\u0103 pentru con\u021binutul generat de utilizatori \u0219i \u00ee\u0219i rezerv\u0103 dreptul de a-l elimina din orice motiv.<\/p>\n<h2 class=\"text-text-100 mt-3 -mb-1 text-[1.125rem] font-bold\">Disclaimer<\/h2>\n<p class=\"font-claude-response-body break-words whitespace-normal leading-[1.7]\">Informa\u021biile de pe Serviciu sunt furnizate cu condi\u021bia ca Societatea s\u0103 nu ofere consiliere sau servicii juridice, contabile, fiscale sau alte servicii profesionale. Ca atare, acestea nu ar trebui utilizate ca substitut pentru consultarea unor consilieri profesioni\u0219ti contabili, fiscali, juridici sau a altor consilieri competen\u021bi.<\/p>\n<p class=\"font-claude-response-body break-words whitespace-normal leading-[1.7]\">\u00cen niciun caz Compania sau furnizorii s\u0103i nu vor fi r\u0103spunz\u0103tori pentru orice daune speciale, accidentale, indirecte sau consecutive care rezult\u0103 din sau \u00een leg\u0103tur\u0103 cu accesul dumneavoastr\u0103 la sau utilizarea, sau incapacitatea de a accesa sau utiliza, Serviciul.<\/p>\n<h2 class=\"text-text-100 mt-3 -mb-1 text-[1.125rem] font-bold\">Utiliza\u021bi pe propriul risc\u00ab.\u00bb<\/h2>\n<p class=\"font-claude-response-body break-words whitespace-normal leading-[1.7]\">Toate informa\u021biile de pe Serviciu sunt furnizate \u00aba\u0219a cum sunt\u00bb, f\u0103r\u0103 a garanta exhaustivitatea, acurate\u021bea, actualitatea sau rezultatele ob\u021binute \u00een urma utiliz\u0103rii acestor informa\u021bii \u0219i f\u0103r\u0103 garan\u021bii de niciun fel, exprese sau implicite, inclusiv, dar f\u0103r\u0103 a se limita la, garan\u021bii de performan\u021b\u0103, vandabilitate \u0219i adecvare pentru un anumit scop.<\/p>\n<p class=\"font-claude-response-body break-words whitespace-normal leading-[1.7]\">Compania nu va fi r\u0103spunz\u0103toare fa\u021b\u0103 de dumneavoastr\u0103 sau fa\u021b\u0103 de orice alt\u0103 persoan\u0103 pentru orice decizie luat\u0103 sau ac\u021biune \u00eentreprins\u0103 pe baza informa\u021biilor furnizate de Serviciu sau pentru orice daune indirecte, speciale sau similare, chiar dac\u0103 a fost informat\u0103 de posibilitatea unor astfel de daune.<\/p>\n<h2 class=\"text-text-100 mt-3 -mb-1 text-[1.125rem] font-bold\">Legisla\u021bia aplicabil\u0103<\/h2>\n<p class=\"font-claude-response-body break-words whitespace-normal leading-[1.7]\">Prezenta clauz\u0103 de exonerare de r\u0103spundere este reglementat\u0103 de legisla\u021bia englez\u0103. Orice litigiu referitor la interpretarea sau executarea acestuia va fi supus jurisdic\u021biei exclusive a instan\u021belor engleze.<\/p>\n<h2 class=\"text-text-100 mt-3 -mb-1 text-[1.125rem] font-bold\">Contacta\u021bi-ne<\/h2>\n<p class=\"font-claude-response-body break-words whitespace-normal leading-[1.7]\">Dac\u0103 ave\u021bi \u00eentreb\u0103ri cu privire la acest avertisment, v\u0103 rug\u0103m s\u0103 ne contacta\u021bi:<\/p>\n<ul class=\"[li_&amp;]:mb-0 [li_&amp;]:mt-1 [li_&amp;]:gap-1 [&amp;:not(:last-child)_ul]:pb-1 [&amp;:not(:last-child)_ol]:pb-1 list-disc flex flex-col gap-1 pl-8 mb-3\">\n<li class=\"whitespace-normal break-words pl-2\">Prin e-mail : <a class=\"underline underline underline-offset-2 decoration-1 decoration-current\/40 hover:decoration-current focus:decoration-current\" href=\"mailto:contact@psona.io\">contact@psona.io<\/a><\/li>\n<li class=\"whitespace-normal break-words pl-2\">Vizit\u00e2nd aceast\u0103 pagin\u0103 de pe site-ul nostru : <a class=\"underline underline underline-offset-2 decoration-1 decoration-current\/40 hover:decoration-current focus:decoration-current\" href=\"https:\/\/psona.io\/ro\/contact\/\">https:\/\/psona.io\/contact\/<\/a><\/li>\n<\/ul>\n<p>[\/et_pb_text][\/et_pb_column][\/et_pb_row][\/et_pb_section]<\/p>","protected":false},"excerpt":{"rendered":"<p>Disclaimer Ultima actualizare: 22 ianuarie 2026 Interpretare \u0219i defini\u021bii Interpretare Cuvintele a c\u0103ror liter\u0103 ini\u021bial\u0103 este cu majuscul\u0103 au \u00een\u021belesurile definite \u00een urm\u0103toarele condi\u021bii. Urm\u0103toarele defini\u021bii au acela\u0219i \u00een\u021beles, indiferent dac\u0103 apar la singular sau la plural. Defini\u021bii \u00cen sensul prezentului avertisment: Societate (denumit\u0103 [...])<\/p>","protected":false},"author":1,"featured_media":0,"parent":0,"menu_order":0,"comment_status":"closed","ping_status":"closed","template":"","meta":{"_et_pb_use_builder":"on","_et_pb_old_content":"","_et_gb_content_width":"","inline_featured_image":false,"footnotes":""},"class_list":["post-2643","page","type-page","status-publish","hentry"],"_links":{"self":[{"href":"https:\/\/psona.io\/ro\/wp-json\/wp\/v2\/pages\/2643","targetHints":{"allow":["GET"]}}],"collection":[{"href":"https:\/\/psona.io\/ro\/wp-json\/wp\/v2\/pages"}],"about":[{"href":"https:\/\/psona.io\/ro\/wp-json\/wp\/v2\/types\/page"}],"author":[{"embeddable":true,"href":"https:\/\/psona.io\/ro\/wp-json\/wp\/v2\/users\/1"}],"replies":[{"embeddable":true,"href":"https:\/\/psona.io\/ro\/wp-json\/wp\/v2\/comments?post=2643"}],"version-history":[{"count":2,"href":"https:\/\/psona.io\/ro\/wp-json\/wp\/v2\/pages\/2643\/revisions"}],"predecessor-version":[{"id":2645,"href":"https:\/\/psona.io\/ro\/wp-json\/wp\/v2\/pages\/2643\/revisions\/2645"}],"wp:attachment":[{"href":"https:\/\/psona.io\/ro\/wp-json\/wp\/v2\/media?parent=2643"}],"curies":[{"name":"wp","href":"https:\/\/api.w.org\/{rel}","templated":true}]}}