{"id":138,"date":"2024-09-05T10:22:57","date_gmt":"2024-09-05T10:22:57","guid":{"rendered":"https:\/\/psona.io\/?page_id=138"},"modified":"2026-01-22T21:36:34","modified_gmt":"2026-01-22T21:36:34","slug":"a-propos","status":"publish","type":"page","link":"https:\/\/psona.io\/sk\/a-propos\/","title":{"rendered":"O n\u00e1s"},"content":{"rendered":"<p>[et_pb_section fb_built=&#8221;1&#8243; custom_padding_last_edited=&#8221;on|tablet&#8221; admin_label=&#8221;Header&#8221; _builder_version=&#8221;4.27.0&#8243; custom_margin=&#8221;0px||0px||true|false&#8221; custom_padding=&#8221;0px||0px||true|false&#8221; custom_padding_tablet=&#8221;||||true|false&#8221; custom_padding_phone=&#8221;||||true|false&#8221; locked=&#8221;off&#8221; global_colors_info=&#8221;{}&#8221;][et_pb_row use_custom_gutter=&#8221;on&#8221; gutter_width=&#8221;1&#8243; custom_padding_last_edited=&#8221;on|phone&#8221; _builder_version=&#8221;4.27.0&#8243; background_color=&#8221;#034833&#8243; background_size=&#8221;initial&#8221; background_position=&#8221;top_left&#8221; background_repeat=&#8221;repeat&#8221; width=&#8221;95%&#8221; custom_margin=&#8221;||||true|false&#8221; custom_padding=&#8221;150px||150px||true|true&#8221; custom_padding_tablet=&#8221;80px||80px||true|false&#8221; custom_padding_phone=&#8221;60px||60px||true|false&#8221; border_radii=&#8221;on|50px|50px|50px|50px&#8221; global_colors_info=&#8221;{}&#8221;][et_pb_column type=&#8221;4_4&#8243; _builder_version=&#8221;4.27.0&#8243; custom_padding=&#8221;|||&#8221; global_colors_info=&#8221;{}&#8221; custom_padding__hover=&#8221;|||&#8221; custom_css_main_element_last_edited=&#8221;on|phone&#8221;][et_pb_text module_class=&#8221;title-header&#8221; _builder_version=&#8221;4.27.0&#8243; background_size=&#8221;initial&#8221; background_position=&#8221;top_left&#8221; background_repeat=&#8221;repeat&#8221; width=&#8221;72%&#8221; width_tablet=&#8221;70%&#8221; width_phone=&#8221;68.5%&#8221; width_last_edited=&#8221;on|tablet&#8221; module_alignment=&#8221;center&#8221; custom_margin=&#8221;0px||0px||false|false&#8221; custom_margin_tablet=&#8221;0px||0px||false|false&#8221; custom_margin_phone=&#8221;0px||0px||false|false&#8221; custom_margin_last_edited=&#8221;on|tablet&#8221; custom_padding=&#8221;0px||0px||true|false&#8221; header_font_size_tablet=&#8221;50px&#8221; header_font_size_phone=&#8221;40px&#8221; global_colors_info=&#8221;{}&#8221;]<\/p>\n<h1>O n\u00e1s<\/h1>\n<p><!-- \/divi:paragraph --><\/p>\n<p>[\/et_pb_text][\/et_pb_column][\/et_pb_row][\/et_pb_section][et_pb_section fb_built=&#8221;1&#8243; admin_label=&#8221;The test&#8221; _builder_version=&#8221;4.27.0&#8243; _module_preset=&#8221;default&#8221; custom_margin=&#8221;||||false&#8221; custom_padding=&#8221;60px||0px||false|false&#8221; global_colors_info=&#8221;{}&#8221;][et_pb_row _builder_version=&#8221;4.27.0&#8243; _module_preset=&#8221;default&#8221; width=&#8221;68.5%&#8221; global_colors_info=&#8221;{}&#8221;][et_pb_column type=&#8221;4_4&#8243; _builder_version=&#8221;4.27.0&#8243; _module_preset=&#8221;default&#8221; global_colors_info=&#8221;{}&#8221;][et_pb_text _builder_version=&#8221;4.27.0&#8243; _module_preset=&#8221;default&#8221; header_5_font=&#8221;|600||on|||||&#8221; header_5_text_color=&#8221;#034833&#8243; header_5_font_size=&#8221;18px&#8221; header_5_letter_spacing=&#8221;1px&#8221; custom_margin=&#8221;||0px||false|false&#8221; custom_padding=&#8221;||0px||false|false&#8221; global_colors_info=&#8221;{}&#8221;]<\/p>\n<h5>Vedecky uznan\u00e9<\/h5>\n<p>[\/et_pb_text][et_pb_text _builder_version=&#8221;4.27.0&#8243; _module_preset=&#8221;default&#8221; header_2_text_color=&#8221;#000000&#8243; custom_margin=&#8221;||0px||false|false&#8221; custom_padding=&#8221;||0px||false|false&#8221; global_colors_info=&#8221;{}&#8221;]<\/p>\n<h2>Test<\/h2>\n<p>[\/et_pb_text][et_pb_text _builder_version=&#8221;4.27.0&#8243; _module_preset=&#8221;default&#8221; text_line_height=&#8221;1.8em&#8221; custom_margin=&#8221;0px||||false|false&#8221; custom_padding=&#8221;0px||||false|false&#8221; global_colors_info=&#8221;{}&#8221;]<\/p>\n<p>V psychol\u00f3gii sa pojem \"Big Five\" vz\u0165ahuje na model osobnosti, ktor\u00fd sa sklad\u00e1 z piatich hlavn\u00fdch \u010d\u0155t. Tento model navrhol americk\u00fd psychol\u00f3g Lewis Goldberg v roku 1981 a v rokoch 1987 a\u017e 1992 ho rozpracovali Costa a McCrae. Je v\u0161eobecne uzn\u00e1van\u00fd ako etal\u00f3n v teoretickom v\u00fdskume osobnosti a pou\u017e\u00edva sa na vytvorenie psychologick\u00fdch profilov mili\u00f3nov \u013eud\u00ed na celom svete.<br \/>H\u013abkov\u00e9 anal\u00fdzy preuk\u00e1zali s\u00favislosti medzi testov\u00fdmi mierami Ve\u013ekej p\u00e4\u0165ky a r\u00f4znymi aspektmi spr\u00e1vania:<\/p>\n<p>[\/et_pb_text][\/et_pb_column][\/et_pb_row][et_pb_row column_structure=&#8221;1_2,1_2&#8243; make_equal=&#8221;on&#8221; _builder_version=&#8221;4.27.0&#8243; _module_preset=&#8221;default&#8221; width=&#8221;68.5%&#8221; global_colors_info=&#8221;{}&#8221;][et_pb_column type=&#8221;1_2&#8243; _builder_version=&#8221;4.27.0&#8243; _module_preset=&#8221;default&#8221; custom_padding=&#8221;40px|25px|40px|25px|true|true&#8221; custom_css_main_element=&#8221;max-width:350px;&#8221; border_radii=&#8221;on|20px|20px|20px|20px&#8221; border_width_all=&#8221;1px&#8221; border_color_all=&#8221;#e3dbd8&#8243; global_colors_info=&#8221;{}&#8221;][et_pb_text _builder_version=&#8221;4.27.0&#8243; _module_preset=&#8221;default&#8221; text_font=&#8221;|700|||||||&#8221; text_text_color=&#8221;#034833&#8243; text_font_size=&#8221;22px&#8221; global_colors_info=&#8221;{}&#8221;]<\/p>\n<p>Profesion\u00e1lny v\u00fdkon<\/p>\n<p>[\/et_pb_text][et_pb_text _builder_version=\u201d4.27.0\u2033 _module_preset=\u201ddefault\u201d text_line_height=\u201d1.8em\u201d global_colors_info=\u201d{}\u201d]<\/p>\n<p>Svedomit\u00fd v\u00fdkon sa sp\u00e1ja nez\u00e1visle od odvetvia \u010dinnosti a krit\u00e9ri\u00ed hodnotenia.<\/p>\n<p>[\/et_pb_text][\/et_pb_column][et_pb_column type=&#8221;1_2&#8243; _builder_version=&#8221;4.27.0&#8243; _module_preset=&#8221;default&#8221; custom_padding=&#8221;40px|25px|40px|25px|true|true&#8221; custom_css_main_element=&#8221;max-width:480px;&#8221; border_radii=&#8221;on|20px|20px|20px|20px&#8221; border_width_all=&#8221;1px&#8221; border_color_all=&#8221;#e3dbd8&#8243; global_colors_info=&#8221;{}&#8221;][et_pb_text _builder_version=&#8221;4.27.0&#8243; _module_preset=&#8221;default&#8221; text_font=&#8221;|700|||||||&#8221; text_text_color=&#8221;#034833&#8243; text_font_size=&#8221;22px&#8221; global_colors_info=&#8221;{}&#8221;]<\/p>\n<p>Poruchy osobnosti<\/p>\n<p>[\/et_pb_text][et_pb_text _builder_version=\u201d4.27.0\u2033 _module_preset=\u201ddefault\u201d text_line_height=\u201d1.8em\u201d global_colors_info=\u201d{}\u201d]<\/p>\n<p>Ka\u017ed\u00e1 kateg\u00f3ria Diagnostick\u00e9ho a \u0161tatistick\u00e9ho manu\u00e1lu du\u0161evn\u00fdch por\u00fach (DSM) zodpoved\u00e1 \u0161pecifick\u00e9mu profilu Ve\u013ekej p\u00e4\u0165ky, ktor\u00fd sa \u010dasto vyzna\u010duje vysokou \u00farov\u0148ou neurotickosti a n\u00edzkou \u00farov\u0148ou s\u00fahlasnosti.<\/p>\n<p>[\/et_pb_text][\/et_pb_column][\/et_pb_row][et_pb_row _builder_version=&#8221;4.27.0&#8243; _module_preset=&#8221;default&#8221; width=&#8221;68.5%&#8221; global_colors_info=&#8221;{}&#8221;][et_pb_column type=&#8221;4_4&#8243; _builder_version=&#8221;4.27.0&#8243; _module_preset=&#8221;default&#8221; global_colors_info=&#8221;{}&#8221;][et_pb_text _builder_version=&#8221;4.27.0&#8243; _module_preset=&#8221;default&#8221; text_line_height=&#8221;1.8em&#8221; custom_margin=&#8221;0px||||false|false&#8221; custom_padding=&#8221;0px||||false|false&#8221; locked=&#8221;off&#8221; global_colors_info=&#8221;{}&#8221;]<\/p>\n<p>Vlastnosti Ve\u013ekej p\u00e4\u0165ky nie s\u00fa \u00faplne nez\u00e1visl\u00e9 jedna od druhej, \u010do sp\u00f4sobuje, \u017ee niektor\u00e9 hodnotenia s\u00fa pri hodnoten\u00ed jednotliv\u00fdch kateg\u00f3ri\u00ed \u010diasto\u010dne zbyto\u010dn\u00e9.<br \/>V roku 2010 test spojen\u00fd s Ve\u013ekou p\u00e4\u0165kou vyu\u017e\u00edvali na vojensk\u00e9, politick\u00e9 a stran\u00edcke \u00fa\u010dely najm\u00e4 spolo\u010dnosti ako SCL Group prostredn\u00edctvom svojich dc\u00e9rskych spolo\u010dnost\u00ed Cambridge Analytica a Aggregate IQ.<br \/>Dnes je tento test \u0161iroko pou\u017e\u00edvan\u00fd a uzn\u00e1van\u00fd mnoh\u00fdmi spolo\u010dnos\u0165ami a priemyseln\u00fdmi odvetviami na celom svete.<\/p>\n<p>[\/et_pb_text][\/et_pb_column][\/et_pb_row][\/et_pb_section][et_pb_section fb_built=&#8221;1&#8243; admin_label=&#8221;The project&#8221; _builder_version=&#8221;4.27.0&#8243; _module_preset=&#8221;default&#8221; custom_margin=&#8221;0px||0px||true|false&#8221; custom_padding=&#8221;0px||0px||true|false&#8221; global_colors_info=&#8221;{}&#8221;][et_pb_row column_structure=&#8221;1_2,1_2&#8243; make_equal=&#8221;on&#8221; _builder_version=&#8221;4.27.0&#8243; _module_preset=&#8221;default&#8221; width=&#8221;68.5%&#8221; global_colors_info=&#8221;{}&#8221;][et_pb_column type=&#8221;1_2&#8243; _builder_version=&#8221;4.27.0&#8243; _module_preset=&#8221;default&#8221; global_colors_info=&#8221;{}&#8221;][et_pb_image src=&#8221;https:\/\/psona.io\/wp-content\/uploads\/2024\/09\/TheProject.svg&#8221; title_text=&#8221;TheProject&#8221; _builder_version=&#8221;4.27.0&#8243; _module_preset=&#8221;default&#8221; global_colors_info=&#8221;{}&#8221;][\/et_pb_image][\/et_pb_column][et_pb_column type=&#8221;1_2&#8243; _builder_version=&#8221;4.27.0&#8243; _module_preset=&#8221;default&#8221; custom_css_main_element=&#8221;display:flex;||flex-direction:column;||justify-content:center;||&#8221; global_colors_info=&#8221;{}&#8221;][et_pb_text _builder_version=&#8221;4.27.0&#8243; _module_preset=&#8221;default&#8221; header_5_font=&#8221;|600||on|||||&#8221; header_5_text_color=&#8221;#034833&#8243; header_5_font_size=&#8221;18px&#8221; header_5_letter_spacing=&#8221;1px&#8221; custom_margin=&#8221;||0px||false|false&#8221; custom_padding=&#8221;||0px||false|false&#8221; locked=&#8221;off&#8221; global_colors_info=&#8221;{}&#8221;]<\/p>\n<h5>Na \u0161t\u00fadium osobnost\u00ed<\/h5>\n<p>[\/et_pb_text][et_pb_text _builder_version=&#8221;4.27.0&#8243; _module_preset=&#8221;default&#8221; header_2_text_color=&#8221;#000000&#8243; custom_margin=&#8221;||0px||false|false&#8221; custom_padding=&#8221;||0px||false|false&#8221; locked=&#8221;off&#8221; global_colors_info=&#8221;{}&#8221;]<\/p>\n<h2>Projekt<\/h2>\n<p>[\/et_pb_text][et_pb_text _builder_version=&#8221;4.27.0&#8243; _module_preset=&#8221;default&#8221; text_line_height=&#8221;1.8em&#8221; width=&#8221;100%&#8221; width_tablet=&#8221;75%&#8221; width_phone=&#8221;100%&#8221; width_last_edited=&#8221;on|desktop&#8221; custom_margin=&#8221;0px||||false|false&#8221; custom_padding=&#8221;0px||||false|false&#8221; global_colors_info=&#8221;{}&#8221;]<\/p>\n<p>Cie\u013eom tohto projektu je poskytn\u00fa\u0165 v\u00e1m presn\u00fa anal\u00fdzu va\u0161ej osobnosti, zd\u00f4razni\u0165 va\u0161e siln\u00e9 str\u00e1nky a oblasti, ktor\u00e9 je potrebn\u00e9 zlep\u0161i\u0165, aby ste lep\u0161ie pochopili sami seba a osvietili svoj osobn\u00fd rozvoj. M\u00f4\u017ee sa pou\u017ei\u0165 aj pri n\u00e1bore zamestnancov do firiem na r\u00fdchle a efekt\u00edvne pos\u00fadenie kandid\u00e1tov.<\/p>\n<p>Test je zalo\u017een\u00fd na piatich z\u00e1kladn\u00fdch psychologick\u00fdch princ\u00edpoch, ktor\u00e9 definuj\u00fa osobnos\u0165 \u010dloveka, a je vedecky overen\u00fd, \u010do zaru\u010duje jeho spo\u013eahlivos\u0165 a d\u00f4veryhodnos\u0165.<\/p>\n<p>[\/et_pb_text][\/et_pb_column][\/et_pb_row][\/et_pb_section][et_pb_section fb_built=&#8221;1&#8243; custom_padding_last_edited=&#8221;on|phone&#8221; admin_label=&#8221;The Company&#8221; _builder_version=&#8221;4.27.0&#8243; _module_preset=&#8221;default&#8221; custom_margin_tablet=&#8221;&#8221; custom_margin_phone=&#8221;||0px||false|false&#8221; custom_margin_last_edited=&#8221;on|phone&#8221; custom_padding_tablet=&#8221;&#8221; custom_padding_phone=&#8221;||10px||false|false&#8221; global_colors_info=&#8221;{}&#8221;][et_pb_row column_structure=&#8221;1_3,2_3&#8243; use_custom_gutter=&#8221;on&#8221; gutter_width=&#8221;1&#8243; make_equal=&#8221;on&#8221; module_class=&#8221;about-us-row&#8221; _builder_version=&#8221;4.27.0&#8243; _module_preset=&#8221;default&#8221; width=&#8221;68.5%&#8221; global_colors_info=&#8221;{}&#8221;][et_pb_column type=&#8221;1_3&#8243; module_class=&#8221;col-left&#8221; disabled_on=&#8221;on|on|off&#8221; _builder_version=&#8221;4.27.0&#8243; _module_preset=&#8221;default&#8221; custom_padding_tablet=&#8221;||40px||false|false&#8221; custom_padding_phone=&#8221;||40px||false|false&#8221; custom_padding_last_edited=&#8221;on|tablet&#8221; global_colors_info=&#8221;{}&#8221; custom_css_main_element_last_edited=&#8221;on|tablet&#8221;][et_pb_image src=&#8221;https:\/\/psona.io\/wp-content\/uploads\/2024\/09\/Left-IMG.svg&#8221; title_text=&#8221;Left-IMG&#8221; _builder_version=&#8221;4.27.0&#8243; _module_preset=&#8221;default&#8221; global_colors_info=&#8221;{}&#8221;][\/et_pb_image][\/et_pb_column][et_pb_column type=&#8221;2_3&#8243; module_class=&#8221;col-right&#8221; _builder_version=&#8221;4.27.0&#8243; _module_preset=&#8221;default&#8221; global_colors_info=&#8221;{}&#8221;][et_pb_text _builder_version=&#8221;4.27.0&#8243; _module_preset=&#8221;default&#8221; text_line_height=&#8221;1.8em&#8221; header_4_font=&#8221;|700|||||||&#8221; header_4_text_color=&#8221;#034833&#8243; header_4_font_size=&#8221;20px&#8221; background_color=&#8221;#FFFFFF&#8221; width_tablet=&#8221;100%&#8221; width_phone=&#8221;100%&#8221; width_last_edited=&#8221;on|desktop&#8221; custom_margin=&#8221;0px||0px||true|false&#8221; custom_padding=&#8221;60px|60px|60px|60px|true|true&#8221; custom_padding_tablet=&#8221;60px|60px|60px|60px|true|true&#8221; custom_padding_phone=&#8221;|30px||30px|true|true&#8221; custom_padding_last_edited=&#8221;on|phone&#8221; border_radii=&#8221;on|20px|20px|20px|20px&#8221; global_colors_info=&#8221;{}&#8221;]<\/p>\n<h4>Spolo\u010dnos\u0165<\/h4>\n<p>Sme odhodlan\u00ed poskytova\u0165 v\u00e1m vysokokvalitn\u00e9 slu\u017eby, a to tak z h\u013eadiska obsahu testov, ako aj pou\u017e\u00edvate\u013esk\u00e9ho z\u00e1\u017eitku. Na\u0161\u00edm cie\u013eom je podpori\u0165 v\u00e1s v procese osobn\u00e9ho rozvoja alebo n\u00e1boru zamestnancov. V pr\u00edpade ak\u00fdchko\u013evek ot\u00e1zok n\u00e1s nev\u00e1hajte kontaktova\u0165.<\/p>\n<p><a class=\"contact-btn\" href=\"https:\/\/psona.io\/sk\/contact\/\">Kontaktujte n\u00e1s<\/a><\/p>\n<p>[\/et_pb_text][et_pb_text _builder_version=&#8221;4.27.0&#8243; _module_preset=&#8221;default&#8221; width=&#8221;100%&#8221; global_colors_info=&#8221;{}&#8221;]<\/p>\n<div class=\"about-row\">\n<div class=\"values\">\n<p><span class=\"title\">Na\u0161e hodnoty<\/span><\/p>\n<ul>\n<li>Trust<\/li>\n<li>Spo\u013eahlivos\u0165<\/li>\n<li>V\u00fdkon\u00a0<\/li>\n<\/ul>\n<\/div>\n<div class=\"experiences\">\n<p><span class=\"title\">Na\u0161e sk\u00fasenosti<\/span><\/p>\n<ul>\n<li>Vykonan\u00fdch viac ako 100 000 testov<\/li>\n<li>Podpora certifikovan\u00fdch zdravotn\u00edckych pracovn\u00edkov<\/li>\n<li>Certifik\u00e1cia v\u0161etk\u00fdch testov<\/li>\n<\/ul>\n<\/div>\n<\/div>\n<p>[\/et_pb_text][\/et_pb_column][\/et_pb_row][\/et_pb_section]<\/p>","protected":false},"excerpt":{"rendered":"<p>\u00c0 propos Reconnu scientifiquementLe testEn psychologie, le terme &#8220;Big Five&#8221; d\u00e9signe un mod\u00e8le de personnalit\u00e9 compos\u00e9 de cinq traits principaux. Ce mod\u00e8le a \u00e9t\u00e9 propos\u00e9 par le psychologue am\u00e9ricain Lewis Goldberg en 1981 et d\u00e9velopp\u00e9 par Costa et McCrae entre 1987 et 1992. Il est largement reconnu comme une r\u00e9f\u00e9rence dans la recherche th\u00e9orique sur [&hellip;]<\/p>","protected":false},"author":1,"featured_media":0,"parent":0,"menu_order":0,"comment_status":"closed","ping_status":"closed","template":"","meta":{"_et_pb_use_builder":"on","_et_pb_old_content":"<!-- wp:divi\/placeholder \/-->","_et_gb_content_width":"","inline_featured_image":false,"footnotes":""},"class_list":["post-138","page","type-page","status-publish","hentry"],"_links":{"self":[{"href":"https:\/\/psona.io\/sk\/wp-json\/wp\/v2\/pages\/138","targetHints":{"allow":["GET"]}}],"collection":[{"href":"https:\/\/psona.io\/sk\/wp-json\/wp\/v2\/pages"}],"about":[{"href":"https:\/\/psona.io\/sk\/wp-json\/wp\/v2\/types\/page"}],"author":[{"embeddable":true,"href":"https:\/\/psona.io\/sk\/wp-json\/wp\/v2\/users\/1"}],"replies":[{"embeddable":true,"href":"https:\/\/psona.io\/sk\/wp-json\/wp\/v2\/comments?post=138"}],"version-history":[{"count":22,"href":"https:\/\/psona.io\/sk\/wp-json\/wp\/v2\/pages\/138\/revisions"}],"predecessor-version":[{"id":2649,"href":"https:\/\/psona.io\/sk\/wp-json\/wp\/v2\/pages\/138\/revisions\/2649"}],"wp:attachment":[{"href":"https:\/\/psona.io\/sk\/wp-json\/wp\/v2\/media?parent=138"}],"curies":[{"name":"wp","href":"https:\/\/api.w.org\/{rel}","templated":true}]}}