{"id":151,"date":"2024-09-05T10:24:54","date_gmt":"2024-09-05T10:24:54","guid":{"rendered":"https:\/\/psona.io\/?page_id=151"},"modified":"2026-01-22T21:16:39","modified_gmt":"2026-01-22T21:16:39","slug":"conditions-de-paiement-recurrent","status":"publish","type":"page","link":"https:\/\/psona.io\/sl\/conditions-de-paiement-recurrent\/","title":{"rendered":"Ponavljajo\u010di se pla\u010dilni pogoji"},"content":{"rendered":"<p>[et_pb_section fb_built=&#8221;1&#8243; custom_padding_last_edited=&#8221;on|tablet&#8221; admin_label=&#8221;Header&#8221; _builder_version=&#8221;4.27.0&#8243; custom_margin=&#8221;0px||0px||true|false&#8221; custom_padding=&#8221;0px||0px||true|false&#8221; custom_padding_tablet=&#8221;||||true|false&#8221; custom_padding_phone=&#8221;||||true|false&#8221; locked=&#8221;off&#8221; global_colors_info=&#8221;{}&#8221;][et_pb_row use_custom_gutter=&#8221;on&#8221; gutter_width=&#8221;1&#8243; custom_padding_last_edited=&#8221;on|phone&#8221; _builder_version=&#8221;4.27.0&#8243; background_color=&#8221;#034833&#8243; background_size=&#8221;initial&#8221; background_position=&#8221;top_left&#8221; background_repeat=&#8221;repeat&#8221; width=&#8221;95%&#8221; custom_margin=&#8221;||||true|false&#8221; custom_padding=&#8221;150px||150px||true|true&#8221; custom_padding_tablet=&#8221;80px||80px||true|false&#8221; custom_padding_phone=&#8221;60px||60px||true|false&#8221; border_radii=&#8221;on|50px|50px|50px|50px&#8221; global_colors_info=&#8221;{}&#8221;][et_pb_column type=&#8221;4_4&#8243; _builder_version=&#8221;4.27.0&#8243; custom_padding=&#8221;|||&#8221; global_colors_info=&#8221;{}&#8221; custom_padding__hover=&#8221;|||&#8221; custom_css_main_element_last_edited=&#8221;on|phone&#8221;][et_pb_text module_class=&#8221;title-header&#8221; _builder_version=&#8221;4.27.0&#8243; background_size=&#8221;initial&#8221; background_position=&#8221;top_left&#8221; background_repeat=&#8221;repeat&#8221; width=&#8221;72%&#8221; width_tablet=&#8221;70%&#8221; width_phone=&#8221;68.5%&#8221; width_last_edited=&#8221;on|tablet&#8221; module_alignment=&#8221;center&#8221; custom_margin=&#8221;0px||0px||false|false&#8221; custom_margin_tablet=&#8221;0px||0px||false|false&#8221; custom_margin_phone=&#8221;0px||0px||false|false&#8221; custom_margin_last_edited=&#8221;on|tablet&#8221; custom_padding=&#8221;0px||0px||true|false&#8221; header_font_size_tablet=&#8221;50px&#8221; header_font_size_phone=&#8221;40px&#8221; global_colors_info=&#8221;{}&#8221;]<\/p>\n<h1>Ponavljajo\u010di se pla\u010dilni pogoji<\/h1>\n<p>&nbsp;<\/p>\n<p><!-- \/divi:paragraph -->[\/et_pb_text][\/et_pb_column][\/et_pb_row][\/et_pb_section][et_pb_section fb_built=&#8221;1&#8243; _builder_version=&#8221;4.27.0&#8243; _module_preset=&#8221;default&#8221; global_colors_info=&#8221;{}&#8221;][et_pb_row _builder_version=&#8221;4.27.0&#8243; _module_preset=&#8221;default&#8221; global_colors_info=&#8221;{}&#8221;][et_pb_column type=&#8221;4_4&#8243; _builder_version=&#8221;4.27.0&#8243; _module_preset=&#8221;default&#8221; global_colors_info=&#8221;{}&#8221;][et_pb_text _builder_version=&#8221;4.27.4&#8243; _module_preset=&#8221;default&#8221; header_2_text_align=&#8221;center&#8221; hover_enabled=&#8221;0&#8243; global_colors_info=&#8221;{}&#8221; sticky_enabled=&#8221;0&#8243;]<\/p>\n<h2>Pogoji naro\u010dnine<\/h2>\n<p>Za\u010detek veljavnosti: 22. januar 2026<\/p>\n<p><strong>CLICKBUSTER LTD<\/strong><br \/><strong>63-66 Hatton Garden<\/strong><br \/><strong>London EC1N 8LE<\/strong><br \/><strong>\u0160tevilka podjetja 13014667<\/strong><br \/><strong>\u0160tevilka DDV GB 363 9346 71<\/strong><\/p>\n<p>Naro\u010dnina na storitve PSONA vam omogo\u010da dostop do naslednjih ugodnosti:<\/p>\n<ul>\n<li>Neomejeno \u0161tevilo testov<\/li>\n<li>Shranjevanje vseh rezultatov testov<\/li>\n<li>Primerjave med testi<\/li>\n<li>Rezultati, poslani po e-po\u0161ti<\/li>\n<\/ul>\n<p>Naro\u010dnina vam omogo\u010da 24-urni dostop do obmo\u010dja za \u010dlane po promocijski ceni 0,5 EUR z DDV. Po koncu tega poskusnega obdobja se za\u010dne uporabljati mese\u010dna naro\u010dnina po ceni 47,5 EUR (z DDV) na mesec. Pla\u010dilo se bo vsak mesec na obletnico samodejno odvedlo z va\u0161e kreditne kartice.<\/p>\n<p>Naro\u010dnino lahko kadar koli in brezpogojno prekli\u010dete neposredno na tej strani: <a rel=\"noopener\" target=\"_new\" href=\"https:\/\/psona.io\/sl\/se-desabonner\/\">https:\/\/psona.io\/se-desabonner\/<\/a><\/p>\n<p>\u010ce \u017eelite preklicati naro\u010dnino, se obrnite na na\u0161o slu\u017ebo za stranke po e-po\u0161ti na naslov <a rel=\"noopener\">contact@psona.io<\/a>ali prek kontaktnega obrazca na tej povezavi: <a href=\"https:\/\/psona.io\/sl\/contact\/\">https:\/\/psona.io\/contact\/<\/a><\/p>\n<p>Dru\u017eba PSONA ne prodaja informacij svojih strank; osebni podatki se uporabljajo izklju\u010dno za komuniciranje s strankami in zagotavljanje \u017eelene ravni storitev.<\/p>\n<p>PSONA uporablja ponudnike pla\u010dilnih storitev, ki izpolnjujejo varnostne standarde PCI DSS.<\/p>\n<p>[\/et_pb_text][\/et_pb_column][\/et_pb_row][\/et_pb_section]<\/p>","protected":false},"excerpt":{"rendered":"<p>Conditions de paiement r\u00e9current &nbsp; Termes d&#8217;abonnement Entry into force: January 22th, 2026 CLICKBUSTER LTD63-66 Hatton GardenLondon EC1N 8LECompany number 13014667VAT number GB 363 9346 71 Souscrire aux services de PSONA vous donne acc\u00e8s aux avantages suivants : Tests illimit\u00e9s Stockage de tous les r\u00e9sultats de test Comparaisons entre tests R\u00e9sultats envoy\u00e9s par email L&#8217;abonnement [&hellip;]<\/p>","protected":false},"author":1,"featured_media":0,"parent":0,"menu_order":0,"comment_status":"closed","ping_status":"closed","template":"","meta":{"_et_pb_use_builder":"on","_et_pb_old_content":"<!-- wp:divi\/placeholder \/-->","_et_gb_content_width":"","inline_featured_image":false,"footnotes":""},"class_list":["post-151","page","type-page","status-publish","hentry"],"_links":{"self":[{"href":"https:\/\/psona.io\/sl\/wp-json\/wp\/v2\/pages\/151","targetHints":{"allow":["GET"]}}],"collection":[{"href":"https:\/\/psona.io\/sl\/wp-json\/wp\/v2\/pages"}],"about":[{"href":"https:\/\/psona.io\/sl\/wp-json\/wp\/v2\/types\/page"}],"author":[{"embeddable":true,"href":"https:\/\/psona.io\/sl\/wp-json\/wp\/v2\/users\/1"}],"replies":[{"embeddable":true,"href":"https:\/\/psona.io\/sl\/wp-json\/wp\/v2\/comments?post=151"}],"version-history":[{"count":6,"href":"https:\/\/psona.io\/sl\/wp-json\/wp\/v2\/pages\/151\/revisions"}],"predecessor-version":[{"id":2637,"href":"https:\/\/psona.io\/sl\/wp-json\/wp\/v2\/pages\/151\/revisions\/2637"}],"wp:attachment":[{"href":"https:\/\/psona.io\/sl\/wp-json\/wp\/v2\/media?parent=151"}],"curies":[{"name":"wp","href":"https:\/\/api.w.org\/{rel}","templated":true}]}}