{"id":2643,"date":"2026-01-22T21:24:36","date_gmt":"2026-01-22T21:24:36","guid":{"rendered":"https:\/\/psona.io\/?page_id=2643"},"modified":"2026-01-22T21:25:55","modified_gmt":"2026-01-22T21:25:55","slug":"disclaimer","status":"publish","type":"page","link":"https:\/\/psona.io\/sl\/disclaimer\/","title":{"rendered":"Izjava o omejitvi odgovornosti"},"content":{"rendered":"<p>[et_pb_section fb_built=&#8221;1&#8243; custom_padding_last_edited=&#8221;on|tablet&#8221; admin_label=&#8221;Header&#8221; _builder_version=&#8221;4.27.0&#8243; custom_margin=&#8221;0px||0px||true|false&#8221; custom_padding=&#8221;0px||0px||true|false&#8221; custom_padding_tablet=&#8221;||||true|false&#8221; custom_padding_phone=&#8221;||||true|false&#8221; locked=&#8221;off&#8221; global_colors_info=&#8221;{}&#8221; theme_builder_area=&#8221;post_content&#8221;][et_pb_row use_custom_gutter=&#8221;on&#8221; gutter_width=&#8221;1&#8243; custom_padding_last_edited=&#8221;on|phone&#8221; _builder_version=&#8221;4.27.0&#8243; background_color=&#8221;#034833&#8243; background_size=&#8221;initial&#8221; background_position=&#8221;top_left&#8221; background_repeat=&#8221;repeat&#8221; width=&#8221;95%&#8221; custom_margin=&#8221;||||true|false&#8221; custom_padding=&#8221;150px||150px||true|true&#8221; custom_padding_tablet=&#8221;80px||80px||true|false&#8221; custom_padding_phone=&#8221;60px||60px||true|false&#8221; border_radii=&#8221;on|50px|50px|50px|50px&#8221; global_colors_info=&#8221;{}&#8221; theme_builder_area=&#8221;post_content&#8221;][et_pb_column type=&#8221;4_4&#8243; _builder_version=&#8221;4.27.0&#8243; custom_padding=&#8221;|||&#8221; global_colors_info=&#8221;{}&#8221; custom_padding__hover=&#8221;|||&#8221; custom_css_main_element_last_edited=&#8221;on|phone&#8221; theme_builder_area=&#8221;post_content&#8221;][et_pb_text module_class=&#8221;title-header&#8221; _builder_version=&#8221;4.27.4&#8243; background_size=&#8221;initial&#8221; background_position=&#8221;top_left&#8221; background_repeat=&#8221;repeat&#8221; width=&#8221;72%&#8221; width_tablet=&#8221;70%&#8221; width_phone=&#8221;68.5%&#8221; width_last_edited=&#8221;on|tablet&#8221; module_alignment=&#8221;center&#8221; custom_margin=&#8221;0px||0px||false|false&#8221; custom_margin_tablet=&#8221;0px||0px||false|false&#8221; custom_margin_phone=&#8221;0px||0px||false|false&#8221; custom_margin_last_edited=&#8221;on|tablet&#8221; custom_padding=&#8221;0px||0px||true|false&#8221; hover_enabled=&#8221;0&#8243; header_font_size_tablet=&#8221;50px&#8221; header_font_size_phone=&#8221;40px&#8221; global_colors_info=&#8221;{}&#8221; theme_builder_area=&#8221;post_content&#8221; sticky_enabled=&#8221;0&#8243;]<\/p>\n<h1 class=\"text-text-100 mt-3 -mb-1 text-[1.375rem] font-bold\">Avertissement (Disclaimer)<\/h1>\n<p><!-- \/divi:paragraph --><\/p>\n<p>[\/et_pb_text][\/et_pb_column][\/et_pb_row][\/et_pb_section][et_pb_section fb_built=&#8221;1&#8243; _builder_version=&#8221;4.27.0&#8243; _module_preset=&#8221;default&#8221; global_colors_info=&#8221;{}&#8221; locked=&#8221;off&#8221; theme_builder_area=&#8221;post_content&#8221;][et_pb_row _builder_version=&#8221;4.27.0&#8243; _module_preset=&#8221;default&#8221; global_colors_info=&#8221;{}&#8221; theme_builder_area=&#8221;post_content&#8221;][et_pb_column type=&#8221;4_4&#8243; _builder_version=&#8221;4.27.0&#8243; _module_preset=&#8221;default&#8221; global_colors_info=&#8221;{}&#8221; theme_builder_area=&#8221;post_content&#8221;][et_pb_text _builder_version=&#8221;4.27.4&#8243; _module_preset=&#8221;default&#8221; header_2_text_align=&#8221;center&#8221; hover_enabled=&#8221;0&#8243; global_colors_info=&#8221;{}&#8221; theme_builder_area=&#8221;post_content&#8221; sticky_enabled=&#8221;0&#8243;]<\/p>\n<p class=\"font-claude-response-body break-words whitespace-normal leading-[1.7]\">Derni\u00e8re mise \u00e0 jour : 22 janvier 2026<\/p>\n<h2 class=\"text-text-100 mt-3 -mb-1 text-[1.125rem] font-bold\">Interpr\u00e9tation et d\u00e9finitions<\/h2>\n<h3 class=\"text-text-100 mt-2 -mb-1 text-base font-bold\">Interpr\u00e9tation<\/h3>\n<p class=\"font-claude-response-body break-words whitespace-normal leading-[1.7]\">Les mots dont la lettre initiale est en majuscule ont des significations d\u00e9finies dans les conditions suivantes. Les d\u00e9finitions suivantes ont la m\u00eame signification qu&#8217;ils apparaissent au singulier ou au pluriel.<\/p>\n<h3 class=\"text-text-100 mt-2 -mb-1 text-base font-bold\">D\u00e9finitions<\/h3>\n<p class=\"font-claude-response-body break-words whitespace-normal leading-[1.7]\">Aux fins du pr\u00e9sent Avertissement :<\/p>\n<ul class=\"[li_&amp;]:mb-0 [li_&amp;]:mt-1 [li_&amp;]:gap-1 [&amp;:not(:last-child)_ul]:pb-1 [&amp;:not(:last-child)_ol]:pb-1 list-disc flex flex-col gap-1 pl-8 mb-3\">\n<li class=\"whitespace-normal break-words pl-2\"><strong>Soci\u00e9t\u00e9<\/strong> (d\u00e9sign\u00e9e par \u00ab la Soci\u00e9t\u00e9 \u00bb, \u00ab Nous \u00bb ou \u00ab Notre \u00bb dans le pr\u00e9sent Avertissement) fait r\u00e9f\u00e9rence \u00e0 CLICKBUSTER LTD, 63-66 Hatton Garden, London EC1N 8LE.<\/li>\n<li class=\"whitespace-normal break-words pl-2\"><strong>Service<\/strong> fait r\u00e9f\u00e9rence au Site Web.<\/li>\n<li class=\"whitespace-normal break-words pl-2\"><strong>Vous<\/strong> d\u00e9signe la personne physique acc\u00e9dant au Service, ou la soci\u00e9t\u00e9 ou toute autre entit\u00e9 juridique au nom de laquelle cette personne acc\u00e8de ou utilise le Service, selon le cas.<\/li>\n<li class=\"whitespace-normal break-words pl-2\"><strong>Site Web<\/strong> fait r\u00e9f\u00e9rence \u00e0 PSONA, accessible depuis <a class=\"underline underline underline-offset-2 decoration-1 decoration-current\/40 hover:decoration-current focus:decoration-current\" href=\"https:\/\/psona.io\/sl\/\">https:\/\/psona.io\/<\/a><\/li>\n<\/ul>\n<h2 class=\"text-text-100 mt-3 -mb-1 text-[1.125rem] font-bold\">Avertissement g\u00e9n\u00e9ral<\/h2>\n<p class=\"font-claude-response-body break-words whitespace-normal leading-[1.7]\">Les informations contenues sur le Service sont fournies \u00e0 titre d&#8217;information g\u00e9n\u00e9rale uniquement.<\/p>\n<p class=\"font-claude-response-body break-words whitespace-normal leading-[1.7]\">La Soci\u00e9t\u00e9 n&#8217;assume aucune responsabilit\u00e9 pour les erreurs ou omissions dans le contenu du Service.<\/p>\n<p class=\"font-claude-response-body break-words whitespace-normal leading-[1.7]\">En aucun cas, la Soci\u00e9t\u00e9 ne pourra \u00eatre tenue responsable de tout dommage sp\u00e9cial, direct, indirect, cons\u00e9cutif ou accessoire, ou de tout dommage quelconque, que ce soit dans le cadre d&#8217;une action contractuelle, d&#8217;une n\u00e9gligence ou d&#8217;un autre d\u00e9lit, d\u00e9coulant de ou en relation avec l&#8217;utilisation du Service ou du contenu du Service. La Soci\u00e9t\u00e9 se r\u00e9serve le droit d&#8217;apporter des ajouts, des suppressions ou des modifications au contenu du Service \u00e0 tout moment sans pr\u00e9avis.<\/p>\n<p class=\"font-claude-response-body break-words whitespace-normal leading-[1.7]\">La Soci\u00e9t\u00e9 ne garantit pas que le Service est exempt de virus ou d&#8217;autres composants nuisibles.<\/p>\n<h2 class=\"text-text-100 mt-3 -mb-1 text-[1.125rem] font-bold\">Avertissement relatif aux tests de personnalit\u00e9<\/h2>\n<p class=\"font-claude-response-body break-words whitespace-normal leading-[1.7]\">Les tests de personnalit\u00e9 propos\u00e9s sur ce Service :<\/p>\n<ul class=\"[li_&amp;]:mb-0 [li_&amp;]:mt-1 [li_&amp;]:gap-1 [&amp;:not(:last-child)_ul]:pb-1 [&amp;:not(:last-child)_ol]:pb-1 list-disc flex flex-col gap-1 pl-8 mb-3\">\n<li class=\"whitespace-normal break-words pl-2\">Ne rel\u00e8vent pas d&#8217;une science exacte et ne doivent pas \u00eatre consid\u00e9r\u00e9s comme des \u00e9valuations psychologiques ou psychanalytiques professionnelles<\/li>\n<li class=\"whitespace-normal break-words pl-2\">Sont fournis \u00e0 titre informatif et de divertissement uniquement<\/li>\n<li class=\"whitespace-normal break-words pl-2\">Ne doivent pas \u00eatre utilis\u00e9s comme base unique pour prendre des d\u00e9cisions importantes concernant votre vie personnelle, professionnelle ou m\u00e9dicale<\/li>\n<li class=\"whitespace-normal break-words pl-2\">Ne constituent pas des conseils m\u00e9dicaux, psychologiques ou professionnels<\/li>\n<\/ul>\n<p class=\"font-claude-response-body break-words whitespace-normal leading-[1.7]\">La Soci\u00e9t\u00e9 d\u00e9cline toute responsabilit\u00e9 quant aux d\u00e9cisions prises par les utilisateurs sur la base des r\u00e9sultats de leurs tests. Pour toute question d&#8217;ordre psychologique ou m\u00e9dical, nous vous recommandons de consulter un professionnel qualifi\u00e9.<\/p>\n<h2 class=\"text-text-100 mt-3 -mb-1 text-[1.125rem] font-bold\">Avertissement relatif aux liens externes<\/h2>\n<p class=\"font-claude-response-body break-words whitespace-normal leading-[1.7]\">Le Service peut contenir des liens vers des sites Web externes qui ne sont pas fournis ou maintenus par la Soci\u00e9t\u00e9 ou qui ne sont en aucune fa\u00e7on affili\u00e9s \u00e0 celle-ci.<\/p>\n<p class=\"font-claude-response-body break-words whitespace-normal leading-[1.7]\">Veuillez noter que la Soci\u00e9t\u00e9 ne garantit pas l&#8217;exactitude, la pertinence, l&#8217;actualit\u00e9 ou l&#8217;exhaustivit\u00e9 des informations contenues sur ces sites Web externes.<\/p>\n<h2 class=\"text-text-100 mt-3 -mb-1 text-[1.125rem] font-bold\">Avertissement relatif aux erreurs et omissions<\/h2>\n<p class=\"font-claude-response-body break-words whitespace-normal leading-[1.7]\">Les informations fournies par le Service sont uniquement destin\u00e9es \u00e0 servir de guide g\u00e9n\u00e9ral sur des sujets d&#8217;int\u00e9r\u00eat. M\u00eame si la Soci\u00e9t\u00e9 prend toutes les pr\u00e9cautions pour s&#8217;assurer que le contenu du Service est \u00e0 la fois actuel et exact, des erreurs peuvent survenir. De plus, compte tenu de la nature \u00e9volutive des lois, r\u00e8gles et r\u00e9glementations, il peut y avoir des retards, des omissions ou des inexactitudes dans les informations contenues sur le Service.<\/p>\n<p class=\"font-claude-response-body break-words whitespace-normal leading-[1.7]\">La Soci\u00e9t\u00e9 n&#8217;est pas responsable des erreurs ou omissions, ni des r\u00e9sultats obtenus \u00e0 partir de l&#8217;utilisation de ces informations.<\/p>\n<h2 class=\"text-text-100 mt-3 -mb-1 text-[1.125rem] font-bold\">Avertissement relatif \u00e0 l&#8217;usage loyal<\/h2>\n<p class=\"font-claude-response-body break-words whitespace-normal leading-[1.7]\">La Soci\u00e9t\u00e9 peut utiliser du mat\u00e9riel prot\u00e9g\u00e9 par le droit d&#8217;auteur qui n&#8217;a pas toujours \u00e9t\u00e9 sp\u00e9cifiquement autoris\u00e9 par le titulaire du droit d&#8217;auteur. La Soci\u00e9t\u00e9 met ce mat\u00e9riel \u00e0 disposition \u00e0 des fins de critique, de commentaire, de reportage, d&#8217;enseignement, d&#8217;\u00e9rudition ou de recherche.<\/p>\n<p class=\"font-claude-response-body break-words whitespace-normal leading-[1.7]\">La Soci\u00e9t\u00e9 estime que cela constitue un \u00ab usage loyal \u00bb de tout mat\u00e9riel prot\u00e9g\u00e9 par le droit d&#8217;auteur, conform\u00e9ment \u00e0 l&#8217;article 107 de la loi am\u00e9ricaine sur le droit d&#8217;auteur (ou aux dispositions \u00e9quivalentes en vertu du droit applicable).<\/p>\n<p class=\"font-claude-response-body break-words whitespace-normal leading-[1.7]\">Si vous souhaitez utiliser du mat\u00e9riel prot\u00e9g\u00e9 par le droit d&#8217;auteur du Service \u00e0 des fins propres qui vont au-del\u00e0 de l&#8217;usage loyal, vous devez obtenir l&#8217;autorisation du titulaire du droit d&#8217;auteur.<\/p>\n<h2 class=\"text-text-100 mt-3 -mb-1 text-[1.125rem] font-bold\">Avertissement relatif aux opinions exprim\u00e9es<\/h2>\n<p class=\"font-claude-response-body break-words whitespace-normal leading-[1.7]\">Le Service peut contenir des points de vue et des opinions qui sont ceux des auteurs et ne refl\u00e8tent pas n\u00e9cessairement la politique ou la position officielle de tout autre auteur, agence, organisation, employeur ou soci\u00e9t\u00e9, y compris la Soci\u00e9t\u00e9.<\/p>\n<p class=\"font-claude-response-body break-words whitespace-normal leading-[1.7]\">Si le Service permet aux utilisateurs de publier du contenu (y compris des commentaires), ce contenu rel\u00e8ve de la seule responsabilit\u00e9 de l&#8217;utilisateur qui l&#8217;a publi\u00e9. La Soci\u00e9t\u00e9 n&#8217;est pas responsable du contenu g\u00e9n\u00e9r\u00e9 par les utilisateurs et se r\u00e9serve le droit de le supprimer pour quelque raison que ce soit.<\/p>\n<h2 class=\"text-text-100 mt-3 -mb-1 text-[1.125rem] font-bold\">Avertissement de non-responsabilit\u00e9<\/h2>\n<p class=\"font-claude-response-body break-words whitespace-normal leading-[1.7]\">Les informations sur le Service sont fournies \u00e9tant entendu que la Soci\u00e9t\u00e9 ne fournit pas ici de conseils et services juridiques, comptables, fiscaux ou autres conseils professionnels. En tant que tel, il ne doit pas \u00eatre utilis\u00e9 comme substitut \u00e0 une consultation avec des conseillers professionnels en comptabilit\u00e9, fiscalit\u00e9, droit ou autres conseillers comp\u00e9tents.<\/p>\n<p class=\"font-claude-response-body break-words whitespace-normal leading-[1.7]\">En aucun cas, la Soci\u00e9t\u00e9 ou ses fournisseurs ne pourront \u00eatre tenus responsables de tout dommage sp\u00e9cial, accessoire, indirect ou cons\u00e9cutif d\u00e9coulant de ou en relation avec votre acc\u00e8s ou votre utilisation ou votre incapacit\u00e9 \u00e0 acc\u00e9der ou \u00e0 utiliser le Service.<\/p>\n<h2 class=\"text-text-100 mt-3 -mb-1 text-[1.125rem] font-bold\">Avertissement \u00ab Utilisation \u00e0 vos propres risques \u00bb<\/h2>\n<p class=\"font-claude-response-body break-words whitespace-normal leading-[1.7]\">Toutes les informations du Service sont fournies \u00ab en l&#8217;\u00e9tat \u00bb, sans garantie d&#8217;exhaustivit\u00e9, d&#8217;exactitude, d&#8217;actualit\u00e9 ou des r\u00e9sultats obtenus \u00e0 partir de l&#8217;utilisation de ces informations, et sans garantie d&#8217;aucune sorte, expresse ou implicite, y compris, mais sans s&#8217;y limiter, les garanties de performance, de qualit\u00e9 marchande et d&#8217;ad\u00e9quation \u00e0 un usage particulier.<\/p>\n<p class=\"font-claude-response-body break-words whitespace-normal leading-[1.7]\">La Soci\u00e9t\u00e9 ne sera pas responsable envers vous ou toute autre personne pour toute d\u00e9cision prise ou action entreprise sur la base des informations fournies par le Service ou pour tout dommage cons\u00e9cutif, sp\u00e9cial ou similaire, m\u00eame si elle a \u00e9t\u00e9 inform\u00e9e de la possibilit\u00e9 de tels dommages.<\/p>\n<h2 class=\"text-text-100 mt-3 -mb-1 text-[1.125rem] font-bold\">Loi applicable<\/h2>\n<p class=\"font-claude-response-body break-words whitespace-normal leading-[1.7]\">Le pr\u00e9sent Avertissement est r\u00e9gi par le droit anglais. Tout litige relatif \u00e0 son interpr\u00e9tation ou son ex\u00e9cution rel\u00e8ve de la comp\u00e9tence exclusive des tribunaux anglais.<\/p>\n<h2 class=\"text-text-100 mt-3 -mb-1 text-[1.125rem] font-bold\">Pi\u0161ite nam<\/h2>\n<p class=\"font-claude-response-body break-words whitespace-normal leading-[1.7]\">Si vous avez des questions concernant cet Avertissement, vous pouvez nous contacter :<\/p>\n<ul class=\"[li_&amp;]:mb-0 [li_&amp;]:mt-1 [li_&amp;]:gap-1 [&amp;:not(:last-child)_ul]:pb-1 [&amp;:not(:last-child)_ol]:pb-1 list-disc flex flex-col gap-1 pl-8 mb-3\">\n<li class=\"whitespace-normal break-words pl-2\">Par email : <a class=\"underline underline underline-offset-2 decoration-1 decoration-current\/40 hover:decoration-current focus:decoration-current\" href=\"mailto:contact@psona.io\">contact@psona.io<\/a><\/li>\n<li class=\"whitespace-normal break-words pl-2\">En visitant cette page sur notre site Web : <a class=\"underline underline underline-offset-2 decoration-1 decoration-current\/40 hover:decoration-current focus:decoration-current\" href=\"https:\/\/psona.io\/sl\/contact\/\">https:\/\/psona.io\/contact\/<\/a><\/li>\n<\/ul>\n<p>[\/et_pb_text][\/et_pb_column][\/et_pb_row][\/et_pb_section]<\/p>","protected":false},"excerpt":{"rendered":"<p>Avertissement (Disclaimer) Derni\u00e8re mise \u00e0 jour : 22 janvier 2026 Interpr\u00e9tation et d\u00e9finitions Interpr\u00e9tation Les mots dont la lettre initiale est en majuscule ont des significations d\u00e9finies dans les conditions suivantes. Les d\u00e9finitions suivantes ont la m\u00eame signification qu&#8217;ils apparaissent au singulier ou au pluriel. D\u00e9finitions Aux fins du pr\u00e9sent Avertissement : Soci\u00e9t\u00e9 (d\u00e9sign\u00e9e par [&hellip;]<\/p>","protected":false},"author":1,"featured_media":0,"parent":0,"menu_order":0,"comment_status":"closed","ping_status":"closed","template":"","meta":{"_et_pb_use_builder":"on","_et_pb_old_content":"","_et_gb_content_width":"","inline_featured_image":false,"footnotes":""},"class_list":["post-2643","page","type-page","status-publish","hentry"],"_links":{"self":[{"href":"https:\/\/psona.io\/sl\/wp-json\/wp\/v2\/pages\/2643","targetHints":{"allow":["GET"]}}],"collection":[{"href":"https:\/\/psona.io\/sl\/wp-json\/wp\/v2\/pages"}],"about":[{"href":"https:\/\/psona.io\/sl\/wp-json\/wp\/v2\/types\/page"}],"author":[{"embeddable":true,"href":"https:\/\/psona.io\/sl\/wp-json\/wp\/v2\/users\/1"}],"replies":[{"embeddable":true,"href":"https:\/\/psona.io\/sl\/wp-json\/wp\/v2\/comments?post=2643"}],"version-history":[{"count":2,"href":"https:\/\/psona.io\/sl\/wp-json\/wp\/v2\/pages\/2643\/revisions"}],"predecessor-version":[{"id":2645,"href":"https:\/\/psona.io\/sl\/wp-json\/wp\/v2\/pages\/2643\/revisions\/2645"}],"wp:attachment":[{"href":"https:\/\/psona.io\/sl\/wp-json\/wp\/v2\/media?parent=2643"}],"curies":[{"name":"wp","href":"https:\/\/api.w.org\/{rel}","templated":true}]}}