{"id":138,"date":"2024-09-05T10:22:57","date_gmt":"2024-09-05T10:22:57","guid":{"rendered":"https:\/\/psona.io\/?page_id=138"},"modified":"2026-01-22T21:36:34","modified_gmt":"2026-01-22T21:36:34","slug":"a-propos","status":"publish","type":"page","link":"https:\/\/psona.io\/sv\/a-propos\/","title":{"rendered":"Om oss"},"content":{"rendered":"<p>[et_pb_section fb_built=&#8221;1&#8243; custom_padding_last_edited=&#8221;on|tablet&#8221; admin_label=&#8221;Header&#8221; _builder_version=&#8221;4.27.0&#8243; custom_margin=&#8221;0px||0px||true|false&#8221; custom_padding=&#8221;0px||0px||true|false&#8221; custom_padding_tablet=&#8221;||||true|false&#8221; custom_padding_phone=&#8221;||||true|false&#8221; locked=&#8221;off&#8221; global_colors_info=&#8221;{}&#8221;][et_pb_row use_custom_gutter=&#8221;on&#8221; gutter_width=&#8221;1&#8243; custom_padding_last_edited=&#8221;on|phone&#8221; _builder_version=&#8221;4.27.0&#8243; background_color=&#8221;#034833&#8243; background_size=&#8221;initial&#8221; background_position=&#8221;top_left&#8221; background_repeat=&#8221;repeat&#8221; width=&#8221;95%&#8221; custom_margin=&#8221;||||true|false&#8221; custom_padding=&#8221;150px||150px||true|true&#8221; custom_padding_tablet=&#8221;80px||80px||true|false&#8221; custom_padding_phone=&#8221;60px||60px||true|false&#8221; border_radii=&#8221;on|50px|50px|50px|50px&#8221; global_colors_info=&#8221;{}&#8221;][et_pb_column type=&#8221;4_4&#8243; _builder_version=&#8221;4.27.0&#8243; custom_padding=&#8221;|||&#8221; global_colors_info=&#8221;{}&#8221; custom_padding__hover=&#8221;|||&#8221; custom_css_main_element_last_edited=&#8221;on|phone&#8221;][et_pb_text module_class=&#8221;title-header&#8221; _builder_version=&#8221;4.27.0&#8243; background_size=&#8221;initial&#8221; background_position=&#8221;top_left&#8221; background_repeat=&#8221;repeat&#8221; width=&#8221;72%&#8221; width_tablet=&#8221;70%&#8221; width_phone=&#8221;68.5%&#8221; width_last_edited=&#8221;on|tablet&#8221; module_alignment=&#8221;center&#8221; custom_margin=&#8221;0px||0px||false|false&#8221; custom_margin_tablet=&#8221;0px||0px||false|false&#8221; custom_margin_phone=&#8221;0px||0px||false|false&#8221; custom_margin_last_edited=&#8221;on|tablet&#8221; custom_padding=&#8221;0px||0px||true|false&#8221; header_font_size_tablet=&#8221;50px&#8221; header_font_size_phone=&#8221;40px&#8221; global_colors_info=&#8221;{}&#8221;]<\/p>\n<h1>Om oss<\/h1>\n<p><!-- \/divi:paragraph --><\/p>\n<p>[\/et_pb_text][\/et_pb_column][\/et_pb_row][\/et_pb_section][et_pb_section fb_built=&#8221;1&#8243; admin_label=&#8221;The test&#8221; _builder_version=&#8221;4.27.0&#8243; _module_preset=&#8221;default&#8221; custom_margin=&#8221;||||false&#8221; custom_padding=&#8221;60px||0px||false|false&#8221; global_colors_info=&#8221;{}&#8221;][et_pb_row _builder_version=&#8221;4.27.0&#8243; _module_preset=&#8221;default&#8221; width=&#8221;68.5%&#8221; global_colors_info=&#8221;{}&#8221;][et_pb_column type=&#8221;4_4&#8243; _builder_version=&#8221;4.27.0&#8243; _module_preset=&#8221;default&#8221; global_colors_info=&#8221;{}&#8221;][et_pb_text _builder_version=&#8221;4.27.0&#8243; _module_preset=&#8221;default&#8221; header_5_font=&#8221;|600||on|||||&#8221; header_5_text_color=&#8221;#034833&#8243; header_5_font_size=&#8221;18px&#8221; header_5_letter_spacing=&#8221;1px&#8221; custom_margin=&#8221;||0px||false|false&#8221; custom_padding=&#8221;||0px||false|false&#8221; global_colors_info=&#8221;{}&#8221;]<\/p>\n<h5>Vetenskapligt erk\u00e4nd<\/h5>\n<p>[\/et_pb_text][et_pb_text _builder_version=&#8221;4.27.0&#8243; _module_preset=&#8221;default&#8221; header_2_text_color=&#8221;#000000&#8243; custom_margin=&#8221;||0px||false|false&#8221; custom_padding=&#8221;||0px||false|false&#8221; global_colors_info=&#8221;{}&#8221;]<\/p>\n<h2>Testet<\/h2>\n<p>[\/et_pb_text][et_pb_text _builder_version=&#8221;4.27.0&#8243; _module_preset=&#8221;default&#8221; text_line_height=&#8221;1.8em&#8221; custom_margin=&#8221;0px||||false|false&#8221; custom_padding=&#8221;0px||||false|false&#8221; global_colors_info=&#8221;{}&#8221;]<\/p>\n<p>Inom psykologin syftar termen \"Big Five\" p\u00e5 en personlighetsmodell som best\u00e5r av fem huvuddrag. Modellen f\u00f6reslogs av den amerikanske psykologen Lewis Goldberg 1981 och utvecklades av Costa och McCrae mellan 1987 och 1992. Den \u00e4r allm\u00e4nt erk\u00e4nd som ett riktm\u00e4rke inom teoretisk personlighetsforskning och har anv\u00e4nts f\u00f6r att skapa psykologiska profiler av miljontals m\u00e4nniskor runt om i v\u00e4rlden.<br \/>F\u00f6rdjupade analyser har visat att det finns kopplingar mellan Big Five-testet och olika aspekter av beteende:<\/p>\n<p>[\/et_pb_text][\/et_pb_column][\/et_pb_row][et_pb_row column_structure=&#8221;1_2,1_2&#8243; make_equal=&#8221;on&#8221; _builder_version=&#8221;4.27.0&#8243; _module_preset=&#8221;default&#8221; width=&#8221;68.5%&#8221; global_colors_info=&#8221;{}&#8221;][et_pb_column type=&#8221;1_2&#8243; _builder_version=&#8221;4.27.0&#8243; _module_preset=&#8221;default&#8221; custom_padding=&#8221;40px|25px|40px|25px|true|true&#8221; custom_css_main_element=&#8221;max-width:350px;&#8221; border_radii=&#8221;on|20px|20px|20px|20px&#8221; border_width_all=&#8221;1px&#8221; border_color_all=&#8221;#e3dbd8&#8243; global_colors_info=&#8221;{}&#8221;][et_pb_text _builder_version=&#8221;4.27.0&#8243; _module_preset=&#8221;default&#8221; text_font=&#8221;|700|||||||&#8221; text_text_color=&#8221;#034833&#8243; text_font_size=&#8221;22px&#8221; global_colors_info=&#8221;{}&#8221;]<\/p>\n<p>Professionell prestation<\/p>\n<p>[\/et_pb_text][et_pb_text _builder_version=\u201d4.27.0\u2033 _module_preset=\u201ddefault\u201d text_line_height=\u201d1.8em\u201d global_colors_info=\u201d{}\u201d]<\/p>\n<p>Samvetsgrannhet f\u00f6rknippas med prestationer oberoende av verksamhetsomr\u00e5de och utv\u00e4rderingskriterier.<\/p>\n<p>[\/et_pb_text][\/et_pb_column][et_pb_column type=&#8221;1_2&#8243; _builder_version=&#8221;4.27.0&#8243; _module_preset=&#8221;default&#8221; custom_padding=&#8221;40px|25px|40px|25px|true|true&#8221; custom_css_main_element=&#8221;max-width:480px;&#8221; border_radii=&#8221;on|20px|20px|20px|20px&#8221; border_width_all=&#8221;1px&#8221; border_color_all=&#8221;#e3dbd8&#8243; global_colors_info=&#8221;{}&#8221;][et_pb_text _builder_version=&#8221;4.27.0&#8243; _module_preset=&#8221;default&#8221; text_font=&#8221;|700|||||||&#8221; text_text_color=&#8221;#034833&#8243; text_font_size=&#8221;22px&#8221; global_colors_info=&#8221;{}&#8221;]<\/p>\n<p>Personlighetsst\u00f6rningar<\/p>\n<p>[\/et_pb_text][et_pb_text _builder_version=\u201d4.27.0\u2033 _module_preset=\u201ddefault\u201d text_line_height=\u201d1.8em\u201d global_colors_info=\u201d{}\u201d]<\/p>\n<p>Varje kategori i Diagnostic and Statistical Manual of Mental Disorders (DSM) motsvarar en specifik profil av Big Five, som ofta k\u00e4nnetecknas av en h\u00f6g grad av neuroticism och en l\u00e5g grad av behaglighet.<\/p>\n<p>[\/et_pb_text][\/et_pb_column][\/et_pb_row][et_pb_row _builder_version=&#8221;4.27.0&#8243; _module_preset=&#8221;default&#8221; width=&#8221;68.5%&#8221; global_colors_info=&#8221;{}&#8221;][et_pb_column type=&#8221;4_4&#8243; _builder_version=&#8221;4.27.0&#8243; _module_preset=&#8221;default&#8221; global_colors_info=&#8221;{}&#8221;][et_pb_text _builder_version=&#8221;4.27.0&#8243; _module_preset=&#8221;default&#8221; text_line_height=&#8221;1.8em&#8221; custom_margin=&#8221;0px||||false|false&#8221; custom_padding=&#8221;0px||||false|false&#8221; locked=&#8221;off&#8221; global_colors_info=&#8221;{}&#8221;]<\/p>\n<p>De fem Big Five-egenskaperna \u00e4r inte helt oberoende av varandra, vilket g\u00f6r att vissa bed\u00f6mningar delvis \u00e4r \u00f6verfl\u00f6diga n\u00e4r man utv\u00e4rderar varje kategori.<br \/>Under 2010-talet anv\u00e4ndes det test som f\u00f6rknippas med Big Five f\u00f6r milit\u00e4ra, politiska och partipolitiska \u00e4ndam\u00e5l, i synnerhet av f\u00f6retag som SCL Group genom dess dotterbolag Cambridge Analytica och Aggregate IQ.<br \/>Idag anv\u00e4nds detta test i stor utstr\u00e4ckning och \u00e4r erk\u00e4nt av m\u00e5nga f\u00f6retag och branscher runt om i v\u00e4rlden.<\/p>\n<p>[\/et_pb_text][\/et_pb_column][\/et_pb_row][\/et_pb_section][et_pb_section fb_built=&#8221;1&#8243; admin_label=&#8221;The project&#8221; _builder_version=&#8221;4.27.0&#8243; _module_preset=&#8221;default&#8221; custom_margin=&#8221;0px||0px||true|false&#8221; custom_padding=&#8221;0px||0px||true|false&#8221; global_colors_info=&#8221;{}&#8221;][et_pb_row column_structure=&#8221;1_2,1_2&#8243; make_equal=&#8221;on&#8221; _builder_version=&#8221;4.27.0&#8243; _module_preset=&#8221;default&#8221; width=&#8221;68.5%&#8221; global_colors_info=&#8221;{}&#8221;][et_pb_column type=&#8221;1_2&#8243; _builder_version=&#8221;4.27.0&#8243; _module_preset=&#8221;default&#8221; global_colors_info=&#8221;{}&#8221;][et_pb_image src=&#8221;https:\/\/psona.io\/wp-content\/uploads\/2024\/09\/TheProject.svg&#8221; title_text=&#8221;TheProject&#8221; _builder_version=&#8221;4.27.0&#8243; _module_preset=&#8221;default&#8221; global_colors_info=&#8221;{}&#8221;][\/et_pb_image][\/et_pb_column][et_pb_column type=&#8221;1_2&#8243; _builder_version=&#8221;4.27.0&#8243; _module_preset=&#8221;default&#8221; custom_css_main_element=&#8221;display:flex;||flex-direction:column;||justify-content:center;||&#8221; global_colors_info=&#8221;{}&#8221;][et_pb_text _builder_version=&#8221;4.27.0&#8243; _module_preset=&#8221;default&#8221; header_5_font=&#8221;|600||on|||||&#8221; header_5_text_color=&#8221;#034833&#8243; header_5_font_size=&#8221;18px&#8221; header_5_letter_spacing=&#8221;1px&#8221; custom_margin=&#8221;||0px||false|false&#8221; custom_padding=&#8221;||0px||false|false&#8221; locked=&#8221;off&#8221; global_colors_info=&#8221;{}&#8221;]<\/p>\n<h5>F\u00f6r studier av personligheter<\/h5>\n<p>[\/et_pb_text][et_pb_text _builder_version=&#8221;4.27.0&#8243; _module_preset=&#8221;default&#8221; header_2_text_color=&#8221;#000000&#8243; custom_margin=&#8221;||0px||false|false&#8221; custom_padding=&#8221;||0px||false|false&#8221; locked=&#8221;off&#8221; global_colors_info=&#8221;{}&#8221;]<\/p>\n<h2>Projektet<\/h2>\n<p>[\/et_pb_text][et_pb_text _builder_version=&#8221;4.27.0&#8243; _module_preset=&#8221;default&#8221; text_line_height=&#8221;1.8em&#8221; width=&#8221;100%&#8221; width_tablet=&#8221;75%&#8221; width_phone=&#8221;100%&#8221; width_last_edited=&#8221;on|desktop&#8221; custom_margin=&#8221;0px||||false|false&#8221; custom_padding=&#8221;0px||||false|false&#8221; global_colors_info=&#8221;{}&#8221;]<\/p>\n<p>Syftet med det h\u00e4r projektet \u00e4r att ge dig en exakt analys av din personlighet, d\u00e4r dina styrkor och f\u00f6rb\u00e4ttringsomr\u00e5den lyfts fram, s\u00e5 att du f\u00e5r en b\u00e4ttre f\u00f6rst\u00e5else f\u00f6r dig sj\u00e4lv och en upplyst personlig utveckling. Det kan ocks\u00e5 anv\u00e4ndas vid f\u00f6retagsrekrytering f\u00f6r att bed\u00f6ma kandidater snabbt och effektivt.<\/p>\n<p>Testet bygger p\u00e5 fem grundl\u00e4ggande psykologiska principer som definierar en persons personlighet och \u00e4r vetenskapligt validerat, vilket garanterar tillf\u00f6rlitlighet och trov\u00e4rdighet.<\/p>\n<p>[\/et_pb_text][\/et_pb_column][\/et_pb_row][\/et_pb_section][et_pb_section fb_built=&#8221;1&#8243; custom_padding_last_edited=&#8221;on|phone&#8221; admin_label=&#8221;The Company&#8221; _builder_version=&#8221;4.27.0&#8243; _module_preset=&#8221;default&#8221; custom_margin_tablet=&#8221;&#8221; custom_margin_phone=&#8221;||0px||false|false&#8221; custom_margin_last_edited=&#8221;on|phone&#8221; custom_padding_tablet=&#8221;&#8221; custom_padding_phone=&#8221;||10px||false|false&#8221; global_colors_info=&#8221;{}&#8221;][et_pb_row column_structure=&#8221;1_3,2_3&#8243; use_custom_gutter=&#8221;on&#8221; gutter_width=&#8221;1&#8243; make_equal=&#8221;on&#8221; module_class=&#8221;about-us-row&#8221; _builder_version=&#8221;4.27.0&#8243; _module_preset=&#8221;default&#8221; width=&#8221;68.5%&#8221; global_colors_info=&#8221;{}&#8221;][et_pb_column type=&#8221;1_3&#8243; module_class=&#8221;col-left&#8221; disabled_on=&#8221;on|on|off&#8221; _builder_version=&#8221;4.27.0&#8243; _module_preset=&#8221;default&#8221; custom_padding_tablet=&#8221;||40px||false|false&#8221; custom_padding_phone=&#8221;||40px||false|false&#8221; custom_padding_last_edited=&#8221;on|tablet&#8221; global_colors_info=&#8221;{}&#8221; custom_css_main_element_last_edited=&#8221;on|tablet&#8221;][et_pb_image src=&#8221;https:\/\/psona.io\/wp-content\/uploads\/2024\/09\/Left-IMG.svg&#8221; title_text=&#8221;Left-IMG&#8221; _builder_version=&#8221;4.27.0&#8243; _module_preset=&#8221;default&#8221; global_colors_info=&#8221;{}&#8221;][\/et_pb_image][\/et_pb_column][et_pb_column type=&#8221;2_3&#8243; module_class=&#8221;col-right&#8221; _builder_version=&#8221;4.27.0&#8243; _module_preset=&#8221;default&#8221; global_colors_info=&#8221;{}&#8221;][et_pb_text _builder_version=&#8221;4.27.0&#8243; _module_preset=&#8221;default&#8221; text_line_height=&#8221;1.8em&#8221; header_4_font=&#8221;|700|||||||&#8221; header_4_text_color=&#8221;#034833&#8243; header_4_font_size=&#8221;20px&#8221; background_color=&#8221;#FFFFFF&#8221; width_tablet=&#8221;100%&#8221; width_phone=&#8221;100%&#8221; width_last_edited=&#8221;on|desktop&#8221; custom_margin=&#8221;0px||0px||true|false&#8221; custom_padding=&#8221;60px|60px|60px|60px|true|true&#8221; custom_padding_tablet=&#8221;60px|60px|60px|60px|true|true&#8221; custom_padding_phone=&#8221;|30px||30px|true|true&#8221; custom_padding_last_edited=&#8221;on|phone&#8221; border_radii=&#8221;on|20px|20px|20px|20px&#8221; global_colors_info=&#8221;{}&#8221;]<\/p>\n<h4>F\u00f6retaget<\/h4>\n<p>Vi \u00e4r fast beslutna att ge dig en h\u00f6gkvalitativ tj\u00e4nst, b\u00e5de n\u00e4r det g\u00e4ller testinneh\u00e5ll och anv\u00e4ndarupplevelse. V\u00e5rt m\u00e5l \u00e4r att st\u00f6dja dig i din personliga utveckling eller rekryteringsprocess. Tveka inte att kontakta oss om du har n\u00e5gra fr\u00e5gor.<\/p>\n<p><a class=\"contact-btn\" href=\"https:\/\/psona.io\/sv\/contact\/\">Kontakta oss<\/a><\/p>\n<p>[\/et_pb_text][et_pb_text _builder_version=&#8221;4.27.0&#8243; _module_preset=&#8221;default&#8221; width=&#8221;100%&#8221; global_colors_info=&#8221;{}&#8221;]<\/p>\n<div class=\"about-row\">\n<div class=\"values\">\n<p><span class=\"title\">V\u00e5ra v\u00e4rderingar<\/span><\/p>\n<ul>\n<li>F\u00f6rtroende<\/li>\n<li>Tillf\u00f6rlitlighet<\/li>\n<li>Prestanda\u00a0<\/li>\n<\/ul>\n<\/div>\n<div class=\"experiences\">\n<p><span class=\"title\">V\u00e5r erfarenhet<\/span><\/p>\n<ul>\n<li>\u00d6ver 100.000 tester genomf\u00f6rda<\/li>\n<li>St\u00f6d fr\u00e5n certifierad v\u00e5rdpersonal<\/li>\n<li>Certifiering av alla tester<\/li>\n<\/ul>\n<\/div>\n<\/div>\n<p>[\/et_pb_text][\/et_pb_column][\/et_pb_row][\/et_pb_section]<\/p>","protected":false},"excerpt":{"rendered":"<p>\u00c0 propos Reconnu scientifiquementLe testEn psychologie, le terme &#8220;Big Five&#8221; d\u00e9signe un mod\u00e8le de personnalit\u00e9 compos\u00e9 de cinq traits principaux. Ce mod\u00e8le a \u00e9t\u00e9 propos\u00e9 par le psychologue am\u00e9ricain Lewis Goldberg en 1981 et d\u00e9velopp\u00e9 par Costa et McCrae entre 1987 et 1992. Il est largement reconnu comme une r\u00e9f\u00e9rence dans la recherche th\u00e9orique sur [&hellip;]<\/p>","protected":false},"author":1,"featured_media":0,"parent":0,"menu_order":0,"comment_status":"closed","ping_status":"closed","template":"","meta":{"_et_pb_use_builder":"on","_et_pb_old_content":"<!-- wp:divi\/placeholder \/-->","_et_gb_content_width":"","inline_featured_image":false,"footnotes":""},"class_list":["post-138","page","type-page","status-publish","hentry"],"_links":{"self":[{"href":"https:\/\/psona.io\/sv\/wp-json\/wp\/v2\/pages\/138","targetHints":{"allow":["GET"]}}],"collection":[{"href":"https:\/\/psona.io\/sv\/wp-json\/wp\/v2\/pages"}],"about":[{"href":"https:\/\/psona.io\/sv\/wp-json\/wp\/v2\/types\/page"}],"author":[{"embeddable":true,"href":"https:\/\/psona.io\/sv\/wp-json\/wp\/v2\/users\/1"}],"replies":[{"embeddable":true,"href":"https:\/\/psona.io\/sv\/wp-json\/wp\/v2\/comments?post=138"}],"version-history":[{"count":22,"href":"https:\/\/psona.io\/sv\/wp-json\/wp\/v2\/pages\/138\/revisions"}],"predecessor-version":[{"id":2649,"href":"https:\/\/psona.io\/sv\/wp-json\/wp\/v2\/pages\/138\/revisions\/2649"}],"wp:attachment":[{"href":"https:\/\/psona.io\/sv\/wp-json\/wp\/v2\/media?parent=138"}],"curies":[{"name":"wp","href":"https:\/\/api.w.org\/{rel}","templated":true}]}}