{"id":2643,"date":"2026-01-22T21:24:36","date_gmt":"2026-01-22T21:24:36","guid":{"rendered":"https:\/\/psona.io\/?page_id=2643"},"modified":"2026-01-22T21:25:55","modified_gmt":"2026-01-22T21:25:55","slug":"disclaimer","status":"publish","type":"page","link":"https:\/\/psona.io\/tr\/disclaimer\/","title":{"rendered":"Sorumluluk Reddi"},"content":{"rendered":"<p>[et_pb_section fb_built=\u201d1\u2033 custom_padding_last_edited=\u201don|tablet\u201d admin_label=\u201dHeader\u201d _builder_version=\u201d4.27.0\u2033 custom_margin=\u201d0px||0px||true|false\u201d custom_padding=\u201d0px||0px||true|false\u201d custom_padding_tablet=\u201d||||true|false\u201d custom_padding_phone=\u201d||||true|false\u201d locked=\u201doff\u201d global_colors_info=\u201d{}\u201d theme_builder_area=\u201dpost_content\u201d][et_pb_row use_custom_gutter=\u201don\u201d gutter_width=\u201d1\u2033 custom_padding_last_edited=\u201don|phone\u201d _builder_version=\u201d4.27.0\u2033 background_color=\u201d#034833\u2033 background_size=\u201dinitial\u201d background_position=\u201dtop_left\u201d background_repeat=\u201drepeat\u201d width=\u201d95%\u201d custom_margin=\u201d||||true|false\u201d custom_padding=\u201d150px|150px||true|true\u201d custom_padding_tablet=\u201d80px|80px||true|false\u201d custom_padding_phone=\u201d60px|60px||true|false\u201d border_radii=\u201don|50px|50px|50px|50px\u201d global_colors_info=\u201d{}\u201d theme_builder_area=\u201dpost_content\u201d][et_pb_column type=\u201d4_4\u2033 _builder_version=\u201d4.27.0\u2033 custom_padding=\u201d|||\u201d global_colors_info=\u201d{}\u201d custom_padding__hover=\u201d|||\u201d custom_css_main_element_last_edited=\u201don|phone\u201d theme_builder_area=\u201dpost_content\u201d][et_pb_text module_class=\u201dtitle-header\u201d _builder_version=\u201d4.27.4\u2033 background_size=\u201dinitial\u201d background_position=\u201dtop_left\u201d background_repeat=\u201drepeat\u201d width=\u201d72%\u201d width_tablet=\u201d70%\u201d width_phone=\u201d68.5%\u201d width_last_edited=\u201don|tablet\u201d module_alignment=\u201dcenter\u201d custom_margin=\u201d0px|0px||false|false\u201d custom_margin_tablet=\u201d0px||0px||false|false\u201d custom_margin_phone=\u201d0px||0px||false|false\u201d custom_margin_last_edited=\u201don|tablet\u201d custom_padding=\u201d0px||0px||true|false\u201d hover_enabled=\u201d0\u2033 header_font_size_tablet=\u201d50px\u201d header_font_size_phone=\u201d40px\u201d global_colors_info=\u201d{}\u201d theme_builder_area=\u201dpost_content\u201d sticky_enabled=\u201d0\u2033]<\/p>\n<h1 class=\"text-text-100 mt-3 -mb-1 text-[1.375rem] font-bold\">Sorumluluk Reddi<\/h1>\n<p><!-- \/divi:paragraph --><\/p>\n<p>[\/et_pb_text][\/et_pb_column][\/et_pb_row][\/et_pb_section][et_pb_section fb_built=\u201d1\u2033 _builder_version=\u201d4.27.0\u2033 _module_preset=\u201ddefault\u201d global_colors_info=\u201d{}\u201d locked=\u201doff\u201d theme_builder_area=\u201dpost_content\u201d][et_pb_row _builder_version=\u201d4.27.0\u2033 _module_preset=\u201ddefault\u201d global_colors_info=\u201d{}\u201d theme_builder_area=\u201dpost_content\u201d][et_pb_column type=\u201d4_4\u2033 _builder_version=\u201d4.27.0\u2033 _module_preset=\u201ddefault\u201d global_colors_info=\u201d{}\u201d theme_builder_area=\u201dpost_content\u201d][et_pb_text _builder_version=\u201d4.27.4\u2033 _module_preset=\u201ddefault\u201d header_2_text_align=\u201dcenter\u201d hover_enabled=\u201d0\u2033 global_colors_info=\u201d{}\u201d theme_builder_area=\u201dpost_content\u201d sticky_enabled=\u201d0\u2033]<\/p>\n<p class=\"font-claude-response-body break-words whitespace-normal leading-[1.7]\">Son g\u00fcncelleme: 22 Ocak 2026<\/p>\n<h2 class=\"text-text-100 mt-3 -mb-1 text-[1.125rem] font-bold\">Yorumlama ve tan\u0131mlar<\/h2>\n<h3 class=\"text-text-100 mt-2 -mb-1 text-base font-bold\">Yorumlama<\/h3>\n<p class=\"font-claude-response-body break-words whitespace-normal leading-[1.7]\">\u0130lk harfi b\u00fcy\u00fck olan kelimeler a\u015fa\u011f\u0131daki ko\u015fullarda tan\u0131mlanan anlamlara sahiptir. A\u015fa\u011f\u0131daki tan\u0131mlar, tekil veya \u00e7o\u011ful olarak g\u00f6r\u00fcnmelerine bak\u0131lmaks\u0131z\u0131n ayn\u0131 anlama sahiptir.<\/p>\n<h3 class=\"text-text-100 mt-2 -mb-1 text-base font-bold\">Tan\u0131mlar<\/h3>\n<p class=\"font-claude-response-body break-words whitespace-normal leading-[1.7]\">Bu Uyar\u0131n\u0131n ama\u00e7lar\u0131 do\u011frultusunda :<\/p>\n<ul class=\"[li_&amp;]:mb-0 [li_&amp;]:mt-1 [li_&amp;]:gap-1 [&amp;:not(:last-child)_ul]:pb-1 [&amp;:not(:last-child)_ol]:pb-1 list-disc flex flex-col gap-1 pl-8 mb-3\">\n<li class=\"whitespace-normal break-words pl-2\"><strong>\u015eirket<\/strong> (bu Bildirimde \u00ab\u015eirket\u00bb, \u00abbiz\u00bb, \u00abbize\u00bb veya \"bizim\" olarak an\u0131lacakt\u0131r) CLICKBUSTER LTD, 63-66 Hatton Garden, Londra EC1N 8LE'yi ifade eder.<\/li>\n<li class=\"whitespace-normal break-words pl-2\"><strong>Hizmet<\/strong> Web Sitesini ifade eder.<\/li>\n<li class=\"whitespace-normal break-words pl-2\"><strong>Sen<\/strong> Hizmete eri\u015fen ger\u00e7ek ki\u015fi veya duruma g\u00f6re bu ki\u015finin ad\u0131na Hizmete eri\u015fti\u011fi veya Hizmeti kulland\u0131\u011f\u0131 \u015firket veya di\u011fer t\u00fczel ki\u015filik anlam\u0131na gelir.<\/li>\n<li class=\"whitespace-normal break-words pl-2\"><strong>Web sitesi<\/strong> adresinden eri\u015filebilen PSONA'y\u0131 ifade eder. <a class=\"underline underline underline-offset-2 decoration-1 decoration-current\/40 hover:decoration-current focus:decoration-current\" href=\"https:\/\/psona.io\/tr\/\">https:\/\/psona.io\/<\/a><\/li>\n<\/ul>\n<h2 class=\"text-text-100 mt-3 -mb-1 text-[1.125rem] font-bold\">Genel uyar\u0131<\/h2>\n<p class=\"font-claude-response-body break-words whitespace-normal leading-[1.7]\">Hizmette yer alan bilgiler yaln\u0131zca genel bilgilendirme ama\u00e7l\u0131d\u0131r.<\/p>\n<p class=\"font-claude-response-body break-words whitespace-normal leading-[1.7]\">\u015eirket, Hizmetin i\u00e7eri\u011findeki herhangi bir hata veya eksiklik i\u00e7in hi\u00e7bir sorumluluk kabul etmez.<\/p>\n<p class=\"font-claude-response-body break-words whitespace-normal leading-[1.7]\">\u015eirket, Hizmetin veya Hizmetin i\u00e7eri\u011finin kullan\u0131m\u0131ndan kaynaklanan veya bunlarla ba\u011flant\u0131l\u0131 olarak ortaya \u00e7\u0131kan herhangi bir \u00f6zel, do\u011frudan, dolayl\u0131, sonu\u00e7 olarak ortaya \u00e7\u0131kan veya ar\u0131zi zarardan veya s\u00f6zle\u015fme, ihmal veya di\u011fer haks\u0131z fiilden kaynaklanan herhangi bir zarardan hi\u00e7bir durumda sorumlu olmayacakt\u0131r. \u015eirket, herhangi bir zamanda bildirimde bulunmaks\u0131z\u0131n Hizmet i\u00e7eri\u011fine ekleme, silme veya de\u011fi\u015fiklik yapma hakk\u0131n\u0131 sakl\u0131 tutar.<\/p>\n<p class=\"font-claude-response-body break-words whitespace-normal leading-[1.7]\">\u015eirket, Hizmetin vir\u00fcs veya di\u011fer zararl\u0131 bile\u015fenlerden ar\u0131nm\u0131\u015f oldu\u011funu garanti etmez.<\/p>\n<h2 class=\"text-text-100 mt-3 -mb-1 text-[1.125rem] font-bold\">Ki\u015filik testleri hakk\u0131nda uyar\u0131<\/h2>\n<p class=\"font-claude-response-body break-words whitespace-normal leading-[1.7]\">Bu Hizmette sunulan ki\u015filik testleri :<\/p>\n<ul class=\"[li_&amp;]:mb-0 [li_&amp;]:mt-1 [li_&amp;]:gap-1 [&amp;:not(:last-child)_ul]:pb-1 [&amp;:not(:last-child)_ol]:pb-1 list-disc flex flex-col gap-1 pl-8 mb-3\">\n<li class=\"whitespace-normal break-words pl-2\">Bunlar kesin bir bilim de\u011fildir ve profesyonel psikolojik veya psikanalitik de\u011ferlendirmeler olarak d\u00fc\u015f\u00fcn\u00fclmemelidir.<\/li>\n<li class=\"whitespace-normal break-words pl-2\">A\u015fa\u011f\u0131dakiler sadece bilgi ve e\u011flence ama\u00e7l\u0131d\u0131r<\/li>\n<li class=\"whitespace-normal break-words pl-2\">Ki\u015fisel, mesleki veya t\u0131bbi hayat\u0131n\u0131zla ilgili \u00f6nemli kararlar\u0131n al\u0131nmas\u0131nda tek dayanak olarak kullan\u0131lmamal\u0131d\u0131r<\/li>\n<li class=\"whitespace-normal break-words pl-2\">T\u0131bbi, psikolojik veya profesyonel tavsiye niteli\u011fi ta\u015f\u0131maz<\/li>\n<\/ul>\n<p class=\"font-claude-response-body break-words whitespace-normal leading-[1.7]\">\u015eirket, kullan\u0131c\u0131lar\u0131n test sonu\u00e7lar\u0131na dayanarak ald\u0131klar\u0131 kararlar i\u00e7in hi\u00e7bir sorumluluk kabul etmez. Herhangi bir psikolojik veya t\u0131bbi sorunuz varsa, kalifiye bir uzmana dan\u0131\u015fman\u0131z\u0131 \u00f6neririz.<\/p>\n<h2 class=\"text-text-100 mt-3 -mb-1 text-[1.125rem] font-bold\">D\u0131\u015f ba\u011flant\u0131lara ili\u015fkin uyar\u0131<\/h2>\n<p class=\"font-claude-response-body break-words whitespace-normal leading-[1.7]\">Hizmet, \u015eirket taraf\u0131ndan sa\u011flanmayan veya s\u00fcrd\u00fcr\u00fclmeyen veya herhangi bir \u015fekilde ona ba\u011fl\u0131 olmayan harici web sitelerine ba\u011flant\u0131lar i\u00e7erebilir.<\/p>\n<p class=\"font-claude-response-body break-words whitespace-normal leading-[1.7]\">\u015eirketin bu harici web sitelerinde yer alan bilgilerin do\u011frulu\u011funu, uygunlu\u011funu, g\u00fcncelli\u011fini veya eksiksizli\u011fini garanti etmedi\u011fini l\u00fctfen unutmay\u0131n.<\/p>\n<h2 class=\"text-text-100 mt-3 -mb-1 text-[1.125rem] font-bold\">Hata ve ihmallere kar\u015f\u0131 uyar\u0131<\/h2>\n<p class=\"font-claude-response-body break-words whitespace-normal leading-[1.7]\">Hizmet taraf\u0131ndan sa\u011flanan bilgiler yaln\u0131zca ilgi duyulan konulara ili\u015fkin genel bir k\u0131lavuz olarak tasarlanm\u0131\u015ft\u0131r. \u015eirket, Hizmet i\u00e7eri\u011finin hem g\u00fcncel hem de do\u011fru olmas\u0131n\u0131 sa\u011flamak i\u00e7in her t\u00fcrl\u00fc \u00f6nlemi alsa da, hatalar meydana gelebilir. Ayr\u0131ca, yasalar\u0131n, kurallar\u0131n ve y\u00f6netmeliklerin geli\u015fen do\u011fas\u0131 nedeniyle, Hizmette yer alan bilgilerde gecikmeler, eksiklikler veya yanl\u0131\u015fl\u0131klar olabilir.<\/p>\n<p class=\"font-claude-response-body break-words whitespace-normal leading-[1.7]\">\u015eirket, herhangi bir hata veya eksiklikten veya bu bilgilerin kullan\u0131m\u0131ndan elde edilen sonu\u00e7lardan sorumlu de\u011fildir.<\/p>\n<h2 class=\"text-text-100 mt-3 -mb-1 text-[1.125rem] font-bold\">Adil kullan\u0131m feragatnamesi<\/h2>\n<p class=\"font-claude-response-body break-words whitespace-normal leading-[1.7]\">\u015eirket, telif hakk\u0131 sahibi taraf\u0131ndan her zaman \u00f6zel olarak izin verilmemi\u015f telif hakk\u0131 ile korunan materyalleri kullanabilir. \u015eirket bu materyali ele\u015ftiri, yorum, raporlama, \u00f6\u011fretim, burs veya ara\u015ft\u0131rma amac\u0131yla kullan\u0131ma sunar.<\/p>\n<p class=\"font-claude-response-body break-words whitespace-normal leading-[1.7]\">\u015eirket, bunun ABD Telif Hakk\u0131 Yasas\u0131'n\u0131n 107. b\u00f6l\u00fcm\u00fc (veya y\u00fcr\u00fcrl\u00fckteki yasalar kapsam\u0131ndaki e\u015fde\u011fer h\u00fck\u00fcmler) uyar\u0131nca telif hakk\u0131yla korunan herhangi bir materyalin \u00abadil kullan\u0131m\u0131\u00bb oldu\u011funu d\u00fc\u015f\u00fcnmektedir.<\/p>\n<p class=\"font-claude-response-body break-words whitespace-normal leading-[1.7]\">Hizmet \u00fczerinde telif hakk\u0131 ile korunan materyalleri adil kullan\u0131m\u0131n \u00f6tesine ge\u00e7en kendi ama\u00e7lar\u0131n\u0131z i\u00e7in kullanmak isterseniz, telif hakk\u0131 sahibinden izin alman\u0131z gerekir.<\/p>\n<h2 class=\"text-text-100 mt-3 -mb-1 text-[1.125rem] font-bold\">\u0130fade edilen g\u00f6r\u00fc\u015flere ili\u015fkin sorumluluk reddi<\/h2>\n<p class=\"font-claude-response-body break-words whitespace-normal leading-[1.7]\">Hizmet, yazarlara ait g\u00f6r\u00fc\u015f ve fikirler i\u00e7erebilir ve \u015eirket de dahil olmak \u00fczere ba\u015fka herhangi bir yazar, kurum, kurulu\u015f, i\u015fveren veya \u015firketin resmi politikas\u0131n\u0131 veya konumunu yans\u0131tmayabilir.<\/p>\n<p class=\"font-claude-response-body break-words whitespace-normal leading-[1.7]\">Hizmetin kullan\u0131c\u0131lar\u0131n i\u00e7erik (yorumlar dahil) yay\u0131nlamas\u0131na izin verdi\u011fi durumlarda, s\u00f6z konusu i\u00e7erik yaln\u0131zca onu yay\u0131nlayan kullan\u0131c\u0131n\u0131n sorumlulu\u011fundad\u0131r. \u015eirket, kullan\u0131c\u0131 taraf\u0131ndan olu\u015fturulan i\u00e7erikten sorumlu de\u011fildir ve herhangi bir nedenle bu i\u00e7eri\u011fi kald\u0131rma hakk\u0131n\u0131 sakl\u0131 tutar.<\/p>\n<h2 class=\"text-text-100 mt-3 -mb-1 text-[1.125rem] font-bold\">Sorumluluk Reddi<\/h2>\n<p class=\"font-claude-response-body break-words whitespace-normal leading-[1.7]\">Hizmetteki bilgiler, \u015eirketin burada yasal, muhasebe, vergi veya di\u011fer profesyonel tavsiye veya hizmetleri sa\u011flamad\u0131\u011f\u0131 anlay\u0131\u015f\u0131yla sa\u011flanmaktad\u0131r. Bu nedenle, profesyonel muhasebe, vergi, hukuk veya di\u011fer yetkili dan\u0131\u015fmanlara dan\u0131\u015fman\u0131n yerine kullan\u0131lmamal\u0131d\u0131r.<\/p>\n<p class=\"font-claude-response-body break-words whitespace-normal leading-[1.7]\">\u015eirket veya tedarik\u00e7ileri, Hizmete eri\u015fiminiz veya Hizmeti kullanman\u0131z ya da Hizmete eri\u015fememeniz veya Hizmeti kullanamaman\u0131zdan kaynaklanan veya bunlarla ba\u011flant\u0131l\u0131 olarak ortaya \u00e7\u0131kan \u00f6zel, ar\u0131zi, dolayl\u0131 veya sonu\u00e7 olarak ortaya \u00e7\u0131kan zararlardan hi\u00e7bir durumda sorumlu olmayacakt\u0131r.<\/p>\n<h2 class=\"text-text-100 mt-3 -mb-1 text-[1.125rem] font-bold\">Riski size ait olmak \u00fczere kullan\u0131n\u00ab uyar\u0131s\u0131\u00bb<\/h2>\n<p class=\"font-claude-response-body break-words whitespace-normal leading-[1.7]\">Hizmetteki t\u00fcm bilgiler \u00aboldu\u011fu gibi\u00bb, eksiksizlik, do\u011fruluk, g\u00fcncellik veya bu bilgilerin kullan\u0131m\u0131ndan elde edilen sonu\u00e7lara ili\u015fkin herhangi bir garanti olmaks\u0131z\u0131n ve performans, sat\u0131labilirlik ve belirli bir amaca uygunluk garantileri dahil ancak bunlarla s\u0131n\u0131rl\u0131 olmamak \u00fczere a\u00e7\u0131k veya z\u0131mni herhangi bir garanti olmaks\u0131z\u0131n sa\u011flanmaktad\u0131r.<\/p>\n<p class=\"font-claude-response-body break-words whitespace-normal leading-[1.7]\">\u015eirket, Hizmet taraf\u0131ndan sa\u011flanan bilgilere dayanarak al\u0131nan herhangi bir karar veya yap\u0131lan herhangi bir eylemden veya bu t\u00fcr zararlar\u0131n olas\u0131l\u0131\u011f\u0131 konusunda bilgilendirilmi\u015f olsa bile, sonu\u00e7 olarak ortaya \u00e7\u0131kan, \u00f6zel veya benzer zararlardan size veya ba\u015fka herhangi bir ki\u015fiye kar\u015f\u0131 sorumlu olmayacakt\u0131r.<\/p>\n<h2 class=\"text-text-100 mt-3 -mb-1 text-[1.125rem] font-bold\">Uygulanabilir yasa<\/h2>\n<p class=\"font-claude-response-body break-words whitespace-normal leading-[1.7]\">Bu Feragatname \u0130ngiliz yasalar\u0131na tabidir. Yorumlanmas\u0131 veya ifas\u0131 ile ilgili herhangi bir anla\u015fmazl\u0131k, \u0130ngiliz mahkemelerinin m\u00fcnhas\u0131r yarg\u0131 yetkisine tabi olacakt\u0131r.<\/p>\n<h2 class=\"text-text-100 mt-3 -mb-1 text-[1.125rem] font-bold\">Bize ula\u015f\u0131n<\/h2>\n<p class=\"font-claude-response-body break-words whitespace-normal leading-[1.7]\">Bu Uyar\u0131 hakk\u0131nda herhangi bir sorunuz varsa, l\u00fctfen bizimle ileti\u015fime ge\u00e7in:<\/p>\n<ul class=\"[li_&amp;]:mb-0 [li_&amp;]:mt-1 [li_&amp;]:gap-1 [&amp;:not(:last-child)_ul]:pb-1 [&amp;:not(:last-child)_ol]:pb-1 list-disc flex flex-col gap-1 pl-8 mb-3\">\n<li class=\"whitespace-normal break-words pl-2\">E-posta ile : <a class=\"underline underline underline-offset-2 decoration-1 decoration-current\/40 hover:decoration-current focus:decoration-current\" href=\"mailto:contact@psona.io\">contact@psona.io<\/a><\/li>\n<li class=\"whitespace-normal break-words pl-2\">Web sitemizdeki bu sayfay\u0131 ziyaret ederek : <a class=\"underline underline underline-offset-2 decoration-1 decoration-current\/40 hover:decoration-current focus:decoration-current\" href=\"https:\/\/psona.io\/tr\/contact\/\">https:\/\/psona.io\/contact\/<\/a><\/li>\n<\/ul>\n<p>[\/et_pb_text][\/et_pb_column][\/et_pb_row][\/et_pb_section]<\/p>","protected":false},"excerpt":{"rendered":"<p>Yasal Uyar\u0131 Son g\u00fcncelleme: 22 Ocak 2026 Yorum ve tan\u0131mlar Yorum \u0130lk harfi b\u00fcy\u00fck olan kelimeler a\u015fa\u011f\u0131daki ko\u015fullarda tan\u0131mlanan anlamlara sahiptir. A\u015fa\u011f\u0131daki tan\u0131mlar, tekil veya \u00e7o\u011ful olarak g\u00f6r\u00fcnmelerine bak\u0131lmaks\u0131z\u0131n ayn\u0131 anlama sahiptir. Tan\u0131mlar Bu Uyar\u0131n\u0131n ama\u00e7lar\u0131 do\u011frultusunda: \u015eirket ([...] olarak an\u0131lacakt\u0131r)<\/p>","protected":false},"author":1,"featured_media":0,"parent":0,"menu_order":0,"comment_status":"closed","ping_status":"closed","template":"","meta":{"_et_pb_use_builder":"on","_et_pb_old_content":"","_et_gb_content_width":"","inline_featured_image":false,"footnotes":""},"class_list":["post-2643","page","type-page","status-publish","hentry"],"_links":{"self":[{"href":"https:\/\/psona.io\/tr\/wp-json\/wp\/v2\/pages\/2643","targetHints":{"allow":["GET"]}}],"collection":[{"href":"https:\/\/psona.io\/tr\/wp-json\/wp\/v2\/pages"}],"about":[{"href":"https:\/\/psona.io\/tr\/wp-json\/wp\/v2\/types\/page"}],"author":[{"embeddable":true,"href":"https:\/\/psona.io\/tr\/wp-json\/wp\/v2\/users\/1"}],"replies":[{"embeddable":true,"href":"https:\/\/psona.io\/tr\/wp-json\/wp\/v2\/comments?post=2643"}],"version-history":[{"count":2,"href":"https:\/\/psona.io\/tr\/wp-json\/wp\/v2\/pages\/2643\/revisions"}],"predecessor-version":[{"id":2645,"href":"https:\/\/psona.io\/tr\/wp-json\/wp\/v2\/pages\/2643\/revisions\/2645"}],"wp:attachment":[{"href":"https:\/\/psona.io\/tr\/wp-json\/wp\/v2\/media?parent=2643"}],"curies":[{"name":"wp","href":"https:\/\/api.w.org\/{rel}","templated":true}]}}