{"id":149,"date":"2024-09-05T10:24:38","date_gmt":"2024-09-05T10:24:38","guid":{"rendered":"https:\/\/psona.io\/?page_id=149"},"modified":"2026-01-22T21:17:21","modified_gmt":"2026-01-22T21:17:21","slug":"mentions-legales","status":"publish","type":"page","link":"https:\/\/psona.io\/us\/mentions-legales\/","title":{"rendered":"Terms of use"},"content":{"rendered":"<p>[et_pb_section fb_built=\u201d1\u2033 custom_padding_last_edited=\u201don|tablet\u201d admin_label=\u201dHeader\u201d _builder_version=\u201d4.27.0\u2033 custom_margin=\u201d0px||0px||true|false\u201d custom_padding=\u201d0px||0px||true|false\u201d custom_padding_tablet=\u201d||||true|false\u201d custom_padding_phone=\u201d||||true|false\u201d locked=\u201doff\u201d global_colors_info=\u201d{}\u201d][et_pb_row use_custom_gutter=\u201don\u201d gutter_width=\u201d1\u2033 custom_padding_last_edited=\u201don|phone\u201d _builder_version=\u201d4.27.0\u2033 background_color=\u201d#034833\u2033 background_size=\u201dinitial\u201d background_position=\u201dtop_left\u201d background_repeat=\u201drepeat\u201d width=\u201d95%\u201d custom_margin=\u201d||||true|false\u201d custom_padding=\u201d150px||150px||true|true\u201d custom_padding_tablet=\u201d80px||80px||true|false\u201d custom_padding_phone=\u201d60px||60px||true|false\u201d border_radii=\u201don|50px|50px|50px|50px\u201d global_colors_info=\u201d{}\u201d][et_pb_column type=\u201d4_4\u2033 _builder_version=\u201d4.27.0\u2033 custom_padding=\u201d|||\u201d global_colors_info=\u201d{}\u201d custom_padding__hover=\u201d|||\u201d custom_css_main_element_last_edited=\u201don|phone\u201d][et_pb_text module_class=\u201dtitle-header\u201d _builder_version=\u201d4.27.0\u2033 background_size=\u201dinitial\u201d background_position=\u201dtop_left\u201d background_repeat=\u201drepeat\u201d width=\u201d72%\u201d width_tablet=\u201d70%\u201d width_phone=\u201d68.5%\u201d width_last_edited=\u201don|tablet\u201d module_alignment=\u201dcenter\u201d custom_margin=\u201d0px||0px||false|false\u201d custom_margin_tablet=\u201d0px||0px||false|false\u201d custom_margin_phone=\u201d0px||0px|false|false\u201d custom_margin_last_edited=\u201don|tablet\u201d custom_padding=\u201d0px||0px||true|false\u201d header_font_size_tablet=\u201d50px\u201d header_font_size_phone=\u201d40px\u201d global_colors_info=\u201d{}\u201d]<\/p>\n<h1>Terms of use<\/h1>\n<p><!-- \/divi:paragraph --><\/p>\n<p>[\/et_pb_text][\/et_pb_column][\/et_pb_row][\/et_pb_section][et_pb_section fb_built=&#8221;1&#8243; _builder_version=&#8221;4.27.0&#8243; _module_preset=&#8221;default&#8221; global_colors_info=&#8221;{}&#8221;][et_pb_row _builder_version=&#8221;4.27.0&#8243; _module_preset=&#8221;default&#8221; global_colors_info=&#8221;{}&#8221;][et_pb_column type=&#8221;4_4&#8243; _builder_version=&#8221;4.27.0&#8243; _module_preset=&#8221;default&#8221; global_colors_info=&#8221;{}&#8221;][et_pb_text _builder_version=&#8221;4.27.4&#8243; _module_preset=&#8221;default&#8221; header_2_text_align=&#8221;center&#8221; hover_enabled=&#8221;0&#8243; global_colors_info=&#8221;{}&#8221; sticky_enabled=&#8221;0&#8243;]<\/p>\n<h2>Preamble<\/h2>\n<p>Entry into force: January 22th, 2026<\/p>\n<p><strong>CLICKBUSTER LTD<\/strong><br \/><strong>63-66 Hatton Garden<\/strong><br \/><strong>London EC1N 8LE<\/strong><br \/><strong>Company number 13014667<\/strong><br \/><strong>VAT number GB 363 9346 71<\/strong><\/p>\n<p>Continue browsing our site <a rel=\"noopener\" target=\"_new\" href=\"https:\/\/psona.io\/us\/\">https:\/\/psona.io\/<\/a> (hereinafter the \"Site\") implies that visitors to the Site (hereinafter the \"User(s)\") accept without reservation the following provisions and General Terms of Use (hereinafter the \"GTU\"). Prior to any use of our Site's functionalities, the User acknowledges having read and accepted these Terms and Conditions.<\/p>\n<p>The current online version of our T&amp;Cs is the only enforceable version for the duration of your use of the Site, until we replace it with a new version.<\/p>\n<p>The Site is managed by CLICKBUSTER LTD (hereinafter the \"Seller\"), which reserves the right to modify these conditions at any time. Any use of our Site after modification of the GCU implies irrevocable acceptance by the User of the new version. In the event of disagreement with our GCU, the User is invited to stop using our Site.<\/p>\n<p>[\/et_pb_text][et_pb_text _builder_version=&#8221;4.27.0&#8243; _module_preset=&#8221;default&#8221; header_2_text_align=&#8221;center&#8221; global_colors_info=&#8221;{}&#8221;]<\/p>\n<h2>ARTICLE 1 - DEFINITIONS<\/h2>\n<p>On our Site, the Terms below have the following meanings:<\/p>\n<p>\"Content\": refers to all the elements making up the information on our Site (text, images, videos, algorithms, software, widgets, etc.) and enabling it to function, inform the User and present our services;<\/p>\n<p>\"Intellectual Property Rights\": means all intellectual property rights and related rights (copyright, trademark rights, patent rights, trade names, databases, etc.) as protected by the Copyright and Related Rights Act 2000, applicable at the time of consultation of the Site by the User;<\/p>\n<p>\"Features\": refers to all the functionalities made available to our Users via our Site;<\/p>\n<p>\"Site\": refers to the Site <a rel=\"noopener\" target=\"_new\" href=\"https:\/\/psona.io\/us\/\">https:\/\/psona.io\/<\/a> operated by the Vendor and made available to Users;<\/p>\n<p>\"User\": means any person using our Site and having access to its content.<\/p>\n<p>[\/et_pb_text][et_pb_text _builder_version=&#8221;4.27.4&#8243; _module_preset=&#8221;default&#8221; header_2_text_align=&#8221;center&#8221; hover_enabled=&#8221;0&#8243; global_colors_info=&#8221;{}&#8221; sticky_enabled=&#8221;0&#8243;]<\/p>\n<h2>ARTICLE 2 - Legal information<\/h2>\n<p>Pursuant to Regulation [EU] 2018\/679 of the European Parliament and of the Council of 27 April 2016 on the protection of individuals with regard to the processing of personal data and on the free movement of such data, the User of our Site is informed of the identity of the parties involved in its implementation and monitoring:<\/p>\n<p>Editorial manager: Carlo Ela <a rel=\"noopener\">contact@psona.io<\/a> .<\/p>\n<p><span>Ce site est h\u00e9berg\u00e9 par la soci\u00e9t\u00e9 Kinsta Inc., dont le si\u00e8ge social est situ\u00e9\u00a0<\/span><b>8605 Santa Monica Blvd #92581 West Hollywood, CA 90069 &#8211; \u00c9tats-Unis<\/b><span>.<\/span><\/p>\n<p>Developer: CLICKBUSTER LTD<\/p>\n<p>Data Protection Officer: Carlo Ela <a rel=\"noopener\">contact@psona.io<\/a>.<\/p>\n<p>[\/et_pb_text][et_pb_text _builder_version=&#8221;4.27.4&#8243; _module_preset=&#8221;default&#8221; header_2_text_align=&#8221;center&#8221; hover_enabled=&#8221;0&#8243; global_colors_info=&#8221;{}&#8221; sticky_enabled=&#8221;0&#8243;]<\/p>\n<h2>ARTICLE 3 - Protection of personal data<\/h2>\n<p>For the use of our Site, we will process certain personal data concerning the User. This processing is carried out in compliance with the Data Protection Act 2018 and the Data Protection Policy available at the following link:<\/p>\n<p><a href=\"https:\/\/psona.io\/us\/politique-de-confidentialite\/\">https:\/\/psona.io\/politique-de-confidentialite\/<\/a><\/p>\n<p>[\/et_pb_text][et_pb_text _builder_version=&#8221;4.27.0&#8243; _module_preset=&#8221;default&#8221; header_2_text_align=&#8221;center&#8221; global_colors_info=&#8221;{}&#8221;]<\/p>\n<h2>ARTICLE 4 - Site access<\/h2>\n<div class=\"group\/conversation-turn relative flex w-full min-w-0 flex-col agent-turn\">\n<div class=\"flex-col gap-1 md:gap-3\">\n<div class=\"flex max-w-full flex-col flex-grow\">\n<div data-message-author-role=\"assistant\" data-message-id=\"1921b6bd-7e01-40ec-81aa-bce2a7802030\" dir=\"auto\" class=\"min-h-[20px] text-message flex w-full flex-col items-end gap-2 whitespace-normal break-words [.text-message+&amp;]:mt-5\">\n<div class=\"flex w-full flex-col gap-1 empty:hidden first:pt-[3px]\">\n<div class=\"markdown prose w-full break-words dark:prose-invert dark\">\n<p>Access to and use of the Site are reserved for strictly personal use. The User undertakes not to use the Site, or the information or data contained therein, for commercial, political or advertising purposes or for any form of commercial solicitation, in particular the sending of unsolicited e-mails.<\/p>\n<p>Access to the Site is restricted to adults. The Vendor reserves the right to request proof of age, in particular if you use the online ordering services. The Seller cannot be held responsible in the event of access to the Site by minors, nor in the event of erroneous or misleading information provided by Users on the Site.<\/p>\n<p>Users are personally responsible for setting up the IT and telecommunications resources required to access the Site. They bear the telecommunications costs associated with Internet access via the Site.<\/p>\n<\/div>\n<\/div>\n<\/div>\n<\/div>\n<\/div>\n<\/div>\n<p>[\/et_pb_text][et_pb_text _builder_version=&#8221;4.27.0&#8243; _module_preset=&#8221;default&#8221; header_2_text_align=&#8221;center&#8221; global_colors_info=&#8221;{}&#8221;]<\/p>\n<h2>ARTICLE 5 - Description of services provided<\/h2>\n<p>We endeavor to provide information that is as accurate as possible, but we cannot be held responsible for omissions, inaccuracies or failure to update information. All information provided on the Site is given for information purposes only and is not exhaustive. It is provided subject to any changes that may have been made since it was put online.<\/p>\n<p>[\/et_pb_text][et_pb_text _builder_version=&#8221;4.27.0&#8243; _module_preset=&#8221;default&#8221; header_2_text_align=&#8221;center&#8221; global_colors_info=&#8221;{}&#8221;]<\/p>\n<h2>ARTICLE 6 - Intellectual property<\/h2>\n<p><strong>6.1 Our Site<\/strong><\/p>\n<p>All trademarks, photographs, texts, comments, illustrations, animated or still images, video sequences, sounds, as well as all computer applications that may be used to operate the Site and, more generally, all elements reproduced or used on the Site, are protected by the laws in force relating to intellectual property.<\/p>\n<p>They are the full and complete property of the Vendor or its commercial partners. Any reproduction, representation, use or adaptation, in any form whatsoever, of all or part of these elements, including computer applications, without the prior written consent of the publisher, is strictly forbidden. The fact that the publisher does not take legal action as soon as it becomes aware of such unauthorized use by the User does not constitute acceptance of such use, nor does it constitute a waiver of the right to take legal action. It is strictly forbidden for the User to :<\/p>\n<p>- Copy, reproduce, represent, broadcast, distribute, publish, permanently or temporarily, all or part of the Content and\/or the Site by any means whatsoever; - Create derivative works from the Content and\/or the Site; - Modify, translate, adapt, arrange all or part of the Content and\/or the Site; - Disassemble, decompile, or reverse engineer the Site.<\/p>\n<p>In any event, the User is solely responsible for his or her use of the Site. Any unauthorized use of the Site or of any of the elements it contains will be considered a violation of the Data Protection Act of 2000.<\/p>\n<p><strong>6.2 Our brand<\/strong><\/p>\n<p>The verbal and visual trademarks (logo) of the Seller and CLICKBUSTER LTD are protected. Their use without the written authorization of the Seller or its partners, on any medium whatsoever, for the promotion of products or services, or for commercial purposes, is prohibited under penalty of criminal and civil proceedings brought by the Seller against the User and\/or third parties responsible.<\/p>\n<p><strong>6.3 Contents<\/strong><\/p>\n<p>Content is freely accessible on the Site. Placing content online does not confer any transfer of copyright or ownership of the content, which remains the full and complete property of the Vendor and the contributors.<\/p>\n<p>No User may, or shall, take any action(s) contrary to the enforcement of copyright and intellectual property rights, or contrary to any other UK or international law relating to intellectual property rights. The Vendor and its contributors reserve the right to prosecute any User for any breach of these TOU.<\/p>\n<p>[\/et_pb_text][et_pb_text _builder_version=&#8221;4.27.0&#8243; _module_preset=&#8221;default&#8221; header_2_text_align=&#8221;center&#8221; global_colors_info=&#8221;{}&#8221;]<\/p>\n<h2>ARTICLE 7 - Site management<\/h2>\n<p>Our Site is normally accessible to Users at all times. To ensure the proper management of the Site, the Seller reserves the right at any time to :<\/p>\n<p>- Suspend, interrupt or limit access to all or part of the Site, for any reason whatsoever, with or without notice and at its sole discretion; - Delete any information that may disrupt its operation, for any reason whatsoever, with or without notice and at its sole discretion; - Suspend the Site in order to carry out updates.<\/p>\n<p>The Vendor will do its best to inform Users of the dates and times of interventions in advance, but cannot be held liable for failure to do so.<\/p>\n<p>[\/et_pb_text][et_pb_text _builder_version=&#8221;4.27.0&#8243; _module_preset=&#8221;default&#8221; header_2_text_align=&#8221;center&#8221; global_colors_info=&#8221;{}&#8221;]<\/p>\n<h2>ARTICLE 8 - Responsibilities<\/h2>\n<p><strong>8.1 Site access<\/strong><\/p>\n<p>The Seller undertakes to do its utmost to ensure that the Site is accessible 24 hours a day, 7 days a week. However, the Vendor makes no commitment as to the permanent availability and accessibility of the Site, and does not guarantee that the Site is error-free. The Vendor may not be held liable in the event of a breakdown, malfunction, difficulty or interruption in operation, preventing access to the Site or any of its functionalities.<\/p>\n<p>The Vendor and the host cannot be held responsible in the event of malfunction of the Internet network, telephone lines or computer and telephone equipment, particularly due to network congestion, preventing access to the server.<\/p>\n<p>The Vendor cannot be held responsible in the event of legal proceedings against Users:<\/p>\n<p>- As a result of the use of the Site or any other service accessible via the Internet; - As a result of the User's failure to comply with these GCU.<\/p>\n<p><strong>8.2 Equipment used<\/strong><\/p>\n<p>The connection equipment used by the User to access the Site is under the User's full and complete responsibility. It is the User's responsibility to take all appropriate measures to protect his or her own equipment and data. The User undertakes to access the Site using recent hardware, free of viruses, and with a recently updated browser.<\/p>\n<p>The Vendor is not liable for any damage caused to Users, third parties and\/or their equipment as a result of their connection to or use of the Site, and Users waive any action in this respect against the Vendor.<\/p>\n<p>The Vendor cannot be held responsible for indirect damages (such as loss of market or opportunity) resulting from the use of the Site.<\/p>\n<p>[\/et_pb_text][et_pb_text _builder_version=&#8221;4.27.0&#8243; _module_preset=&#8221;default&#8221; header_2_text_align=&#8221;center&#8221; global_colors_info=&#8221;{}&#8221;]<\/p>\n<h2>ARTICLE 9 - PHOTOGRAPHS AND REPRESENTATION OF PRODUCTS AND SERVICES<\/h2>\n<p>The photographs on the Site, accompanying their description, are not contractual and do not bind the Seller.<\/p>\n<p>[\/et_pb_text][et_pb_text _builder_version=&#8221;4.27.0&#8243; _module_preset=&#8221;default&#8221; header_2_text_align=&#8221;center&#8221; global_colors_info=&#8221;{}&#8221;]<\/p>\n<h2>ARTICLE 10 - Hypertext links<\/h2>\n<p>The establishment by the User of any hypertext link to all or part of the Site is authorized, subject to the prior written permission of CLICKBUSTER LTD, to be requested by email to the following address: <a rel=\"noopener\">contact@psona.io<\/a>.<\/p>\n<p>The Seller is free to refuse this authorization without having to justify its decision in any way whatsoever. Should the Seller grant authorization, it is in any case temporary and may be withdrawn at any time, without the need for justification. In any case, any link must be removed at the request of the brand.<\/p>\n<p>The Site contains a number of hypertext links to other sites, set up with the Vendor's authorization. However, our company is not in a position to check the content of sites visited in this way, and therefore accepts no liability in this respect.<\/p>\n<p>[\/et_pb_text][et_pb_text _builder_version=&#8221;4.27.0&#8243; _module_preset=&#8221;default&#8221; header_2_text_align=&#8221;center&#8221; global_colors_info=&#8221;{}&#8221;]<\/p>\n<h2>ARTICLE 11 - Partial invalidity<\/h2>\n<p>The temporary non-application of one or more clauses of the present general terms and conditions may under no circumstances be interpreted as a waiver on the part of CLICKBUSTER LTD to take advantage of any of the said clauses.<\/p>\n<p>In the event that one or more of the provisions hereof should be declared null and void or inapplicable by law, regulation or a final court decision, the remaining provisions shall retain their full force and scope and continue to apply in full.<\/p>\n<p>[\/et_pb_text][et_pb_text _builder_version=&#8221;4.27.0&#8243; _module_preset=&#8221;default&#8221; header_2_text_align=&#8221;center&#8221; global_colors_info=&#8221;{}&#8221;]<\/p>\n<h2>ARTICLE 12 - Language<\/h2>\n<p>If these GCU are translated into one or more languages, the language of interpretation will be English.<\/p>\n<p>[\/et_pb_text][et_pb_text _builder_version=&#8221;4.27.0&#8243; _module_preset=&#8221;default&#8221; header_2_text_align=&#8221;center&#8221; custom_css_free_form=&#8221;selector table, selector td, selector tr, selector th {||  border:1px solid;||  border-color:#034833 !important;||}&#8221; global_colors_info=&#8221;{}&#8221;]<\/p>\n<h2>ARTICLE 13 - Applicable law<\/h2>\n<p>These Site Terms and Conditions are governed by British law and, in the event of a dispute, are subject to the exclusive jurisdiction of the ordinary courts, subject to any specific jurisdiction conferred by law or regulation.<\/p>\n<p>[\/et_pb_text][et_pb_text _builder_version=&#8221;4.27.0&#8243; _module_preset=&#8221;default&#8221; header_2_text_align=&#8221;center&#8221; custom_css_free_form=&#8221;selector table, selector td, selector tr, selector th {||  border:1px solid;||  border-color:#034833 !important;||}&#8221; global_colors_info=&#8221;{}&#8221;]<\/p>\n<h2>ARTICLE 14 - Contact us<\/h2>\n<p>Pour toute question, information concernant les Services pr\u00e9sent\u00e9s sur le Site ou relative au Site lui-m\u00eame, l&#8217;Utilisateur peut laisser un message \u00e0 l&#8217;adresse suivante : contact@psona.io.<\/p>\n<p>[\/et_pb_text][\/et_pb_column][\/et_pb_row][\/et_pb_section]<\/p>","protected":false},"excerpt":{"rendered":"<p>Mentions l\u00e9gales Preamble Entry into force: January 22th, 2026 CLICKBUSTER LTD63-66 Hatton GardenLondon EC1N 8LECompany number 13014667VAT number GB 363 9346 71 La navigation continue sur notre Site https:\/\/psona.io\/ (ci-apr\u00e8s le \u00ab Site \u00bb) implique que les visiteurs du Site (ci-apr\u00e8s l&#8217;\u00ab Utilisateur(s) \u00bb) acceptent sans r\u00e9serve les dispositions et Conditions G\u00e9n\u00e9rales d&#8217;Utilisation qui suivent [&hellip;]<\/p>","protected":false},"author":1,"featured_media":0,"parent":0,"menu_order":0,"comment_status":"closed","ping_status":"closed","template":"","meta":{"_et_pb_use_builder":"on","_et_pb_old_content":"<!-- wp:divi\/placeholder \/-->","_et_gb_content_width":"","inline_featured_image":false,"footnotes":""},"class_list":["post-149","page","type-page","status-publish","hentry"],"_links":{"self":[{"href":"https:\/\/psona.io\/us\/wp-json\/wp\/v2\/pages\/149","targetHints":{"allow":["GET"]}}],"collection":[{"href":"https:\/\/psona.io\/us\/wp-json\/wp\/v2\/pages"}],"about":[{"href":"https:\/\/psona.io\/us\/wp-json\/wp\/v2\/types\/page"}],"author":[{"embeddable":true,"href":"https:\/\/psona.io\/us\/wp-json\/wp\/v2\/users\/1"}],"replies":[{"embeddable":true,"href":"https:\/\/psona.io\/us\/wp-json\/wp\/v2\/comments?post=149"}],"version-history":[{"count":6,"href":"https:\/\/psona.io\/us\/wp-json\/wp\/v2\/pages\/149\/revisions"}],"predecessor-version":[{"id":2638,"href":"https:\/\/psona.io\/us\/wp-json\/wp\/v2\/pages\/149\/revisions\/2638"}],"wp:attachment":[{"href":"https:\/\/psona.io\/us\/wp-json\/wp\/v2\/media?parent=149"}],"curies":[{"name":"wp","href":"https:\/\/api.w.org\/{rel}","templated":true}]}}